{"id":45,"date":"2018-06-27T08:33:16","date_gmt":"2018-06-27T06:33:16","guid":{"rendered":"http:\/\/service.projektlabor.tu-berlin.de\/wordpress\/zuchthaus\/?page_id=45"},"modified":"2018-07-16T14:12:06","modified_gmt":"2018-07-16T12:12:06","slug":"bewaesserung","status":"publish","type":"page","link":"https:\/\/service.projektlabor.tu-berlin.de\/wordpress\/zuchthaus\/gruppe-3-wasser\/bewaesserung\/","title":{"rendered":"Bew\u00e4sserung"},"content":{"rendered":"<p>Diese Teilgruppe besteht aus Aaaron, Ahmad und Nahel.<\/p>\n<p>&nbsp;<\/p>\n<p><strong>Aufgabe<\/strong><\/p>\n<p>Die Aufgabe ist auf Anforderung eines Signals von der Steuerung das Gew\u00e4chshaus zu bew\u00e4ssern. Die Ansteuerung der Pumpe soll dabei m\u00f6glichst effektiv geschehen und ein Nachfluss von Fl\u00fcssigkeit(auslaufen) soll durch ein schlie\u00dfendes Ventil geschehen.<\/p>\n<p>&nbsp;<\/p>\n<p><strong>L\u00f6sung<\/strong><\/p>\n<p>Das Pumpen des Wassers soll dabei mittels einer Schneckenpumpe geschehen. Diese wird \u00fcber einen 12 V Motor betrieben, welcher als Sicherheit au\u00dfer durch das Signal auch noch durch einen Zeitnotaus Timer gestoppt wird, um bei andauerndem Signal ein \u00dcberhitzen des Motors auszuschlie\u00dfen. Das Ventil mit 12 V betrieben und \u00f6ffnet sich wenn der Timer und die Regelung ein Signal geben, ansonsten bleibt es geschlossen. Der Timer wird \u00fcber einen in Monostabiler Kippstufe beschalteten NE555 realisiert. Dieser ist so dimensioniert, dass der Timer 11 Sekunden, nachdem er das EIN-Signalbekommen am Ausgang auf 0V F\u00e4llt. Sind die Kondensatoren entladen und bekommt der Timer erneut ein Signal von der Steuereinheit, so liegen wieder f\u00fcr 11 Sekunden 12V am Ausgang an. Ist der Timer ein und das Signal der Steuerung ebenfalls ein, so \u00f6ffnet das Ventil. Hierbei wurde das AND \u00fcber doppelte Verwendung des NAND Bausteins bewirkt. Die Drehzahl des Motors wird \u00fcber eine H-Br\u00fccke geregelt. Hierbei l\u00e4sst sich \u00fcber einPotentiometer die gew\u00fcnschte Leistung f\u00fcr einen optimalen Bew\u00e4sserungserfolg einstellen Dabei wirkt der in Astabiler Kippstufe betriebene 2. Timer eine Pulsweitenmodulation des Motors. Der Motor liefert unregelm\u00e4\u00dfige R\u00fcckkopplungen. Um die Funktion der Timer damit nicht zu beeinflussen, wird die R\u00fcckkopplung des Motors durch einen Optokoppler verhindert.<\/p>\n<div id=\"attachment_111\" style=\"width: 1278px\" class=\"wp-caption aligncenter\"><a href=\"http:\/\/service.projektlabor.tu-berlin.de\/wordpress\/zuchthaus\/wp-content\/uploads\/sites\/22\/2018\/06\/pumpe_schaltplan.png\"><img aria-describedby=\"caption-attachment-111\" loading=\"lazy\" class=\"size-full wp-image-111\" src=\"http:\/\/service.projektlabor.tu-berlin.de\/wordpress\/zuchthaus\/wp-content\/uploads\/sites\/22\/2018\/06\/pumpe_schaltplan.png\" alt=\"EAGLE-Schaltplan (klicken zum Vergr\u00f6\u00dfern)\" width=\"1268\" height=\"602\" srcset=\"https:\/\/service.projektlabor.tu-berlin.de\/wordpress\/zuchthaus\/wp-content\/uploads\/sites\/22\/2018\/06\/pumpe_schaltplan.png 1268w, https:\/\/service.projektlabor.tu-berlin.de\/wordpress\/zuchthaus\/wp-content\/uploads\/sites\/22\/2018\/06\/pumpe_schaltplan-300x142.png 300w, https:\/\/service.projektlabor.tu-berlin.de\/wordpress\/zuchthaus\/wp-content\/uploads\/sites\/22\/2018\/06\/pumpe_schaltplan-1024x486.png 1024w, https:\/\/service.projektlabor.tu-berlin.de\/wordpress\/zuchthaus\/wp-content\/uploads\/sites\/22\/2018\/06\/pumpe_schaltplan-100x47.png 100w, https:\/\/service.projektlabor.tu-berlin.de\/wordpress\/zuchthaus\/wp-content\/uploads\/sites\/22\/2018\/06\/pumpe_schaltplan-150x71.png 150w, https:\/\/service.projektlabor.tu-berlin.de\/wordpress\/zuchthaus\/wp-content\/uploads\/sites\/22\/2018\/06\/pumpe_schaltplan-200x95.png 200w, https:\/\/service.projektlabor.tu-berlin.de\/wordpress\/zuchthaus\/wp-content\/uploads\/sites\/22\/2018\/06\/pumpe_schaltplan-450x214.png 450w, https:\/\/service.projektlabor.tu-berlin.de\/wordpress\/zuchthaus\/wp-content\/uploads\/sites\/22\/2018\/06\/pumpe_schaltplan-600x285.png 600w, https:\/\/service.projektlabor.tu-berlin.de\/wordpress\/zuchthaus\/wp-content\/uploads\/sites\/22\/2018\/06\/pumpe_schaltplan-900x427.png 900w\" sizes=\"(max-width: 1268px) 100vw, 1268px\" \/><\/a><p id=\"caption-attachment-111\" class=\"wp-caption-text\">EAGLE-Schaltplan (klicken zum Vergr\u00f6\u00dfern)<\/p><\/div>\n<p class=\"textbox\" dir=\"ltr\">\n","protected":false},"excerpt":{"rendered":"<p>Diese Teilgruppe besteht aus Aaaron, Ahmad und Nahel. &nbsp; Aufgabe Die Aufgabe ist auf Anforderung eines Signals von der Steuerung das Gew\u00e4chshaus zu bew\u00e4ssern. Die Ansteuerung der Pumpe soll dabei m\u00f6glichst effektiv geschehen und ein Nachfluss von Fl\u00fcssigkeit(auslaufen) soll durch &hellip; <a href=\"https:\/\/service.projektlabor.tu-berlin.de\/wordpress\/zuchthaus\/gruppe-3-wasser\/bewaesserung\/\">Weiterlesen <span class=\"meta-nav\">&rarr;<\/span><\/a><\/p>\n","protected":false},"author":76,"featured_media":0,"parent":31,"menu_order":2,"comment_status":"closed","ping_status":"closed","template":"","meta":[],"_links":{"self":[{"href":"https:\/\/service.projektlabor.tu-berlin.de\/wordpress\/zuchthaus\/wp-json\/wp\/v2\/pages\/45"}],"collection":[{"href":"https:\/\/service.projektlabor.tu-berlin.de\/wordpress\/zuchthaus\/wp-json\/wp\/v2\/pages"}],"about":[{"href":"https:\/\/service.projektlabor.tu-berlin.de\/wordpress\/zuchthaus\/wp-json\/wp\/v2\/types\/page"}],"author":[{"embeddable":true,"href":"https:\/\/service.projektlabor.tu-berlin.de\/wordpress\/zuchthaus\/wp-json\/wp\/v2\/users\/76"}],"replies":[{"embeddable":true,"href":"https:\/\/service.projektlabor.tu-berlin.de\/wordpress\/zuchthaus\/wp-json\/wp\/v2\/comments?post=45"}],"version-history":[{"count":5,"href":"https:\/\/service.projektlabor.tu-berlin.de\/wordpress\/zuchthaus\/wp-json\/wp\/v2\/pages\/45\/revisions"}],"predecessor-version":[{"id":114,"href":"https:\/\/service.projektlabor.tu-berlin.de\/wordpress\/zuchthaus\/wp-json\/wp\/v2\/pages\/45\/revisions\/114"}],"up":[{"embeddable":true,"href":"https:\/\/service.projektlabor.tu-berlin.de\/wordpress\/zuchthaus\/wp-json\/wp\/v2\/pages\/31"}],"wp:attachment":[{"href":"https:\/\/service.projektlabor.tu-berlin.de\/wordpress\/zuchthaus\/wp-json\/wp\/v2\/media?parent=45"}],"curies":[{"name":"wp","href":"https:\/\/api.w.org\/{rel}","templated":true}]}}