{"id":429,"date":"2018-07-16T20:15:08","date_gmt":"2018-07-16T18:15:08","guid":{"rendered":"http:\/\/service.projektlabor.tu-berlin.de\/wordpress\/zuchthaus\/?page_id=429"},"modified":"2018-07-16T20:58:24","modified_gmt":"2018-07-16T18:58:24","slug":"helligkeitssensor","status":"publish","type":"page","link":"https:\/\/service.projektlabor.tu-berlin.de\/wordpress\/zuchthaus\/gruppe-4-licht\/helligkeitssensor\/","title":{"rendered":"Helligkeitssensor"},"content":{"rendered":"<p><strong>Schaltungsbeschreibung:<\/strong><\/p>\n<p>Der Operationsverst\u00e4rker wird mit einer Spannung von 5 V\u00a0 betrieben und ist das Herzst\u00fcck des Lichtsensores.<br \/>\nEin weiterer wichtiger Bestandteil dieser Schaltung ist eine Photodiode, die parallel an die gesamte Schaltung angeschlossen wird. Au\u00dferdem dient parallel zum Operationsverst\u00e4rker geschaltete Widerst\u00e4nde und der Kondensator f\u00fcr eine erh\u00f6hte Spannung am Ausgang und die Minderung eines Rauschen.<\/p>\n<p><strong>Schnittstellen:<\/strong><\/p>\n<p>Unsere Schnittstelle ist die Steuergruppe, da der von uns gebaute Helligkeitssensoren einen Signal an der Steuergruppe senden wodurch die Steuergruppe entscheidet ob es n\u00f6tig ist die LEDs anzuschalten.<\/p>\n<p><strong>Schaltung:<\/strong><\/p>\n<p><a href=\"http:\/\/service.projektlabor.tu-berlin.de\/wordpress\/zuchthaus\/wp-content\/uploads\/sites\/22\/2018\/07\/schematic.png\"><img loading=\"lazy\" class=\"alignnone size-full wp-image-431\" src=\"http:\/\/service.projektlabor.tu-berlin.de\/wordpress\/zuchthaus\/wp-content\/uploads\/sites\/22\/2018\/07\/schematic.png\" alt=\"schematic\" width=\"969\" height=\"608\" srcset=\"https:\/\/service.projektlabor.tu-berlin.de\/wordpress\/zuchthaus\/wp-content\/uploads\/sites\/22\/2018\/07\/schematic.png 969w, https:\/\/service.projektlabor.tu-berlin.de\/wordpress\/zuchthaus\/wp-content\/uploads\/sites\/22\/2018\/07\/schematic-300x188.png 300w\" sizes=\"(max-width: 969px) 100vw, 969px\" \/><\/a><\/p>\n<p>&nbsp;<\/p>\n<p><strong>Funktionsweise:<\/strong><\/p>\n<p>Der Helligkeitssensor basiert auf dem Absorptionse\ufb00ekt von Lichtstrahlen die auf dem in der Helligkeitssensor be\ufb01ndende Photodiode auftreten. Hierbei wirkt der Sonne als unsere Lichtquelle und es wird hier beachtet dass der aus die LEDs erzeugte k\u00fcnstliche Licht nicht auf die Ober\ufb02\u00e4che unsere Helligkeitssensoren auftritt.<br \/>\nWir haben in unsere Schaltung die Konstantstromquelle mit Transimpedanzverst\u00e4rker verwendet, wobei unsere Photodioden in die Helligkeitssensoren im Kurzschluss als Licht abh\u00e4ngige Stromquelle betrieben sind. Hierbei sorgt der Kurzschluss daf\u00fcr ,dass die Sperrkapazit\u00e4t nicht umgeladen werden muss. Solcher Aufbau wird als Transimpedanzverst\u00e4rker bezeichnet. Die in die Helligkeitssensoren be\ufb01ndenden Photodioden wandeln die auf der Ober\ufb02\u00e4che auftretende Lichtstrahlen in Spannung um. Weiter in die Schaltung wird mit die von die Photodiode erzeugte Spannung gearbeitet.<\/p>\n<p>Man achtet darauf wie die Kompensationskapazit\u00e4t gew\u00e4hlt wird. Ist sie zu klein oder fehlt sie, wird der Transimpedanzverst\u00e4rker schwingen. Hierbei muss man mit der Kompensationskapazit\u00e4t experimentieren.<\/p>\n<p><strong>Dimensionierung:<\/strong><\/p>\n<p>Bei unsere Schaltung besitzen die Widerst\u00e4nde jeweils ein Wert von 10M\u2126 und werden in Rehei geschaltet. Die Werte der Widerst\u00e4nde werden so gew\u00e4hlt damit man es vermeiden kann, dass die Schaltung durch hohe Spannungsversorgung nicht gesch\u00e4digt wird. Sonnen wirktinunseremFallalsdieQuelle,dennunsereDiodedieLichtwellenmitderWellenl\u00e4nge von 350nm-1100nm in Spannung umwandelt, ist es sehr wichtig dass die Widerst\u00e4nde genug Gro\u00df sind.<br \/>\nBei unsere Schaltung m\u00fcssten wir eine Probe durchf\u00fchren, wobei die Schaltung einmal in Sonnenlicht und einmal in Schatten gestellt wird. Die Probe ist daf\u00fcr sehr wichtig damit man feststellen kann was f\u00fcr ein Ausgangsspannung es in Sonnenlicht und in Schatten ausgegeben wird und wie Gro\u00df der Unterschied zwischen beide Ausgangsspannungen ist, da ziel unser Schaltungs ein Helligkeitssensor ist. Bei uns sind folgenden Werte durch die Probe entstanden:<\/p>\n<ul>\n<li>In Sonnenlicht wo unser Helligkeitssensor genug Sonnenlicht f\u00fcr die P\ufb02anzen misst betr\u00e4gt die Ausgangsspannung circa 2,63V<\/li>\n<li>\u00a0In Schatten wo unser Helligkeitssensor nicht genug Sonnenlicht f\u00fcr die misst betr\u00e4gt die Ausgangsspannung circa 1,7 V<\/li>\n<\/ul>\n<p>Eine weitere Probe wurde von uns auch mit die fertige Platine durchgef\u00fchrt um zu beobachten ob es Unterschiede gibt wenn man statt Sonnenlicht die Photodiode mit Handylicht beleuchtet. Die Ergebnisse waren doch unterschiedlich im Vergleich zum erste Probe. Hier haben wir folgende Ergebnisse heraus bekommen:<\/p>\n<ul>\n<li>Bei Handylicht haben wir eine Ausgangsspannung von 3,62V bekommen. Im Vergleich zum Sonnenlicht ist die Ergebnis deutlich h\u00f6her und steigt um circa 1V. Dies kann daran liegen, dass wir mit Handylicht an der Photodiode sehr nah dran gegangen sind.<\/li>\n<li>Bei Schatten hat sich die Ergebnis auch ge\u00e4ndert und wir haben eine Ausgangsspannung von 0,48V bekommen. Die Ergebnis ist deutlich niedriger als das was wir in erste Probe bekommen haben, dies kann daran liegen, dass wir bei der erste Probe die Photodiode nicht richtig bedeckt haben und es ist doch Sonnenlicht auf die Photodiode aufgetreten.<\/li>\n<\/ul>\n<p><strong>Simulation:<\/strong><\/p>\n<p>F\u00fcr die Simulation unser Schaltung wird der Programm LTspice verwendet. Die Schaltung wird in der Programm LTspice wieder gebaut. Hier ist es wichtig dass man die richtige BauteileindemProgrammverwendetunddenendierichtigeWertezuweist,damiteskeine m\u00f6gliche Fehler entstehen. Wenn man die Schaltung in LTspice aufgebaut hat dann f\u00fchrt man die Simulation durch. Hierbei wird auf jeder Bauteil nacheinander gedr\u00fcckt, wodurch der Spannungsverlauf der an der gew\u00e4hlte Bauteil graphisch dargestellt wird. Um die Stromverl\u00e4ufe zu bekommen wird auf die Leitung vor der gew\u00e4hlte Bauteil gedr\u00fcckt und somit wird der Stromverlauf f\u00fcr der gew\u00e4hlte Bauteil bzw. Leitung graphisch dargestellt. Nachdem man die Verl\u00e4ufe hat \u00fcberpr\u00fcft man ob die Ergebnisse f\u00fcr unsere Schaltung realistisch sind und wenn ja dann ist man mit der Simulation fertig.<\/p>\n<p><strong>Bauteillisten:<\/strong><\/p>\n<ul>\n<li>\u00a02 Kompensationskapazit\u00e4t<\/li>\n<li>\u00a01 Operationsverst\u00e4rker 07CP<\/li>\n<li>\u00a01 R\u00fcckkopplungswiderstand jeweils 50 M\u2126<\/li>\n<li>\u00a01 Photodiode<\/li>\n<\/ul>\n<p><strong>Layout:<\/strong><\/p>\n<p><a href=\"http:\/\/service.projektlabor.tu-berlin.de\/wordpress\/zuchthaus\/wp-content\/uploads\/sites\/22\/2018\/07\/board.png\"><img loading=\"lazy\" class=\"alignnone size-full wp-image-438\" src=\"http:\/\/service.projektlabor.tu-berlin.de\/wordpress\/zuchthaus\/wp-content\/uploads\/sites\/22\/2018\/07\/board.png\" alt=\"board\" width=\"1097\" height=\"853\" srcset=\"https:\/\/service.projektlabor.tu-berlin.de\/wordpress\/zuchthaus\/wp-content\/uploads\/sites\/22\/2018\/07\/board.png 1097w, https:\/\/service.projektlabor.tu-berlin.de\/wordpress\/zuchthaus\/wp-content\/uploads\/sites\/22\/2018\/07\/board-300x233.png 300w, https:\/\/service.projektlabor.tu-berlin.de\/wordpress\/zuchthaus\/wp-content\/uploads\/sites\/22\/2018\/07\/board-1024x796.png 1024w\" sizes=\"(max-width: 1097px) 100vw, 1097px\" \/><\/a><\/p>\n<p>&nbsp;<\/p>\n<p><strong>Aufbau und Test der Platine<\/strong><\/p>\n<p>Nachdem die Platine bei Eagle fertig geworden ist und in Werkstatt ge\u00e4tzt wurde kann man anfangen die Schaltung auf die Platine auf zu bauen. Jedoch ist es hier notwendig dass man die Platine zuerst an der richtige Stellen bohrt, damit die Bauteile auf die Platine eingef\u00fcgt werden k\u00f6nnen.<br \/>\nNachdem man die Bauteile in die Platine eingesteckt hat f\u00e4ngt man an zu l\u00f6ten. Hier ist es sehr wichtig, dass die Stellen wo man l\u00f6tet sich nicht ber\u00fchren denn dadurch kann man ein Kurzschluss bauen.<br \/>\nDie fertige Platine sieht bei uns folgendes aus:<a href=\"http:\/\/service.projektlabor.tu-berlin.de\/wordpress\/zuchthaus\/wp-content\/uploads\/sites\/22\/2018\/07\/Pla.jpg\"><img loading=\"lazy\" class=\"alignnone size-full wp-image-439\" src=\"http:\/\/service.projektlabor.tu-berlin.de\/wordpress\/zuchthaus\/wp-content\/uploads\/sites\/22\/2018\/07\/Pla.jpg\" alt=\"Pla\" width=\"3456\" height=\"4608\" srcset=\"https:\/\/service.projektlabor.tu-berlin.de\/wordpress\/zuchthaus\/wp-content\/uploads\/sites\/22\/2018\/07\/Pla.jpg 3456w, https:\/\/service.projektlabor.tu-berlin.de\/wordpress\/zuchthaus\/wp-content\/uploads\/sites\/22\/2018\/07\/Pla-225x300.jpg 225w, https:\/\/service.projektlabor.tu-berlin.de\/wordpress\/zuchthaus\/wp-content\/uploads\/sites\/22\/2018\/07\/Pla-768x1024.jpg 768w\" sizes=\"(max-width: 3456px) 100vw, 3456px\" \/><\/a><\/p>\n<p>Zun\u00e4chst wenn die Schaltung auf Platine fertig ist, haben wir eine Probe durchgef\u00fchrt indem wir mithilfe der Bussteckers an der Stelle 3 von Busstecker und an dem Ausgang 6 von Operationsvers\u00e4rker. An der Stelle 30 des Bussteckers haben wir die Versorgungsspannung 5V angeschlossen und bei an der Stelle 31 des Bussteckers den Ground.<\/p>\n","protected":false},"excerpt":{"rendered":"<p>Schaltungsbeschreibung: Der Operationsverst\u00e4rker wird mit einer Spannung von 5 V\u00a0 betrieben und ist das Herzst\u00fcck des Lichtsensores. Ein weiterer wichtiger Bestandteil dieser Schaltung ist eine Photodiode, die parallel an die gesamte Schaltung angeschlossen wird. Au\u00dferdem dient parallel zum Operationsverst\u00e4rker geschaltete &hellip; <a href=\"https:\/\/service.projektlabor.tu-berlin.de\/wordpress\/zuchthaus\/gruppe-4-licht\/helligkeitssensor\/\">Weiterlesen <span class=\"meta-nav\">&rarr;<\/span><\/a><\/p>\n","protected":false},"author":74,"featured_media":0,"parent":402,"menu_order":0,"comment_status":"closed","ping_status":"closed","template":"","meta":[],"_links":{"self":[{"href":"https:\/\/service.projektlabor.tu-berlin.de\/wordpress\/zuchthaus\/wp-json\/wp\/v2\/pages\/429"}],"collection":[{"href":"https:\/\/service.projektlabor.tu-berlin.de\/wordpress\/zuchthaus\/wp-json\/wp\/v2\/pages"}],"about":[{"href":"https:\/\/service.projektlabor.tu-berlin.de\/wordpress\/zuchthaus\/wp-json\/wp\/v2\/types\/page"}],"author":[{"embeddable":true,"href":"https:\/\/service.projektlabor.tu-berlin.de\/wordpress\/zuchthaus\/wp-json\/wp\/v2\/users\/74"}],"replies":[{"embeddable":true,"href":"https:\/\/service.projektlabor.tu-berlin.de\/wordpress\/zuchthaus\/wp-json\/wp\/v2\/comments?post=429"}],"version-history":[{"count":4,"href":"https:\/\/service.projektlabor.tu-berlin.de\/wordpress\/zuchthaus\/wp-json\/wp\/v2\/pages\/429\/revisions"}],"predecessor-version":[{"id":440,"href":"https:\/\/service.projektlabor.tu-berlin.de\/wordpress\/zuchthaus\/wp-json\/wp\/v2\/pages\/429\/revisions\/440"}],"up":[{"embeddable":true,"href":"https:\/\/service.projektlabor.tu-berlin.de\/wordpress\/zuchthaus\/wp-json\/wp\/v2\/pages\/402"}],"wp:attachment":[{"href":"https:\/\/service.projektlabor.tu-berlin.de\/wordpress\/zuchthaus\/wp-json\/wp\/v2\/media?parent=429"}],"curies":[{"name":"wp","href":"https:\/\/api.w.org\/{rel}","templated":true}]}}