{"id":409,"date":"2018-07-16T20:07:07","date_gmt":"2018-07-16T18:07:07","guid":{"rendered":"http:\/\/service.projektlabor.tu-berlin.de\/wordpress\/zuchthaus\/?page_id=409"},"modified":"2018-07-16T20:16:40","modified_gmt":"2018-07-16T18:16:40","slug":"einleitung","status":"publish","type":"page","link":"https:\/\/service.projektlabor.tu-berlin.de\/wordpress\/zuchthaus\/gruppe-4-licht\/einleitung\/","title":{"rendered":"Einleitung"},"content":{"rendered":"<p>Die Gruppe Beleuchtung hat die Aufgabe zwei Sensoren und der Beleuchtungssystem f\u00fcr der Autogew\u00e4chshaus zu entwerfen. Dabei soll ein Temperatursensor und eine Helligkeitssensor entstehen. Der Beleuchtungssystem besteht aus LEDs, die LED Farbe wird so gew\u00e4hlt damit die die P\ufb02anzen nicht sch\u00e4digen. Der Helligkeitssensor dient dazu um Licht im Autogew\u00e4chshaus zur messen und der Steuergruppe einen Signal zur senden damit LEDs an oder aus gemacht werden k\u00f6nnen wenn es zu Hell oder zu Dunkel ist. Die dritte Teil unsere Gruppe ist der Temperatursensor der der Temperatur der LEDs angibt damit die aus gemacht werden sollen wenn die zu warm werden.<br \/>\nHier ist unsere Blockschaltbild:<\/p>\n<p>&nbsp;<\/p>\n<p><a href=\"http:\/\/service.projektlabor.tu-berlin.de\/wordpress\/zuchthaus\/wp-content\/uploads\/sites\/22\/2018\/07\/BlockschaltbildGruppe44.jpg\"><img loading=\"lazy\" class=\"alignnone size-full wp-image-422\" src=\"http:\/\/service.projektlabor.tu-berlin.de\/wordpress\/zuchthaus\/wp-content\/uploads\/sites\/22\/2018\/07\/BlockschaltbildGruppe44.jpg\" alt=\"BlockschaltbildGruppe44\" width=\"744\" height=\"524\" srcset=\"https:\/\/service.projektlabor.tu-berlin.de\/wordpress\/zuchthaus\/wp-content\/uploads\/sites\/22\/2018\/07\/BlockschaltbildGruppe44.jpg 744w, https:\/\/service.projektlabor.tu-berlin.de\/wordpress\/zuchthaus\/wp-content\/uploads\/sites\/22\/2018\/07\/BlockschaltbildGruppe44-300x211.jpg 300w\" sizes=\"(max-width: 744px) 100vw, 744px\" \/><\/a><\/p>\n<p>&nbsp;<\/p>\n<p>&nbsp;<\/p>\n<p>&nbsp;<\/p>\n","protected":false},"excerpt":{"rendered":"<p>Die Gruppe Beleuchtung hat die Aufgabe zwei Sensoren und der Beleuchtungssystem f\u00fcr der Autogew\u00e4chshaus zu entwerfen. Dabei soll ein Temperatursensor und eine Helligkeitssensor entstehen. Der Beleuchtungssystem besteht aus LEDs, die LED Farbe wird so gew\u00e4hlt damit die die P\ufb02anzen nicht &hellip; <a href=\"https:\/\/service.projektlabor.tu-berlin.de\/wordpress\/zuchthaus\/gruppe-4-licht\/einleitung\/\">Weiterlesen <span class=\"meta-nav\">&rarr;<\/span><\/a><\/p>\n","protected":false},"author":74,"featured_media":0,"parent":402,"menu_order":0,"comment_status":"closed","ping_status":"closed","template":"","meta":[],"_links":{"self":[{"href":"https:\/\/service.projektlabor.tu-berlin.de\/wordpress\/zuchthaus\/wp-json\/wp\/v2\/pages\/409"}],"collection":[{"href":"https:\/\/service.projektlabor.tu-berlin.de\/wordpress\/zuchthaus\/wp-json\/wp\/v2\/pages"}],"about":[{"href":"https:\/\/service.projektlabor.tu-berlin.de\/wordpress\/zuchthaus\/wp-json\/wp\/v2\/types\/page"}],"author":[{"embeddable":true,"href":"https:\/\/service.projektlabor.tu-berlin.de\/wordpress\/zuchthaus\/wp-json\/wp\/v2\/users\/74"}],"replies":[{"embeddable":true,"href":"https:\/\/service.projektlabor.tu-berlin.de\/wordpress\/zuchthaus\/wp-json\/wp\/v2\/comments?post=409"}],"version-history":[{"count":5,"href":"https:\/\/service.projektlabor.tu-berlin.de\/wordpress\/zuchthaus\/wp-json\/wp\/v2\/pages\/409\/revisions"}],"predecessor-version":[{"id":433,"href":"https:\/\/service.projektlabor.tu-berlin.de\/wordpress\/zuchthaus\/wp-json\/wp\/v2\/pages\/409\/revisions\/433"}],"up":[{"embeddable":true,"href":"https:\/\/service.projektlabor.tu-berlin.de\/wordpress\/zuchthaus\/wp-json\/wp\/v2\/pages\/402"}],"wp:attachment":[{"href":"https:\/\/service.projektlabor.tu-berlin.de\/wordpress\/zuchthaus\/wp-json\/wp\/v2\/media?parent=409"}],"curies":[{"name":"wp","href":"https:\/\/api.w.org\/{rel}","templated":true}]}}