{"id":362,"date":"2018-07-16T15:22:40","date_gmt":"2018-07-16T13:22:40","guid":{"rendered":"http:\/\/service.projektlabor.tu-berlin.de\/wordpress\/zuchthaus\/?page_id=362"},"modified":"2018-07-16T16:51:31","modified_gmt":"2018-07-16T14:51:31","slug":"einleitung-2","status":"publish","type":"page","link":"https:\/\/service.projektlabor.tu-berlin.de\/wordpress\/zuchthaus\/gruppe-2-luft\/einleitung-2\/","title":{"rendered":"Einleitung"},"content":{"rendered":"<p>Um ein funktionierendes Gew\u00e4chshaus zu bauen, ist es unabdingbar essentielle Parameter wie Luftfeuchtigkeit und Temperatur regulieren zu k\u00f6nnen, sodass die P\ufb02anze \u00fcberleben kann.<\/p>\n<p>Die Gruppe Luft hat sich dieser Aufgabe angenommen. Um diese Aufgaben bew\u00e4ltigen zu k\u00f6nnen hat sich die Gruppe Luft in die Untergruppen, Heizung, Temperatursensor, Luftfeuchtigkeitssensor und Befeuchtung aufgeteilt.<\/p>\n<p>Im Folgenden werden diese Untergruppen und ihr Vorgehen w\u00e4hrend des Semesters genauer erl\u00e4utert. Einen groben \u00dcberblick \u00fcber die Zusammenarbeit der Untergruppen und das Konzept der Gruppe Luft kann man sich mithilfe des Blockschaltbildes verscha\ufb00en.<\/p>\n<div id=\"attachment_390\" style=\"width: 810px\" class=\"wp-caption aligncenter\"><a href=\"http:\/\/service.projektlabor.tu-berlin.de\/wordpress\/zuchthaus\/wp-content\/uploads\/sites\/22\/2018\/07\/Einleitung.png\"><img aria-describedby=\"caption-attachment-390\" loading=\"lazy\" class=\"size-full wp-image-390\" src=\"http:\/\/service.projektlabor.tu-berlin.de\/wordpress\/zuchthaus\/wp-content\/uploads\/sites\/22\/2018\/07\/Einleitung.png\" alt=\"Blockschaltbild\" width=\"800\" height=\"496\" srcset=\"https:\/\/service.projektlabor.tu-berlin.de\/wordpress\/zuchthaus\/wp-content\/uploads\/sites\/22\/2018\/07\/Einleitung.png 800w, https:\/\/service.projektlabor.tu-berlin.de\/wordpress\/zuchthaus\/wp-content\/uploads\/sites\/22\/2018\/07\/Einleitung-300x186.png 300w\" sizes=\"(max-width: 800px) 100vw, 800px\" \/><\/a><p id=\"caption-attachment-390\" class=\"wp-caption-text\">Blockschaltbild<\/p><\/div>\n","protected":false},"excerpt":{"rendered":"<p>Um ein funktionierendes Gew\u00e4chshaus zu bauen, ist es unabdingbar essentielle Parameter wie Luftfeuchtigkeit und Temperatur regulieren zu k\u00f6nnen, sodass die P\ufb02anze \u00fcberleben kann. Die Gruppe Luft hat sich dieser Aufgabe angenommen. Um diese Aufgaben bew\u00e4ltigen zu k\u00f6nnen hat sich die &hellip; <a href=\"https:\/\/service.projektlabor.tu-berlin.de\/wordpress\/zuchthaus\/gruppe-2-luft\/einleitung-2\/\">Weiterlesen <span class=\"meta-nav\">&rarr;<\/span><\/a><\/p>\n","protected":false},"author":75,"featured_media":0,"parent":67,"menu_order":1,"comment_status":"closed","ping_status":"closed","template":"","meta":[],"_links":{"self":[{"href":"https:\/\/service.projektlabor.tu-berlin.de\/wordpress\/zuchthaus\/wp-json\/wp\/v2\/pages\/362"}],"collection":[{"href":"https:\/\/service.projektlabor.tu-berlin.de\/wordpress\/zuchthaus\/wp-json\/wp\/v2\/pages"}],"about":[{"href":"https:\/\/service.projektlabor.tu-berlin.de\/wordpress\/zuchthaus\/wp-json\/wp\/v2\/types\/page"}],"author":[{"embeddable":true,"href":"https:\/\/service.projektlabor.tu-berlin.de\/wordpress\/zuchthaus\/wp-json\/wp\/v2\/users\/75"}],"replies":[{"embeddable":true,"href":"https:\/\/service.projektlabor.tu-berlin.de\/wordpress\/zuchthaus\/wp-json\/wp\/v2\/comments?post=362"}],"version-history":[{"count":7,"href":"https:\/\/service.projektlabor.tu-berlin.de\/wordpress\/zuchthaus\/wp-json\/wp\/v2\/pages\/362\/revisions"}],"predecessor-version":[{"id":400,"href":"https:\/\/service.projektlabor.tu-berlin.de\/wordpress\/zuchthaus\/wp-json\/wp\/v2\/pages\/362\/revisions\/400"}],"up":[{"embeddable":true,"href":"https:\/\/service.projektlabor.tu-berlin.de\/wordpress\/zuchthaus\/wp-json\/wp\/v2\/pages\/67"}],"wp:attachment":[{"href":"https:\/\/service.projektlabor.tu-berlin.de\/wordpress\/zuchthaus\/wp-json\/wp\/v2\/media?parent=362"}],"curies":[{"name":"wp","href":"https:\/\/api.w.org\/{rel}","templated":true}]}}