{"id":354,"date":"2018-07-16T15:19:39","date_gmt":"2018-07-16T13:19:39","guid":{"rendered":"http:\/\/service.projektlabor.tu-berlin.de\/wordpress\/zuchthaus\/?page_id=354"},"modified":"2018-07-16T16:01:54","modified_gmt":"2018-07-16T14:01:54","slug":"heizung","status":"publish","type":"page","link":"https:\/\/service.projektlabor.tu-berlin.de\/wordpress\/zuchthaus\/gruppe-2-luft\/heizung\/","title":{"rendered":"Heizung"},"content":{"rendered":"<p>Die Temperatur in unserem Gew\u00e4chshaus soll einstellbar sein. Wir gehen dabei davon aus, dass die Temperatur au\u00dferhalb geringer oder gleich der gew\u00fcnschten Temperatur innen ist.\u00a0Wir ben\u00f6tigen also eine Heizvorrichting, um m\u00f6gliche h\u00f6here Temperaturen einzustellen. Wir verwenden daf\u00fcr einen oder mehrere Widerst\u00e4nde, deren Gesammtleistung 50W entspricht. Bei einer Versorgungsspannung von 18V sollte der Widerstandswert ca. 6,48 \u2126 betragen. Die Leistungswiderst\u00e4nde sollen direkt am unteren Umw\u00e4lzungsl\u00fcfter angebracht werden, damit sich die warme Luft im gesamten Gew\u00e4chshaus verteilen kann. Ein \u00dcberhitzen des Leistungswiderstand k\u00f6nnte durch einen passenden K\u00fchlk\u00f6rper verhindert werden.<\/p>\n<p>Der Schwerpunkt der Arbeit lag der Teilnehmer der Gruppe Luft lag weniger auf dem Fertigstellen der Heizung. Dies liegt einerseits daran, dass Gruppen mit den Sensorschaltungen etwas Unterst\u00fctzung bedurften. Ein weiterer Grund war die teilweise Vermischung der Untergruppen Heizung und Temperatursensor aufgrund der Platinenaufteilung (beide Gruppen teilen sich eine Platine).<br \/>\nLetzendlich sollte die Platine eine Heizung betreiben k\u00f6nnen, wenn noch passende Leistungswiderst\u00e4nde eingebaut werden. Die Schaltung ist daf\u00fcr ausgelegt und m\u00fcsste vor Inbetriebnahme der Heizung, aber nat\u00fcrlich noch mit den entsprechenden Leistungswiderst\u00e4nden getestet werden.<\/p>\n<p>&nbsp;<\/p>\n","protected":false},"excerpt":{"rendered":"<p>Die Temperatur in unserem Gew\u00e4chshaus soll einstellbar sein. Wir gehen dabei davon aus, dass die Temperatur au\u00dferhalb geringer oder gleich der gew\u00fcnschten Temperatur innen ist.\u00a0Wir ben\u00f6tigen also eine Heizvorrichting, um m\u00f6gliche h\u00f6here Temperaturen einzustellen. Wir verwenden daf\u00fcr einen oder mehrere &hellip; <a href=\"https:\/\/service.projektlabor.tu-berlin.de\/wordpress\/zuchthaus\/gruppe-2-luft\/heizung\/\">Weiterlesen <span class=\"meta-nav\">&rarr;<\/span><\/a><\/p>\n","protected":false},"author":75,"featured_media":0,"parent":67,"menu_order":2,"comment_status":"closed","ping_status":"closed","template":"","meta":[],"_links":{"self":[{"href":"https:\/\/service.projektlabor.tu-berlin.de\/wordpress\/zuchthaus\/wp-json\/wp\/v2\/pages\/354"}],"collection":[{"href":"https:\/\/service.projektlabor.tu-berlin.de\/wordpress\/zuchthaus\/wp-json\/wp\/v2\/pages"}],"about":[{"href":"https:\/\/service.projektlabor.tu-berlin.de\/wordpress\/zuchthaus\/wp-json\/wp\/v2\/types\/page"}],"author":[{"embeddable":true,"href":"https:\/\/service.projektlabor.tu-berlin.de\/wordpress\/zuchthaus\/wp-json\/wp\/v2\/users\/75"}],"replies":[{"embeddable":true,"href":"https:\/\/service.projektlabor.tu-berlin.de\/wordpress\/zuchthaus\/wp-json\/wp\/v2\/comments?post=354"}],"version-history":[{"count":3,"href":"https:\/\/service.projektlabor.tu-berlin.de\/wordpress\/zuchthaus\/wp-json\/wp\/v2\/pages\/354\/revisions"}],"predecessor-version":[{"id":375,"href":"https:\/\/service.projektlabor.tu-berlin.de\/wordpress\/zuchthaus\/wp-json\/wp\/v2\/pages\/354\/revisions\/375"}],"up":[{"embeddable":true,"href":"https:\/\/service.projektlabor.tu-berlin.de\/wordpress\/zuchthaus\/wp-json\/wp\/v2\/pages\/67"}],"wp:attachment":[{"href":"https:\/\/service.projektlabor.tu-berlin.de\/wordpress\/zuchthaus\/wp-json\/wp\/v2\/media?parent=354"}],"curies":[{"name":"wp","href":"https:\/\/api.w.org\/{rel}","templated":true}]}}