{"id":340,"date":"2018-07-16T14:07:22","date_gmt":"2018-07-16T12:07:22","guid":{"rendered":"http:\/\/service.projektlabor.tu-berlin.de\/wordpress\/zuchthaus\/?page_id=340"},"modified":"2018-07-16T14:11:35","modified_gmt":"2018-07-16T12:11:35","slug":"einleitung","status":"publish","type":"page","link":"https:\/\/service.projektlabor.tu-berlin.de\/wordpress\/zuchthaus\/gruppe-3-wasser\/einleitung\/","title":{"rendered":"Einleitung"},"content":{"rendered":"<p>Wir sind die Gruppe 3 und zusammen mit unserem Tutor Julian f\u00fcr alles rund um das Thema Wasser verantwortlich.<\/p>\n<div id=\"attachment_96\" style=\"width: 744px\" class=\"wp-caption aligncenter\"><a href=\"http:\/\/service.projektlabor.tu-berlin.de\/wordpress\/zuchthaus\/wp-content\/uploads\/sites\/22\/2018\/07\/gruppe3_bild2.png\"><img aria-describedby=\"caption-attachment-96\" loading=\"lazy\" class=\"size-full wp-image-96\" src=\"http:\/\/service.projektlabor.tu-berlin.de\/wordpress\/zuchthaus\/wp-content\/uploads\/sites\/22\/2018\/07\/gruppe3_bild2.png\" alt=\"Hinten (v.l.n.r.): Aaron, Robin, Jonas, Eric, Ramin, Julian (Tutor) Vorne: Ahmad, Nahel, Niloufar\" width=\"734\" height=\"491\" srcset=\"https:\/\/service.projektlabor.tu-berlin.de\/wordpress\/zuchthaus\/wp-content\/uploads\/sites\/22\/2018\/07\/gruppe3_bild2.png 734w, https:\/\/service.projektlabor.tu-berlin.de\/wordpress\/zuchthaus\/wp-content\/uploads\/sites\/22\/2018\/07\/gruppe3_bild2-300x201.png 300w, https:\/\/service.projektlabor.tu-berlin.de\/wordpress\/zuchthaus\/wp-content\/uploads\/sites\/22\/2018\/07\/gruppe3_bild2-100x67.png 100w, https:\/\/service.projektlabor.tu-berlin.de\/wordpress\/zuchthaus\/wp-content\/uploads\/sites\/22\/2018\/07\/gruppe3_bild2-150x100.png 150w, https:\/\/service.projektlabor.tu-berlin.de\/wordpress\/zuchthaus\/wp-content\/uploads\/sites\/22\/2018\/07\/gruppe3_bild2-200x134.png 200w, https:\/\/service.projektlabor.tu-berlin.de\/wordpress\/zuchthaus\/wp-content\/uploads\/sites\/22\/2018\/07\/gruppe3_bild2-450x301.png 450w, https:\/\/service.projektlabor.tu-berlin.de\/wordpress\/zuchthaus\/wp-content\/uploads\/sites\/22\/2018\/07\/gruppe3_bild2-600x401.png 600w\" sizes=\"(max-width: 734px) 100vw, 734px\" \/><\/a><p id=\"caption-attachment-96\" class=\"wp-caption-text\">Hinten (v.l.n.r.): Aaron, Robin, Jonas, Eric, Ramin, Julian (Tutor)<br \/>Vorne: Ahmad, Nahel, Niloufar<\/p><\/div>\n<p>Konkret realisiert werden bei uns eine <a href=\"http:\/\/service.projektlabor.tu-berlin.de\/wordpress\/zuchthaus\/gruppe-3-wasser\/fuellstand\/\">F\u00fcllstandsanzeige des Wassertanks<\/a>, die\u00a0<a href=\"http:\/\/service.projektlabor.tu-berlin.de\/wordpress\/zuchthaus\/gruppe-3-wasser\/bewaesserung\/\">Ansteuerung einer Pumpe<\/a> zur Bew\u00e4sserung und ein <a href=\"http:\/\/service.projektlabor.tu-berlin.de\/wordpress\/zuchthaus\/gruppe-3-wasser\/bodenfeuchtigkeit\/\">Sensor zur Messung der Bodenfeuchtigkeit<\/a>. Dabei ben\u00f6tigen wir von der Regelungsgruppe ein Steuersignal f\u00fcr die Pumpe sowie von der Energiegruppe Spannungen von 5 V und 12 V. An die Regelungsgruppe senden wir Signale zum F\u00fcllstand des Tanks sowie ein analoges Spannungssignal f\u00fcr die Feuchtigkeit der Erde.<\/p>\n<div id=\"attachment_105\" style=\"width: 620px\" class=\"wp-caption aligncenter\"><a href=\"http:\/\/service.projektlabor.tu-berlin.de\/wordpress\/zuchthaus\/wp-content\/uploads\/sites\/22\/2018\/06\/gruppe3_bsb.png\"><img aria-describedby=\"caption-attachment-105\" loading=\"lazy\" class=\"size-full wp-image-105\" src=\"http:\/\/service.projektlabor.tu-berlin.de\/wordpress\/zuchthaus\/wp-content\/uploads\/sites\/22\/2018\/06\/gruppe3_bsb.png\" alt=\"Blockschaltbild mit optionalen, nicht realisierten Funktionen\" width=\"610\" height=\"468\" srcset=\"https:\/\/service.projektlabor.tu-berlin.de\/wordpress\/zuchthaus\/wp-content\/uploads\/sites\/22\/2018\/06\/gruppe3_bsb.png 610w, https:\/\/service.projektlabor.tu-berlin.de\/wordpress\/zuchthaus\/wp-content\/uploads\/sites\/22\/2018\/06\/gruppe3_bsb-300x230.png 300w, https:\/\/service.projektlabor.tu-berlin.de\/wordpress\/zuchthaus\/wp-content\/uploads\/sites\/22\/2018\/06\/gruppe3_bsb-100x77.png 100w, https:\/\/service.projektlabor.tu-berlin.de\/wordpress\/zuchthaus\/wp-content\/uploads\/sites\/22\/2018\/06\/gruppe3_bsb-150x115.png 150w, https:\/\/service.projektlabor.tu-berlin.de\/wordpress\/zuchthaus\/wp-content\/uploads\/sites\/22\/2018\/06\/gruppe3_bsb-200x153.png 200w, https:\/\/service.projektlabor.tu-berlin.de\/wordpress\/zuchthaus\/wp-content\/uploads\/sites\/22\/2018\/06\/gruppe3_bsb-450x345.png 450w, https:\/\/service.projektlabor.tu-berlin.de\/wordpress\/zuchthaus\/wp-content\/uploads\/sites\/22\/2018\/06\/gruppe3_bsb-600x460.png 600w\" sizes=\"(max-width: 610px) 100vw, 610px\" \/><\/a><p id=\"caption-attachment-105\" class=\"wp-caption-text\">Blockschaltbild mit optionalen, nicht realisierten Funktionen<\/p><\/div>\n","protected":false},"excerpt":{"rendered":"<p>Wir sind die Gruppe 3 und zusammen mit unserem Tutor Julian f\u00fcr alles rund um das Thema Wasser verantwortlich. Konkret realisiert werden bei uns eine F\u00fcllstandsanzeige des Wassertanks, die\u00a0Ansteuerung einer Pumpe zur Bew\u00e4sserung und ein Sensor zur Messung der Bodenfeuchtigkeit. &hellip; <a href=\"https:\/\/service.projektlabor.tu-berlin.de\/wordpress\/zuchthaus\/gruppe-3-wasser\/einleitung\/\">Weiterlesen <span class=\"meta-nav\">&rarr;<\/span><\/a><\/p>\n","protected":false},"author":76,"featured_media":0,"parent":31,"menu_order":1,"comment_status":"closed","ping_status":"closed","template":"","meta":[],"_links":{"self":[{"href":"https:\/\/service.projektlabor.tu-berlin.de\/wordpress\/zuchthaus\/wp-json\/wp\/v2\/pages\/340"}],"collection":[{"href":"https:\/\/service.projektlabor.tu-berlin.de\/wordpress\/zuchthaus\/wp-json\/wp\/v2\/pages"}],"about":[{"href":"https:\/\/service.projektlabor.tu-berlin.de\/wordpress\/zuchthaus\/wp-json\/wp\/v2\/types\/page"}],"author":[{"embeddable":true,"href":"https:\/\/service.projektlabor.tu-berlin.de\/wordpress\/zuchthaus\/wp-json\/wp\/v2\/users\/76"}],"replies":[{"embeddable":true,"href":"https:\/\/service.projektlabor.tu-berlin.de\/wordpress\/zuchthaus\/wp-json\/wp\/v2\/comments?post=340"}],"version-history":[{"count":2,"href":"https:\/\/service.projektlabor.tu-berlin.de\/wordpress\/zuchthaus\/wp-json\/wp\/v2\/pages\/340\/revisions"}],"predecessor-version":[{"id":342,"href":"https:\/\/service.projektlabor.tu-berlin.de\/wordpress\/zuchthaus\/wp-json\/wp\/v2\/pages\/340\/revisions\/342"}],"up":[{"embeddable":true,"href":"https:\/\/service.projektlabor.tu-berlin.de\/wordpress\/zuchthaus\/wp-json\/wp\/v2\/pages\/31"}],"wp:attachment":[{"href":"https:\/\/service.projektlabor.tu-berlin.de\/wordpress\/zuchthaus\/wp-json\/wp\/v2\/media?parent=340"}],"curies":[{"name":"wp","href":"https:\/\/api.w.org\/{rel}","templated":true}]}}