{"id":25,"date":"2021-02-01T13:51:46","date_gmt":"2021-02-01T12:51:46","guid":{"rendered":"http:\/\/service.projektlabor.tu-berlin.de\/wordpress\/ws20-mo-synth-471\/?page_id=25"},"modified":"2021-02-21T18:46:06","modified_gmt":"2021-02-21T17:46:06","slug":"modul-1-oszillator","status":"publish","type":"page","link":"https:\/\/service.projektlabor.tu-berlin.de\/wordpress\/ws20-mo-synth-471\/modul-1-oszillator\/","title":{"rendered":"Oszillator"},"content":{"rendered":"\n<div class=\"wp-block-image\"><figure class=\"aligncenter size-large is-resized\"><img loading=\"lazy\" src=\"https:\/\/i.ibb.co\/7nZxV3G\/image.png\" alt=\"\" width=\"610\" height=\"315\" \/><figcaption>Abbildung 1:Blockschaltbild der Oszillatorplatine<\/figcaption><\/figure><\/div>\n\n\n\n<p>Das Blockschaltbild beschreibt Die Verschaltung auf der Platine.<\/p>\n\n\n\n<p>Modulare Synthesizer verwenden h\u00e4ufig analoge Oszillatoren als Tonquelle, die sp\u00e4ter weiter verarbeitet wird. Auch im Falle dieses Projektes verwenden wir diese. Um etwas mehr Vielseitigkeit f\u00fcr die<br>Tonsynthese zu haben, wurden die folgenden drei von einander unabh\u00e4ngigen Tonquellen festgelegt:<\/p>\n\n\n\n<ul><li>Astabiler Multivibrator<\/li><li>Wien-Robinson-Oszillator<\/li><li>Noise-Generator<\/li><\/ul>\n\n\n\n<p>Der Astabile Multivibrator ist die Quelle f\u00fcr ein Rechteck- und ein Dreiecksignal. Er verf\u00fcgt \u00fcber eine einstellbare Frequenz, eine Einstellung f\u00fcr den Tastgrad und die M\u00f6glichkeit der Frequenzeinstellung<br>\u00fcber eine <em>CV<\/em>-Signal mittels eines Vaktrols als spannungsgesteuerten Widerstand. Die Steuerung der Frequenz kann per Kippschalter zwischen Potentiometer und <em>CV<\/em>-Signal umgeschaltet werden.<\/p>\n\n\n\n<p>Der Wien-Robinson-Oszillator ist eine diodenstabilisierte Sinusquelle. Auch dieser Oszillator verf\u00fcgt \u00fcber eine Frequenzeinstellung per Potentiometer.<\/p>\n\n\n\n<p>Der Noise-Generator erzeugt je nach Transistor nahezu wei\u00dfes Rauschen (ein Rauschen in dem idealerweise alle Frequenzanteile mit gleicher Amplitude vertreten sind).<\/p>\n\n\n\n<p>Um die Ausgangsspannungen der Tonquellen abzugleichen und auf den verwendeten Eurorackstandard von 10 V Amplitude befinden sich an den Ausg\u00e4ngen zus\u00e4tzlich noch invertierende Verst\u00e4rker, die vor Betriebnahme eingestellt werden.<\/p>\n\n\n\n<h2>Schaltpl\u00e4ne<\/h2>\n\n\n\n<h3>Astabiler Multivibrator<\/h3>\n\n\n\n<div class=\"wp-block-image\"><figure class=\"aligncenter size-large is-resized\"><img loading=\"lazy\" src=\"https:\/\/i.ibb.co\/3zjHk7s\/image.png\" alt=\"\" width=\"450\" height=\"422\" \/><figcaption>Abbildung 2: Schaltbild eines astabilen Multivibrators (Erstellt mit EAGLE)<\/figcaption><\/figure><\/div>\n\n\n\n<p>Der Astabile Multivibrator ist ein Oszillator mit einem Rechteck-Signal-Ausgang. Im Prinzip ist der Operationsverst\u00e4rker als Komparator verschaltet. Der Kondensator <code>C3<\/code> wird je nach dem ob<br>der Komparator auf <code>HI<\/code> oder <code>LOW<\/code> steht geladen oder entladen.<\/p>\n\n\n\n<p>Mit dem Potentiometer P2 kann die Frequenz des Oszillators eingestellt werden, in dem der Threshold f\u00fcr die Umschaltung des Komparators ver\u00e4ndert wird. Dementsprechend w\u00fcrde eine Ver\u00e4nderung der Kapazit\u00e4t<br><code>C3<\/code> zu einer Ver\u00e4nderung des Frequenzbereichs f\u00fchren, was aber f\u00fcr unseren Fall nicht n\u00f6tig ist.<\/p>\n\n\n\n<p>Durch eine Ver\u00e4nderung von P1 kann das Potential im nicht-invertierenden Eingang des Komparators ver\u00e4ndert werden. Das hat zur Folge, dass der Tastgrad des Rechteck-Signals ver\u00e4ndert wird. Allerdings wird durch die \u00c4nderung der Rise-Time auch die Frequenz ver\u00e4ndert.<\/p>\n\n\n\n<p>Mit dem Schalter <code>S1<\/code> kann zwischen dem Potentiometer <code>P2<\/code> und einem Fotowiderstand <code>U1<\/code> gewechselt werden. Der Photowiderstand kann der Ausgang eines Vactrols sein, wodurch die<br>Frequenz des Oszillators durch eine Control Voltage steuerbar werden kann.<\/p>\n\n\n\n<p>Am invertierenden Eingang des Operationsverst\u00e4rkers kann zudem ein Dreieck-Signal abgegriffen, was der Lade- und Entladespannung des Kondensators entspricht.<\/p>\n\n\n\n<p>F\u00fcr die LTSpice-Simulationen von Oszialltoren die auf dem Prinzip der Astabilit\u00e4t beruhen, ist es wichtig, am Anfang eines AC-Analysis einen DC-Impuls in das System zu geben. In der Realit\u00e4t schaltet der<br>Komparator bei (t=0) zuf\u00e4llig auf <code>HI<\/code> oder <code>LOW<\/code> durch Rauschen. In LTSpice ist der Komparator allerdings ideal und nicht rauschbehaftet. Um dennoch einen definierten Zustand bei (t=0) zu<br>haben nutzen wir den DC-Impuls.<\/p>\n\n\n\n<p>Beide Ausg\u00e4nge gehen dann in Verst\u00e4rkerstufen \u00fcber, in denen der Ausgangssignalpegel angepasst werden kann.<\/p>\n\n\n\n<h2>Wien-Robinson-Oszillator<\/h2>\n\n\n\n<div class=\"wp-block-image\"><figure class=\"aligncenter size-large is-resized\"><img loading=\"lazy\" src=\"https:\/\/i.ibb.co\/QC83QcL\/image.png\" alt=\"\" width=\"440\" height=\"517\" \/><figcaption>Abbildung 3: Schaltbild einer Wien-Robinson-Br\u00fccke (Erstellt mit EAGLE)<\/figcaption><\/figure><\/div>\n\n\n\n<p>Der Wien-Robinson-Oszillator basiert auf einem einem Verst\u00e4rker mit einem RC-Netzwerk im Feedback-Loop. Hierbei verst\u00e4rkt der Operationsverst\u00e4rker bei (t=0) Rauschen. Das RC-Netz sorgt daf\u00fcr, dass die Phase des Signals verschoben wird und Signalanteile au\u00dferhalb der Resonenzfrequenz des RC-Netzes ged\u00e4mpft werden. Damit es eine Resonanzfrequenz gibt, wird in diesem Fall ein Filter 2. Ordnung verwendet.<\/p>\n\n\n\n<p>Die Frequenz des Oszillators l\u00e4sst sich durch die Verstellung des Stereopotentiometers <code>P3<\/code> einstellen. Dadurch ver\u00e4ndert sich die Zeitkonstante.<\/p>\n\n\n\n<p><code>R12<\/code>, <code>D1<\/code> und <code>D3<\/code> haben die Aufgabe die Verst\u00e4rkung des Operationsverst\u00e4rkers zu kontrollieren, sodass sie immer bei 1 liegt.<\/p>\n\n\n\n<p>Anstatt des vorher verwendeten <code>TL074<\/code> wird in diesem Fall ein <code>LM324N<\/code> verwendet. Auch wenn die Simulation mit dem <code>TL074<\/code> gelang, stellte sich in der Realit\u00e4t heraus, dass sich das System mit ihm nicht zum Schwingen bringen l\u00e4sst. Dies k\u00f6nnte dem dem Tiefpassverhalten des Operationsverst\u00e4rkers zusammenh\u00e4ngen. Mit dem <code>LM324N<\/code> funktionierte es jedoch.<\/p>\n\n\n\n<p>Auch f\u00fcr diese Simulation wird f\u00fcr (t=0) wieder ein DC-Impuls gebraucht.<\/p>\n\n\n\n<p>Der Ausgang des Oszillators geht au\u00dferdem ebenfalls in eine Verst\u00e4rkerstufe zur weiteren Anpassung.<\/p>\n\n\n\n<h2>Noise-Generator<\/h2>\n\n\n\n<div class=\"wp-block-image\"><figure class=\"aligncenter size-large is-resized\"><img loading=\"lazy\" src=\"https:\/\/i.ibb.co\/TP0nQpr\/image.png\" alt=\"\" width=\"355\" height=\"310\" \/><figcaption>Abbildung 4: Schaltbild des Noise Generators (Erstellt mit EAGLE)<\/figcaption><\/figure><\/div>\n\n\n\n<p>Der Noise-Generator funktioniert im Kern mit einem Transistor <code>(T2<\/code>) der ein Rauschen erzeugt und einem Transistor (<code>T1<\/code>) der das Rauschen verst\u00e4rkt.<\/p>\n\n\n\n<p><code>T2<\/code> wird in Reverse-Bias-Mode betrieben, also mit einem h\u00f6heren Emitterpotential. Das Kollektorbeinchen bleibt unverbunden, bzw. kann abgetrennt werden.<\/p>\n\n\n\n<p><code>T1<\/code> verst\u00e4rkt das Rauschen, wobei <code>R16<\/code> die Verst\u00e4rkung von `T1` bestimmt.<\/p>\n\n\n\n<p><code>C10<\/code> sorgt im Feedback Loop f\u00fcr eine bessere Verst\u00e4rkung.<\/p>\n\n\n\n<p>Der Ausgang des Noise-Generators geht auch in diesem Fall wieder in die Verst\u00e4rkerstufe \u00fcber.<\/p>\n\n\n\n<h2>Peripherie<\/h2>\n\n\n\n<h3>Verst\u00e4rkerstufen<\/h3>\n\n\n\n<div class=\"wp-block-image\"><figure class=\"aligncenter size-large\"><img loading=\"lazy\" width=\"1024\" height=\"337\" src=\"https:\/\/service.projektlabor.tu-berlin.de\/wordpress\/ws20-mo-synth-471\/wp-content\/uploads\/sites\/36\/2021\/02\/image-5-1024x337.png\" alt=\"\" class=\"wp-image-55\" srcset=\"https:\/\/service.projektlabor.tu-berlin.de\/wordpress\/ws20-mo-synth-471\/wp-content\/uploads\/sites\/36\/2021\/02\/image-5-1024x337.png 1024w, https:\/\/service.projektlabor.tu-berlin.de\/wordpress\/ws20-mo-synth-471\/wp-content\/uploads\/sites\/36\/2021\/02\/image-5-300x99.png 300w, https:\/\/service.projektlabor.tu-berlin.de\/wordpress\/ws20-mo-synth-471\/wp-content\/uploads\/sites\/36\/2021\/02\/image-5-768x253.png 768w, https:\/\/service.projektlabor.tu-berlin.de\/wordpress\/ws20-mo-synth-471\/wp-content\/uploads\/sites\/36\/2021\/02\/image-5-1200x395.png 1200w, https:\/\/service.projektlabor.tu-berlin.de\/wordpress\/ws20-mo-synth-471\/wp-content\/uploads\/sites\/36\/2021\/02\/image-5.png 1422w\" sizes=\"(max-width: 1024px) 100vw, 1024px\" \/><\/figure><\/div>\n\n\n\n<div class=\"wp-block-image\"><figure class=\"aligncenter size-large\"><img loading=\"lazy\" width=\"1024\" height=\"337\" src=\"https:\/\/service.projektlabor.tu-berlin.de\/wordpress\/ws20-mo-synth-471\/wp-content\/uploads\/sites\/36\/2021\/02\/image-6-1024x337.png\" alt=\"\" class=\"wp-image-56\" srcset=\"https:\/\/service.projektlabor.tu-berlin.de\/wordpress\/ws20-mo-synth-471\/wp-content\/uploads\/sites\/36\/2021\/02\/image-6-1024x337.png 1024w, https:\/\/service.projektlabor.tu-berlin.de\/wordpress\/ws20-mo-synth-471\/wp-content\/uploads\/sites\/36\/2021\/02\/image-6-300x99.png 300w, https:\/\/service.projektlabor.tu-berlin.de\/wordpress\/ws20-mo-synth-471\/wp-content\/uploads\/sites\/36\/2021\/02\/image-6-768x253.png 768w, https:\/\/service.projektlabor.tu-berlin.de\/wordpress\/ws20-mo-synth-471\/wp-content\/uploads\/sites\/36\/2021\/02\/image-6-1200x395.png 1200w, https:\/\/service.projektlabor.tu-berlin.de\/wordpress\/ws20-mo-synth-471\/wp-content\/uploads\/sites\/36\/2021\/02\/image-6.png 1422w\" sizes=\"(max-width: 1024px) 100vw, 1024px\" \/><\/figure><\/div>\n\n\n\n<div class=\"wp-block-image\"><figure class=\"aligncenter size-large\"><img loading=\"lazy\" width=\"1024\" height=\"337\" src=\"https:\/\/service.projektlabor.tu-berlin.de\/wordpress\/ws20-mo-synth-471\/wp-content\/uploads\/sites\/36\/2021\/02\/image-7-1024x337.png\" alt=\"\" class=\"wp-image-57\" srcset=\"https:\/\/service.projektlabor.tu-berlin.de\/wordpress\/ws20-mo-synth-471\/wp-content\/uploads\/sites\/36\/2021\/02\/image-7-1024x337.png 1024w, https:\/\/service.projektlabor.tu-berlin.de\/wordpress\/ws20-mo-synth-471\/wp-content\/uploads\/sites\/36\/2021\/02\/image-7-300x99.png 300w, https:\/\/service.projektlabor.tu-berlin.de\/wordpress\/ws20-mo-synth-471\/wp-content\/uploads\/sites\/36\/2021\/02\/image-7-768x253.png 768w, https:\/\/service.projektlabor.tu-berlin.de\/wordpress\/ws20-mo-synth-471\/wp-content\/uploads\/sites\/36\/2021\/02\/image-7-1200x395.png 1200w, https:\/\/service.projektlabor.tu-berlin.de\/wordpress\/ws20-mo-synth-471\/wp-content\/uploads\/sites\/36\/2021\/02\/image-7.png 1422w\" sizes=\"(max-width: 1024px) 100vw, 1024px\" \/><\/figure><\/div>\n\n\n\n<div class=\"wp-block-image\"><figure class=\"aligncenter size-large\"><img loading=\"lazy\" width=\"1024\" height=\"337\" src=\"https:\/\/service.projektlabor.tu-berlin.de\/wordpress\/ws20-mo-synth-471\/wp-content\/uploads\/sites\/36\/2021\/02\/image-8-1024x337.png\" alt=\"\" class=\"wp-image-58\" srcset=\"https:\/\/service.projektlabor.tu-berlin.de\/wordpress\/ws20-mo-synth-471\/wp-content\/uploads\/sites\/36\/2021\/02\/image-8-1024x337.png 1024w, https:\/\/service.projektlabor.tu-berlin.de\/wordpress\/ws20-mo-synth-471\/wp-content\/uploads\/sites\/36\/2021\/02\/image-8-300x99.png 300w, https:\/\/service.projektlabor.tu-berlin.de\/wordpress\/ws20-mo-synth-471\/wp-content\/uploads\/sites\/36\/2021\/02\/image-8-768x253.png 768w, https:\/\/service.projektlabor.tu-berlin.de\/wordpress\/ws20-mo-synth-471\/wp-content\/uploads\/sites\/36\/2021\/02\/image-8-1200x395.png 1200w, https:\/\/service.projektlabor.tu-berlin.de\/wordpress\/ws20-mo-synth-471\/wp-content\/uploads\/sites\/36\/2021\/02\/image-8.png 1422w\" sizes=\"(max-width: 1024px) 100vw, 1024px\" \/><figcaption>Abbildung 5: Schaltbilder der Ausgangsverst\u00e4rker und Spannungsfolger (Erstellt mit EAGLE)<\/figcaption><\/figure><\/div>\n\n\n\n<p>Hinter jedem Ausgangssignal der Ton-Generatoren befindet sich invertierende Verst\u00e4rker, die mit Trimmpotentiometern eingestellt werden k\u00f6nnen. Hinter jedem invertierenden Verst\u00e4rker befindet sich au\u00dferdem noch jeweils ein Spannungsfolger, der verhindert, dass der Ausgang die Generatoren belastet.<\/p>\n\n\n\n<h3>Spannungsversorgung<\/h3>\n\n\n\n<figure class=\"wp-block-gallery columns-2 is-cropped\"><ul class=\"blocks-gallery-grid\"><li class=\"blocks-gallery-item\"><figure><img loading=\"lazy\" width=\"592\" height=\"588\" src=\"https:\/\/service.projektlabor.tu-berlin.de\/wordpress\/ws20-mo-synth-471\/wp-content\/uploads\/sites\/36\/2021\/02\/Screenshot-2021-02-02-at-12.18.50.png\" alt=\"\" data-id=\"67\" data-full-url=\"https:\/\/service.projektlabor.tu-berlin.de\/wordpress\/ws20-mo-synth-471\/wp-content\/uploads\/sites\/36\/2021\/02\/Screenshot-2021-02-02-at-12.18.50.png\" data-link=\"https:\/\/service.projektlabor.tu-berlin.de\/wordpress\/ws20-mo-synth-471\/modul-1-oszillator\/screenshot-2021-02-02-at-12-18-50\/\" class=\"wp-image-67\" srcset=\"https:\/\/service.projektlabor.tu-berlin.de\/wordpress\/ws20-mo-synth-471\/wp-content\/uploads\/sites\/36\/2021\/02\/Screenshot-2021-02-02-at-12.18.50.png 592w, https:\/\/service.projektlabor.tu-berlin.de\/wordpress\/ws20-mo-synth-471\/wp-content\/uploads\/sites\/36\/2021\/02\/Screenshot-2021-02-02-at-12.18.50-300x298.png 300w, https:\/\/service.projektlabor.tu-berlin.de\/wordpress\/ws20-mo-synth-471\/wp-content\/uploads\/sites\/36\/2021\/02\/Screenshot-2021-02-02-at-12.18.50-150x150.png 150w\" sizes=\"(max-width: 592px) 100vw, 592px\" \/><figcaption class=\"blocks-gallery-item__caption\">Abbildung 6: Eurorack-Versorgnungsstecker<\/figcaption><\/figure><\/li><li class=\"blocks-gallery-item\"><figure><img loading=\"lazy\" width=\"606\" height=\"654\" src=\"https:\/\/service.projektlabor.tu-berlin.de\/wordpress\/ws20-mo-synth-471\/wp-content\/uploads\/sites\/36\/2021\/02\/Screenshot-2021-02-02-at-12.16.16.png\" alt=\"\" data-id=\"62\" data-link=\"https:\/\/service.projektlabor.tu-berlin.de\/wordpress\/ws20-mo-synth-471\/modul-1-oszillator\/screenshot-2021-02-02-at-12-16-16\/\" class=\"wp-image-62\" srcset=\"https:\/\/service.projektlabor.tu-berlin.de\/wordpress\/ws20-mo-synth-471\/wp-content\/uploads\/sites\/36\/2021\/02\/Screenshot-2021-02-02-at-12.16.16.png 606w, https:\/\/service.projektlabor.tu-berlin.de\/wordpress\/ws20-mo-synth-471\/wp-content\/uploads\/sites\/36\/2021\/02\/Screenshot-2021-02-02-at-12.16.16-278x300.png 278w\" sizes=\"(max-width: 606px) 100vw, 606px\" \/><figcaption class=\"blocks-gallery-item__caption\">Abbildung 7: Schaltbild des IDC Bus-Steckers (Erstellt mit EAGLE<\/figcaption><\/figure><\/li><\/ul><\/figure>\n\n\n\n<p>Die Spannungsversorgung f\u00fcr die Platine und auch alle anderen Platinen wird \u00fcber einen Eurorack typischen IDC Stecker realisiert. Dabei wurde die 10-Pin-Variante auf der ersten Abbildung gew\u00e4hlt. Der Bus-Stecker wird wie auf der zweiten Abbildung<br>angeschlossen. Durch die Wahl der 10-Pin-Variante stehen also 12V und -12V zur Verf\u00fcgung. <code>C11<\/code> und <code>C12<\/code> filtern diese Spannungen noch, um einen besseren Betrieb der Platinen zu gew\u00e4hrleisten.<\/p>\n\n\n\n<div class=\"wp-block-image\"><figure class=\"aligncenter size-large\"><img loading=\"lazy\" width=\"1024\" height=\"425\" src=\"https:\/\/service.projektlabor.tu-berlin.de\/wordpress\/ws20-mo-synth-471\/wp-content\/uploads\/sites\/36\/2021\/02\/image-9-1024x425.png\" alt=\"\" class=\"wp-image-69\" srcset=\"https:\/\/service.projektlabor.tu-berlin.de\/wordpress\/ws20-mo-synth-471\/wp-content\/uploads\/sites\/36\/2021\/02\/image-9-1024x425.png 1024w, https:\/\/service.projektlabor.tu-berlin.de\/wordpress\/ws20-mo-synth-471\/wp-content\/uploads\/sites\/36\/2021\/02\/image-9-300x125.png 300w, https:\/\/service.projektlabor.tu-berlin.de\/wordpress\/ws20-mo-synth-471\/wp-content\/uploads\/sites\/36\/2021\/02\/image-9-768x319.png 768w, https:\/\/service.projektlabor.tu-berlin.de\/wordpress\/ws20-mo-synth-471\/wp-content\/uploads\/sites\/36\/2021\/02\/image-9-1536x638.png 1536w, https:\/\/service.projektlabor.tu-berlin.de\/wordpress\/ws20-mo-synth-471\/wp-content\/uploads\/sites\/36\/2021\/02\/image-9-1200x498.png 1200w, https:\/\/service.projektlabor.tu-berlin.de\/wordpress\/ws20-mo-synth-471\/wp-content\/uploads\/sites\/36\/2021\/02\/image-9.png 1754w\" sizes=\"(max-width: 1024px) 100vw, 1024px\" \/><figcaption>Abbildung 8: Schaltbild der OPV-Spannungsversorgungen (Erstellt mit EAGLE)<\/figcaption><\/figure><\/div>\n\n\n\n<p>Diese Spannungen werden liegen an den Rails der Operationverst\u00e4rker angelegt, wobei diese nochmal weiter Kondensatoren zur Spannungsgl\u00e4ttung haben.<\/p>\n\n\n\n<h2>I\/O<\/h2>\n\n\n\n<div class=\"wp-block-image\"><figure class=\"aligncenter size-large is-resized\"><img loading=\"lazy\" src=\"https:\/\/service.projektlabor.tu-berlin.de\/wordpress\/ws20-mo-synth-471\/wp-content\/uploads\/sites\/36\/2021\/02\/image-10.png\" alt=\"\" class=\"wp-image-70\" width=\"232\" height=\"111\" srcset=\"https:\/\/service.projektlabor.tu-berlin.de\/wordpress\/ws20-mo-synth-471\/wp-content\/uploads\/sites\/36\/2021\/02\/image-10.png 430w, https:\/\/service.projektlabor.tu-berlin.de\/wordpress\/ws20-mo-synth-471\/wp-content\/uploads\/sites\/36\/2021\/02\/image-10-300x144.png 300w\" sizes=\"(max-width: 232px) 100vw, 232px\" \/><figcaption>Abbildung 9: Schaltbild des CV-Inputs (Erstellt mit EAGLE)<\/figcaption><\/figure><\/div>\n\n\n\n<p>Als Eingang gibt es einen f\u00fcr eine Control Voltage mit der ein Vactrol angesprochen der wiederum den Photowiderstand f\u00fcr die Frequenzeinstellung des Wien-Robinson-Oszillator steuert.<\/p>\n\n\n\n<p>Ausg\u00e4nge sind ensprechend hinter der Verst\u00e4rkerstufe des jeweiligen Signals.<\/p>\n\n\n\n<div class=\"wp-block-image\"><figure class=\"aligncenter size-large\"><img loading=\"lazy\" width=\"1024\" height=\"693\" src=\"https:\/\/service.projektlabor.tu-berlin.de\/wordpress\/ws20-mo-synth-471\/wp-content\/uploads\/sites\/36\/2021\/02\/image-11-1024x693.png\" alt=\"\" class=\"wp-image-71\" srcset=\"https:\/\/service.projektlabor.tu-berlin.de\/wordpress\/ws20-mo-synth-471\/wp-content\/uploads\/sites\/36\/2021\/02\/image-11-1024x693.png 1024w, https:\/\/service.projektlabor.tu-berlin.de\/wordpress\/ws20-mo-synth-471\/wp-content\/uploads\/sites\/36\/2021\/02\/image-11-300x203.png 300w, https:\/\/service.projektlabor.tu-berlin.de\/wordpress\/ws20-mo-synth-471\/wp-content\/uploads\/sites\/36\/2021\/02\/image-11-768x519.png 768w, https:\/\/service.projektlabor.tu-berlin.de\/wordpress\/ws20-mo-synth-471\/wp-content\/uploads\/sites\/36\/2021\/02\/image-11.png 1038w\" sizes=\"(max-width: 1024px) 100vw, 1024px\" \/><figcaption>Abbildung 10: Schaltbilder der Ausgangsverbinder (Erstellt mit EAGLE)<\/figcaption><\/figure><\/div>\n\n\n\n<h2>Platinenlayout<\/h2>\n\n\n\n<p>In der folgenden Abbildung sieht man das Platinenlayout. Die linke Seite wird an einem Frontpanel befestigt. Dies geschieht \u00fcber die Anschl\u00fcsse und die Potentiometer, beziehungsweise deren Schraubgewinde. Zus\u00e4tzlich befindet sich auf der Platine noch ein Anschluss f\u00fcr einen Schalter, mit<br>dem potentiell die Frequenzsteuerung per Control Voltage f\u00fcr den astabilen Multivibrator realisiert werden kann. Dieser Punkt ist allerdings optional und nicht zwangsweise f\u00fcr den Betrieb der Platine notwendig.<\/p>\n\n\n\n<div class=\"wp-block-image\"><figure class=\"aligncenter size-large is-resized\"><img loading=\"lazy\" src=\"https:\/\/service.projektlabor.tu-berlin.de\/wordpress\/ws20-mo-synth-471\/wp-content\/uploads\/sites\/36\/2021\/02\/image-12-829x1024.png\" alt=\"\" class=\"wp-image-76\" width=\"421\" height=\"519\" srcset=\"https:\/\/service.projektlabor.tu-berlin.de\/wordpress\/ws20-mo-synth-471\/wp-content\/uploads\/sites\/36\/2021\/02\/image-12-829x1024.png 829w, https:\/\/service.projektlabor.tu-berlin.de\/wordpress\/ws20-mo-synth-471\/wp-content\/uploads\/sites\/36\/2021\/02\/image-12-243x300.png 243w, https:\/\/service.projektlabor.tu-berlin.de\/wordpress\/ws20-mo-synth-471\/wp-content\/uploads\/sites\/36\/2021\/02\/image-12-768x948.png 768w, https:\/\/service.projektlabor.tu-berlin.de\/wordpress\/ws20-mo-synth-471\/wp-content\/uploads\/sites\/36\/2021\/02\/image-12.png 1124w\" sizes=\"(max-width: 421px) 100vw, 421px\" \/><figcaption>Abbildung 11: Layout der Oszillatorplatine (Erstellt mit EAGLE)<\/figcaption><\/figure><\/div>\n\n\n\n<h2>Realisierung der Platine<\/h2>\n\n\n\n<p>Entsprechend dem Layout in Abb. 11 wurde eine Platine hergestellt. Erst nach der Herstellung der Platine ist aufgefallen, dass der Schaltplan mehrere Fehler hat, die eine Verwendung von ihr verhindert. Diese Fehler sind in dem Prozess der \u00dcbertragung des Schaltplans von LTSpice zu Eagle passiert.<br>Mit viel Aufwand w\u00e4re es vermutlich m\u00f6glich gewesen die Platine so modifizieren, dass die Schaltung funktioniert h\u00e4tte. Allerdings haben wir uns in Anbetracht zeitlicher Limitationen dazu entschieden einen Prototypen des Astabilen Multivibrators auf einer Lochrasterplatine zu bauen, da dies in dem engen Zeitrahmen realistischer erschien.<\/p>\n\n\n\n<div class=\"wp-block-image\"><figure class=\"aligncenter size-large\"><img src=\"https:\/\/i.ibb.co\/NYzyRr3\/2021-02-21-17-45-53.jpg\" alt=\"\" \/><figcaption>Abbildung 12: Astabiler Multivibrator auf Lochrasterplatine<\/figcaption><\/figure><\/div>\n\n\n\n<p>Der Aufbau auf der Lochrasterplatine wurde von dem Schaltplan in Abb. 13 abgeleitet und kann f\u00fcr die weitere Signalverarbeitung der anderen Module genutzt werden.<\/p>\n\n\n\n<div class=\"wp-block-image\"><figure class=\"aligncenter size-large\"><img src=\"https:\/\/i.ibb.co\/BnmXHtk\/image.png\" alt=\"\" \/><figcaption>Abbildung 13: Schaltplan des Astabilen Multivibrator f\u00fcr Lochasterplatine<\/figcaption><\/figure><\/div>\n\n\n\n<p><\/p>\n\n\n\n<div class=\"wp-block-buttons\">\n<div class=\"wp-block-button\"><a class=\"wp-block-button__link\" href=\"https:\/\/service.projektlabor.tu-berlin.de\/wordpress\/ws20-mo-synth-471\/filter\/\">Filter<\/a><\/div>\n<\/div>\n\n\n\n<p><\/p>\n","protected":false},"excerpt":{"rendered":"<p>Das Blockschaltbild beschreibt Die Verschaltung auf der Platine. Modulare Synthesizer verwenden h\u00e4ufig analoge Oszillatoren als Tonquelle, die sp\u00e4ter weiter verarbeitet wird. Auch im Falle dieses Projektes verwenden wir diese. Um etwas mehr Vielseitigkeit f\u00fcr dieTonsynthese zu haben, wurden die folgenden drei von einander unabh\u00e4ngigen Tonquellen festgelegt: Astabiler Multivibrator Wien-Robinson-Oszillator Noise-Generator Der Astabile Multivibrator ist die [&hellip;]<\/p>\n","protected":false},"author":139,"featured_media":0,"parent":0,"menu_order":2,"comment_status":"closed","ping_status":"closed","template":"","meta":[],"_links":{"self":[{"href":"https:\/\/service.projektlabor.tu-berlin.de\/wordpress\/ws20-mo-synth-471\/wp-json\/wp\/v2\/pages\/25"}],"collection":[{"href":"https:\/\/service.projektlabor.tu-berlin.de\/wordpress\/ws20-mo-synth-471\/wp-json\/wp\/v2\/pages"}],"about":[{"href":"https:\/\/service.projektlabor.tu-berlin.de\/wordpress\/ws20-mo-synth-471\/wp-json\/wp\/v2\/types\/page"}],"author":[{"embeddable":true,"href":"https:\/\/service.projektlabor.tu-berlin.de\/wordpress\/ws20-mo-synth-471\/wp-json\/wp\/v2\/users\/139"}],"replies":[{"embeddable":true,"href":"https:\/\/service.projektlabor.tu-berlin.de\/wordpress\/ws20-mo-synth-471\/wp-json\/wp\/v2\/comments?post=25"}],"version-history":[{"count":10,"href":"https:\/\/service.projektlabor.tu-berlin.de\/wordpress\/ws20-mo-synth-471\/wp-json\/wp\/v2\/pages\/25\/revisions"}],"predecessor-version":[{"id":168,"href":"https:\/\/service.projektlabor.tu-berlin.de\/wordpress\/ws20-mo-synth-471\/wp-json\/wp\/v2\/pages\/25\/revisions\/168"}],"wp:attachment":[{"href":"https:\/\/service.projektlabor.tu-berlin.de\/wordpress\/ws20-mo-synth-471\/wp-json\/wp\/v2\/media?parent=25"}],"curies":[{"name":"wp","href":"https:\/\/api.w.org\/{rel}","templated":true}]}}