{"id":22,"date":"2021-02-01T13:51:09","date_gmt":"2021-02-01T12:51:09","guid":{"rendered":"http:\/\/service.projektlabor.tu-berlin.de\/wordpress\/ws20-mo-synth-471\/?page_id=22"},"modified":"2021-02-02T12:43:47","modified_gmt":"2021-02-02T11:43:47","slug":"teilnehmer-gruppen-und-organisationsaemter","status":"publish","type":"page","link":"https:\/\/service.projektlabor.tu-berlin.de\/wordpress\/ws20-mo-synth-471\/teilnehmer-gruppen-und-organisationsaemter\/","title":{"rendered":"Teilnehmer, Gruppen und Organisations\u00e4mter"},"content":{"rendered":"\n<h2>Teilnehmer<\/h2>\n\n\n\n<p><strong>Betreuung \u2013 Wissenschaftliche Mitarbeiter<\/strong><\/p>\n\n\n\n<p class=\"has-text-align-right\">Michael Klum, Frowin Buballa, Sebastian Linnhoff<\/p>\n\n\n\n<p><strong>Betreuung \u2013 Tutor<\/strong><\/p>\n\n\n\n<p class=\"has-text-align-right\">Max Genson<\/p>\n\n\n\n<p><strong>Teilnehmer<\/strong><\/p>\n\n\n\n<p class=\"has-text-align-right\">Carlo R\u00f6pke, Janek S\u00fc\u00df, Philipp Hematty, Konrad Panzer<\/p>\n\n\n\n<h2>Gruppenverteilung<\/h2>\n\n\n\n<p><strong><a href=\"https:\/\/service.projektlabor.tu-berlin.de\/wordpress\/ws20-mo-synth-471\/modul-1-oszillator\/\" data-type=\"URL\" data-id=\"https:\/\/service.projektlabor.tu-berlin.de\/wordpress\/ws20-mo-synth-471\/modul-1-oszillator\/\">Modul 1  &#8211; Oszillator<\/a><\/strong><\/p>\n\n\n\n<p class=\"has-text-align-right\">Philipp Hematty<\/p>\n\n\n\n<p><strong><a href=\"https:\/\/service.projektlabor.tu-berlin.de\/wordpress\/ws20-mo-synth-471\/modul-2-filter\/\" data-type=\"URL\" data-id=\"https:\/\/service.projektlabor.tu-berlin.de\/wordpress\/ws20-mo-synth-471\/modul-2-filter\/\">Modul 2 \u2013 Filter <\/a><\/strong><\/p>\n\n\n\n<p class=\"has-text-align-right\">Carlo R\u00f6pke<\/p>\n\n\n\n<p><strong><a href=\"https:\/\/service.projektlabor.tu-berlin.de\/wordpress\/ws20-mo-synth-471\/modul-3-effekte\/\" data-type=\"URL\" data-id=\"https:\/\/service.projektlabor.tu-berlin.de\/wordpress\/ws20-mo-synth-471\/modul-3-effekte\/\">Modul 3 \u2013 Effekte<\/a><\/strong><\/p>\n\n\n\n<p class=\"has-text-align-right\">Konrad Panzer<\/p>\n\n\n\n<p><strong><a href=\"https:\/\/service.projektlabor.tu-berlin.de\/wordpress\/ws20-mo-synth-471\/modul-4-output\/\">Modul 4 \u2013 Output<\/a><\/strong><\/p>\n\n\n\n<p class=\"has-text-align-right\">Janek S\u00fc\u00df<\/p>\n\n\n\n<h2>Organisations\u00e4mter<\/h2>\n\n\n\n<p><strong>PR und Schnittstellen<\/strong><\/p>\n\n\n\n<p class=\"has-text-align-right\">Philipp Hematty<\/p>\n\n\n\n<p><strong>Geh\u00e4use und Bauteile<\/strong><\/p>\n\n\n\n<p class=\"has-text-align-right\">Carlo R\u00f6pke<\/p>\n\n\n\n<p><strong>Abschlussbericht<\/strong><\/p>\n\n\n\n<p class=\"has-text-align-right\">Konrad Panzer<\/p>\n\n\n\n<p><strong>Pr\u00e4sentation<\/strong><\/p>\n\n\n\n<p class=\"has-text-align-right\">Janek S\u00fc\u00df<\/p>\n\n\n\n<div class=\"wp-block-buttons\">\n<div class=\"wp-block-button\"><a class=\"wp-block-button__link\" href=\"https:\/\/service.projektlabor.tu-berlin.de\/wordpress\/ws20-mo-synth-471\/modul-1-oszillator\/\">Oszillator<\/a><\/div>\n<\/div>\n","protected":false},"excerpt":{"rendered":"<p>Teilnehmer Betreuung \u2013 Wissenschaftliche Mitarbeiter Michael Klum, Frowin Buballa, Sebastian Linnhoff Betreuung \u2013 Tutor Max Genson Teilnehmer Carlo R\u00f6pke, Janek S\u00fc\u00df, Philipp Hematty, Konrad Panzer Gruppenverteilung Modul 1 &#8211; Oszillator Philipp Hematty Modul 2 \u2013 Filter Carlo R\u00f6pke Modul 3 \u2013 Effekte Konrad Panzer Modul 4 \u2013 Output Janek S\u00fc\u00df Organisations\u00e4mter PR und Schnittstellen Philipp [&hellip;]<\/p>\n","protected":false},"author":139,"featured_media":0,"parent":0,"menu_order":1,"comment_status":"closed","ping_status":"closed","template":"","meta":[],"_links":{"self":[{"href":"https:\/\/service.projektlabor.tu-berlin.de\/wordpress\/ws20-mo-synth-471\/wp-json\/wp\/v2\/pages\/22"}],"collection":[{"href":"https:\/\/service.projektlabor.tu-berlin.de\/wordpress\/ws20-mo-synth-471\/wp-json\/wp\/v2\/pages"}],"about":[{"href":"https:\/\/service.projektlabor.tu-berlin.de\/wordpress\/ws20-mo-synth-471\/wp-json\/wp\/v2\/types\/page"}],"author":[{"embeddable":true,"href":"https:\/\/service.projektlabor.tu-berlin.de\/wordpress\/ws20-mo-synth-471\/wp-json\/wp\/v2\/users\/139"}],"replies":[{"embeddable":true,"href":"https:\/\/service.projektlabor.tu-berlin.de\/wordpress\/ws20-mo-synth-471\/wp-json\/wp\/v2\/comments?post=22"}],"version-history":[{"count":5,"href":"https:\/\/service.projektlabor.tu-berlin.de\/wordpress\/ws20-mo-synth-471\/wp-json\/wp\/v2\/pages\/22\/revisions"}],"predecessor-version":[{"id":75,"href":"https:\/\/service.projektlabor.tu-berlin.de\/wordpress\/ws20-mo-synth-471\/wp-json\/wp\/v2\/pages\/22\/revisions\/75"}],"wp:attachment":[{"href":"https:\/\/service.projektlabor.tu-berlin.de\/wordpress\/ws20-mo-synth-471\/wp-json\/wp\/v2\/media?parent=22"}],"curies":[{"name":"wp","href":"https:\/\/api.w.org\/{rel}","templated":true}]}}