{"id":163,"date":"2021-02-21T18:24:28","date_gmt":"2021-02-21T17:24:28","guid":{"rendered":"http:\/\/service.projektlabor.tu-berlin.de\/wordpress\/ws20-mo-synth-471\/?page_id=163"},"modified":"2021-02-21T18:30:57","modified_gmt":"2021-02-21T17:30:57","slug":"gehaeuse","status":"publish","type":"page","link":"https:\/\/service.projektlabor.tu-berlin.de\/wordpress\/ws20-mo-synth-471\/gehaeuse\/","title":{"rendered":"Geh\u00e4use"},"content":{"rendered":"\n<p>In diesem Abschnitt wird kurz die Entwicklung des Geh\u00e4uses dargelegt. Um alle Module sicher zu verstauen und mit Energie versorgen zu k\u00f6nnen, wird ein robustes Geh\u00e4use ben\u00f6tigt. Hierbei haben wir uns f\u00fcr einen angewinkelten Kasten als Grundform entschieden (siehe Abbildung 1). Durch die Anwinkelung k\u00f6nnen die Vorderseiten der Module ergonomisch dem Benutzer zugewandt in dem Geh\u00e4use montiert werden.<\/p>\n\n\n\n<div class=\"wp-block-image\"><figure class=\"aligncenter size-large\"><img src=\"https:\/\/i.ibb.co\/4KhLHTX\/image.png\" alt=\"\" \/><figcaption>Abbildung 1: Erste Skizze des Geh\u00e4uses (Erstellt mit Notability)<\/figcaption><\/figure><\/div>\n\n\n\n<p>Aus Zeit- und Geldgr\u00fcnden wurde das Geh\u00e4use in einer relativ einfachen Holzbauform realisiert. Hierbei gestalteten sich sowohl die seitlichen Winkelschnitte, welche \u00fcber 45\u00b0 gro\u00df sind und somit nicht mit Gerungs- oder Kapps\u00e4gen gemacht werden k\u00f6nnen, als auch die l\u00e4ngsseitigen Schnitte um die Vorder-, Ober-, und Unterseite auf Ma\u00df zu schneiden als etwas komplizierter. Da uns keine Tischs\u00e4ge zur Verf\u00fcgung stand, und eine Stichs\u00e4ge auf solchen L\u00e4ngsschnitten gerne unsaubere Kanten hinterl\u00e4sst, wurden diese Schnitte von Hand durchgef\u00fchrt.<\/p>\n\n\n\n<p>Nach viel S\u00e4gen, Feilen und Vorbohren der einzelnen Schraub- und Holzd\u00fcbelverbindungen des Geh\u00e4uses, war ebenjenes fertig. In Abbildung 2 ist das finale Geh\u00e4use zu sehen. Auf eine R\u00fcckseite wurde hier verzichtet, da man so leichter als Benutzer Module austauschen kann, da man einen leichteren Zugang an die R\u00fcckseiten der Module hat.<\/p>\n\n\n\n<div class=\"wp-block-image\"><figure class=\"aligncenter size-large\"><img src=\"https:\/\/i.ibb.co\/k25KzGp\/image.png\" alt=\"\" \/><figcaption>Abbildung 2: Foto des fertigen Geh\u00e4uses<\/figcaption><\/figure><\/div>\n\n\n\n<p>Da das Zeitmamagement durch \u00e4u\u00dfere Corona-Einfl\u00fcsse gerade zum Ende des Projektes hin sehr chaotisch wurde, sind nicht alle Frontplatten der Module fertig geworden, daher hat das Geh\u00e4use in der derzeitigen Form noch keine M\u00f6glichkeiten Module darin zu befestigen.<\/p>\n","protected":false},"excerpt":{"rendered":"<p>In diesem Abschnitt wird kurz die Entwicklung des Geh\u00e4uses dargelegt. Um alle Module sicher zu verstauen und mit Energie versorgen zu k\u00f6nnen, wird ein robustes Geh\u00e4use ben\u00f6tigt. Hierbei haben wir uns f\u00fcr einen angewinkelten Kasten als Grundform entschieden (siehe Abbildung 1). Durch die Anwinkelung k\u00f6nnen die Vorderseiten der Module ergonomisch dem Benutzer zugewandt in dem [&hellip;]<\/p>\n","protected":false},"author":139,"featured_media":0,"parent":0,"menu_order":10,"comment_status":"closed","ping_status":"closed","template":"","meta":[],"_links":{"self":[{"href":"https:\/\/service.projektlabor.tu-berlin.de\/wordpress\/ws20-mo-synth-471\/wp-json\/wp\/v2\/pages\/163"}],"collection":[{"href":"https:\/\/service.projektlabor.tu-berlin.de\/wordpress\/ws20-mo-synth-471\/wp-json\/wp\/v2\/pages"}],"about":[{"href":"https:\/\/service.projektlabor.tu-berlin.de\/wordpress\/ws20-mo-synth-471\/wp-json\/wp\/v2\/types\/page"}],"author":[{"embeddable":true,"href":"https:\/\/service.projektlabor.tu-berlin.de\/wordpress\/ws20-mo-synth-471\/wp-json\/wp\/v2\/users\/139"}],"replies":[{"embeddable":true,"href":"https:\/\/service.projektlabor.tu-berlin.de\/wordpress\/ws20-mo-synth-471\/wp-json\/wp\/v2\/comments?post=163"}],"version-history":[{"count":2,"href":"https:\/\/service.projektlabor.tu-berlin.de\/wordpress\/ws20-mo-synth-471\/wp-json\/wp\/v2\/pages\/163\/revisions"}],"predecessor-version":[{"id":165,"href":"https:\/\/service.projektlabor.tu-berlin.de\/wordpress\/ws20-mo-synth-471\/wp-json\/wp\/v2\/pages\/163\/revisions\/165"}],"wp:attachment":[{"href":"https:\/\/service.projektlabor.tu-berlin.de\/wordpress\/ws20-mo-synth-471\/wp-json\/wp\/v2\/media?parent=163"}],"curies":[{"name":"wp","href":"https:\/\/api.w.org\/{rel}","templated":true}]}}