{"id":21,"date":"2021-02-22T09:33:46","date_gmt":"2021-02-22T08:33:46","guid":{"rendered":"http:\/\/service.projektlabor.tu-berlin.de\/wordpress\/ws20-mo-lichtorgel-469\/?page_id=21"},"modified":"2021-02-22T09:33:46","modified_gmt":"2021-02-22T08:33:46","slug":"automatische-verstaerkerregelung","status":"publish","type":"page","link":"https:\/\/service.projektlabor.tu-berlin.de\/wordpress\/ws20-mo-lichtorgel-469\/automatische-verstaerkerregelung\/","title":{"rendered":"Automatische Verst\u00e4rkerregelung"},"content":{"rendered":"\n<p>Die Automatische Verst\u00e4rkerregelung wird mitAVR abgek\u00fcrzt und hei\u00dft im Englischen \u201dautomatic gain control\u201c (AGC). Diese befindet dich bei unserer Lichtorgel hinter der Vorverst\u00e4rkung, die die erste Verst\u00e4rkung bildet. Die Aufgabe lag darin das vorverst\u00e4rkte Signal mit Hilfe einer passenden Schaltung nachzuverst\u00e4rken. <\/p>\n\n\n\n<figure class=\"wp-block-image size-large\"><img loading=\"lazy\" width=\"1024\" height=\"792\" src=\"http:\/\/service.projektlabor.tu-berlin.de\/wordpress\/ws20-mo-lichtorgel-469\/wp-content\/uploads\/sites\/28\/2021\/02\/AVR_ESB-1024x792.png\" alt=\"\" class=\"wp-image-50\" srcset=\"https:\/\/service.projektlabor.tu-berlin.de\/wordpress\/ws20-mo-lichtorgel-469\/wp-content\/uploads\/sites\/28\/2021\/02\/AVR_ESB-1024x792.png 1024w, https:\/\/service.projektlabor.tu-berlin.de\/wordpress\/ws20-mo-lichtorgel-469\/wp-content\/uploads\/sites\/28\/2021\/02\/AVR_ESB-300x232.png 300w, https:\/\/service.projektlabor.tu-berlin.de\/wordpress\/ws20-mo-lichtorgel-469\/wp-content\/uploads\/sites\/28\/2021\/02\/AVR_ESB-768x594.png 768w, https:\/\/service.projektlabor.tu-berlin.de\/wordpress\/ws20-mo-lichtorgel-469\/wp-content\/uploads\/sites\/28\/2021\/02\/AVR_ESB-1536x1189.png 1536w, https:\/\/service.projektlabor.tu-berlin.de\/wordpress\/ws20-mo-lichtorgel-469\/wp-content\/uploads\/sites\/28\/2021\/02\/AVR_ESB-2048x1585.png 2048w, https:\/\/service.projektlabor.tu-berlin.de\/wordpress\/ws20-mo-lichtorgel-469\/wp-content\/uploads\/sites\/28\/2021\/02\/AVR_ESB-1200x929.png 1200w, https:\/\/service.projektlabor.tu-berlin.de\/wordpress\/ws20-mo-lichtorgel-469\/wp-content\/uploads\/sites\/28\/2021\/02\/AVR_ESB-1980x1532.png 1980w\" sizes=\"(max-width: 1024px) 100vw, 1024px\" \/><\/figure>\n\n\n\n<figure class=\"wp-block-image size-large is-resized\"><img loading=\"lazy\" src=\"http:\/\/service.projektlabor.tu-berlin.de\/wordpress\/ws20-mo-lichtorgel-469\/wp-content\/uploads\/sites\/28\/2021\/02\/AVR_Platine-1024x358.png\" alt=\"\" class=\"wp-image-51\" width=\"610\" height=\"213\" srcset=\"https:\/\/service.projektlabor.tu-berlin.de\/wordpress\/ws20-mo-lichtorgel-469\/wp-content\/uploads\/sites\/28\/2021\/02\/AVR_Platine-1024x358.png 1024w, https:\/\/service.projektlabor.tu-berlin.de\/wordpress\/ws20-mo-lichtorgel-469\/wp-content\/uploads\/sites\/28\/2021\/02\/AVR_Platine-300x105.png 300w, https:\/\/service.projektlabor.tu-berlin.de\/wordpress\/ws20-mo-lichtorgel-469\/wp-content\/uploads\/sites\/28\/2021\/02\/AVR_Platine-768x269.png 768w, https:\/\/service.projektlabor.tu-berlin.de\/wordpress\/ws20-mo-lichtorgel-469\/wp-content\/uploads\/sites\/28\/2021\/02\/AVR_Platine-1536x537.png 1536w, https:\/\/service.projektlabor.tu-berlin.de\/wordpress\/ws20-mo-lichtorgel-469\/wp-content\/uploads\/sites\/28\/2021\/02\/AVR_Platine-2048x716.png 2048w, https:\/\/service.projektlabor.tu-berlin.de\/wordpress\/ws20-mo-lichtorgel-469\/wp-content\/uploads\/sites\/28\/2021\/02\/AVR_Platine-1200x420.png 1200w, https:\/\/service.projektlabor.tu-berlin.de\/wordpress\/ws20-mo-lichtorgel-469\/wp-content\/uploads\/sites\/28\/2021\/02\/AVR_Platine-1980x692.png 1980w\" sizes=\"(max-width: 610px) 100vw, 610px\" \/><\/figure>\n","protected":false},"excerpt":{"rendered":"<p>Die Automatische Verst\u00e4rkerregelung wird mitAVR abgek\u00fcrzt und hei\u00dft im Englischen \u201dautomatic gain control\u201c (AGC). Diese befindet dich bei unserer Lichtorgel hinter der Vorverst\u00e4rkung, die die erste Verst\u00e4rkung bildet. Die Aufgabe lag darin das vorverst\u00e4rkte Signal mit Hilfe einer passenden Schaltung nachzuverst\u00e4rken.<\/p>\n","protected":false},"author":127,"featured_media":0,"parent":0,"menu_order":0,"comment_status":"closed","ping_status":"closed","template":"","meta":[],"_links":{"self":[{"href":"https:\/\/service.projektlabor.tu-berlin.de\/wordpress\/ws20-mo-lichtorgel-469\/wp-json\/wp\/v2\/pages\/21"}],"collection":[{"href":"https:\/\/service.projektlabor.tu-berlin.de\/wordpress\/ws20-mo-lichtorgel-469\/wp-json\/wp\/v2\/pages"}],"about":[{"href":"https:\/\/service.projektlabor.tu-berlin.de\/wordpress\/ws20-mo-lichtorgel-469\/wp-json\/wp\/v2\/types\/page"}],"author":[{"embeddable":true,"href":"https:\/\/service.projektlabor.tu-berlin.de\/wordpress\/ws20-mo-lichtorgel-469\/wp-json\/wp\/v2\/users\/127"}],"replies":[{"embeddable":true,"href":"https:\/\/service.projektlabor.tu-berlin.de\/wordpress\/ws20-mo-lichtorgel-469\/wp-json\/wp\/v2\/comments?post=21"}],"version-history":[{"count":2,"href":"https:\/\/service.projektlabor.tu-berlin.de\/wordpress\/ws20-mo-lichtorgel-469\/wp-json\/wp\/v2\/pages\/21\/revisions"}],"predecessor-version":[{"id":69,"href":"https:\/\/service.projektlabor.tu-berlin.de\/wordpress\/ws20-mo-lichtorgel-469\/wp-json\/wp\/v2\/pages\/21\/revisions\/69"}],"wp:attachment":[{"href":"https:\/\/service.projektlabor.tu-berlin.de\/wordpress\/ws20-mo-lichtorgel-469\/wp-json\/wp\/v2\/media?parent=21"}],"curies":[{"name":"wp","href":"https:\/\/api.w.org\/{rel}","templated":true}]}}