{"id":19,"date":"2021-02-22T09:36:02","date_gmt":"2021-02-22T08:36:02","guid":{"rendered":"http:\/\/service.projektlabor.tu-berlin.de\/wordpress\/ws20-mo-lichtorgel-469\/?page_id=19"},"modified":"2021-02-22T09:36:02","modified_gmt":"2021-02-22T08:36:02","slug":"frequenzfilter","status":"publish","type":"page","link":"https:\/\/service.projektlabor.tu-berlin.de\/wordpress\/ws20-mo-lichtorgel-469\/frequenzfilter\/","title":{"rendered":"Frequenzfilter"},"content":{"rendered":"\n<p>F\u00fcr Filterung der Frequenzen wurden 2 aktive Filter benutzt und ein passiver Filter. Die aktiven Filter haben im Gegensatz zu den passiven Filter noch einen Operationsverst\u00e4rker in der Schaltung, um genauer Frequenzen zu filtern<\/p>\n\n\n\n<p>Um alle wichtigen Frequenzen zu filtern, die ein Mensch h\u00f6rt, wurden die Grenzfrequenzen auf drei gleichm\u00e4\u00dfige Bereiche aufgeteilt. Der Tiefpassfilter l\u00e4sst alle Signale von 0Hz durch und filtert alle Frequenzen \u00fcber die Grenzfrequenz von 210Hz, der Hochpassfilter filtert Frequenzen unter Grenzfrequenz von 2100Hz und l\u00e4sst alle h\u00f6heren durch. Der Bandpass dagegen l\u00e4sst alle Frequenzen innerhalb von 210Hz und 2100Hz durch und filtert alle anderen Werte.<\/p>\n\n\n\n<figure class=\"wp-block-image size-large is-resized\"><img loading=\"lazy\" src=\"http:\/\/service.projektlabor.tu-berlin.de\/wordpress\/ws20-mo-lichtorgel-469\/wp-content\/uploads\/sites\/28\/2021\/02\/EagleSchaltungen-1024x475.png\" alt=\"\" class=\"wp-image-44\" width=\"739\" height=\"342\" srcset=\"https:\/\/service.projektlabor.tu-berlin.de\/wordpress\/ws20-mo-lichtorgel-469\/wp-content\/uploads\/sites\/28\/2021\/02\/EagleSchaltungen-1024x475.png 1024w, https:\/\/service.projektlabor.tu-berlin.de\/wordpress\/ws20-mo-lichtorgel-469\/wp-content\/uploads\/sites\/28\/2021\/02\/EagleSchaltungen-300x139.png 300w, https:\/\/service.projektlabor.tu-berlin.de\/wordpress\/ws20-mo-lichtorgel-469\/wp-content\/uploads\/sites\/28\/2021\/02\/EagleSchaltungen-768x356.png 768w, https:\/\/service.projektlabor.tu-berlin.de\/wordpress\/ws20-mo-lichtorgel-469\/wp-content\/uploads\/sites\/28\/2021\/02\/EagleSchaltungen-1200x557.png 1200w, https:\/\/service.projektlabor.tu-berlin.de\/wordpress\/ws20-mo-lichtorgel-469\/wp-content\/uploads\/sites\/28\/2021\/02\/EagleSchaltungen.png 1257w\" sizes=\"(max-width: 739px) 100vw, 739px\" \/><\/figure>\n\n\n\n<p>In dem obenstehenden Bild sieht man alle drei Filterschaltungen. Diese erhalten das verst\u00e4rkte Signal von der automatischen Verst\u00e4rkerschaltung. Das Ausgangssignal geht dann in den Mikrocontroller, welcher die LEDs steuert. <\/p>\n\n\n\n<figure class=\"wp-block-image size-large is-resized\"><img loading=\"lazy\" src=\"http:\/\/service.projektlabor.tu-berlin.de\/wordpress\/ws20-mo-lichtorgel-469\/wp-content\/uploads\/sites\/28\/2021\/02\/EaglePlatine-1024x320.png\" alt=\"\" class=\"wp-image-43\" width=\"744\" height=\"232\" srcset=\"https:\/\/service.projektlabor.tu-berlin.de\/wordpress\/ws20-mo-lichtorgel-469\/wp-content\/uploads\/sites\/28\/2021\/02\/EaglePlatine-1024x320.png 1024w, https:\/\/service.projektlabor.tu-berlin.de\/wordpress\/ws20-mo-lichtorgel-469\/wp-content\/uploads\/sites\/28\/2021\/02\/EaglePlatine-300x94.png 300w, https:\/\/service.projektlabor.tu-berlin.de\/wordpress\/ws20-mo-lichtorgel-469\/wp-content\/uploads\/sites\/28\/2021\/02\/EaglePlatine-768x240.png 768w, https:\/\/service.projektlabor.tu-berlin.de\/wordpress\/ws20-mo-lichtorgel-469\/wp-content\/uploads\/sites\/28\/2021\/02\/EaglePlatine.png 1190w\" sizes=\"(max-width: 744px) 100vw, 744px\" \/><\/figure>\n\n\n\n<figure class=\"wp-block-image size-large is-resized\"><img loading=\"lazy\" src=\"http:\/\/service.projektlabor.tu-berlin.de\/wordpress\/ws20-mo-lichtorgel-469\/wp-content\/uploads\/sites\/28\/2021\/02\/IMG_1900-1024x768.jpg\" alt=\"\" class=\"wp-image-62\" width=\"747\" height=\"560\" srcset=\"https:\/\/service.projektlabor.tu-berlin.de\/wordpress\/ws20-mo-lichtorgel-469\/wp-content\/uploads\/sites\/28\/2021\/02\/IMG_1900-1024x768.jpg 1024w, https:\/\/service.projektlabor.tu-berlin.de\/wordpress\/ws20-mo-lichtorgel-469\/wp-content\/uploads\/sites\/28\/2021\/02\/IMG_1900-300x225.jpg 300w, https:\/\/service.projektlabor.tu-berlin.de\/wordpress\/ws20-mo-lichtorgel-469\/wp-content\/uploads\/sites\/28\/2021\/02\/IMG_1900-768x576.jpg 768w, https:\/\/service.projektlabor.tu-berlin.de\/wordpress\/ws20-mo-lichtorgel-469\/wp-content\/uploads\/sites\/28\/2021\/02\/IMG_1900-1536x1152.jpg 1536w, https:\/\/service.projektlabor.tu-berlin.de\/wordpress\/ws20-mo-lichtorgel-469\/wp-content\/uploads\/sites\/28\/2021\/02\/IMG_1900-2048x1536.jpg 2048w, https:\/\/service.projektlabor.tu-berlin.de\/wordpress\/ws20-mo-lichtorgel-469\/wp-content\/uploads\/sites\/28\/2021\/02\/IMG_1900-1200x900.jpg 1200w, https:\/\/service.projektlabor.tu-berlin.de\/wordpress\/ws20-mo-lichtorgel-469\/wp-content\/uploads\/sites\/28\/2021\/02\/IMG_1900-1980x1485.jpg 1980w\" sizes=\"(max-width: 747px) 100vw, 747px\" \/><\/figure>\n\n\n\n<p>Oben ist das Platinenlayout gezeigt und darunter die fertige Platine, wo alle Bauteile der drei Filterschaltungen drauf gel\u00f6tet wurden.<\/p>\n","protected":false},"excerpt":{"rendered":"<p>F\u00fcr Filterung der Frequenzen wurden 2 aktive Filter benutzt und ein passiver Filter. Die aktiven Filter haben im Gegensatz zu den passiven Filter noch einen Operationsverst\u00e4rker in der Schaltung, um genauer Frequenzen zu filtern Um alle wichtigen Frequenzen zu filtern, die ein Mensch h\u00f6rt, wurden die Grenzfrequenzen auf drei gleichm\u00e4\u00dfige Bereiche aufgeteilt. Der Tiefpassfilter l\u00e4sst [&hellip;]<\/p>\n","protected":false},"author":127,"featured_media":0,"parent":0,"menu_order":0,"comment_status":"closed","ping_status":"closed","template":"","meta":[],"_links":{"self":[{"href":"https:\/\/service.projektlabor.tu-berlin.de\/wordpress\/ws20-mo-lichtorgel-469\/wp-json\/wp\/v2\/pages\/19"}],"collection":[{"href":"https:\/\/service.projektlabor.tu-berlin.de\/wordpress\/ws20-mo-lichtorgel-469\/wp-json\/wp\/v2\/pages"}],"about":[{"href":"https:\/\/service.projektlabor.tu-berlin.de\/wordpress\/ws20-mo-lichtorgel-469\/wp-json\/wp\/v2\/types\/page"}],"author":[{"embeddable":true,"href":"https:\/\/service.projektlabor.tu-berlin.de\/wordpress\/ws20-mo-lichtorgel-469\/wp-json\/wp\/v2\/users\/127"}],"replies":[{"embeddable":true,"href":"https:\/\/service.projektlabor.tu-berlin.de\/wordpress\/ws20-mo-lichtorgel-469\/wp-json\/wp\/v2\/comments?post=19"}],"version-history":[{"count":3,"href":"https:\/\/service.projektlabor.tu-berlin.de\/wordpress\/ws20-mo-lichtorgel-469\/wp-json\/wp\/v2\/pages\/19\/revisions"}],"predecessor-version":[{"id":64,"href":"https:\/\/service.projektlabor.tu-berlin.de\/wordpress\/ws20-mo-lichtorgel-469\/wp-json\/wp\/v2\/pages\/19\/revisions\/64"}],"wp:attachment":[{"href":"https:\/\/service.projektlabor.tu-berlin.de\/wordpress\/ws20-mo-lichtorgel-469\/wp-json\/wp\/v2\/media?parent=19"}],"curies":[{"name":"wp","href":"https:\/\/api.w.org\/{rel}","templated":true}]}}