{"id":45,"date":"2021-01-25T12:02:02","date_gmt":"2021-01-25T11:02:02","guid":{"rendered":"http:\/\/service.projektlabor.tu-berlin.de\/wordpress\/ws20-mo-3stvco-521\/?page_id=45"},"modified":"2021-02-17T19:59:38","modified_gmt":"2021-02-17T18:59:38","slug":"startseite","status":"publish","type":"page","link":"https:\/\/service.projektlabor.tu-berlin.de\/wordpress\/ws20-mo-3stvco-521\/","title":{"rendered":"Einleitung"},"content":{"rendered":"\n<p>Das Wintersemester 20\/21 war ein ganz anderes Semester, als wir es gewohnt waren. Die Universit\u00e4t war geschlossen und die Vorlesungen fanden online statt, aber zum Gl\u00fcck konnte das Projektlabor doch noch in einer alternativen Form stattfinden. Wir waren eingeschlossen in unseren Wohnungen, konnten keine Freunde mehr treffen und kein Sport mehr machen, aber als Rettung gab es immer die Musik. Man kann \u00fcberall und immer Musik h\u00f6ren und machen, auch w\u00e4hrend einer Pandemie. Deswegen haben wir uns daf\u00fcr entschieden einen Synthesizer zu bauen, unsere beste Freundin w\u00e4hrend der Pandemie: Synthia.<\/p>\n\n\n\n<p>Unsere Synthia ist ein analoger Synthesizer. Sie besteht aus einer Tastatur, einem spannungsgesteuertem Oszillator (VCO), einem ADSR, einem VCA und einem Verst\u00e4rker. <\/p>\n\n\n\n<figure class=\"wp-block-image size-large\"><img loading=\"lazy\" width=\"1024\" height=\"391\" src=\"https:\/\/service.projektlabor.tu-berlin.de\/wordpress\/ws20-mo-3stvco-521\/wp-content\/uploads\/sites\/44\/2021\/02\/Blockschaltbild-1024x391.png\" alt=\"\" class=\"wp-image-68\" srcset=\"https:\/\/service.projektlabor.tu-berlin.de\/wordpress\/ws20-mo-3stvco-521\/wp-content\/uploads\/sites\/44\/2021\/02\/Blockschaltbild-1024x391.png 1024w, https:\/\/service.projektlabor.tu-berlin.de\/wordpress\/ws20-mo-3stvco-521\/wp-content\/uploads\/sites\/44\/2021\/02\/Blockschaltbild-300x114.png 300w, https:\/\/service.projektlabor.tu-berlin.de\/wordpress\/ws20-mo-3stvco-521\/wp-content\/uploads\/sites\/44\/2021\/02\/Blockschaltbild-768x293.png 768w, https:\/\/service.projektlabor.tu-berlin.de\/wordpress\/ws20-mo-3stvco-521\/wp-content\/uploads\/sites\/44\/2021\/02\/Blockschaltbild-1536x586.png 1536w, https:\/\/service.projektlabor.tu-berlin.de\/wordpress\/ws20-mo-3stvco-521\/wp-content\/uploads\/sites\/44\/2021\/02\/Blockschaltbild-500x191.png 500w, https:\/\/service.projektlabor.tu-berlin.de\/wordpress\/ws20-mo-3stvco-521\/wp-content\/uploads\/sites\/44\/2021\/02\/Blockschaltbild.png 1762w\" sizes=\"(max-width: 1024px) 100vw, 1024px\" \/><\/figure>\n\n\n\n<p>Mit der Tastatur wird eine bestimmte Eingangsspannung zum Oszillator geleitet, der damit ein Rechteck-, Dreieck- oder Sinusf\u00f6rmiges Signal erzeugt, welches mit einem Schalter gew\u00e4hlt werden kann. Danach geht das Signal zum ADSR und VCA. Der ADSR generiert eine aus dem Signal eine H\u00fcllkurve, sodass es langsam ansteigt (Attack), die Spannung nachregelt (Decay), die maximal zu erreichende Spannung h\u00e4lt (Sustain) und danach wieder auf 0V regelt (Release). Hierzu gibt es Regler, welche die Zeit und die Amplitude des Signals steuern. Die  erzeugte H\u00fcllkurve vom ADSR und das oszillierende Signal vom VCO werden im VCO mithilfe eines Multiplizierers zusammengef\u00fchrt. Im Verst\u00e4rker befindet sich eine AB Endstufe, mit der das Signal verst\u00e4rkt wird. Diese Verst\u00e4rkung kann mit einem Regler beeinflusst werden, um die Lautst\u00e4rke, des aus dem Lautsprecher erklingenden Tons, zu regulieren.<\/p>\n","protected":false},"excerpt":{"rendered":"<p>Das Wintersemester 20\/21 war ein ganz anderes Semester, als wir es gewohnt waren. Die Universit\u00e4t war geschlossen und die Vorlesungen fanden online statt, aber zum Gl\u00fcck konnte das Projektlabor doch noch in einer alternativen Form stattfinden. Wir waren eingeschlossen in &hellip; <a href=\"https:\/\/service.projektlabor.tu-berlin.de\/wordpress\/ws20-mo-3stvco-521\/\">Weiterlesen <span class=\"meta-nav\">&rarr;<\/span><\/a><\/p>\n","protected":false},"author":133,"featured_media":0,"parent":0,"menu_order":0,"comment_status":"closed","ping_status":"closed","template":"","meta":[],"_links":{"self":[{"href":"https:\/\/service.projektlabor.tu-berlin.de\/wordpress\/ws20-mo-3stvco-521\/wp-json\/wp\/v2\/pages\/45"}],"collection":[{"href":"https:\/\/service.projektlabor.tu-berlin.de\/wordpress\/ws20-mo-3stvco-521\/wp-json\/wp\/v2\/pages"}],"about":[{"href":"https:\/\/service.projektlabor.tu-berlin.de\/wordpress\/ws20-mo-3stvco-521\/wp-json\/wp\/v2\/types\/page"}],"author":[{"embeddable":true,"href":"https:\/\/service.projektlabor.tu-berlin.de\/wordpress\/ws20-mo-3stvco-521\/wp-json\/wp\/v2\/users\/133"}],"replies":[{"embeddable":true,"href":"https:\/\/service.projektlabor.tu-berlin.de\/wordpress\/ws20-mo-3stvco-521\/wp-json\/wp\/v2\/comments?post=45"}],"version-history":[{"count":9,"href":"https:\/\/service.projektlabor.tu-berlin.de\/wordpress\/ws20-mo-3stvco-521\/wp-json\/wp\/v2\/pages\/45\/revisions"}],"predecessor-version":[{"id":130,"href":"https:\/\/service.projektlabor.tu-berlin.de\/wordpress\/ws20-mo-3stvco-521\/wp-json\/wp\/v2\/pages\/45\/revisions\/130"}],"wp:attachment":[{"href":"https:\/\/service.projektlabor.tu-berlin.de\/wordpress\/ws20-mo-3stvco-521\/wp-json\/wp\/v2\/media?parent=45"}],"curies":[{"name":"wp","href":"https:\/\/api.w.org\/{rel}","templated":true}]}}