{"id":35,"date":"2021-01-19T22:19:33","date_gmt":"2021-01-19T21:19:33","guid":{"rendered":"http:\/\/service.projektlabor.tu-berlin.de\/wordpress\/ws20-mo-3stvco-521\/?page_id=35"},"modified":"2021-02-16T21:08:01","modified_gmt":"2021-02-16T20:08:01","slug":"vca","status":"publish","type":"page","link":"https:\/\/service.projektlabor.tu-berlin.de\/wordpress\/ws20-mo-3stvco-521\/vca\/","title":{"rendered":"VCA"},"content":{"rendered":"\n<p>Der Voltage Controlled Amplifier (VCA) soll die vom ADSR erzeugte H\u00fcllkurve \u00fcber das oszillierende Signal des VCO legen und mithilfe eines Potentiometers kann die Signalverst\u00e4rkung geregelt werden.<\/p>\n\n\n\n<figure class=\"wp-block-image size-large is-resized\"><img loading=\"lazy\" src=\"http:\/\/service.projektlabor.tu-berlin.de\/wordpress\/ws20-mo-3stvco-521\/wp-content\/uploads\/sites\/44\/2021\/02\/EagleVca-1024x692.png\" alt=\"\" class=\"wp-image-115\" width=\"750\" height=\"505\" srcset=\"https:\/\/service.projektlabor.tu-berlin.de\/wordpress\/ws20-mo-3stvco-521\/wp-content\/uploads\/sites\/44\/2021\/02\/EagleVca-300x203.png 300w, https:\/\/service.projektlabor.tu-berlin.de\/wordpress\/ws20-mo-3stvco-521\/wp-content\/uploads\/sites\/44\/2021\/02\/EagleVca-444x300.png 444w\" sizes=\"(max-width: 750px) 100vw, 750px\" \/><\/figure>\n\n\n\n<p>Die Schaltung besteht aus drei Teilen, auf der linken Seite zusehen ist der VCA (dt. Spannungsgesteuerter Verst\u00e4rker) diese besteht aus den Eing\u00e4ngen f\u00fcr das Ausgangssignal vom VCO und vom ADSR, welche jeweils mit mehreren Operationsverst\u00e4rkern f\u00fcr den richtigen Spannungsbereich vorverst\u00e4rkt werden. Der richtige Spannungsbereich ist Abh\u00e4ngig vom Arbeitspunkt des Transistorpaars (T5 und T7). Der VCA funktioniert auf dem Prinzip eines Analogmultiplizierers. Das erw\u00e4hnte Transistorpaar und der darauf folgende Operationsverst\u00e4rker IC5A stellen die Hauptkomponentendes Multiplizierers dar. Die H\u00fcllkurve vom ADSR wird mit dem oszillierenden Signals vom VCO multipliziert, dadurch kommt es zur charakteristischen Klangf\u00e4rbung des Synthesizers.<\/p>\n\n\n\n<p>Der zweite Teil der Schaltung zeigt die Verst\u00e4rkerstufe f\u00fcr den Lautsprecher, diese besteht aus einer Treiberstufe und einem AB-Verst\u00e4rker. Die Treiberstufe ist sehr einfach gehalten und besteht lediglich aus zwei Widerst\u00e4nden und einem Transistor. Die Aufgabe dieser Verst\u00e4rkungsstufe besteht darin, das vom VCA kommende Signal im Strom zu verst\u00e4rken und an den Eingangswiderstand des AB-Verst\u00e4rkers anzupassen. Der letzte Teil der Schaltung ist ein AB-Verst\u00e4rker.<\/p>\n\n\n\n<p>Der letzte Teil der Schaltung ist ein AB-Verst\u00e4rker. Hier werden positive und negative Halbwellen des Signals vom VCA durch ein komplement\u00e4res Transistorpaar getrennt. Bei einer positiven Halbwelle wird der NPN-Transistor leitend und arbeitet als Emitterfolger. W\u00e4hrend dessen sperrt der PNP-Transistor und nimmt keine Leistung auf. Die aus der positiven Versorgungsspannung gezogene Leistung kann direkt an den Verbraucher abgegeben werden. Analoges gilt f\u00fcr die negative Halbwelle. Die Basis-Anschl\u00fcsse der Transistoren werden durchg\u00e4ngig mit der positiven bzw. negativen Versorgungsspannung ges\u00e4ttigt, dadurch wird einer \u00dcbernahmeverzerrung bei Signalen die nahe 0V sind vorgebeugt.<\/p>\n\n\n\n<figure class=\"wp-block-image size-large is-resized\"><img loading=\"lazy\" src=\"https:\/\/service.projektlabor.tu-berlin.de\/wordpress\/ws20-mo-3stvco-521\/wp-content\/uploads\/sites\/44\/2021\/02\/Platinefertig-2-1024x350.jpg\" alt=\"\" class=\"wp-image-117\" width=\"730\" height=\"249\" srcset=\"https:\/\/service.projektlabor.tu-berlin.de\/wordpress\/ws20-mo-3stvco-521\/wp-content\/uploads\/sites\/44\/2021\/02\/Platinefertig-2-1024x350.jpg 1024w, https:\/\/service.projektlabor.tu-berlin.de\/wordpress\/ws20-mo-3stvco-521\/wp-content\/uploads\/sites\/44\/2021\/02\/Platinefertig-2-300x103.jpg 300w, https:\/\/service.projektlabor.tu-berlin.de\/wordpress\/ws20-mo-3stvco-521\/wp-content\/uploads\/sites\/44\/2021\/02\/Platinefertig-2-768x262.jpg 768w, https:\/\/service.projektlabor.tu-berlin.de\/wordpress\/ws20-mo-3stvco-521\/wp-content\/uploads\/sites\/44\/2021\/02\/Platinefertig-2-500x171.jpg 500w, https:\/\/service.projektlabor.tu-berlin.de\/wordpress\/ws20-mo-3stvco-521\/wp-content\/uploads\/sites\/44\/2021\/02\/Platinefertig-2.jpg 1279w\" sizes=\"(max-width: 730px) 100vw, 730px\" \/><\/figure>\n","protected":false},"excerpt":{"rendered":"<p>Der Voltage Controlled Amplifier (VCA) soll die vom ADSR erzeugte H\u00fcllkurve \u00fcber das oszillierende Signal des VCO legen und mithilfe eines Potentiometers kann die Signalverst\u00e4rkung geregelt werden. Die Schaltung besteht aus drei Teilen, auf der linken Seite zusehen ist der &hellip; <a href=\"https:\/\/service.projektlabor.tu-berlin.de\/wordpress\/ws20-mo-3stvco-521\/vca\/\">Weiterlesen <span class=\"meta-nav\">&rarr;<\/span><\/a><\/p>\n","protected":false},"author":133,"featured_media":0,"parent":0,"menu_order":0,"comment_status":"closed","ping_status":"closed","template":"","meta":[],"_links":{"self":[{"href":"https:\/\/service.projektlabor.tu-berlin.de\/wordpress\/ws20-mo-3stvco-521\/wp-json\/wp\/v2\/pages\/35"}],"collection":[{"href":"https:\/\/service.projektlabor.tu-berlin.de\/wordpress\/ws20-mo-3stvco-521\/wp-json\/wp\/v2\/pages"}],"about":[{"href":"https:\/\/service.projektlabor.tu-berlin.de\/wordpress\/ws20-mo-3stvco-521\/wp-json\/wp\/v2\/types\/page"}],"author":[{"embeddable":true,"href":"https:\/\/service.projektlabor.tu-berlin.de\/wordpress\/ws20-mo-3stvco-521\/wp-json\/wp\/v2\/users\/133"}],"replies":[{"embeddable":true,"href":"https:\/\/service.projektlabor.tu-berlin.de\/wordpress\/ws20-mo-3stvco-521\/wp-json\/wp\/v2\/comments?post=35"}],"version-history":[{"count":3,"href":"https:\/\/service.projektlabor.tu-berlin.de\/wordpress\/ws20-mo-3stvco-521\/wp-json\/wp\/v2\/pages\/35\/revisions"}],"predecessor-version":[{"id":118,"href":"https:\/\/service.projektlabor.tu-berlin.de\/wordpress\/ws20-mo-3stvco-521\/wp-json\/wp\/v2\/pages\/35\/revisions\/118"}],"wp:attachment":[{"href":"https:\/\/service.projektlabor.tu-berlin.de\/wordpress\/ws20-mo-3stvco-521\/wp-json\/wp\/v2\/media?parent=35"}],"curies":[{"name":"wp","href":"https:\/\/api.w.org\/{rel}","templated":true}]}}