{"id":33,"date":"2021-01-19T22:19:33","date_gmt":"2021-01-19T21:19:33","guid":{"rendered":"http:\/\/service.projektlabor.tu-berlin.de\/wordpress\/ws20-mo-3stvco-521\/?page_id=33"},"modified":"2021-02-17T20:22:56","modified_gmt":"2021-02-17T19:22:56","slug":"adsr","status":"publish","type":"page","link":"https:\/\/service.projektlabor.tu-berlin.de\/wordpress\/ws20-mo-3stvco-521\/adsr\/","title":{"rendered":"ADSR"},"content":{"rendered":"\n<p>Ein ADSR oder auch H\u00fcllkurvengenerator (engl. envelope generator) ist ein elementares Bauteil eines Synthesizers, da der ADSR ben\u00f6tigt wird um die\u00a0 Lautst\u00e4rke, die Klangfarbe und die Dauer eines Tastenanschlags zu ver\u00e4ndern. Dabei steht das <strong>A <\/strong>f\u00fcr den Zeitparameter Attack, dieser legt die fest wie schnell der Ton anschwillt. Das <strong>D<\/strong> steht f\u00fcr Decay, dieser Zeitparameter regelt wie schnell die Spannung von dem Attack-Potential auf das Sustainlevel sinkt. Somit w\u00e4ren wir auch schon bei der n\u00e4chsten Phase, das <strong>S <\/strong>steht f\u00fcr Sustain und dieser Amplitudenparameter bestimmt das Spannungsniveau, welches von Attack \u00fcber Decay erreicht werden soll. Kommen wir zur letzten Phase also dem <strong>R<\/strong> im ADSR, diese nennt sich Release und ist wieder ein Zeitparameter mit dessen hilfe bestimmt werden kann wie schnell der Ton abschwillt. Alle 4 Parameter sind variabel und \u00fcber 4 verschiedene Potentiometer ver\u00e4nderlich.<\/p>\n\n\n\n<figure class=\"wp-block-image size-large is-resized\"><img loading=\"lazy\" src=\"https:\/\/service.projektlabor.tu-berlin.de\/wordpress\/ws20-mo-3stvco-521\/wp-content\/uploads\/sites\/44\/2021\/02\/hellllllLTspice.jpg\" alt=\"\" class=\"wp-image-135\" width=\"927\" height=\"426\" srcset=\"https:\/\/service.projektlabor.tu-berlin.de\/wordpress\/ws20-mo-3stvco-521\/wp-content\/uploads\/sites\/44\/2021\/02\/hellllllLTspice.jpg 763w, https:\/\/service.projektlabor.tu-berlin.de\/wordpress\/ws20-mo-3stvco-521\/wp-content\/uploads\/sites\/44\/2021\/02\/hellllllLTspice-300x138.jpg 300w, https:\/\/service.projektlabor.tu-berlin.de\/wordpress\/ws20-mo-3stvco-521\/wp-content\/uploads\/sites\/44\/2021\/02\/hellllllLTspice-500x230.jpg 500w\" sizes=\"(max-width: 927px) 100vw, 927px\" \/><\/figure>\n\n\n\n<p>Im Grunde wird jede Phase \u00fcber das Aufladeverhalten des Kondensators C2 modelliert, die Potentiometer variieren mit dem ohmschen Widerstand nur die Dauer. Im Herzen der Schaltung sitzt ein NE7555- Timer, dieser ist f\u00fcr den Koordinierten Ablauf verantwortlich, also wann welche Phase anf\u00e4ngt bzw aufh\u00f6rt und die n\u00e4chste beginnt.<\/p>\n\n\n\n<figure class=\"wp-block-image size-large is-resized\"><img loading=\"lazy\" src=\"http:\/\/service.projektlabor.tu-berlin.de\/wordpress\/ws20-mo-3stvco-521\/wp-content\/uploads\/sites\/44\/2021\/02\/ADDISTECKO-scaled-e1613589385722-1024x573.jpg\" alt=\"\" class=\"wp-image-136\" width=\"756\" height=\"422\" srcset=\"https:\/\/service.projektlabor.tu-berlin.de\/wordpress\/ws20-mo-3stvco-521\/wp-content\/uploads\/sites\/44\/2021\/02\/ADDISTECKO-scaled-e1613589385722-1024x573.jpg 1024w, https:\/\/service.projektlabor.tu-berlin.de\/wordpress\/ws20-mo-3stvco-521\/wp-content\/uploads\/sites\/44\/2021\/02\/ADDISTECKO-scaled-e1613589385722-300x168.jpg 300w, https:\/\/service.projektlabor.tu-berlin.de\/wordpress\/ws20-mo-3stvco-521\/wp-content\/uploads\/sites\/44\/2021\/02\/ADDISTECKO-scaled-e1613589385722-768x430.jpg 768w, https:\/\/service.projektlabor.tu-berlin.de\/wordpress\/ws20-mo-3stvco-521\/wp-content\/uploads\/sites\/44\/2021\/02\/ADDISTECKO-scaled-e1613589385722-500x280.jpg 500w, https:\/\/service.projektlabor.tu-berlin.de\/wordpress\/ws20-mo-3stvco-521\/wp-content\/uploads\/sites\/44\/2021\/02\/ADDISTECKO-scaled-e1613589385722.jpg 1400w\" sizes=\"(max-width: 756px) 100vw, 756px\" \/><\/figure>\n\n\n\n<p>Die Schaltung wurde in LT-Spice simuliert und anschlie\u00dfend auf einem Steckbrett aufgebaut. Nach erfolgreicher Funktionspr\u00fcfung wurde mit der Sofware EAGLE zu erst ein Schaltplan erstellt und auf Grundlage dessen ein Platinenlayout erstellt.<\/p>\n\n\n\n<figure class=\"wp-block-image size-large is-resized\"><img loading=\"lazy\" src=\"https:\/\/service.projektlabor.tu-berlin.de\/wordpress\/ws20-mo-3stvco-521\/wp-content\/uploads\/sites\/44\/2021\/02\/ADSR-EAGLE-1024x689.jpg\" alt=\"\" class=\"wp-image-138\" width=\"867\" height=\"581\" srcset=\"https:\/\/service.projektlabor.tu-berlin.de\/wordpress\/ws20-mo-3stvco-521\/wp-content\/uploads\/sites\/44\/2021\/02\/ADSR-EAGLE-300x202.jpg 300w, https:\/\/service.projektlabor.tu-berlin.de\/wordpress\/ws20-mo-3stvco-521\/wp-content\/uploads\/sites\/44\/2021\/02\/ADSR-EAGLE-768x516.jpg 768w, https:\/\/service.projektlabor.tu-berlin.de\/wordpress\/ws20-mo-3stvco-521\/wp-content\/uploads\/sites\/44\/2021\/02\/ADSR-EAGLE-446x300.jpg 446w\" sizes=\"(max-width: 867px) 100vw, 867px\" \/><\/figure>\n\n\n\n<p>Die Platinen wurden bedruckt und ge\u00e4tzt, danach bohrten wir alle n\u00f6tigen L\u00f6cher, um die Bauteile im Anschluss mit der Platine zu verl\u00f6ten.<\/p>\n\n\n\n<figure class=\"wp-block-image size-large is-resized\"><img loading=\"lazy\" src=\"http:\/\/service.projektlabor.tu-berlin.de\/wordpress\/ws20-mo-3stvco-521\/wp-content\/uploads\/sites\/44\/2021\/02\/abersowasvonhell-e1613589691890-1024x295.jpg\" alt=\"\" class=\"wp-image-139\" width=\"781\" height=\"226\" srcset=\"https:\/\/service.projektlabor.tu-berlin.de\/wordpress\/ws20-mo-3stvco-521\/wp-content\/uploads\/sites\/44\/2021\/02\/abersowasvonhell-e1613589691890-1024x295.jpg 1024w, https:\/\/service.projektlabor.tu-berlin.de\/wordpress\/ws20-mo-3stvco-521\/wp-content\/uploads\/sites\/44\/2021\/02\/abersowasvonhell-e1613589691890-300x86.jpg 300w, https:\/\/service.projektlabor.tu-berlin.de\/wordpress\/ws20-mo-3stvco-521\/wp-content\/uploads\/sites\/44\/2021\/02\/abersowasvonhell-e1613589691890-768x221.jpg 768w, https:\/\/service.projektlabor.tu-berlin.de\/wordpress\/ws20-mo-3stvco-521\/wp-content\/uploads\/sites\/44\/2021\/02\/abersowasvonhell-e1613589691890-1000x288.jpg 1000w, https:\/\/service.projektlabor.tu-berlin.de\/wordpress\/ws20-mo-3stvco-521\/wp-content\/uploads\/sites\/44\/2021\/02\/abersowasvonhell-e1613589691890-500x144.jpg 500w, https:\/\/service.projektlabor.tu-berlin.de\/wordpress\/ws20-mo-3stvco-521\/wp-content\/uploads\/sites\/44\/2021\/02\/abersowasvonhell-e1613589691890.jpg 1334w\" sizes=\"(max-width: 781px) 100vw, 781px\" \/><\/figure>\n\n\n\n<p>Der ADSR ist voll funktionsf\u00e4hig, k\u00f6nnte aber noch ein wenig schneller reagieren.<\/p>\n\n\n\n<figure class=\"wp-block-image size-large is-resized\"><img loading=\"lazy\" src=\"http:\/\/service.projektlabor.tu-berlin.de\/wordpress\/ws20-mo-3stvco-521\/wp-content\/uploads\/sites\/44\/2021\/02\/photo_2021-02-13_13-05-05-e1613589757571-1024x333.jpg\" alt=\"\" class=\"wp-image-140\" width=\"862\" height=\"281\" srcset=\"https:\/\/service.projektlabor.tu-berlin.de\/wordpress\/ws20-mo-3stvco-521\/wp-content\/uploads\/sites\/44\/2021\/02\/photo_2021-02-13_13-05-05-e1613589757571-1024x333.jpg 1024w, https:\/\/service.projektlabor.tu-berlin.de\/wordpress\/ws20-mo-3stvco-521\/wp-content\/uploads\/sites\/44\/2021\/02\/photo_2021-02-13_13-05-05-e1613589757571-300x98.jpg 300w, https:\/\/service.projektlabor.tu-berlin.de\/wordpress\/ws20-mo-3stvco-521\/wp-content\/uploads\/sites\/44\/2021\/02\/photo_2021-02-13_13-05-05-e1613589757571-768x250.jpg 768w, https:\/\/service.projektlabor.tu-berlin.de\/wordpress\/ws20-mo-3stvco-521\/wp-content\/uploads\/sites\/44\/2021\/02\/photo_2021-02-13_13-05-05-e1613589757571-500x163.jpg 500w, https:\/\/service.projektlabor.tu-berlin.de\/wordpress\/ws20-mo-3stvco-521\/wp-content\/uploads\/sites\/44\/2021\/02\/photo_2021-02-13_13-05-05-e1613589757571.jpg 1091w\" sizes=\"(max-width: 862px) 100vw, 862px\" \/><\/figure>\n","protected":false},"excerpt":{"rendered":"<p>Ein ADSR oder auch H\u00fcllkurvengenerator (engl. envelope generator) ist ein elementares Bauteil eines Synthesizers, da der ADSR ben\u00f6tigt wird um die\u00a0 Lautst\u00e4rke, die Klangfarbe und die Dauer eines Tastenanschlags zu ver\u00e4ndern. Dabei steht das A f\u00fcr den Zeitparameter Attack, dieser &hellip; <a href=\"https:\/\/service.projektlabor.tu-berlin.de\/wordpress\/ws20-mo-3stvco-521\/adsr\/\">Weiterlesen <span class=\"meta-nav\">&rarr;<\/span><\/a><\/p>\n","protected":false},"author":133,"featured_media":0,"parent":0,"menu_order":0,"comment_status":"closed","ping_status":"closed","template":"","meta":[],"_links":{"self":[{"href":"https:\/\/service.projektlabor.tu-berlin.de\/wordpress\/ws20-mo-3stvco-521\/wp-json\/wp\/v2\/pages\/33"}],"collection":[{"href":"https:\/\/service.projektlabor.tu-berlin.de\/wordpress\/ws20-mo-3stvco-521\/wp-json\/wp\/v2\/pages"}],"about":[{"href":"https:\/\/service.projektlabor.tu-berlin.de\/wordpress\/ws20-mo-3stvco-521\/wp-json\/wp\/v2\/types\/page"}],"author":[{"embeddable":true,"href":"https:\/\/service.projektlabor.tu-berlin.de\/wordpress\/ws20-mo-3stvco-521\/wp-json\/wp\/v2\/users\/133"}],"replies":[{"embeddable":true,"href":"https:\/\/service.projektlabor.tu-berlin.de\/wordpress\/ws20-mo-3stvco-521\/wp-json\/wp\/v2\/comments?post=33"}],"version-history":[{"count":3,"href":"https:\/\/service.projektlabor.tu-berlin.de\/wordpress\/ws20-mo-3stvco-521\/wp-json\/wp\/v2\/pages\/33\/revisions"}],"predecessor-version":[{"id":141,"href":"https:\/\/service.projektlabor.tu-berlin.de\/wordpress\/ws20-mo-3stvco-521\/wp-json\/wp\/v2\/pages\/33\/revisions\/141"}],"wp:attachment":[{"href":"https:\/\/service.projektlabor.tu-berlin.de\/wordpress\/ws20-mo-3stvco-521\/wp-json\/wp\/v2\/media?parent=33"}],"curies":[{"name":"wp","href":"https:\/\/api.w.org\/{rel}","templated":true}]}}