{"id":27,"date":"2021-02-17T21:03:31","date_gmt":"2021-02-17T20:03:31","guid":{"rendered":"http:\/\/service.projektlabor.tu-berlin.de\/wordpress\/ws20-mi-trechner-521\/?page_id=27"},"modified":"2021-02-23T15:52:24","modified_gmt":"2021-02-23T14:52:24","slug":"7-segment-anzeige-und-ansteuerung","status":"publish","type":"page","link":"https:\/\/service.projektlabor.tu-berlin.de\/wordpress\/ws20-mi-trechner-521\/7-segment-anzeige-und-ansteuerung\/","title":{"rendered":"7-Segment-Anzeige und Ansteuerung"},"content":{"rendered":"\n<p>Anschlie\u00dfend werden 4 Ergebnisse mithilfe Data-Flip-Flops ausgegeben, und diese vier neuen Signale werden f\u00fcr die Ansteuerung von LED verwendet.  Jedes Gruppenmitglied hat w\u00e4hrend des Layout ein gleiche Bus-Stecker wie die andere benutzt und gleichzeitig eigene Platine mit ICs zur teilweise Aufgabestellung verschaltet, also muss die Reihenfolge bzw. Verteilung des Bus-Steckers von allen vier Platine sich miteinander \u00fcbereinstimmt sein, z.B werden in der Platine zur Ansteuerung von d, e, f, g &#8211; Segment die vier Signale auf Stecker 10-13 eingestellt, dann sollten die anderen Platinen auch gleich sein. In folgende Abbildung wird zuerst die Verteilung und Ort von der LED dargestellt. Die LED genannt a-g werden \u00fcbersichtlich wie folgend aufgebauen, es dient zur endlichen Layout der Ansteuerung.<\/p>\n\n\n\n<figure class=\"wp-block-image size-large\"><img loading=\"lazy\" width=\"520\" height=\"368\" src=\"https:\/\/service.projektlabor.tu-berlin.de\/wordpress\/ws20-mi-trechner-521\/wp-content\/uploads\/sites\/46\/2021\/02\/7.png\" alt=\"\" class=\"wp-image-51\" srcset=\"https:\/\/service.projektlabor.tu-berlin.de\/wordpress\/ws20-mi-trechner-521\/wp-content\/uploads\/sites\/46\/2021\/02\/7.png 520w, https:\/\/service.projektlabor.tu-berlin.de\/wordpress\/ws20-mi-trechner-521\/wp-content\/uploads\/sites\/46\/2021\/02\/7-300x212.png 300w\" sizes=\"(max-width: 520px) 100vw, 520px\" \/><figcaption>Quelle: Datasheet von SA08-21SRWA Kingbright<\/figcaption><\/figure>\n\n\n\n<p>Durch Decode, Speicher und Addierwerk werden zum Schluss die Zahle in bin\u00e4ren Zahlen umstellt und die vier ausgegebende Ergebnisse werden als die Eingangssignale der Ansteuerung von LED ersetzt. Das Prinzip sieht so einfach aus, dass man zuerst mithilfe der Tastatur des Taschenrechners die Zahlen gedr\u00fcckt hat, dann als richtige Ergebniss die zugeh\u00f6rige LED erleuchtet. F\u00fcr alle m\u00f6glichen berechneten Ergebnisse werden im folgend in bin\u00e4ren Zahlen gezeigt, die eigentlich die ausgebenden vier Ergebnisse sind, au\u00dferdem werden 1 als Wahrheitswert der logischen Berechung ersetzt.<\/p>\n\n\n\n<figure class=\"wp-block-image size-large\"><img loading=\"lazy\" width=\"381\" height=\"449\" src=\"https:\/\/service.projektlabor.tu-berlin.de\/wordpress\/ws20-mi-trechner-521\/wp-content\/uploads\/sites\/46\/2021\/02\/8.png\" alt=\"\" class=\"wp-image-52\" srcset=\"https:\/\/service.projektlabor.tu-berlin.de\/wordpress\/ws20-mi-trechner-521\/wp-content\/uploads\/sites\/46\/2021\/02\/8.png 381w, https:\/\/service.projektlabor.tu-berlin.de\/wordpress\/ws20-mi-trechner-521\/wp-content\/uploads\/sites\/46\/2021\/02\/8-255x300.png 255w\" sizes=\"(max-width: 381px) 100vw, 381px\" \/><figcaption>KV Tafeln<\/figcaption><\/figure>\n\n\n\n<p>Aus der obigen KV Tafeln werden schon die erleuchteten LED der berechneten Ergebnisse mithlife dieser 4 Bit Taschenrechners angegeben, damit werden erst die Funktionsweise der Ansteuerung der LED mit vier Eingangsignale intepretiert. Aus Decode werden 4 Eingangsignale als x0, x1, x2, x3 in Platine importiert, die eigentlich die Ergebnisse der Berechnung in Bin\u00e4re Zahl sind, dann werden diese 4 Signale gleichzeitig zusammen als bestimmten Strom oder einfach keine Strom in der Verschaltung des Ansteuerungsteils durchgeflflossen, zum Schluss durch die Logische Verschaltung wird mit der Wahrheit von Wert Eins als endliches Ergebniss die zugeh\u00f6rige LED erleuchtet.<\/p>\n\n\n\n<p>Um die Ergebnisse der Berechung mit Hilfe erleuchteten Leuchtdiode realisiert zu werden, sollen die ben\u00f6tigen logischen Gatter benutzt werden. Um die Funktionsweise von unterschiedlilchen Gatters zu erkl\u00e4ren, wird so einfach defifiniert, mit NOT-Gatter muss ein niedrige Versorgunssignal eingegeben werden, dann bekommt Wahrheitswert 1 oder erleuchtet die zugeh\u00f6rige LED, mit AND-Gatter m\u00fcssen die Eingangssignale gleichzeitig als hochen Versorgungsspannung ersetzt werden, dannach bekommt ein Wahrheitswert,und mit OR-Gatter wird erlaubt, einen Wahrheitswert ausgegben zu werden, wenn mindestens eine Versorgungsspannung hoch ist. Um die Ansteuerung zu realisiern werden die Typs der ICs verwendet.<\/p>\n\n\n\n<figure class=\"wp-block-image size-large\"><img loading=\"lazy\" width=\"447\" height=\"193\" src=\"https:\/\/service.projektlabor.tu-berlin.de\/wordpress\/ws20-mi-trechner-521\/wp-content\/uploads\/sites\/46\/2021\/02\/9.png\" alt=\"\" class=\"wp-image-54\" srcset=\"https:\/\/service.projektlabor.tu-berlin.de\/wordpress\/ws20-mi-trechner-521\/wp-content\/uploads\/sites\/46\/2021\/02\/9.png 447w, https:\/\/service.projektlabor.tu-berlin.de\/wordpress\/ws20-mi-trechner-521\/wp-content\/uploads\/sites\/46\/2021\/02\/9-300x130.png 300w\" sizes=\"(max-width: 447px) 100vw, 447px\" \/><figcaption>Liste der Bauteile und deren Funktion<\/figcaption><\/figure>\n\n\n\n<p>F\u00fcr Bordansicht kann unsere Bauteile sich nur mit der Unterseite(Bottem) verbinden, liegt der Startpunkt jedes Airwire bei Bottem. Daher k\u00f6nnen wir Via verwenden, um die Leitungen von unten(Bottem) nach oben(Top) zu \u00fcbertragen und dann weiterhin die roten Leitungen verwenden, um die Leitungen zu verbinden. Dies dient dazu, zu verhindern, dass sich die Leitungen kreuzen. <\/p>\n\n\n\n<figure class=\"wp-block-image size-large\"><img loading=\"lazy\" width=\"928\" height=\"373\" src=\"https:\/\/service.projektlabor.tu-berlin.de\/wordpress\/ws20-mi-trechner-521\/wp-content\/uploads\/sites\/46\/2021\/02\/10.png\" alt=\"\" class=\"wp-image-56\" srcset=\"https:\/\/service.projektlabor.tu-berlin.de\/wordpress\/ws20-mi-trechner-521\/wp-content\/uploads\/sites\/46\/2021\/02\/10.png 928w, https:\/\/service.projektlabor.tu-berlin.de\/wordpress\/ws20-mi-trechner-521\/wp-content\/uploads\/sites\/46\/2021\/02\/10-300x121.png 300w, https:\/\/service.projektlabor.tu-berlin.de\/wordpress\/ws20-mi-trechner-521\/wp-content\/uploads\/sites\/46\/2021\/02\/10-768x309.png 768w\" sizes=\"(max-width: 928px) 100vw, 928px\" \/><figcaption>Eagle Board Layout zu Ansteuerung von a,b,c<\/figcaption><\/figure>\n\n\n\n<figure class=\"wp-block-image size-large\"><img loading=\"lazy\" width=\"920\" height=\"384\" src=\"https:\/\/service.projektlabor.tu-berlin.de\/wordpress\/ws20-mi-trechner-521\/wp-content\/uploads\/sites\/46\/2021\/02\/11.png\" alt=\"\" class=\"wp-image-57\" srcset=\"https:\/\/service.projektlabor.tu-berlin.de\/wordpress\/ws20-mi-trechner-521\/wp-content\/uploads\/sites\/46\/2021\/02\/11.png 920w, https:\/\/service.projektlabor.tu-berlin.de\/wordpress\/ws20-mi-trechner-521\/wp-content\/uploads\/sites\/46\/2021\/02\/11-300x125.png 300w, https:\/\/service.projektlabor.tu-berlin.de\/wordpress\/ws20-mi-trechner-521\/wp-content\/uploads\/sites\/46\/2021\/02\/11-768x321.png 768w\" sizes=\"(max-width: 920px) 100vw, 920px\" \/><figcaption>Eagle Board Layout zu Ansteuerung von d,e,f,g<\/figcaption><\/figure>\n\n\n\n<p>Nachdem den ICs auf den gel\u00f6teten Sockel gelegt wurde, ist die fertige Platine wie unten gezeigt.<\/p>\n\n\n\n<figure class=\"wp-block-image size-large\"><img loading=\"lazy\" width=\"796\" height=\"597\" src=\"https:\/\/service.projektlabor.tu-berlin.de\/wordpress\/ws20-mi-trechner-521\/wp-content\/uploads\/sites\/46\/2021\/02\/12.png\" alt=\"\" class=\"wp-image-58\" srcset=\"https:\/\/service.projektlabor.tu-berlin.de\/wordpress\/ws20-mi-trechner-521\/wp-content\/uploads\/sites\/46\/2021\/02\/12.png 796w, https:\/\/service.projektlabor.tu-berlin.de\/wordpress\/ws20-mi-trechner-521\/wp-content\/uploads\/sites\/46\/2021\/02\/12-300x225.png 300w, https:\/\/service.projektlabor.tu-berlin.de\/wordpress\/ws20-mi-trechner-521\/wp-content\/uploads\/sites\/46\/2021\/02\/12-768x576.png 768w\" sizes=\"(max-width: 796px) 100vw, 796px\" \/><figcaption>Gel\u00f6tete Platine von Segment a, b, c<\/figcaption><\/figure>\n\n\n\n<div class=\"wp-block-buttons\">\n<div class=\"wp-block-button\"><a class=\"wp-block-button__link\" href=\"https:\/\/service.projektlabor.tu-berlin.de\/wordpress\/ws20-mi-trechner-521\/\">Startseite<\/a><\/div>\n<\/div>\n","protected":false},"excerpt":{"rendered":"<p>Anschlie\u00dfend werden 4 Ergebnisse mithilfe Data-Flip-Flops ausgegeben, und diese vier neuen Signale werden f\u00fcr die Ansteuerung von LED verwendet. Jedes Gruppenmitglied hat w\u00e4hrend des Layout ein gleiche Bus-Stecker wie die andere benutzt und gleichzeitig eigene Platine mit ICs zur teilweise Aufgabestellung verschaltet, also muss die Reihenfolge bzw. Verteilung des Bus-Steckers von allen vier Platine sich [&hellip;]<\/p>\n","protected":false},"author":138,"featured_media":0,"parent":0,"menu_order":3,"comment_status":"closed","ping_status":"closed","template":"","meta":[],"_links":{"self":[{"href":"https:\/\/service.projektlabor.tu-berlin.de\/wordpress\/ws20-mi-trechner-521\/wp-json\/wp\/v2\/pages\/27"}],"collection":[{"href":"https:\/\/service.projektlabor.tu-berlin.de\/wordpress\/ws20-mi-trechner-521\/wp-json\/wp\/v2\/pages"}],"about":[{"href":"https:\/\/service.projektlabor.tu-berlin.de\/wordpress\/ws20-mi-trechner-521\/wp-json\/wp\/v2\/types\/page"}],"author":[{"embeddable":true,"href":"https:\/\/service.projektlabor.tu-berlin.de\/wordpress\/ws20-mi-trechner-521\/wp-json\/wp\/v2\/users\/138"}],"replies":[{"embeddable":true,"href":"https:\/\/service.projektlabor.tu-berlin.de\/wordpress\/ws20-mi-trechner-521\/wp-json\/wp\/v2\/comments?post=27"}],"version-history":[{"count":8,"href":"https:\/\/service.projektlabor.tu-berlin.de\/wordpress\/ws20-mi-trechner-521\/wp-json\/wp\/v2\/pages\/27\/revisions"}],"predecessor-version":[{"id":82,"href":"https:\/\/service.projektlabor.tu-berlin.de\/wordpress\/ws20-mi-trechner-521\/wp-json\/wp\/v2\/pages\/27\/revisions\/82"}],"wp:attachment":[{"href":"https:\/\/service.projektlabor.tu-berlin.de\/wordpress\/ws20-mi-trechner-521\/wp-json\/wp\/v2\/media?parent=27"}],"curies":[{"name":"wp","href":"https:\/\/api.w.org\/{rel}","templated":true}]}}