{"id":4,"date":"2021-01-11T14:44:19","date_gmt":"2021-01-11T13:44:19","guid":{"rendered":"http:\/\/service.projektlabor.tu-berlin.de\/wordpress\/ws20-fr-3stvco-521\/?page_id=4"},"modified":"2021-02-18T21:47:38","modified_gmt":"2021-02-18T20:47:38","slug":"klaviatur","status":"publish","type":"page","link":"https:\/\/service.projektlabor.tu-berlin.de\/wordpress\/ws20-fr-3stvco-521\/klaviatur\/","title":{"rendered":"Klaviatur"},"content":{"rendered":"\n<p>Durch bet\u00e4tigen verschiedener Taster kann man am Ausgang unterschiedliche Spannungen erhalten. Man erreicht dieses Ziel durch einen Spannungsteiler. Mit zw\u00f6lf Widerst\u00e4nden lassen sich auch zw\u00f6lf Steuer-Spannungen erzeugen um damit eine Okatave abzubilden.<\/p>\n\n\n\n<p>Jede andere Taste auf der Tastatur hat eine entsprechende LED. Wenn eine Taste gedr\u00fcckt wird, leuchtet die entsprechende LED, die anderen nicht.<\/p>\n\n\n\n<p>Der Transistor wandelt einen kleinen Strom in einen gen\u00fcgend gro\u00dfen Treiberstrom f\u00fcr die LED um, so dass die LED ohne Kurzschluss normal Licht emittieren kann. Die Transistorschaltung und der OUTPUT sind parallel geschaltet, wodurch sichergestellt wird, dass die Ausgangsspannung gleich der Spannung am Spannungsteiler ist.<\/p>\n\n\n\n<figure class=\"wp-block-image size-large is-resized\"><img loading=\"lazy\" src=\"https:\/\/service.projektlabor.tu-berlin.de\/wordpress\/ws20-fr-3stvco-521\/wp-content\/uploads\/sites\/45\/2021\/02\/Tastatur-LTspice.png\" alt=\"\" class=\"wp-image-40\" width=\"564\" height=\"627\" srcset=\"https:\/\/service.projektlabor.tu-berlin.de\/wordpress\/ws20-fr-3stvco-521\/wp-content\/uploads\/sites\/45\/2021\/02\/Tastatur-LTspice.png 815w, https:\/\/service.projektlabor.tu-berlin.de\/wordpress\/ws20-fr-3stvco-521\/wp-content\/uploads\/sites\/45\/2021\/02\/Tastatur-LTspice-270x300.png 270w, https:\/\/service.projektlabor.tu-berlin.de\/wordpress\/ws20-fr-3stvco-521\/wp-content\/uploads\/sites\/45\/2021\/02\/Tastatur-LTspice-768x855.png 768w\" sizes=\"(max-width: 564px) 100vw, 564px\" \/><figcaption>Simulation in LT-Spice<\/figcaption><\/figure>\n\n\n\n<p>Die Diode l\u00e4sst den Strom nur in eine Richtung flie\u00dfen, wodurch verhindert wird, dass durch einen Tastendruck mehrere LEDs eingeschaltet werden.<\/p>\n\n\n\n<figure class=\"wp-block-image size-large\"><img loading=\"lazy\" width=\"1024\" height=\"689\" src=\"https:\/\/service.projektlabor.tu-berlin.de\/wordpress\/ws20-fr-3stvco-521\/wp-content\/uploads\/sites\/45\/2021\/02\/Tastatur-Eagle-1024x689.png\" alt=\"\" class=\"wp-image-41\" srcset=\"https:\/\/service.projektlabor.tu-berlin.de\/wordpress\/ws20-fr-3stvco-521\/wp-content\/uploads\/sites\/45\/2021\/02\/Tastatur-Eagle-1024x689.png 1024w, https:\/\/service.projektlabor.tu-berlin.de\/wordpress\/ws20-fr-3stvco-521\/wp-content\/uploads\/sites\/45\/2021\/02\/Tastatur-Eagle-300x202.png 300w, https:\/\/service.projektlabor.tu-berlin.de\/wordpress\/ws20-fr-3stvco-521\/wp-content\/uploads\/sites\/45\/2021\/02\/Tastatur-Eagle-768x517.png 768w, https:\/\/service.projektlabor.tu-berlin.de\/wordpress\/ws20-fr-3stvco-521\/wp-content\/uploads\/sites\/45\/2021\/02\/Tastatur-Eagle.png 1189w\" sizes=\"(max-width: 1024px) 100vw, 1024px\" \/><figcaption>Eagle Schaltplan<\/figcaption><\/figure>\n\n\n\n<p>Auf dem Layout wurden mit Polygonen Kontaktfl\u00e4chen erzeugt, welche die Schalter ersetzen k\u00f6nnen. Wenn wir die Fl\u00e4chen mit einem leitenden Stift ber\u00fchren, welcher mit dem Spannungsausgang verbunden ist, leuchtet eine im Stift integrierte LED. Inspiriert wurde die Schaltung von einem sogenannten Stylophon.<\/p>\n\n\n\n<figure class=\"wp-block-image size-large is-resized\"><img loading=\"lazy\" src=\"https:\/\/service.projektlabor.tu-berlin.de\/wordpress\/ws20-fr-3stvco-521\/wp-content\/uploads\/sites\/45\/2021\/02\/Tastatur-Stift-1024x643.jpg\" alt=\"\" class=\"wp-image-43\" width=\"370\" height=\"232\" srcset=\"https:\/\/service.projektlabor.tu-berlin.de\/wordpress\/ws20-fr-3stvco-521\/wp-content\/uploads\/sites\/45\/2021\/02\/Tastatur-Stift-1024x643.jpg 1024w, https:\/\/service.projektlabor.tu-berlin.de\/wordpress\/ws20-fr-3stvco-521\/wp-content\/uploads\/sites\/45\/2021\/02\/Tastatur-Stift-300x188.jpg 300w, https:\/\/service.projektlabor.tu-berlin.de\/wordpress\/ws20-fr-3stvco-521\/wp-content\/uploads\/sites\/45\/2021\/02\/Tastatur-Stift-768x482.jpg 768w, https:\/\/service.projektlabor.tu-berlin.de\/wordpress\/ws20-fr-3stvco-521\/wp-content\/uploads\/sites\/45\/2021\/02\/Tastatur-Stift-1536x964.jpg 1536w, https:\/\/service.projektlabor.tu-berlin.de\/wordpress\/ws20-fr-3stvco-521\/wp-content\/uploads\/sites\/45\/2021\/02\/Tastatur-Stift-2048x1285.jpg 2048w\" sizes=\"(max-width: 370px) 100vw, 370px\" \/><\/figure>\n\n\n\n<p><\/p>\n","protected":false},"excerpt":{"rendered":"<p>Durch bet\u00e4tigen verschiedener Taster kann man am Ausgang unterschiedliche Spannungen erhalten. Man erreicht dieses Ziel durch einen Spannungsteiler. Mit zw\u00f6lf Widerst\u00e4nden lassen sich auch zw\u00f6lf Steuer-Spannungen erzeugen um damit eine Okatave abzubilden. Jede andere Taste auf der Tastatur hat eine entsprechende LED. Wenn eine Taste gedr\u00fcckt wird, leuchtet die entsprechende LED, die anderen nicht. Der [&hellip;]<\/p>\n","protected":false},"author":97,"featured_media":0,"parent":0,"menu_order":0,"comment_status":"closed","ping_status":"closed","template":"","meta":[],"_links":{"self":[{"href":"https:\/\/service.projektlabor.tu-berlin.de\/wordpress\/ws20-fr-3stvco-521\/wp-json\/wp\/v2\/pages\/4"}],"collection":[{"href":"https:\/\/service.projektlabor.tu-berlin.de\/wordpress\/ws20-fr-3stvco-521\/wp-json\/wp\/v2\/pages"}],"about":[{"href":"https:\/\/service.projektlabor.tu-berlin.de\/wordpress\/ws20-fr-3stvco-521\/wp-json\/wp\/v2\/types\/page"}],"author":[{"embeddable":true,"href":"https:\/\/service.projektlabor.tu-berlin.de\/wordpress\/ws20-fr-3stvco-521\/wp-json\/wp\/v2\/users\/97"}],"replies":[{"embeddable":true,"href":"https:\/\/service.projektlabor.tu-berlin.de\/wordpress\/ws20-fr-3stvco-521\/wp-json\/wp\/v2\/comments?post=4"}],"version-history":[{"count":4,"href":"https:\/\/service.projektlabor.tu-berlin.de\/wordpress\/ws20-fr-3stvco-521\/wp-json\/wp\/v2\/pages\/4\/revisions"}],"predecessor-version":[{"id":70,"href":"https:\/\/service.projektlabor.tu-berlin.de\/wordpress\/ws20-fr-3stvco-521\/wp-json\/wp\/v2\/pages\/4\/revisions\/70"}],"wp:attachment":[{"href":"https:\/\/service.projektlabor.tu-berlin.de\/wordpress\/ws20-fr-3stvco-521\/wp-json\/wp\/v2\/media?parent=4"}],"curies":[{"name":"wp","href":"https:\/\/api.w.org\/{rel}","templated":true}]}}