{"id":2,"date":"2020-11-24T12:36:58","date_gmt":"2020-11-24T11:36:58","guid":{"rendered":"http:\/\/service.projektlabor.tu-berlin.de\/wordpress\/ws20-fr-3stvco-521\/?page_id=2"},"modified":"2021-02-18T21:46:35","modified_gmt":"2021-02-18T20:46:35","slug":"beispiel-seite","status":"publish","type":"page","link":"https:\/\/service.projektlabor.tu-berlin.de\/wordpress\/ws20-fr-3stvco-521\/beispiel-seite\/","title":{"rendered":"VCO"},"content":{"rendered":"\n<p>Ein VCO ist ein elektrischer Oszillator, dessen Frequenz durch die Gr\u00f6\u00dfe einer Eingangsspannung ver\u00e4ndert werden kann. Die Aufgabe ist es, einen Ton zu erzeugen, welcher in Form einer Schwingung am Ende des VCO ausgegeben wird. Idealerweise \u00e4ndert sich der Ton um eine Oktave, wenn Spannung um 1V erh\u00f6ht wird.<\/p>\n\n\n\n<figure class=\"wp-block-image size-large is-resized\"><img loading=\"lazy\" src=\"https:\/\/service.projektlabor.tu-berlin.de\/wordpress\/ws20-fr-3stvco-521\/wp-content\/uploads\/sites\/45\/2021\/02\/vcoreal.png\" alt=\"\" class=\"wp-image-61\" width=\"526\" height=\"203\" srcset=\"https:\/\/service.projektlabor.tu-berlin.de\/wordpress\/ws20-fr-3stvco-521\/wp-content\/uploads\/sites\/45\/2021\/02\/vcoreal.png 581w, https:\/\/service.projektlabor.tu-berlin.de\/wordpress\/ws20-fr-3stvco-521\/wp-content\/uploads\/sites\/45\/2021\/02\/vcoreal-300x116.png 300w\" sizes=\"(max-width: 526px) 100vw, 526px\" \/><figcaption>Schaltung eines einfachen Oszillators<\/figcaption><\/figure>\n\n\n\n<p>Als Grundbestandteil der Schaltung wird ein Dreieck-Rechteck-Oszillator verwendet. In Abbildung ist die Schaltbild solches Oszillators zu sehen. Dieser besteht aus einem OPV-Integrator und einem nicht-invertierenden Schmitt-Trigger, die in Reihe geschaltet und r\u00fcckgekoppelt sind. Damit kann man Dreieck-und Rechtecksignale erzeugen.Au\u00dfderdem wird ein Diodennetzwerk dazu erg\u00e4nzt, das durch Abrundung des Dreiecksignals eine Sinussignal auszeugt.<\/p>\n\n\n\n<figure class=\"wp-block-image size-large\"><img loading=\"lazy\" width=\"1024\" height=\"488\" src=\"https:\/\/service.projektlabor.tu-berlin.de\/wordpress\/ws20-fr-3stvco-521\/wp-content\/uploads\/sites\/45\/2021\/02\/DR-1024x488.png\" alt=\"\" class=\"wp-image-62\" srcset=\"https:\/\/service.projektlabor.tu-berlin.de\/wordpress\/ws20-fr-3stvco-521\/wp-content\/uploads\/sites\/45\/2021\/02\/DR-1024x488.png 1024w, https:\/\/service.projektlabor.tu-berlin.de\/wordpress\/ws20-fr-3stvco-521\/wp-content\/uploads\/sites\/45\/2021\/02\/DR-300x143.png 300w, https:\/\/service.projektlabor.tu-berlin.de\/wordpress\/ws20-fr-3stvco-521\/wp-content\/uploads\/sites\/45\/2021\/02\/DR-768x366.png 768w, https:\/\/service.projektlabor.tu-berlin.de\/wordpress\/ws20-fr-3stvco-521\/wp-content\/uploads\/sites\/45\/2021\/02\/DR.png 1468w\" sizes=\"(max-width: 1024px) 100vw, 1024px\" \/><figcaption>Schaltbild des Spannungsgesteuerte Oszillatoren<\/figcaption><\/figure>\n\n\n\n<p>Zun\u00e4chst wurde der VCO in LT-Spice entsprechend aufgebaut und simuliert. Da der Mux nur positive Spannungen annehmen kann, werden die Ausgangssignale per Spannungsteiler und ein Hochpassfilter angehoben. In den folgenden Abbildungen sind der Simulationsaufbau und die Simulationsergebnisse zu sehen.<\/p>\n\n\n\n<figure class=\"wp-block-image size-large\"><img loading=\"lazy\" width=\"1024\" height=\"523\" src=\"https:\/\/service.projektlabor.tu-berlin.de\/wordpress\/ws20-fr-3stvco-521\/wp-content\/uploads\/sites\/45\/2021\/02\/LT-1024x523.png\" alt=\"\" class=\"wp-image-63\" srcset=\"https:\/\/service.projektlabor.tu-berlin.de\/wordpress\/ws20-fr-3stvco-521\/wp-content\/uploads\/sites\/45\/2021\/02\/LT-1024x523.png 1024w, https:\/\/service.projektlabor.tu-berlin.de\/wordpress\/ws20-fr-3stvco-521\/wp-content\/uploads\/sites\/45\/2021\/02\/LT-300x153.png 300w, https:\/\/service.projektlabor.tu-berlin.de\/wordpress\/ws20-fr-3stvco-521\/wp-content\/uploads\/sites\/45\/2021\/02\/LT-768x392.png 768w, https:\/\/service.projektlabor.tu-berlin.de\/wordpress\/ws20-fr-3stvco-521\/wp-content\/uploads\/sites\/45\/2021\/02\/LT-1536x785.png 1536w, https:\/\/service.projektlabor.tu-berlin.de\/wordpress\/ws20-fr-3stvco-521\/wp-content\/uploads\/sites\/45\/2021\/02\/LT.png 1920w\" sizes=\"(max-width: 1024px) 100vw, 1024px\" \/><figcaption>Simulation in LT-Spice<\/figcaption><\/figure>\n\n\n\n<figure class=\"wp-block-image size-large\"><img loading=\"lazy\" width=\"1024\" height=\"511\" src=\"https:\/\/service.projektlabor.tu-berlin.de\/wordpress\/ws20-fr-3stvco-521\/wp-content\/uploads\/sites\/45\/2021\/02\/Egb-1024x511.png\" alt=\"\" class=\"wp-image-64\" srcset=\"https:\/\/service.projektlabor.tu-berlin.de\/wordpress\/ws20-fr-3stvco-521\/wp-content\/uploads\/sites\/45\/2021\/02\/Egb-1024x511.png 1024w, https:\/\/service.projektlabor.tu-berlin.de\/wordpress\/ws20-fr-3stvco-521\/wp-content\/uploads\/sites\/45\/2021\/02\/Egb-300x150.png 300w, https:\/\/service.projektlabor.tu-berlin.de\/wordpress\/ws20-fr-3stvco-521\/wp-content\/uploads\/sites\/45\/2021\/02\/Egb-768x383.png 768w, https:\/\/service.projektlabor.tu-berlin.de\/wordpress\/ws20-fr-3stvco-521\/wp-content\/uploads\/sites\/45\/2021\/02\/Egb-1536x766.png 1536w, https:\/\/service.projektlabor.tu-berlin.de\/wordpress\/ws20-fr-3stvco-521\/wp-content\/uploads\/sites\/45\/2021\/02\/Egb.png 1920w\" sizes=\"(max-width: 1024px) 100vw, 1024px\" \/><figcaption>Simulationsergebnisse<\/figcaption><\/figure>\n\n\n\n<p>Wenn man bei dem Steckbrett auch Erfolg hat, wird im n\u00e4chsten Schritt, mit dem Programm Eagle gearbeitet. Da ist es wichtig, noch mal einen Schaltplan aufzubauen, auf dem man das letzte mal etwas verbessern kann. Zuletzt wird auch ein Platinenlayout erstellt.<\/p>\n\n\n\n<figure class=\"wp-block-image size-large\"><img loading=\"lazy\" width=\"1024\" height=\"689\" src=\"https:\/\/service.projektlabor.tu-berlin.de\/wordpress\/ws20-fr-3stvco-521\/wp-content\/uploads\/sites\/45\/2021\/02\/VCO_ST-1024x689.png\" alt=\"\" class=\"wp-image-67\" srcset=\"https:\/\/service.projektlabor.tu-berlin.de\/wordpress\/ws20-fr-3stvco-521\/wp-content\/uploads\/sites\/45\/2021\/02\/VCO_ST-1024x689.png 1024w, https:\/\/service.projektlabor.tu-berlin.de\/wordpress\/ws20-fr-3stvco-521\/wp-content\/uploads\/sites\/45\/2021\/02\/VCO_ST-300x202.png 300w, https:\/\/service.projektlabor.tu-berlin.de\/wordpress\/ws20-fr-3stvco-521\/wp-content\/uploads\/sites\/45\/2021\/02\/VCO_ST-768x517.png 768w, https:\/\/service.projektlabor.tu-berlin.de\/wordpress\/ws20-fr-3stvco-521\/wp-content\/uploads\/sites\/45\/2021\/02\/VCO_ST-1536x1033.png 1536w, https:\/\/service.projektlabor.tu-berlin.de\/wordpress\/ws20-fr-3stvco-521\/wp-content\/uploads\/sites\/45\/2021\/02\/VCO_ST-2048x1378.png 2048w\" sizes=\"(max-width: 1024px) 100vw, 1024px\" \/><figcaption>Eagle Schaltplan<\/figcaption><\/figure>\n\n\n\n<p>Die fertige Eagle Layout wird nach einen Werkstatt geschickt und produziert. Die Platine wird gebohrt und darauf die Bauteile gel\u00f6tet. Der fertigen Platine wird dann wieder in Betrieb genommen und getestet. Nachdem alle Fehler behoben waren, k\u00f6nnte man die mit anderen Platinen zusammenbauen.<\/p>\n\n\n\n<figure class=\"wp-block-image size-large\"><img loading=\"lazy\" width=\"1024\" height=\"582\" src=\"https:\/\/service.projektlabor.tu-berlin.de\/wordpress\/ws20-fr-3stvco-521\/wp-content\/uploads\/sites\/45\/2021\/02\/Platine-1024x582.jpg\" alt=\"\" class=\"wp-image-68\" srcset=\"https:\/\/service.projektlabor.tu-berlin.de\/wordpress\/ws20-fr-3stvco-521\/wp-content\/uploads\/sites\/45\/2021\/02\/Platine-1024x582.jpg 1024w, https:\/\/service.projektlabor.tu-berlin.de\/wordpress\/ws20-fr-3stvco-521\/wp-content\/uploads\/sites\/45\/2021\/02\/Platine-300x170.jpg 300w, https:\/\/service.projektlabor.tu-berlin.de\/wordpress\/ws20-fr-3stvco-521\/wp-content\/uploads\/sites\/45\/2021\/02\/Platine-768x436.jpg 768w, https:\/\/service.projektlabor.tu-berlin.de\/wordpress\/ws20-fr-3stvco-521\/wp-content\/uploads\/sites\/45\/2021\/02\/Platine.jpg 1327w\" sizes=\"(max-width: 1024px) 100vw, 1024px\" \/><figcaption>fertige Platine<\/figcaption><\/figure>\n","protected":false},"excerpt":{"rendered":"<p>Ein VCO ist ein elektrischer Oszillator, dessen Frequenz durch die Gr\u00f6\u00dfe einer Eingangsspannung ver\u00e4ndert werden kann. Die Aufgabe ist es, einen Ton zu erzeugen, welcher in Form einer Schwingung am Ende des VCO ausgegeben wird. Idealerweise \u00e4ndert sich der Ton um eine Oktave, wenn Spannung um 1V erh\u00f6ht wird. Als Grundbestandteil der Schaltung wird ein [&hellip;]<\/p>\n","protected":false},"author":97,"featured_media":0,"parent":0,"menu_order":0,"comment_status":"closed","ping_status":"open","template":"","meta":[],"_links":{"self":[{"href":"https:\/\/service.projektlabor.tu-berlin.de\/wordpress\/ws20-fr-3stvco-521\/wp-json\/wp\/v2\/pages\/2"}],"collection":[{"href":"https:\/\/service.projektlabor.tu-berlin.de\/wordpress\/ws20-fr-3stvco-521\/wp-json\/wp\/v2\/pages"}],"about":[{"href":"https:\/\/service.projektlabor.tu-berlin.de\/wordpress\/ws20-fr-3stvco-521\/wp-json\/wp\/v2\/types\/page"}],"author":[{"embeddable":true,"href":"https:\/\/service.projektlabor.tu-berlin.de\/wordpress\/ws20-fr-3stvco-521\/wp-json\/wp\/v2\/users\/97"}],"replies":[{"embeddable":true,"href":"https:\/\/service.projektlabor.tu-berlin.de\/wordpress\/ws20-fr-3stvco-521\/wp-json\/wp\/v2\/comments?post=2"}],"version-history":[{"count":2,"href":"https:\/\/service.projektlabor.tu-berlin.de\/wordpress\/ws20-fr-3stvco-521\/wp-json\/wp\/v2\/pages\/2\/revisions"}],"predecessor-version":[{"id":69,"href":"https:\/\/service.projektlabor.tu-berlin.de\/wordpress\/ws20-fr-3stvco-521\/wp-json\/wp\/v2\/pages\/2\/revisions\/69"}],"wp:attachment":[{"href":"https:\/\/service.projektlabor.tu-berlin.de\/wordpress\/ws20-fr-3stvco-521\/wp-json\/wp\/v2\/media?parent=2"}],"curies":[{"name":"wp","href":"https:\/\/api.w.org\/{rel}","templated":true}]}}