{"id":10,"date":"2021-01-15T14:38:46","date_gmt":"2021-01-15T13:38:46","guid":{"rendered":"http:\/\/service.projektlabor.tu-berlin.de\/wordpress\/ws20-fr-3stvco-521\/?page_id=10"},"modified":"2021-02-18T21:49:26","modified_gmt":"2021-02-18T20:49:26","slug":"mux","status":"publish","type":"page","link":"https:\/\/service.projektlabor.tu-berlin.de\/wordpress\/ws20-fr-3stvco-521\/mux\/","title":{"rendered":"MUX"},"content":{"rendered":"\n<p>Der auf \u201eMUX\u201c oder \u201eMPX\u201c verk\u00fcrzte Multiplexer ist eine kombinatorische Logikschaltung, die durch Anlegen eines Steuersignals eine von mehreren Eingangsleitungen auf eine einzige gemeinsame Ausgangsleitung schaltet. Multiplexer arbeiten wie sehr schnell wirkende Drehschalter, die mehrere Eingangsleitungen, sogenannte \u201eKan\u00e4le\u201c, einzeln an den Ausgang anschlie\u00dfen oder steuern.<\/p>\n\n\n\n<figure class=\"wp-block-image size-large is-resized\"><img loading=\"lazy\" src=\"https:\/\/service.projektlabor.tu-berlin.de\/wordpress\/ws20-fr-3stvco-521\/wp-content\/uploads\/sites\/45\/2021\/02\/prinzipmux.png\" alt=\"\" class=\"wp-image-47\" width=\"548\" height=\"407\" srcset=\"https:\/\/service.projektlabor.tu-berlin.de\/wordpress\/ws20-fr-3stvco-521\/wp-content\/uploads\/sites\/45\/2021\/02\/prinzipmux.png 915w, https:\/\/service.projektlabor.tu-berlin.de\/wordpress\/ws20-fr-3stvco-521\/wp-content\/uploads\/sites\/45\/2021\/02\/prinzipmux-300x223.png 300w, https:\/\/service.projektlabor.tu-berlin.de\/wordpress\/ws20-fr-3stvco-521\/wp-content\/uploads\/sites\/45\/2021\/02\/prinzipmux-768x571.png 768w\" sizes=\"(max-width: 548px) 100vw, 548px\" \/><figcaption>4-zu-1 Kanal Multiplexer<\/figcaption><\/figure>\n\n\n\n<p>Die drei verschiedene Signale werden als drei Eing\u00e4nge in den Multiplexer eingegeben und die zwei Eing\u00e4nge kontrolliert dem Auswahl der Eing\u00e4nge.<br>Schlie\u00dflich wird das am Ausgang ausgew\u00e4hlte Signal ausgegeben.<\/p>\n\n\n\n<figure class=\"wp-block-image size-large is-resized\"><img loading=\"lazy\" src=\"https:\/\/service.projektlabor.tu-berlin.de\/wordpress\/ws20-fr-3stvco-521\/wp-content\/uploads\/sites\/45\/2021\/02\/simulation.png\" alt=\"\" class=\"wp-image-46\" width=\"499\" height=\"231\" srcset=\"https:\/\/service.projektlabor.tu-berlin.de\/wordpress\/ws20-fr-3stvco-521\/wp-content\/uploads\/sites\/45\/2021\/02\/simulation.png 692w, https:\/\/service.projektlabor.tu-berlin.de\/wordpress\/ws20-fr-3stvco-521\/wp-content\/uploads\/sites\/45\/2021\/02\/simulation-300x140.png 300w\" sizes=\"(max-width: 499px) 100vw, 499px\" \/><figcaption>Simulation in Proteus<\/figcaption><\/figure>\n\n\n\n<p>Als Grundbestandteil der Schaltung wird ein Quad Analog Switch verwendet. Dann diese wird als 4-zu-1 Kanal Multiplexer durch Kurzschluss des Eingang und Eingang umgebaut. Au\u00dferdem wurde im Schaltplan eine LED-Schaltung implementiert um die Signal-Auswahl optisch darstellen zu k\u00f6nnen. Das Grund Aufbau sieht so aus:<\/p>\n\n\n\n<figure class=\"wp-block-image size-large\"><img loading=\"lazy\" width=\"1024\" height=\"689\" src=\"https:\/\/service.projektlabor.tu-berlin.de\/wordpress\/ws20-fr-3stvco-521\/wp-content\/uploads\/sites\/45\/2021\/02\/sch_MUX-1024x689.png\" alt=\"\" class=\"wp-image-48\" srcset=\"https:\/\/service.projektlabor.tu-berlin.de\/wordpress\/ws20-fr-3stvco-521\/wp-content\/uploads\/sites\/45\/2021\/02\/sch_MUX-1024x689.png 1024w, https:\/\/service.projektlabor.tu-berlin.de\/wordpress\/ws20-fr-3stvco-521\/wp-content\/uploads\/sites\/45\/2021\/02\/sch_MUX-300x202.png 300w, https:\/\/service.projektlabor.tu-berlin.de\/wordpress\/ws20-fr-3stvco-521\/wp-content\/uploads\/sites\/45\/2021\/02\/sch_MUX-768x517.png 768w, https:\/\/service.projektlabor.tu-berlin.de\/wordpress\/ws20-fr-3stvco-521\/wp-content\/uploads\/sites\/45\/2021\/02\/sch_MUX-1536x1034.png 1536w, https:\/\/service.projektlabor.tu-berlin.de\/wordpress\/ws20-fr-3stvco-521\/wp-content\/uploads\/sites\/45\/2021\/02\/sch_MUX-2048x1379.png 2048w\" sizes=\"(max-width: 1024px) 100vw, 1024px\" \/><figcaption>Eagle Schaltplan<\/figcaption><\/figure>\n\n\n\n<p>Das Endergebnis war sehr zufriedenstellend. Zwei Schalter k\u00f6nnen den Eingang von drei Signalen steuern.<\/p>\n\n\n\n<figure class=\"wp-block-image size-large is-resized\"><img loading=\"lazy\" src=\"https:\/\/service.projektlabor.tu-berlin.de\/wordpress\/ws20-fr-3stvco-521\/wp-content\/uploads\/sites\/45\/2021\/02\/\u5fae\u4fe1\u56fe\u7247_20210218205908-1024x569.jpg\" alt=\"\" class=\"wp-image-50\" width=\"528\" height=\"293\" srcset=\"https:\/\/service.projektlabor.tu-berlin.de\/wordpress\/ws20-fr-3stvco-521\/wp-content\/uploads\/sites\/45\/2021\/02\/\u5fae\u4fe1\u56fe\u7247_20210218205908-1024x569.jpg 1024w, https:\/\/service.projektlabor.tu-berlin.de\/wordpress\/ws20-fr-3stvco-521\/wp-content\/uploads\/sites\/45\/2021\/02\/\u5fae\u4fe1\u56fe\u7247_20210218205908-300x167.jpg 300w, https:\/\/service.projektlabor.tu-berlin.de\/wordpress\/ws20-fr-3stvco-521\/wp-content\/uploads\/sites\/45\/2021\/02\/\u5fae\u4fe1\u56fe\u7247_20210218205908-768x426.jpg 768w, https:\/\/service.projektlabor.tu-berlin.de\/wordpress\/ws20-fr-3stvco-521\/wp-content\/uploads\/sites\/45\/2021\/02\/\u5fae\u4fe1\u56fe\u7247_20210218205908-1536x853.jpg 1536w, https:\/\/service.projektlabor.tu-berlin.de\/wordpress\/ws20-fr-3stvco-521\/wp-content\/uploads\/sites\/45\/2021\/02\/\u5fae\u4fe1\u56fe\u7247_20210218205908.jpg 1945w\" sizes=\"(max-width: 528px) 100vw, 528px\" \/><figcaption>fertige Platine<\/figcaption><\/figure>\n","protected":false},"excerpt":{"rendered":"<p>Der auf \u201eMUX\u201c oder \u201eMPX\u201c verk\u00fcrzte Multiplexer ist eine kombinatorische Logikschaltung, die durch Anlegen eines Steuersignals eine von mehreren Eingangsleitungen auf eine einzige gemeinsame Ausgangsleitung schaltet. Multiplexer arbeiten wie sehr schnell wirkende Drehschalter, die mehrere Eingangsleitungen, sogenannte \u201eKan\u00e4le\u201c, einzeln an den Ausgang anschlie\u00dfen oder steuern. Die drei verschiedene Signale werden als drei Eing\u00e4nge in den [&hellip;]<\/p>\n","protected":false},"author":97,"featured_media":0,"parent":0,"menu_order":0,"comment_status":"closed","ping_status":"closed","template":"","meta":[],"_links":{"self":[{"href":"https:\/\/service.projektlabor.tu-berlin.de\/wordpress\/ws20-fr-3stvco-521\/wp-json\/wp\/v2\/pages\/10"}],"collection":[{"href":"https:\/\/service.projektlabor.tu-berlin.de\/wordpress\/ws20-fr-3stvco-521\/wp-json\/wp\/v2\/pages"}],"about":[{"href":"https:\/\/service.projektlabor.tu-berlin.de\/wordpress\/ws20-fr-3stvco-521\/wp-json\/wp\/v2\/types\/page"}],"author":[{"embeddable":true,"href":"https:\/\/service.projektlabor.tu-berlin.de\/wordpress\/ws20-fr-3stvco-521\/wp-json\/wp\/v2\/users\/97"}],"replies":[{"embeddable":true,"href":"https:\/\/service.projektlabor.tu-berlin.de\/wordpress\/ws20-fr-3stvco-521\/wp-json\/wp\/v2\/comments?post=10"}],"version-history":[{"count":5,"href":"https:\/\/service.projektlabor.tu-berlin.de\/wordpress\/ws20-fr-3stvco-521\/wp-json\/wp\/v2\/pages\/10\/revisions"}],"predecessor-version":[{"id":71,"href":"https:\/\/service.projektlabor.tu-berlin.de\/wordpress\/ws20-fr-3stvco-521\/wp-json\/wp\/v2\/pages\/10\/revisions\/71"}],"wp:attachment":[{"href":"https:\/\/service.projektlabor.tu-berlin.de\/wordpress\/ws20-fr-3stvco-521\/wp-json\/wp\/v2\/media?parent=10"}],"curies":[{"name":"wp","href":"https:\/\/api.w.org\/{rel}","templated":true}]}}