{"id":2,"date":"2020-11-24T12:09:32","date_gmt":"2020-11-24T11:09:32","guid":{"rendered":"http:\/\/service.projektlabor.tu-berlin.de\/wordpress\/ws20-do-synth-469\/?page_id=2"},"modified":"2021-01-28T22:47:08","modified_gmt":"2021-01-28T21:47:08","slug":"beispiel-seite","status":"publish","type":"page","link":"https:\/\/service.projektlabor.tu-berlin.de\/wordpress\/ws20-do-synth-469\/beispiel-seite\/","title":{"rendered":"KOBA-Disko: Komponenten und Schnittstellen"},"content":{"rendered":"\n<p><strong><span class=\"has-inline-color has-accent-color\">Schnittstelle<\/span><\/strong><\/p>\n\n\n\n<p>F\u00fcr dieses Projekt wurde die folgende Schnittstelle entworfen: <\/p>\n\n\n\n<div class=\"wp-block-image\"><figure class=\"aligncenter size-large is-resized\"><img loading=\"lazy\" src=\"https:\/\/service.projektlabor.tu-berlin.de\/wordpress\/ws20-do-synth-469\/wp-content\/uploads\/sites\/39\/2021\/01\/image-3-1024x565.png\" alt=\"\" class=\"wp-image-32\" width=\"591\" height=\"326\" srcset=\"https:\/\/service.projektlabor.tu-berlin.de\/wordpress\/ws20-do-synth-469\/wp-content\/uploads\/sites\/39\/2021\/01\/image-3-1024x565.png 1024w, https:\/\/service.projektlabor.tu-berlin.de\/wordpress\/ws20-do-synth-469\/wp-content\/uploads\/sites\/39\/2021\/01\/image-3-300x166.png 300w, https:\/\/service.projektlabor.tu-berlin.de\/wordpress\/ws20-do-synth-469\/wp-content\/uploads\/sites\/39\/2021\/01\/image-3-768x424.png 768w, https:\/\/service.projektlabor.tu-berlin.de\/wordpress\/ws20-do-synth-469\/wp-content\/uploads\/sites\/39\/2021\/01\/image-3-1200x662.png 1200w, https:\/\/service.projektlabor.tu-berlin.de\/wordpress\/ws20-do-synth-469\/wp-content\/uploads\/sites\/39\/2021\/01\/image-3.png 1254w\" sizes=\"(max-width: 591px) 100vw, 591px\" \/><\/figure><\/div>\n\n\n\n<p><strong><span class=\"has-inline-color has-accent-color\">STM32 L476RG Mikrokontroller<\/span><\/strong><\/p>\n\n\n\n<p>Ein Mikrokontroller ist wie einen kleinen Computer. Dieses Ger\u00e4t hat Erinnerung und programmierbare Eingangs- \/ Ausgangsperipherieger\u00e4te.<\/p>\n\n\n\n<p>In diesem Projekt wurde den STM32 L476RG Mikrokontroller benutzt, um die Audiosignale zu generieren und eine LED-Streife zu regulieren. <\/p>\n\n\n\n<p>Die folgende Pinbelegung wurde ausgew\u00e4hlt:<\/p>\n\n\n\n<figure class=\"wp-block-image size-large\"><img loading=\"lazy\" width=\"630\" height=\"609\" src=\"https:\/\/service.projektlabor.tu-berlin.de\/wordpress\/ws20-do-synth-469\/wp-content\/uploads\/sites\/39\/2021\/01\/image-13.png\" alt=\"\" class=\"wp-image-84\" srcset=\"https:\/\/service.projektlabor.tu-berlin.de\/wordpress\/ws20-do-synth-469\/wp-content\/uploads\/sites\/39\/2021\/01\/image-13.png 630w, https:\/\/service.projektlabor.tu-berlin.de\/wordpress\/ws20-do-synth-469\/wp-content\/uploads\/sites\/39\/2021\/01\/image-13-300x290.png 300w\" sizes=\"(max-width: 630px) 100vw, 630px\" \/><\/figure>\n\n\n\n<p>F\u00fcr eine detaillierte Erkl\u00e4rung von diesem Mikrokontroller zu sehen, bitte besuchen Sie unserem <a href=\"https:\/\/service.projektlabor.tu-berlin.de\/wordpress\/ws20-do-synth-469\/wp-admin\/post.php?post=17&amp;action=edit\">Artikel <\/a>dazu.<\/p>\n\n\n\n<p><strong><span class=\"has-inline-color has-accent-color\">Audioeffekte<\/span><\/strong><\/p>\n\n\n\n<p>Die Schaltung f\u00fcr Audioeffekte besteht aus 4 Teilen<\/p>\n\n\n\n<p>\u2022 <strong>Schalter mit 2 Positionen: <\/strong>Hier kann man entweder einen Clipper Effekt oder einen Tremolo Effekt ausw\u00e4hlen<br>\u2022<strong> Cillping Schaltung: <\/strong>Die Funktion von diesem Teil ist, das Audiosignal zu abschneiden. Die folgende Schaltung wird implementiert:<\/p>\n\n\n\n<div class=\"wp-block-image\"><figure class=\"aligncenter size-large\"><img loading=\"lazy\" width=\"460\" height=\"222\" src=\"https:\/\/service.projektlabor.tu-berlin.de\/wordpress\/ws20-do-synth-469\/wp-content\/uploads\/sites\/39\/2021\/01\/image-8.png\" alt=\"\" class=\"wp-image-78\" srcset=\"https:\/\/service.projektlabor.tu-berlin.de\/wordpress\/ws20-do-synth-469\/wp-content\/uploads\/sites\/39\/2021\/01\/image-8.png 460w, https:\/\/service.projektlabor.tu-berlin.de\/wordpress\/ws20-do-synth-469\/wp-content\/uploads\/sites\/39\/2021\/01\/image-8-300x145.png 300w\" sizes=\"(max-width: 460px) 100vw, 460px\" \/><\/figure><\/div>\n\n\n\n<p>So sieht eine Simulation von V<sub>aus<\/sub> (In blau) vs V<sub>ein<\/sub> (in gr\u00fcn):<\/p>\n\n\n\n<div class=\"wp-block-image\"><figure class=\"aligncenter size-large\"><img loading=\"lazy\" width=\"473\" height=\"254\" src=\"https:\/\/service.projektlabor.tu-berlin.de\/wordpress\/ws20-do-synth-469\/wp-content\/uploads\/sites\/39\/2021\/01\/image-10.png\" alt=\"\" class=\"wp-image-80\" srcset=\"https:\/\/service.projektlabor.tu-berlin.de\/wordpress\/ws20-do-synth-469\/wp-content\/uploads\/sites\/39\/2021\/01\/image-10.png 473w, https:\/\/service.projektlabor.tu-berlin.de\/wordpress\/ws20-do-synth-469\/wp-content\/uploads\/sites\/39\/2021\/01\/image-10-300x161.png 300w\" sizes=\"(max-width: 473px) 100vw, 473px\" \/><\/figure><\/div>\n\n\n\n<p>\u2022 <strong>Tremolo: <\/strong>Die Funktion von diesem Teil ist, Der Laust\u00e4rke des Signasls zu modulieren. Die folgende Schaltung wurde implementiert:<\/p>\n\n\n\n<div class=\"wp-block-image\"><figure class=\"aligncenter size-large\"><img loading=\"lazy\" width=\"464\" height=\"207\" src=\"https:\/\/service.projektlabor.tu-berlin.de\/wordpress\/ws20-do-synth-469\/wp-content\/uploads\/sites\/39\/2021\/01\/image-9.png\" alt=\"\" class=\"wp-image-79\" srcset=\"https:\/\/service.projektlabor.tu-berlin.de\/wordpress\/ws20-do-synth-469\/wp-content\/uploads\/sites\/39\/2021\/01\/image-9.png 464w, https:\/\/service.projektlabor.tu-berlin.de\/wordpress\/ws20-do-synth-469\/wp-content\/uploads\/sites\/39\/2021\/01\/image-9-300x134.png 300w\" sizes=\"(max-width: 464px) 100vw, 464px\" \/><\/figure><\/div>\n\n\n\n<p>So sieht eine Simulation von V<sub>aus<\/sub> (in lila) vs V<sub>ein<\/sub> (in gr\u00fcn):<\/p>\n\n\n\n<div class=\"wp-block-image\"><figure class=\"aligncenter size-large is-resized\"><img loading=\"lazy\" src=\"https:\/\/service.projektlabor.tu-berlin.de\/wordpress\/ws20-do-synth-469\/wp-content\/uploads\/sites\/39\/2021\/01\/image-11.png\" alt=\"\" class=\"wp-image-81\" width=\"478\" height=\"116\" srcset=\"https:\/\/service.projektlabor.tu-berlin.de\/wordpress\/ws20-do-synth-469\/wp-content\/uploads\/sites\/39\/2021\/01\/image-11.png 481w, https:\/\/service.projektlabor.tu-berlin.de\/wordpress\/ws20-do-synth-469\/wp-content\/uploads\/sites\/39\/2021\/01\/image-11-300x73.png 300w\" sizes=\"(max-width: 478px) 100vw, 478px\" \/><\/figure><\/div>\n\n\n\n<p><br>\u2022 <strong>Master Regler:<\/strong> Die Funktion von diesem Teil ist, das Eingangsignal durch einen Potentiometer zu regulieren und durch einen Verst\u00e4rker zu vergr\u00f6\u00dfern. Die folgende Schaltung wurde implementiert:<\/p>\n\n\n\n<div class=\"wp-block-image\"><figure class=\"aligncenter size-large\"><img loading=\"lazy\" width=\"437\" height=\"152\" src=\"https:\/\/service.projektlabor.tu-berlin.de\/wordpress\/ws20-do-synth-469\/wp-content\/uploads\/sites\/39\/2021\/01\/image-12.png\" alt=\"\" class=\"wp-image-82\" srcset=\"https:\/\/service.projektlabor.tu-berlin.de\/wordpress\/ws20-do-synth-469\/wp-content\/uploads\/sites\/39\/2021\/01\/image-12.png 437w, https:\/\/service.projektlabor.tu-berlin.de\/wordpress\/ws20-do-synth-469\/wp-content\/uploads\/sites\/39\/2021\/01\/image-12-300x104.png 300w\" sizes=\"(max-width: 437px) 100vw, 437px\" \/><figcaption>So sieht eine Simulation von V<sub>aus<\/sub> (in blau) vs V<sub>ein<\/sub> (in schwarz):<\/figcaption><\/figure><\/div>\n\n\n\n<div class=\"wp-block-image\"><figure class=\"aligncenter is-resized\"><img loading=\"lazy\" src=\"https:\/\/www.researchgate.net\/profile\/Antonios_Andreatos\/publication\/317423744\/figure\/fig5\/AS:634579534766081@1528306959277\/Input-and-output-waveforms-of-the-LM-741-Op-Amp-simplified-circuit-in-non-inverting.png\" alt=\"Input and output waveforms of the LM 741 Op Amp simplified circuit in... |  Download Scientific Diagram\" width=\"448\" height=\"229\" \/><\/figure><\/div>\n\n\n\n<p><\/p>\n\n\n\n<p class=\"has-text-align-left has-accent-color has-text-color\"><strong>Summierer-Verst\u00e4rker<\/strong><\/p>\n\n\n\n<p>Die Signale, die aus dem Micro Controller rauskommen, sollten summiert und verst\u00e4rkt werden. Da unsere Audio-Effekte-Scha sich direkt nach dem uController befindet, und die daf\u00fcr zust\u00e4ndige Schaltung kann nur mit 1 V gut funktionnieren bzw sch\u00f6ne Effekte geben k\u00f6nnen. Von daher haben wir eine Schaltung (siehe die unetere Abbildung) aufgebaut, die die 1V garantiert.&nbsp;<\/p>\n\n\n\n<p>Die Schaltung besteht aus zwei invertierenden Operationsverst\u00e4rkern, je nachdem wie gro\u00df die Widerst\u00e4nde sind, \u00e4ndert sich die Ausgangsspannung:<\/p>\n\n\n\n<div class=\"wp-block-image\"><figure class=\"aligncenter size-large\"><img loading=\"lazy\" width=\"1024\" height=\"332\" src=\"https:\/\/service.projektlabor.tu-berlin.de\/wordpress\/ws20-do-synth-469\/wp-content\/uploads\/sites\/39\/2021\/01\/WhatsApp-Image-2021-01-28-at-12.00.48-1024x332.jpeg\" alt=\"\" class=\"wp-image-69\" srcset=\"https:\/\/service.projektlabor.tu-berlin.de\/wordpress\/ws20-do-synth-469\/wp-content\/uploads\/sites\/39\/2021\/01\/WhatsApp-Image-2021-01-28-at-12.00.48-1024x332.jpeg 1024w, https:\/\/service.projektlabor.tu-berlin.de\/wordpress\/ws20-do-synth-469\/wp-content\/uploads\/sites\/39\/2021\/01\/WhatsApp-Image-2021-01-28-at-12.00.48-300x97.jpeg 300w, https:\/\/service.projektlabor.tu-berlin.de\/wordpress\/ws20-do-synth-469\/wp-content\/uploads\/sites\/39\/2021\/01\/WhatsApp-Image-2021-01-28-at-12.00.48-768x249.jpeg 768w, https:\/\/service.projektlabor.tu-berlin.de\/wordpress\/ws20-do-synth-469\/wp-content\/uploads\/sites\/39\/2021\/01\/WhatsApp-Image-2021-01-28-at-12.00.48-1536x497.jpeg 1536w, https:\/\/service.projektlabor.tu-berlin.de\/wordpress\/ws20-do-synth-469\/wp-content\/uploads\/sites\/39\/2021\/01\/WhatsApp-Image-2021-01-28-at-12.00.48-1200x389.jpeg 1200w, https:\/\/service.projektlabor.tu-berlin.de\/wordpress\/ws20-do-synth-469\/wp-content\/uploads\/sites\/39\/2021\/01\/WhatsApp-Image-2021-01-28-at-12.00.48.jpeg 1600w\" sizes=\"(max-width: 1024px) 100vw, 1024px\" \/><\/figure><\/div>\n\n\n\n<p>Die Ausgangsspannung l\u00e4sst sich dann \u00fcber folgenden Zusammenhang bestimmen:&nbsp;&nbsp;U<sub>aus<\/sub>&nbsp;= (R<sub>3<\/sub>\/R<sub>1<\/sub>) * U<sub>ein,1<\/sub>&nbsp;&nbsp;+&nbsp;&nbsp;(R<sub>3<\/sub>\/R<sub>2<\/sub>) * U<sub>ein,2<\/sub> mit R<sub>5<\/sub>&nbsp;= R<sub>6<\/sub><\/p>\n\n\n\n<p>Mit dem Programm &#8222;LTspice&#8220; kann man testweise die Eingangsspannung \u00e4ndern und dann die Ausgangsspannung simulieren. Die Ergebnisse sehen vielversprechend aus, wobei das rote Signal immer die Summe der beiden anderen Signale ist:<\/p>\n\n\n\n<figure class=\"wp-block-image size-large\"><img loading=\"lazy\" width=\"1024\" height=\"634\" src=\"https:\/\/service.projektlabor.tu-berlin.de\/wordpress\/ws20-do-synth-469\/wp-content\/uploads\/sites\/39\/2021\/01\/WhatsApp-Image-2021-01-28-at-12.01.10-1024x634.jpeg\" alt=\"\" class=\"wp-image-70\" srcset=\"https:\/\/service.projektlabor.tu-berlin.de\/wordpress\/ws20-do-synth-469\/wp-content\/uploads\/sites\/39\/2021\/01\/WhatsApp-Image-2021-01-28-at-12.01.10-1024x634.jpeg 1024w, https:\/\/service.projektlabor.tu-berlin.de\/wordpress\/ws20-do-synth-469\/wp-content\/uploads\/sites\/39\/2021\/01\/WhatsApp-Image-2021-01-28-at-12.01.10-300x186.jpeg 300w, https:\/\/service.projektlabor.tu-berlin.de\/wordpress\/ws20-do-synth-469\/wp-content\/uploads\/sites\/39\/2021\/01\/WhatsApp-Image-2021-01-28-at-12.01.10-768x476.jpeg 768w, https:\/\/service.projektlabor.tu-berlin.de\/wordpress\/ws20-do-synth-469\/wp-content\/uploads\/sites\/39\/2021\/01\/WhatsApp-Image-2021-01-28-at-12.01.10-1536x951.jpeg 1536w, https:\/\/service.projektlabor.tu-berlin.de\/wordpress\/ws20-do-synth-469\/wp-content\/uploads\/sites\/39\/2021\/01\/WhatsApp-Image-2021-01-28-at-12.01.10-1200x743.jpeg 1200w, https:\/\/service.projektlabor.tu-berlin.de\/wordpress\/ws20-do-synth-469\/wp-content\/uploads\/sites\/39\/2021\/01\/WhatsApp-Image-2021-01-28-at-12.01.10.jpeg 1600w\" sizes=\"(max-width: 1024px) 100vw, 1024px\" \/><\/figure>\n\n\n\n<figure class=\"wp-block-image size-large\"><img loading=\"lazy\" width=\"1024\" height=\"656\" src=\"https:\/\/service.projektlabor.tu-berlin.de\/wordpress\/ws20-do-synth-469\/wp-content\/uploads\/sites\/39\/2021\/01\/WhatsApp-Image-2021-01-28-at-12.01.23-1024x656.jpeg\" alt=\"\" class=\"wp-image-71\" srcset=\"https:\/\/service.projektlabor.tu-berlin.de\/wordpress\/ws20-do-synth-469\/wp-content\/uploads\/sites\/39\/2021\/01\/WhatsApp-Image-2021-01-28-at-12.01.23-1024x656.jpeg 1024w, https:\/\/service.projektlabor.tu-berlin.de\/wordpress\/ws20-do-synth-469\/wp-content\/uploads\/sites\/39\/2021\/01\/WhatsApp-Image-2021-01-28-at-12.01.23-300x192.jpeg 300w, https:\/\/service.projektlabor.tu-berlin.de\/wordpress\/ws20-do-synth-469\/wp-content\/uploads\/sites\/39\/2021\/01\/WhatsApp-Image-2021-01-28-at-12.01.23-768x492.jpeg 768w, https:\/\/service.projektlabor.tu-berlin.de\/wordpress\/ws20-do-synth-469\/wp-content\/uploads\/sites\/39\/2021\/01\/WhatsApp-Image-2021-01-28-at-12.01.23-1536x984.jpeg 1536w, https:\/\/service.projektlabor.tu-berlin.de\/wordpress\/ws20-do-synth-469\/wp-content\/uploads\/sites\/39\/2021\/01\/WhatsApp-Image-2021-01-28-at-12.01.23-1200x769.jpeg 1200w, https:\/\/service.projektlabor.tu-berlin.de\/wordpress\/ws20-do-synth-469\/wp-content\/uploads\/sites\/39\/2021\/01\/WhatsApp-Image-2021-01-28-at-12.01.23.jpeg 1600w\" sizes=\"(max-width: 1024px) 100vw, 1024px\" \/><\/figure>\n\n\n\n<p><strong><span class=\"has-inline-color has-accent-color\">Referenzen<\/span><\/strong><\/p>\n\n\n\n<ul><li>https:\/\/www.exp-tech.de\/blog\/arduino-tutorial-so-verwenden-sie-eine-rgb-led<\/li><li>https:\/\/www.conrad.de\/de\/ratgeber\/technik-einfach-erklaert\/led-leuchtdiode.html<\/li><\/ul>\n","protected":false},"excerpt":{"rendered":"<p>Schnittstelle F\u00fcr dieses Projekt wurde die folgende Schnittstelle entworfen: STM32 L476RG Mikrokontroller Ein Mikrokontroller ist wie einen kleinen Computer. Dieses Ger\u00e4t hat Erinnerung und programmierbare Eingangs- \/ Ausgangsperipherieger\u00e4te. In diesem Projekt wurde den STM32 L476RG Mikrokontroller benutzt, um die Audiosignale zu generieren und eine LED-Streife zu regulieren. Die folgende Pinbelegung wurde ausgew\u00e4hlt: F\u00fcr eine detaillierte [&hellip;]<\/p>\n","protected":false},"author":112,"featured_media":0,"parent":0,"menu_order":0,"comment_status":"closed","ping_status":"open","template":"","meta":[],"_links":{"self":[{"href":"https:\/\/service.projektlabor.tu-berlin.de\/wordpress\/ws20-do-synth-469\/wp-json\/wp\/v2\/pages\/2"}],"collection":[{"href":"https:\/\/service.projektlabor.tu-berlin.de\/wordpress\/ws20-do-synth-469\/wp-json\/wp\/v2\/pages"}],"about":[{"href":"https:\/\/service.projektlabor.tu-berlin.de\/wordpress\/ws20-do-synth-469\/wp-json\/wp\/v2\/types\/page"}],"author":[{"embeddable":true,"href":"https:\/\/service.projektlabor.tu-berlin.de\/wordpress\/ws20-do-synth-469\/wp-json\/wp\/v2\/users\/112"}],"replies":[{"embeddable":true,"href":"https:\/\/service.projektlabor.tu-berlin.de\/wordpress\/ws20-do-synth-469\/wp-json\/wp\/v2\/comments?post=2"}],"version-history":[{"count":2,"href":"https:\/\/service.projektlabor.tu-berlin.de\/wordpress\/ws20-do-synth-469\/wp-json\/wp\/v2\/pages\/2\/revisions"}],"predecessor-version":[{"id":106,"href":"https:\/\/service.projektlabor.tu-berlin.de\/wordpress\/ws20-do-synth-469\/wp-json\/wp\/v2\/pages\/2\/revisions\/106"}],"wp:attachment":[{"href":"https:\/\/service.projektlabor.tu-berlin.de\/wordpress\/ws20-do-synth-469\/wp-json\/wp\/v2\/media?parent=2"}],"curies":[{"name":"wp","href":"https:\/\/api.w.org\/{rel}","templated":true}]}}