{"id":108,"date":"2021-02-04T21:38:37","date_gmt":"2021-02-04T20:38:37","guid":{"rendered":"http:\/\/service.projektlabor.tu-berlin.de\/wordpress\/ws20-do-synth-469\/?page_id=108"},"modified":"2021-02-04T21:38:37","modified_gmt":"2021-02-04T20:38:37","slug":"led","status":"publish","type":"page","link":"https:\/\/service.projektlabor.tu-berlin.de\/wordpress\/ws20-do-synth-469\/led\/","title":{"rendered":"LED"},"content":{"rendered":"\n<p><strong><span class=\"has-inline-color has-accent-color\">Aufbau einer LED<\/span><\/strong><br>Das Schaltsymbol (Abbildung rechts) verdeutlicht den Stromfluss von Anode nach Kathode und die entstehenden Lichtwellen (Pfeile).<\/p>\n\n\n\n<p><strong><span class=\"has-inline-color has-accent-color\">Aufbau des LED-Chips:<\/span><\/strong><br>Gr\u00fcn ist die negativ dotierte Schicht eines Halbleitermaterials (n-Schicht).<br>Blau ist die positiv dotierte Schicht eines Halbleitermaterials (p-Schicht).<br>Aus der p-Schicht treten Lichtwellen aus.<\/p>\n\n\n\n<figure class=\"wp-block-image size-large is-resized\"><img loading=\"lazy\" src=\"https:\/\/service.projektlabor.tu-berlin.de\/wordpress\/ws20-do-synth-469\/wp-content\/uploads\/sites\/39\/2021\/02\/image-3.png\" alt=\"\" class=\"wp-image-112\" width=\"354\" height=\"216\" \/><\/figure>\n\n\n\n<p><strong><span class=\"has-inline-color has-accent-color\">Funktionsweise<\/span><\/strong><\/p>\n\n\n\n<p>Halbleitermaterialien bilden eine Diode, die den Strom nur in eine Richtung flie\u00dfen l\u00e4sst. Bei einer LED flie\u00dft der Strom von der Anode aus Richtung LED-Chip. Der Kern einer LED ist der Halbleiterkristall, der in einer Reflektorwanne sitzt. Auf dem Halbleiterkristall befinden sich zwei Schichten von Halbleitermaterialien. Eine ndotierte Schicht besitzt einen \u00dcberschuss an Elektronen, eine zweite, d\u00fcnnere p-dotierte Schicht verf\u00fcgt \u00fcber zu viele Defektelektronen, auch Elektronenl\u00f6cher genannt. Erreicht die beiden Schichten \u00fcber die Anode eine geringe Menge an Spannung in Flussrichtung, wandern die \u00fcbersch\u00fcssigen Elektronen in Richtung p-Schicht. In der sogenannten Sperrschicht treffen sie auf die Elektronenl\u00f6cher. Dort beginnen sich die ausgewanderten Elektronen und die Elektronenl\u00f6cher zu rekombinieren. Durch diese Rekombination entsteht Energie, welche die Elektronen in Form von Lichtblitzen (Photonen) \u00fcber die d\u00fcnne p-Schicht freigeben. Der LED-Chip gibt diese Lichtblitze nach au\u00dfen weiter, wobei die Innenseiten der Reflektorwanne das austretende Licht verst\u00e4rken. Neben Lichtblitzen entsteht w\u00e4hrend der Rekombination au\u00dferdem eine kleine Menge an Abw\u00e4rme.<\/p>\n\n\n\n<figure class=\"wp-block-image size-large is-resized\"><img loading=\"lazy\" src=\"https:\/\/service.projektlabor.tu-berlin.de\/wordpress\/ws20-do-synth-469\/wp-content\/uploads\/sites\/39\/2021\/02\/image-4.png\" alt=\"\" class=\"wp-image-113\" width=\"342\" height=\"180\" \/><\/figure>\n\n\n\n<p><strong><span class=\"has-inline-color has-accent-color\">Was ist eine RGB-LED?<\/span><\/strong><br>LEDs sind kleine, leistungsstarke Leuchten, die in vielen verschiedenen Anwendungen zum Einsatz kommen. Eine RGB-LED ist eine Kombination aus 3 LEDs mit verschiedenen Farben:<br>\u2022 1x rote LED<br>\u2022 1x gr\u00fcne LED<br>\u2022 1x blaue LED<\/p>\n\n\n\n<p><span class=\"has-inline-color has-accent-color\"><b>Wie werden verschiedene Farben <\/b><\/span><strong><span class=\"has-inline-color has-accent-color\">dargestellt?<\/span><\/strong><br>Eine RGB-LED kann verschiedene Farben ausgeben, indem sie die 3 Grundfarben Rot, Gr\u00fcn und Blau mischt und auch die Intensit\u00e4t \u00e4ndert. Sie besteht also tats\u00e4chlich aus 3 separaten LEDs, Rot, Gr\u00fcn und Blau, die in einem einzigen Geh\u00e4use untergebracht sind. Deshalb gibt es 4 Leitungen, eine Leitung f\u00fcr jede der 3 Farben und eine gemeinsame Kathode oder Anode, abh\u00e4ngig vom RGB-LED-Typ.<\/p>\n\n\n\n<figure class=\"wp-block-image size-large is-resized\"><img loading=\"lazy\" src=\"https:\/\/service.projektlabor.tu-berlin.de\/wordpress\/ws20-do-synth-469\/wp-content\/uploads\/sites\/39\/2021\/02\/image-2.png\" alt=\"\" class=\"wp-image-111\" width=\"294\" height=\"267\" \/><\/figure>\n\n\n\n<p><strong><span class=\"has-inline-color has-accent-color\">LED Streife<\/span><\/strong><\/p>\n\n\n\n<p>Eine LED Streife ist eine flexible Leiterplatte, die mit oberfl\u00e4chenmontierten Leuchtdioden (SMD-LEDs) und anderen Komponenten best\u00fcckt ist, die normalerweise mit einem selbstklebenden Tr\u00e4ger geliefert werden. Traditionell wurden Streifenleuchten ausschlie\u00dflich f\u00fcr Akzentbeleuchtung, Hintergrundbeleuchtung, Arbeitsbeleuchtung und dekorative Beleuchtungsanwendungen verwendet.<\/p>\n\n\n\n<figure class=\"wp-block-image\"><img src=\"https:\/\/techtest.org\/wp-content\/uploads\/2019\/10\/Tipp-g%C3%BCnstige-Addressable-RGB-LED-Streifen-5.jpg\" alt=\"Image result for LED Streife\" \/><\/figure>\n","protected":false},"excerpt":{"rendered":"<p>Aufbau einer LEDDas Schaltsymbol (Abbildung rechts) verdeutlicht den Stromfluss von Anode nach Kathode und die entstehenden Lichtwellen (Pfeile). Aufbau des LED-Chips:Gr\u00fcn ist die negativ dotierte Schicht eines Halbleitermaterials (n-Schicht).Blau ist die positiv dotierte Schicht eines Halbleitermaterials (p-Schicht).Aus der p-Schicht treten Lichtwellen aus. Funktionsweise Halbleitermaterialien bilden eine Diode, die den Strom nur in eine Richtung flie\u00dfen [&hellip;]<\/p>\n","protected":false},"author":134,"featured_media":0,"parent":0,"menu_order":0,"comment_status":"closed","ping_status":"closed","template":"","meta":[],"_links":{"self":[{"href":"https:\/\/service.projektlabor.tu-berlin.de\/wordpress\/ws20-do-synth-469\/wp-json\/wp\/v2\/pages\/108"}],"collection":[{"href":"https:\/\/service.projektlabor.tu-berlin.de\/wordpress\/ws20-do-synth-469\/wp-json\/wp\/v2\/pages"}],"about":[{"href":"https:\/\/service.projektlabor.tu-berlin.de\/wordpress\/ws20-do-synth-469\/wp-json\/wp\/v2\/types\/page"}],"author":[{"embeddable":true,"href":"https:\/\/service.projektlabor.tu-berlin.de\/wordpress\/ws20-do-synth-469\/wp-json\/wp\/v2\/users\/134"}],"replies":[{"embeddable":true,"href":"https:\/\/service.projektlabor.tu-berlin.de\/wordpress\/ws20-do-synth-469\/wp-json\/wp\/v2\/comments?post=108"}],"version-history":[{"count":1,"href":"https:\/\/service.projektlabor.tu-berlin.de\/wordpress\/ws20-do-synth-469\/wp-json\/wp\/v2\/pages\/108\/revisions"}],"predecessor-version":[{"id":114,"href":"https:\/\/service.projektlabor.tu-berlin.de\/wordpress\/ws20-do-synth-469\/wp-json\/wp\/v2\/pages\/108\/revisions\/114"}],"wp:attachment":[{"href":"https:\/\/service.projektlabor.tu-berlin.de\/wordpress\/ws20-do-synth-469\/wp-json\/wp\/v2\/media?parent=108"}],"curies":[{"name":"wp","href":"https:\/\/api.w.org\/{rel}","templated":true}]}}