{"id":39,"date":"2021-02-21T17:41:37","date_gmt":"2021-02-21T16:41:37","guid":{"rendered":"http:\/\/service.projektlabor.tu-berlin.de\/wordpress\/ws20-do-lichtorgel-523\/?page_id=39"},"modified":"2021-02-21T17:43:49","modified_gmt":"2021-02-21T16:43:49","slug":"hoch-und-tiefpassfilter","status":"publish","type":"page","link":"https:\/\/service.projektlabor.tu-berlin.de\/wordpress\/ws20-do-lichtorgel-523\/hoch-und-tiefpassfilter\/","title":{"rendered":"Hoch- und Tiefpassfilter"},"content":{"rendered":"\n<p>Es wird vorher Bandpass schon erkennt, dass in der Elektrotechnik, Tontechnik und Optik ein Filter bezeichnet, das nur Signale eines Frequenzbands passieren l\u00e4sst. und was passiert mit die Sinale, die nicht zu Frequenzbands geh\u00f6rt. Zuerst die Signal, die kleiner als Frequenzband, also unter von 250 Hz wird durch einen Tiefpassfilter passiert lassen. und die h\u00f6here Frequenz f = 250Hz wird ged\u00e4mft. In folgenden Bild wird eine aktive Tiefpass 2 Ordnung mit Hilfe von LT-Spice dargestellt. Es besteht aus 3 Wiederst\u00e4nde, 2 Kondensatoren und eine Operationsverst\u00e4rke.<\/p>\n\n\n\n<p><\/p>\n\n\n\n<figure class=\"wp-block-image size-large\"><img loading=\"lazy\" width=\"731\" height=\"573\" src=\"https:\/\/service.projektlabor.tu-berlin.de\/wordpress\/ws20-do-lichtorgel-523\/wp-content\/uploads\/sites\/49\/2021\/02\/c1.png\" alt=\"\" class=\"wp-image-40\" srcset=\"https:\/\/service.projektlabor.tu-berlin.de\/wordpress\/ws20-do-lichtorgel-523\/wp-content\/uploads\/sites\/49\/2021\/02\/c1.png 731w, https:\/\/service.projektlabor.tu-berlin.de\/wordpress\/ws20-do-lichtorgel-523\/wp-content\/uploads\/sites\/49\/2021\/02\/c1-300x235.png 300w\" sizes=\"(max-width: 731px) 100vw, 731px\" \/><figcaption>Tiefpass<\/figcaption><\/figure>\n\n\n\n<p>Danach wird Tiefpass simuliert. es wird erkennt, die Signale, die kleiner als Frequenzgrenze durchlassen k\u00f6nnen, und die h\u00f6here Frequenz ged\u00e4mpft werden.<\/p>\n\n\n\n<figure class=\"wp-block-image size-large\"><img loading=\"lazy\" width=\"1024\" height=\"566\" src=\"https:\/\/service.projektlabor.tu-berlin.de\/wordpress\/ws20-do-lichtorgel-523\/wp-content\/uploads\/sites\/49\/2021\/02\/c3-1024x566.png\" alt=\"\" class=\"wp-image-42\" srcset=\"https:\/\/service.projektlabor.tu-berlin.de\/wordpress\/ws20-do-lichtorgel-523\/wp-content\/uploads\/sites\/49\/2021\/02\/c3-1024x566.png 1024w, https:\/\/service.projektlabor.tu-berlin.de\/wordpress\/ws20-do-lichtorgel-523\/wp-content\/uploads\/sites\/49\/2021\/02\/c3-300x166.png 300w, https:\/\/service.projektlabor.tu-berlin.de\/wordpress\/ws20-do-lichtorgel-523\/wp-content\/uploads\/sites\/49\/2021\/02\/c3-768x425.png 768w, https:\/\/service.projektlabor.tu-berlin.de\/wordpress\/ws20-do-lichtorgel-523\/wp-content\/uploads\/sites\/49\/2021\/02\/c3-1536x849.png 1536w, https:\/\/service.projektlabor.tu-berlin.de\/wordpress\/ws20-do-lichtorgel-523\/wp-content\/uploads\/sites\/49\/2021\/02\/c3-1200x664.png 1200w, https:\/\/service.projektlabor.tu-berlin.de\/wordpress\/ws20-do-lichtorgel-523\/wp-content\/uploads\/sites\/49\/2021\/02\/c3.png 1736w\" sizes=\"(max-width: 1024px) 100vw, 1024px\" \/><figcaption>Tiefpass Simulation<\/figcaption><\/figure>\n\n\n\n<p>Analog wird aktive Hochpass 2 Ordnung mit Hilfe von LT-spice dargestellt und dann simuliert. hier ist umgekehrt wie Tiefpass. die Signale, die kleiner als Frequenzgrenz, wird ged\u00e4mpft. und h\u00f6here passiert lassen.<\/p>\n\n\n\n<figure class=\"wp-block-image size-large\"><img loading=\"lazy\" width=\"1024\" height=\"758\" src=\"https:\/\/service.projektlabor.tu-berlin.de\/wordpress\/ws20-do-lichtorgel-523\/wp-content\/uploads\/sites\/49\/2021\/02\/c2-1024x758.png\" alt=\"\" class=\"wp-image-41\" srcset=\"https:\/\/service.projektlabor.tu-berlin.de\/wordpress\/ws20-do-lichtorgel-523\/wp-content\/uploads\/sites\/49\/2021\/02\/c2-1024x758.png 1024w, https:\/\/service.projektlabor.tu-berlin.de\/wordpress\/ws20-do-lichtorgel-523\/wp-content\/uploads\/sites\/49\/2021\/02\/c2-300x222.png 300w, https:\/\/service.projektlabor.tu-berlin.de\/wordpress\/ws20-do-lichtorgel-523\/wp-content\/uploads\/sites\/49\/2021\/02\/c2-768x569.png 768w, https:\/\/service.projektlabor.tu-berlin.de\/wordpress\/ws20-do-lichtorgel-523\/wp-content\/uploads\/sites\/49\/2021\/02\/c2.png 1179w\" sizes=\"(max-width: 1024px) 100vw, 1024px\" \/><figcaption>Hochpass<\/figcaption><\/figure>\n\n\n\n<figure class=\"wp-block-image size-large\"><img loading=\"lazy\" width=\"1024\" height=\"566\" src=\"https:\/\/service.projektlabor.tu-berlin.de\/wordpress\/ws20-do-lichtorgel-523\/wp-content\/uploads\/sites\/49\/2021\/02\/c4-1024x566.png\" alt=\"\" class=\"wp-image-43\" srcset=\"https:\/\/service.projektlabor.tu-berlin.de\/wordpress\/ws20-do-lichtorgel-523\/wp-content\/uploads\/sites\/49\/2021\/02\/c4-1024x566.png 1024w, https:\/\/service.projektlabor.tu-berlin.de\/wordpress\/ws20-do-lichtorgel-523\/wp-content\/uploads\/sites\/49\/2021\/02\/c4-300x166.png 300w, https:\/\/service.projektlabor.tu-berlin.de\/wordpress\/ws20-do-lichtorgel-523\/wp-content\/uploads\/sites\/49\/2021\/02\/c4-768x425.png 768w, https:\/\/service.projektlabor.tu-berlin.de\/wordpress\/ws20-do-lichtorgel-523\/wp-content\/uploads\/sites\/49\/2021\/02\/c4-1536x849.png 1536w, https:\/\/service.projektlabor.tu-berlin.de\/wordpress\/ws20-do-lichtorgel-523\/wp-content\/uploads\/sites\/49\/2021\/02\/c4-1200x664.png 1200w, https:\/\/service.projektlabor.tu-berlin.de\/wordpress\/ws20-do-lichtorgel-523\/wp-content\/uploads\/sites\/49\/2021\/02\/c4.png 1736w\" sizes=\"(max-width: 1024px) 100vw, 1024px\" \/><figcaption>Simulation Hochpass<\/figcaption><\/figure>\n\n\n\n<p><\/p>\n","protected":false},"excerpt":{"rendered":"<p>Es wird vorher Bandpass schon erkennt, dass in der Elektrotechnik, Tontechnik und Optik ein Filter bezeichnet, das nur Signale eines Frequenzbands passieren l\u00e4sst. und was passiert mit die Sinale, die nicht zu Frequenzbands geh\u00f6rt. Zuerst die Signal, die kleiner als Frequenzband, also unter von 250 Hz wird durch einen Tiefpassfilter passiert lassen. und die h\u00f6here [&hellip;]<\/p>\n","protected":false},"author":142,"featured_media":0,"parent":0,"menu_order":0,"comment_status":"closed","ping_status":"closed","template":"","meta":[],"_links":{"self":[{"href":"https:\/\/service.projektlabor.tu-berlin.de\/wordpress\/ws20-do-lichtorgel-523\/wp-json\/wp\/v2\/pages\/39"}],"collection":[{"href":"https:\/\/service.projektlabor.tu-berlin.de\/wordpress\/ws20-do-lichtorgel-523\/wp-json\/wp\/v2\/pages"}],"about":[{"href":"https:\/\/service.projektlabor.tu-berlin.de\/wordpress\/ws20-do-lichtorgel-523\/wp-json\/wp\/v2\/types\/page"}],"author":[{"embeddable":true,"href":"https:\/\/service.projektlabor.tu-berlin.de\/wordpress\/ws20-do-lichtorgel-523\/wp-json\/wp\/v2\/users\/142"}],"replies":[{"embeddable":true,"href":"https:\/\/service.projektlabor.tu-berlin.de\/wordpress\/ws20-do-lichtorgel-523\/wp-json\/wp\/v2\/comments?post=39"}],"version-history":[{"count":2,"href":"https:\/\/service.projektlabor.tu-berlin.de\/wordpress\/ws20-do-lichtorgel-523\/wp-json\/wp\/v2\/pages\/39\/revisions"}],"predecessor-version":[{"id":45,"href":"https:\/\/service.projektlabor.tu-berlin.de\/wordpress\/ws20-do-lichtorgel-523\/wp-json\/wp\/v2\/pages\/39\/revisions\/45"}],"wp:attachment":[{"href":"https:\/\/service.projektlabor.tu-berlin.de\/wordpress\/ws20-do-lichtorgel-523\/wp-json\/wp\/v2\/media?parent=39"}],"curies":[{"name":"wp","href":"https:\/\/api.w.org\/{rel}","templated":true}]}}