{"id":33,"date":"2021-02-21T17:35:47","date_gmt":"2021-02-21T16:35:47","guid":{"rendered":"http:\/\/service.projektlabor.tu-berlin.de\/wordpress\/ws20-do-lichtorgel-523\/?page_id=33"},"modified":"2021-02-21T17:37:05","modified_gmt":"2021-02-21T16:37:05","slug":"bandpassfilter","status":"publish","type":"page","link":"https:\/\/service.projektlabor.tu-berlin.de\/wordpress\/ws20-do-lichtorgel-523\/bandpassfilter\/","title":{"rendered":"Bandpassfilter"},"content":{"rendered":"\n<p>Wie der Name sagt ein passives Filter verwendet passive Bauteile, um ein Signal bestimmten Bands erzeugen zu k\u00f6nnen. Andererseits ein aktives Filter verwendet aktive Bauteile (z.B. Transistoren bzw. Op-amp) um dasselbe Signal interpretieren zu k\u00f6nnen. Aktives Filter besitzen eine R\u00fcckf\u00fchrung. Damit k\u00f6nnen sie ohne Spulen hohe Filtersteilheiten erreichen.<br> Als Bandpass (auch Bandbreitenfilter) wird in der Elektrotechnik, Tontechnik und Optik ein Filter bezeichnet, das nur Signale eines Frequenzbands passieren l\u00e4sst<br>Das Hauptmerkmal eines Bandpassfilters bzw. irgendeines Filters ist seine F\u00e4higkeit, Frequenzen unged\u00e4mpft \u00fcber ein bestimmtes Band oder einen Frequenzbereich, das so genannte Durchlassbereich zu leiten.<\/p>\n\n\n\n<p>Was braucht man, um ein Band pass Filter bauen zu k\u00f6nnen?<\/p>\n\n\n\n<p class=\"has-text-align-center\">1.Wissen welche Spannungsquelle vorhanden ist (DC-AC)<br>    2.Wissen welche Frequenzen durchgelassen wird und welche               nicht.<br>       3.Center Frequency ausw\u00e4hlen. Diese Frequenz wird die Mitte  der Band pass Filters sein und schneidet ihm symmetrisch beim Bode Plot<\/p>\n\n\n\n<p class=\"has-text-align-center\">4.Kondensatorwert ausw\u00e4hlen.<\/p>\n\n\n\n<figure class=\"wp-block-image size-large\"><img loading=\"lazy\" width=\"753\" height=\"105\" src=\"https:\/\/service.projektlabor.tu-berlin.de\/wordpress\/ws20-do-lichtorgel-523\/wp-content\/uploads\/sites\/49\/2021\/02\/n1.png\" alt=\"\" class=\"wp-image-34\" srcset=\"https:\/\/service.projektlabor.tu-berlin.de\/wordpress\/ws20-do-lichtorgel-523\/wp-content\/uploads\/sites\/49\/2021\/02\/n1.png 753w, https:\/\/service.projektlabor.tu-berlin.de\/wordpress\/ws20-do-lichtorgel-523\/wp-content\/uploads\/sites\/49\/2021\/02\/n1-300x42.png 300w\" sizes=\"(max-width: 753px) 100vw, 753px\" \/><\/figure>\n\n\n\n<p>Nachdem die Frequenzen bestimmt wurden, wurde die Schaltung in LT-spice aufgebaut und die Simulation durchgef\u00fchrt. Daf\u00fcr wurde aber mit Filter pro ein Bandpassfilter zweite Ordnung berechnet. Die Werten, die aus der Berechnung rauskammen wurden in LT-spice eingetragen und simuliert. Die Schaltung ist in Abbildung<\/p>\n\n\n\n<figure class=\"wp-block-image size-large\"><img loading=\"lazy\" width=\"1024\" height=\"409\" src=\"https:\/\/service.projektlabor.tu-berlin.de\/wordpress\/ws20-do-lichtorgel-523\/wp-content\/uploads\/sites\/49\/2021\/02\/n2-1024x409.png\" alt=\"\" class=\"wp-image-35\" srcset=\"https:\/\/service.projektlabor.tu-berlin.de\/wordpress\/ws20-do-lichtorgel-523\/wp-content\/uploads\/sites\/49\/2021\/02\/n2-1024x409.png 1024w, https:\/\/service.projektlabor.tu-berlin.de\/wordpress\/ws20-do-lichtorgel-523\/wp-content\/uploads\/sites\/49\/2021\/02\/n2-300x120.png 300w, https:\/\/service.projektlabor.tu-berlin.de\/wordpress\/ws20-do-lichtorgel-523\/wp-content\/uploads\/sites\/49\/2021\/02\/n2-768x307.png 768w, https:\/\/service.projektlabor.tu-berlin.de\/wordpress\/ws20-do-lichtorgel-523\/wp-content\/uploads\/sites\/49\/2021\/02\/n2-1200x480.png 1200w, https:\/\/service.projektlabor.tu-berlin.de\/wordpress\/ws20-do-lichtorgel-523\/wp-content\/uploads\/sites\/49\/2021\/02\/n2.png 1511w\" sizes=\"(max-width: 1024px) 100vw, 1024px\" \/><\/figure>\n\n\n\n<figure class=\"wp-block-image size-large\"><img loading=\"lazy\" width=\"1024\" height=\"518\" src=\"https:\/\/service.projektlabor.tu-berlin.de\/wordpress\/ws20-do-lichtorgel-523\/wp-content\/uploads\/sites\/49\/2021\/02\/n3-1024x518.png\" alt=\"\" class=\"wp-image-36\" srcset=\"https:\/\/service.projektlabor.tu-berlin.de\/wordpress\/ws20-do-lichtorgel-523\/wp-content\/uploads\/sites\/49\/2021\/02\/n3-1024x518.png 1024w, https:\/\/service.projektlabor.tu-berlin.de\/wordpress\/ws20-do-lichtorgel-523\/wp-content\/uploads\/sites\/49\/2021\/02\/n3-300x152.png 300w, https:\/\/service.projektlabor.tu-berlin.de\/wordpress\/ws20-do-lichtorgel-523\/wp-content\/uploads\/sites\/49\/2021\/02\/n3-768x389.png 768w, https:\/\/service.projektlabor.tu-berlin.de\/wordpress\/ws20-do-lichtorgel-523\/wp-content\/uploads\/sites\/49\/2021\/02\/n3-1536x777.png 1536w, https:\/\/service.projektlabor.tu-berlin.de\/wordpress\/ws20-do-lichtorgel-523\/wp-content\/uploads\/sites\/49\/2021\/02\/n3-1200x607.png 1200w, https:\/\/service.projektlabor.tu-berlin.de\/wordpress\/ws20-do-lichtorgel-523\/wp-content\/uploads\/sites\/49\/2021\/02\/n3.png 1692w\" sizes=\"(max-width: 1024px) 100vw, 1024px\" \/><\/figure>\n\n\n\n<p>Als n\u00e4chstes wurde die Schaltung in Eagle aufgebaut und der Board dazu aufgestellt.<\/p>\n\n\n\n<p><\/p>\n","protected":false},"excerpt":{"rendered":"<p>Wie der Name sagt ein passives Filter verwendet passive Bauteile, um ein Signal bestimmten Bands erzeugen zu k\u00f6nnen. Andererseits ein aktives Filter verwendet aktive Bauteile (z.B. Transistoren bzw. Op-amp) um dasselbe Signal interpretieren zu k\u00f6nnen. Aktives Filter besitzen eine R\u00fcckf\u00fchrung. Damit k\u00f6nnen sie ohne Spulen hohe Filtersteilheiten erreichen. Als Bandpass (auch Bandbreitenfilter) wird in der [&hellip;]<\/p>\n","protected":false},"author":142,"featured_media":0,"parent":0,"menu_order":0,"comment_status":"closed","ping_status":"closed","template":"","meta":[],"_links":{"self":[{"href":"https:\/\/service.projektlabor.tu-berlin.de\/wordpress\/ws20-do-lichtorgel-523\/wp-json\/wp\/v2\/pages\/33"}],"collection":[{"href":"https:\/\/service.projektlabor.tu-berlin.de\/wordpress\/ws20-do-lichtorgel-523\/wp-json\/wp\/v2\/pages"}],"about":[{"href":"https:\/\/service.projektlabor.tu-berlin.de\/wordpress\/ws20-do-lichtorgel-523\/wp-json\/wp\/v2\/types\/page"}],"author":[{"embeddable":true,"href":"https:\/\/service.projektlabor.tu-berlin.de\/wordpress\/ws20-do-lichtorgel-523\/wp-json\/wp\/v2\/users\/142"}],"replies":[{"embeddable":true,"href":"https:\/\/service.projektlabor.tu-berlin.de\/wordpress\/ws20-do-lichtorgel-523\/wp-json\/wp\/v2\/comments?post=33"}],"version-history":[{"count":2,"href":"https:\/\/service.projektlabor.tu-berlin.de\/wordpress\/ws20-do-lichtorgel-523\/wp-json\/wp\/v2\/pages\/33\/revisions"}],"predecessor-version":[{"id":38,"href":"https:\/\/service.projektlabor.tu-berlin.de\/wordpress\/ws20-do-lichtorgel-523\/wp-json\/wp\/v2\/pages\/33\/revisions\/38"}],"wp:attachment":[{"href":"https:\/\/service.projektlabor.tu-berlin.de\/wordpress\/ws20-do-lichtorgel-523\/wp-json\/wp\/v2\/media?parent=33"}],"curies":[{"name":"wp","href":"https:\/\/api.w.org\/{rel}","templated":true}]}}