{"id":12,"date":"2021-02-21T16:39:08","date_gmt":"2021-02-21T15:39:08","guid":{"rendered":"http:\/\/service.projektlabor.tu-berlin.de\/wordpress\/ws20-do-lichtorgel-523\/?page_id=12"},"modified":"2021-02-21T16:59:32","modified_gmt":"2021-02-21T15:59:32","slug":"hallo","status":"publish","type":"page","link":"https:\/\/service.projektlabor.tu-berlin.de\/wordpress\/ws20-do-lichtorgel-523\/hallo\/","title":{"rendered":"Mikrofon"},"content":{"rendered":"\n<p>Die Untergruppe 1 ist f\u00fcr die Aufnahme der Signale \u00fcber ein Mikrofon (evt. auch ein Line In) Zust\u00e4ndig. Diese sollte dann mit einem festen Faktor verst\u00e4rkt werden. Daf\u00fcr habe ich die abgebildete Schaltung gefunden und auf LTSpice simuliert.<\/p>\n\n\n\n<p><\/p>\n\n\n\n<figure class=\"wp-block-image size-large\"><img loading=\"lazy\" width=\"1024\" height=\"602\" src=\"https:\/\/service.projektlabor.tu-berlin.de\/wordpress\/ws20-do-lichtorgel-523\/wp-content\/uploads\/sites\/49\/2021\/02\/123-1024x602.png\" alt=\"\" class=\"wp-image-22\" srcset=\"https:\/\/service.projektlabor.tu-berlin.de\/wordpress\/ws20-do-lichtorgel-523\/wp-content\/uploads\/sites\/49\/2021\/02\/123-1024x602.png 1024w, https:\/\/service.projektlabor.tu-berlin.de\/wordpress\/ws20-do-lichtorgel-523\/wp-content\/uploads\/sites\/49\/2021\/02\/123-300x176.png 300w, https:\/\/service.projektlabor.tu-berlin.de\/wordpress\/ws20-do-lichtorgel-523\/wp-content\/uploads\/sites\/49\/2021\/02\/123-768x452.png 768w, https:\/\/service.projektlabor.tu-berlin.de\/wordpress\/ws20-do-lichtorgel-523\/wp-content\/uploads\/sites\/49\/2021\/02\/123-1200x706.png 1200w, https:\/\/service.projektlabor.tu-berlin.de\/wordpress\/ws20-do-lichtorgel-523\/wp-content\/uploads\/sites\/49\/2021\/02\/123.png 1211w\" sizes=\"(max-width: 1024px) 100vw, 1024px\" \/><\/figure>\n\n\n\n<figure class=\"wp-block-image size-large\"><img loading=\"lazy\" width=\"1024\" height=\"500\" src=\"https:\/\/service.projektlabor.tu-berlin.de\/wordpress\/ws20-do-lichtorgel-523\/wp-content\/uploads\/sites\/49\/2021\/02\/Screenshot-21-1024x500.png\" alt=\"\" class=\"wp-image-20\" srcset=\"https:\/\/service.projektlabor.tu-berlin.de\/wordpress\/ws20-do-lichtorgel-523\/wp-content\/uploads\/sites\/49\/2021\/02\/Screenshot-21-1024x500.png 1024w, https:\/\/service.projektlabor.tu-berlin.de\/wordpress\/ws20-do-lichtorgel-523\/wp-content\/uploads\/sites\/49\/2021\/02\/Screenshot-21-300x147.png 300w, https:\/\/service.projektlabor.tu-berlin.de\/wordpress\/ws20-do-lichtorgel-523\/wp-content\/uploads\/sites\/49\/2021\/02\/Screenshot-21-768x375.png 768w, https:\/\/service.projektlabor.tu-berlin.de\/wordpress\/ws20-do-lichtorgel-523\/wp-content\/uploads\/sites\/49\/2021\/02\/Screenshot-21-1536x751.png 1536w, https:\/\/service.projektlabor.tu-berlin.de\/wordpress\/ws20-do-lichtorgel-523\/wp-content\/uploads\/sites\/49\/2021\/02\/Screenshot-21-1200x586.png 1200w, https:\/\/service.projektlabor.tu-berlin.de\/wordpress\/ws20-do-lichtorgel-523\/wp-content\/uploads\/sites\/49\/2021\/02\/Screenshot-21.png 1895w\" sizes=\"(max-width: 1024px) 100vw, 1024px\" \/><figcaption>Lt Spice Simulation<\/figcaption><\/figure>\n\n\n\n<p>Wir sehen in der Simulation deutlich dass das Eingangssignal U_e verst\u00e4rkt wird.<\/p>\n\n\n\n<p>Nun wurde die Schaltung auch auf einem Streckbrett nachgebaut und gemessen.<\/p>\n\n\n\n<p><\/p>\n\n\n\n<p>Danach wurde die Schaltung in Eagle nachgebaut.<\/p>\n\n\n\n<figure class=\"wp-block-image size-large\"><img loading=\"lazy\" width=\"903\" height=\"663\" src=\"https:\/\/service.projektlabor.tu-berlin.de\/wordpress\/ws20-do-lichtorgel-523\/wp-content\/uploads\/sites\/49\/2021\/02\/444.png\" alt=\"\" class=\"wp-image-23\" srcset=\"https:\/\/service.projektlabor.tu-berlin.de\/wordpress\/ws20-do-lichtorgel-523\/wp-content\/uploads\/sites\/49\/2021\/02\/444.png 903w, https:\/\/service.projektlabor.tu-berlin.de\/wordpress\/ws20-do-lichtorgel-523\/wp-content\/uploads\/sites\/49\/2021\/02\/444-300x220.png 300w, https:\/\/service.projektlabor.tu-berlin.de\/wordpress\/ws20-do-lichtorgel-523\/wp-content\/uploads\/sites\/49\/2021\/02\/444-768x564.png 768w\" sizes=\"(max-width: 903px) 100vw, 903px\" \/><figcaption><br><\/figcaption><\/figure>\n\n\n\n<p>Anschlie\u00dfend wurde die Platine zusammengebaut und die einzelnen Bauteile wurden gel\u00f6tet.<\/p>\n\n\n\n<figure class=\"wp-block-image size-large\"><img loading=\"lazy\" width=\"1024\" height=\"524\" src=\"https:\/\/service.projektlabor.tu-berlin.de\/wordpress\/ws20-do-lichtorgel-523\/wp-content\/uploads\/sites\/49\/2021\/02\/Platine_Mueco-1024x524.jpeg\" alt=\"\" class=\"wp-image-18\" srcset=\"https:\/\/service.projektlabor.tu-berlin.de\/wordpress\/ws20-do-lichtorgel-523\/wp-content\/uploads\/sites\/49\/2021\/02\/Platine_Mueco-1024x524.jpeg 1024w, https:\/\/service.projektlabor.tu-berlin.de\/wordpress\/ws20-do-lichtorgel-523\/wp-content\/uploads\/sites\/49\/2021\/02\/Platine_Mueco-300x154.jpeg 300w, https:\/\/service.projektlabor.tu-berlin.de\/wordpress\/ws20-do-lichtorgel-523\/wp-content\/uploads\/sites\/49\/2021\/02\/Platine_Mueco-768x393.jpeg 768w, https:\/\/service.projektlabor.tu-berlin.de\/wordpress\/ws20-do-lichtorgel-523\/wp-content\/uploads\/sites\/49\/2021\/02\/Platine_Mueco.jpeg 1123w\" sizes=\"(max-width: 1024px) 100vw, 1024px\" \/><figcaption>Platine Gruppe 1<\/figcaption><\/figure>\n\n\n\n<p><\/p>\n","protected":false},"excerpt":{"rendered":"<p>Die Untergruppe 1 ist f\u00fcr die Aufnahme der Signale \u00fcber ein Mikrofon (evt. auch ein Line In) Zust\u00e4ndig. Diese sollte dann mit einem festen Faktor verst\u00e4rkt werden. Daf\u00fcr habe ich die abgebildete Schaltung gefunden und auf LTSpice simuliert. Wir sehen in der Simulation deutlich dass das Eingangssignal U_e verst\u00e4rkt wird. Nun wurde die Schaltung auch [&hellip;]<\/p>\n","protected":false},"author":142,"featured_media":0,"parent":0,"menu_order":0,"comment_status":"closed","ping_status":"closed","template":"","meta":[],"_links":{"self":[{"href":"https:\/\/service.projektlabor.tu-berlin.de\/wordpress\/ws20-do-lichtorgel-523\/wp-json\/wp\/v2\/pages\/12"}],"collection":[{"href":"https:\/\/service.projektlabor.tu-berlin.de\/wordpress\/ws20-do-lichtorgel-523\/wp-json\/wp\/v2\/pages"}],"about":[{"href":"https:\/\/service.projektlabor.tu-berlin.de\/wordpress\/ws20-do-lichtorgel-523\/wp-json\/wp\/v2\/types\/page"}],"author":[{"embeddable":true,"href":"https:\/\/service.projektlabor.tu-berlin.de\/wordpress\/ws20-do-lichtorgel-523\/wp-json\/wp\/v2\/users\/142"}],"replies":[{"embeddable":true,"href":"https:\/\/service.projektlabor.tu-berlin.de\/wordpress\/ws20-do-lichtorgel-523\/wp-json\/wp\/v2\/comments?post=12"}],"version-history":[{"count":4,"href":"https:\/\/service.projektlabor.tu-berlin.de\/wordpress\/ws20-do-lichtorgel-523\/wp-json\/wp\/v2\/pages\/12\/revisions"}],"predecessor-version":[{"id":25,"href":"https:\/\/service.projektlabor.tu-berlin.de\/wordpress\/ws20-do-lichtorgel-523\/wp-json\/wp\/v2\/pages\/12\/revisions\/25"}],"wp:attachment":[{"href":"https:\/\/service.projektlabor.tu-berlin.de\/wordpress\/ws20-do-lichtorgel-523\/wp-json\/wp\/v2\/media?parent=12"}],"curies":[{"name":"wp","href":"https:\/\/api.w.org\/{rel}","templated":true}]}}