{"id":13,"date":"2020-12-26T02:23:00","date_gmt":"2020-12-26T01:23:00","guid":{"rendered":"http:\/\/service.projektlabor.tu-berlin.de\/wordpress\/ws20-di-synth-523\/?page_id=13"},"modified":"2020-12-28T19:13:10","modified_gmt":"2020-12-28T18:13:10","slug":"blockschaltbild-und-schnittstellen","status":"publish","type":"page","link":"https:\/\/service.projektlabor.tu-berlin.de\/wordpress\/ws20-di-synth-523\/blockschaltbild-und-schnittstellen\/","title":{"rendered":"Blockschaltbild und Schnittstellen"},"content":{"rendered":"\n<p>Unser Mini-Synthesizer besteht aus vier gro\u00dfen Komponenten, welche von jeweils einem Kommilitonen \u00fcbernommen wird. Finn entwickelt den Voltage Controlled Oszillator, der die Signale der Tastenanschl\u00e4ge erh\u00e4lt und, passend zur Taste, ein Sinussignal mit einer bestimmten Frequenz erzeugt. Aus logistischen Gr\u00fcnden verodert seine Schaltung auch direkt die sieben Eingangssignale und gibt die Veroderung an Max weiter. Max&#8217;s ADSR simuliert den Tastenanschlag eines Klaviers, indem es eine H\u00fcllkurve erzeugt sobald eine der sieben Tasten gedr\u00fcckt wird.  Maksims Schaltung multipliziert die H\u00fcllkurve  mit dem Sinus, wodurch ein Sinus mit der Amplitude der H\u00fcllkurve und der Frequenz des VCOs entsteht. Die Schaltung von Danny bietet die M\u00f6glichkeit dem Signal ein Echo hinzuzuf\u00fcgen und es zu verst\u00e4rken. Im folgenden werden die beschriebenen Funktionen in einem Blockschaltbild dargestellt, welches auch direkt die Schnittstellen beschreibt.<\/p>\n\n\n\n<figure class=\"wp-block-image size-large\"><img loading=\"lazy\" width=\"1024\" height=\"724\" src=\"https:\/\/service.projektlabor.tu-berlin.de\/wordpress\/ws20-di-synth-523\/wp-content\/uploads\/sites\/38\/2020\/12\/Blockschaltbild_Schnittstellen-1-1024x724.png\" alt=\"\" class=\"wp-image-25\" srcset=\"https:\/\/service.projektlabor.tu-berlin.de\/wordpress\/ws20-di-synth-523\/wp-content\/uploads\/sites\/38\/2020\/12\/Blockschaltbild_Schnittstellen-1-1024x724.png 1024w, https:\/\/service.projektlabor.tu-berlin.de\/wordpress\/ws20-di-synth-523\/wp-content\/uploads\/sites\/38\/2020\/12\/Blockschaltbild_Schnittstellen-1-300x212.png 300w, https:\/\/service.projektlabor.tu-berlin.de\/wordpress\/ws20-di-synth-523\/wp-content\/uploads\/sites\/38\/2020\/12\/Blockschaltbild_Schnittstellen-1-768x543.png 768w, https:\/\/service.projektlabor.tu-berlin.de\/wordpress\/ws20-di-synth-523\/wp-content\/uploads\/sites\/38\/2020\/12\/Blockschaltbild_Schnittstellen-1-1536x1086.png 1536w, https:\/\/service.projektlabor.tu-berlin.de\/wordpress\/ws20-di-synth-523\/wp-content\/uploads\/sites\/38\/2020\/12\/Blockschaltbild_Schnittstellen-1-2048x1448.png 2048w, https:\/\/service.projektlabor.tu-berlin.de\/wordpress\/ws20-di-synth-523\/wp-content\/uploads\/sites\/38\/2020\/12\/Blockschaltbild_Schnittstellen-1-1200x849.png 1200w, https:\/\/service.projektlabor.tu-berlin.de\/wordpress\/ws20-di-synth-523\/wp-content\/uploads\/sites\/38\/2020\/12\/Blockschaltbild_Schnittstellen-1-1980x1400.png 1980w\" sizes=\"(max-width: 1024px) 100vw, 1024px\" \/><\/figure>\n","protected":false},"excerpt":{"rendered":"<p>Unser Mini-Synthesizer besteht aus vier gro\u00dfen Komponenten, welche von jeweils einem Kommilitonen \u00fcbernommen wird. Finn entwickelt den Voltage Controlled Oszillator, der die Signale der Tastenanschl\u00e4ge erh\u00e4lt und, passend zur Taste, ein Sinussignal mit einer bestimmten Frequenz erzeugt. Aus logistischen Gr\u00fcnden verodert seine Schaltung auch direkt die sieben Eingangssignale und gibt die Veroderung an Max weiter. [&hellip;]<\/p>\n","protected":false},"author":121,"featured_media":0,"parent":0,"menu_order":0,"comment_status":"closed","ping_status":"closed","template":"","meta":[],"_links":{"self":[{"href":"https:\/\/service.projektlabor.tu-berlin.de\/wordpress\/ws20-di-synth-523\/wp-json\/wp\/v2\/pages\/13"}],"collection":[{"href":"https:\/\/service.projektlabor.tu-berlin.de\/wordpress\/ws20-di-synth-523\/wp-json\/wp\/v2\/pages"}],"about":[{"href":"https:\/\/service.projektlabor.tu-berlin.de\/wordpress\/ws20-di-synth-523\/wp-json\/wp\/v2\/types\/page"}],"author":[{"embeddable":true,"href":"https:\/\/service.projektlabor.tu-berlin.de\/wordpress\/ws20-di-synth-523\/wp-json\/wp\/v2\/users\/121"}],"replies":[{"embeddable":true,"href":"https:\/\/service.projektlabor.tu-berlin.de\/wordpress\/ws20-di-synth-523\/wp-json\/wp\/v2\/comments?post=13"}],"version-history":[{"count":2,"href":"https:\/\/service.projektlabor.tu-berlin.de\/wordpress\/ws20-di-synth-523\/wp-json\/wp\/v2\/pages\/13\/revisions"}],"predecessor-version":[{"id":26,"href":"https:\/\/service.projektlabor.tu-berlin.de\/wordpress\/ws20-di-synth-523\/wp-json\/wp\/v2\/pages\/13\/revisions\/26"}],"wp:attachment":[{"href":"https:\/\/service.projektlabor.tu-berlin.de\/wordpress\/ws20-di-synth-523\/wp-json\/wp\/v2\/media?parent=13"}],"curies":[{"name":"wp","href":"https:\/\/api.w.org\/{rel}","templated":true}]}}