{"id":18,"date":"2021-02-20T21:39:44","date_gmt":"2021-02-20T20:39:44","guid":{"rendered":"http:\/\/service.projektlabor.tu-berlin.de\/wordpress\/ws20-di-lichtorgel-521\/?page_id=18"},"modified":"2021-02-20T22:09:03","modified_gmt":"2021-02-20T21:09:03","slug":"vorverstaerker-und-schmitt-tigger-tiefpass","status":"publish","type":"page","link":"https:\/\/service.projektlabor.tu-berlin.de\/wordpress\/ws20-di-lichtorgel-521\/vorverstaerker-und-schmitt-tigger-tiefpass\/","title":{"rendered":"Vorverst\u00e4rker und Schmitt-Trigger TP"},"content":{"rendered":"\n<h2 class=\"has-text-align-center\">Vorverst\u00e4rker<\/h2>\n\n\n\n<p>Damit das Eingangssignal richtig gefiltert werden kann, wird das Ausgangssignal des Mikrofons mittels Vorverst\u00e4rker verst\u00e4rkt. Dieser Vorverst\u00e4rker vergr\u00f6\u00dfert die Amplitude des eingehenden Signals um einen Faktor, welcher noch im sp\u00e4teren Verlauf festgelegt wird. <br>Realisiert wurde dieser mit Hilfe eines Operationsverst\u00e4rkers (OPV). Dabei wurde der OPV als invertierender Verst\u00e4rker verschaltet, indem die Ausgangsspannung \u00fcber einen Widerstand (R<sub>2<\/sub>) auf den negativen Eingang des OPV&#8217;s zur\u00fcckgef\u00fchrt wird. Au\u00dferdem liegt am negativen Eingang \u00fcber einen weiteren Widerstand(R<sub>1<\/sub>) das Ausgangssignal des Mikrofons an. Der positive Eingang des OPV&#8217;s ist dabei auf Ground gelegt. Somit erhalten wir eine Verst\u00e4rkung von V<sub>u<\/sub>= -R<sub>2<\/sub>\/R<sub>1<\/sub>. Da es sich um einen invertieren Verst\u00e4rker handelt, erhalten wir eine negative Verst\u00e4rkung. Jedoch spielt das Vorzeichen f\u00fcr unser Projekt keine Rolle, da dadurch ausschlie\u00dflich die Phase des Wechselsignals ver\u00e4ndert wird, welches keine relevanten Auswirkungen auf den weiteren Verlauf hat. Die folgende Abbildung zeigt die in LTSpice simulierte Schaltung.<\/p>\n\n\n\n<figure class=\"wp-block-image size-large\"><img loading=\"lazy\" width=\"1024\" height=\"569\" src=\"https:\/\/service.projektlabor.tu-berlin.de\/wordpress\/ws20-di-lichtorgel-521\/wp-content\/uploads\/sites\/31\/2021\/02\/vorverstaerker-1024x569.png\" alt=\"\" class=\"wp-image-22\" srcset=\"https:\/\/service.projektlabor.tu-berlin.de\/wordpress\/ws20-di-lichtorgel-521\/wp-content\/uploads\/sites\/31\/2021\/02\/vorverstaerker-1024x569.png 1024w, https:\/\/service.projektlabor.tu-berlin.de\/wordpress\/ws20-di-lichtorgel-521\/wp-content\/uploads\/sites\/31\/2021\/02\/vorverstaerker-300x167.png 300w, https:\/\/service.projektlabor.tu-berlin.de\/wordpress\/ws20-di-lichtorgel-521\/wp-content\/uploads\/sites\/31\/2021\/02\/vorverstaerker-768x427.png 768w, https:\/\/service.projektlabor.tu-berlin.de\/wordpress\/ws20-di-lichtorgel-521\/wp-content\/uploads\/sites\/31\/2021\/02\/vorverstaerker-1536x854.png 1536w, https:\/\/service.projektlabor.tu-berlin.de\/wordpress\/ws20-di-lichtorgel-521\/wp-content\/uploads\/sites\/31\/2021\/02\/vorverstaerker-1200x667.png 1200w, https:\/\/service.projektlabor.tu-berlin.de\/wordpress\/ws20-di-lichtorgel-521\/wp-content\/uploads\/sites\/31\/2021\/02\/vorverstaerker.png 1712w\" sizes=\"(max-width: 1024px) 100vw, 1024px\" \/><\/figure>\n\n\n\n<p class=\"has-primary-color has-background-background-color has-text-color has-background\">Die Versorgungsspannungen des OPV&#8217;s wurden dabei auf 5V und Ground eingestellt.<br>Bei der Simulation wurde eine Verst\u00e4rkung von V<sub>u<\/sub>= -4 festgelegt. Anschlie\u00dfend wurde die Schaltung auf dem Steckbrett aufgebaut und getestet. Dabei stellte sich heraus, dass die Verst\u00e4rkung nicht optimal gew\u00e4hlt wurde. Deshalb wurden die Widerst\u00e4nde neu dimensioniert, wobei f\u00fcr R<sub>1<\/sub> ein Widerstand mit 1200 \u03a9 festgelegt wurde. F\u00fcr R<sub>2<\/sub> wurde ein Potentiometer mit einem Umfang von 10 \u03a9 bis 2 M\u03a9gew\u00e4hlt. Dadurch ist es m\u00f6glich, eine Verst\u00e4rkung von 0,008 bis 1666,7 einzustellen. Diese wird dann nachdem Aufbau der Lichtorgel auf einen festen Wert festgelegt.<\/p>\n\n\n\n<h2 class=\"has-text-align-center\">Platine<\/h2>\n\n\n\n<p>Mit Hilfe von Eagle wurde das Schaltbild realiesiert.<\/p>\n\n\n\n<div class=\"wp-block-image\"><figure class=\"aligncenter size-large is-resized\"><img loading=\"lazy\" src=\"https:\/\/service.projektlabor.tu-berlin.de\/wordpress\/ws20-di-lichtorgel-521\/wp-content\/uploads\/sites\/31\/2021\/02\/Schaltung_Raphaela-1024x684.png\" alt=\"\" class=\"wp-image-26\" width=\"512\" height=\"342\" srcset=\"https:\/\/service.projektlabor.tu-berlin.de\/wordpress\/ws20-di-lichtorgel-521\/wp-content\/uploads\/sites\/31\/2021\/02\/Schaltung_Raphaela-1024x684.png 1024w, https:\/\/service.projektlabor.tu-berlin.de\/wordpress\/ws20-di-lichtorgel-521\/wp-content\/uploads\/sites\/31\/2021\/02\/Schaltung_Raphaela-300x200.png 300w, https:\/\/service.projektlabor.tu-berlin.de\/wordpress\/ws20-di-lichtorgel-521\/wp-content\/uploads\/sites\/31\/2021\/02\/Schaltung_Raphaela-768x513.png 768w, https:\/\/service.projektlabor.tu-berlin.de\/wordpress\/ws20-di-lichtorgel-521\/wp-content\/uploads\/sites\/31\/2021\/02\/Schaltung_Raphaela-1536x1026.png 1536w, https:\/\/service.projektlabor.tu-berlin.de\/wordpress\/ws20-di-lichtorgel-521\/wp-content\/uploads\/sites\/31\/2021\/02\/Schaltung_Raphaela-2048x1368.png 2048w, https:\/\/service.projektlabor.tu-berlin.de\/wordpress\/ws20-di-lichtorgel-521\/wp-content\/uploads\/sites\/31\/2021\/02\/Schaltung_Raphaela-1200x801.png 1200w, https:\/\/service.projektlabor.tu-berlin.de\/wordpress\/ws20-di-lichtorgel-521\/wp-content\/uploads\/sites\/31\/2021\/02\/Schaltung_Raphaela-1980x1322.png 1980w\" sizes=\"(max-width: 512px) 100vw, 512px\" \/><\/figure><\/div>\n\n\n\n<p>Der Vorverst\u00e4rker hat als Eingangssignal die Spannung aus dem Mikrofon &#8218;MICOUT&#8216; und das Ausgangssignal ist die verst\u00e4rkte Spannung &#8218;VERSTOUT&#8216;.<br>Die 5 Schmitt-Trigger haben als Eingangssignal jeweils die Outputspannung des gleichgerichteten Tiefpasssignals &#8218;TPOUT&#8216;. F\u00fcr die Referenzspannung ist au\u00dferdem der Spannungsteiler mit auf der Platine verbaut. Die Ausgangsspannungen der 5 Schmitt-Trigger sind &#8218;TPDIODE1&#8216; bis &#8218;TPDIODE5&#8216;. <br>Zu beachten war, dass die OPVs jeweils mit 2 Abblockkondensatoren versehen wurden.<br>Das Board ist in folgender Abbildung zu sehen.<\/p>\n\n\n\n<div class=\"wp-block-image\"><figure class=\"aligncenter size-large\"><img loading=\"lazy\" width=\"1024\" height=\"315\" src=\"https:\/\/service.projektlabor.tu-berlin.de\/wordpress\/ws20-di-lichtorgel-521\/wp-content\/uploads\/sites\/31\/2021\/02\/Board_Raphaela-1024x315.png\" alt=\"\" class=\"wp-image-28\" srcset=\"https:\/\/service.projektlabor.tu-berlin.de\/wordpress\/ws20-di-lichtorgel-521\/wp-content\/uploads\/sites\/31\/2021\/02\/Board_Raphaela-1024x315.png 1024w, https:\/\/service.projektlabor.tu-berlin.de\/wordpress\/ws20-di-lichtorgel-521\/wp-content\/uploads\/sites\/31\/2021\/02\/Board_Raphaela-300x92.png 300w, https:\/\/service.projektlabor.tu-berlin.de\/wordpress\/ws20-di-lichtorgel-521\/wp-content\/uploads\/sites\/31\/2021\/02\/Board_Raphaela-768x236.png 768w, https:\/\/service.projektlabor.tu-berlin.de\/wordpress\/ws20-di-lichtorgel-521\/wp-content\/uploads\/sites\/31\/2021\/02\/Board_Raphaela-1536x472.png 1536w, https:\/\/service.projektlabor.tu-berlin.de\/wordpress\/ws20-di-lichtorgel-521\/wp-content\/uploads\/sites\/31\/2021\/02\/Board_Raphaela-1200x369.png 1200w, https:\/\/service.projektlabor.tu-berlin.de\/wordpress\/ws20-di-lichtorgel-521\/wp-content\/uploads\/sites\/31\/2021\/02\/Board_Raphaela.png 1764w\" sizes=\"(max-width: 1024px) 100vw, 1024px\" \/><\/figure><\/div>\n\n\n\n<p>Die roten Leiterbahnen liegen auf Top, die blauen Leiterbahnen auf Bottom. Die Widerst\u00e4nde und Abblockkondensatoren konnten auf Bottom- und Top-Seite angeschlossen werden. Der BUS-Stecker und die Anschl\u00fcsse des OPVs sind nur auf Bottom-Seite m\u00f6glich. <br><br>Um die Platine zu testen, wurden an den BUS-Stecker die Versorgungsspannungen angelegt und ben\u00f6tigten Eingangsspannungen angelegt, und die Ausgangsspannungen gemessen. Es wurde festgestellt, dass auch hier die Schaltschwellen der einzelnen Schmitt-Trigger geringer sind als berechnet. Der Vorverst\u00e4rker und die Schmitt-Trigger funktionierten, sodass die Platine als funktionsf\u00e4hig gilt.<\/p>\n\n\n\n<div class=\"wp-block-group\"><div class=\"wp-block-group__inner-container\">\n<div class=\"wp-block-image\"><figure class=\"aligncenter size-large\"><img loading=\"lazy\" width=\"1024\" height=\"401\" src=\"https:\/\/service.projektlabor.tu-berlin.de\/wordpress\/ws20-di-lichtorgel-521\/wp-content\/uploads\/sites\/31\/2021\/02\/IMG_3340-1024x401.jpg\" alt=\"\" class=\"wp-image-30\" srcset=\"https:\/\/service.projektlabor.tu-berlin.de\/wordpress\/ws20-di-lichtorgel-521\/wp-content\/uploads\/sites\/31\/2021\/02\/IMG_3340-1024x401.jpg 1024w, https:\/\/service.projektlabor.tu-berlin.de\/wordpress\/ws20-di-lichtorgel-521\/wp-content\/uploads\/sites\/31\/2021\/02\/IMG_3340-300x117.jpg 300w, https:\/\/service.projektlabor.tu-berlin.de\/wordpress\/ws20-di-lichtorgel-521\/wp-content\/uploads\/sites\/31\/2021\/02\/IMG_3340-768x301.jpg 768w, https:\/\/service.projektlabor.tu-berlin.de\/wordpress\/ws20-di-lichtorgel-521\/wp-content\/uploads\/sites\/31\/2021\/02\/IMG_3340-1536x601.jpg 1536w, https:\/\/service.projektlabor.tu-berlin.de\/wordpress\/ws20-di-lichtorgel-521\/wp-content\/uploads\/sites\/31\/2021\/02\/IMG_3340-2048x802.jpg 2048w, https:\/\/service.projektlabor.tu-berlin.de\/wordpress\/ws20-di-lichtorgel-521\/wp-content\/uploads\/sites\/31\/2021\/02\/IMG_3340-1200x470.jpg 1200w, https:\/\/service.projektlabor.tu-berlin.de\/wordpress\/ws20-di-lichtorgel-521\/wp-content\/uploads\/sites\/31\/2021\/02\/IMG_3340-1980x775.jpg 1980w\" sizes=\"(max-width: 1024px) 100vw, 1024px\" \/><\/figure><\/div>\n\n\n\n<figure class=\"wp-block-image size-large\"><img loading=\"lazy\" width=\"1024\" height=\"384\" src=\"https:\/\/service.projektlabor.tu-berlin.de\/wordpress\/ws20-di-lichtorgel-521\/wp-content\/uploads\/sites\/31\/2021\/02\/WhatsApp-Image-2021-02-16-at-15.29.13-1024x384.jpeg\" alt=\"\" class=\"wp-image-31\" srcset=\"https:\/\/service.projektlabor.tu-berlin.de\/wordpress\/ws20-di-lichtorgel-521\/wp-content\/uploads\/sites\/31\/2021\/02\/WhatsApp-Image-2021-02-16-at-15.29.13-1024x384.jpeg 1024w, https:\/\/service.projektlabor.tu-berlin.de\/wordpress\/ws20-di-lichtorgel-521\/wp-content\/uploads\/sites\/31\/2021\/02\/WhatsApp-Image-2021-02-16-at-15.29.13-300x113.jpeg 300w, https:\/\/service.projektlabor.tu-berlin.de\/wordpress\/ws20-di-lichtorgel-521\/wp-content\/uploads\/sites\/31\/2021\/02\/WhatsApp-Image-2021-02-16-at-15.29.13-768x288.jpeg 768w, https:\/\/service.projektlabor.tu-berlin.de\/wordpress\/ws20-di-lichtorgel-521\/wp-content\/uploads\/sites\/31\/2021\/02\/WhatsApp-Image-2021-02-16-at-15.29.13-1536x576.jpeg 1536w, https:\/\/service.projektlabor.tu-berlin.de\/wordpress\/ws20-di-lichtorgel-521\/wp-content\/uploads\/sites\/31\/2021\/02\/WhatsApp-Image-2021-02-16-at-15.29.13-1200x450.jpeg 1200w, https:\/\/service.projektlabor.tu-berlin.de\/wordpress\/ws20-di-lichtorgel-521\/wp-content\/uploads\/sites\/31\/2021\/02\/WhatsApp-Image-2021-02-16-at-15.29.13.jpeg 1600w\" sizes=\"(max-width: 1024px) 100vw, 1024px\" \/><\/figure>\n<\/div><\/div>\n\n\n\n<p><\/p>\n","protected":false},"excerpt":{"rendered":"<p>Vorverst\u00e4rker Damit das Eingangssignal richtig gefiltert werden kann, wird das Ausgangssignal des Mikrofons mittels Vorverst\u00e4rker verst\u00e4rkt. Dieser Vorverst\u00e4rker vergr\u00f6\u00dfert die Amplitude des eingehenden Signals um einen Faktor, welcher noch im sp\u00e4teren Verlauf festgelegt wird. Realisiert wurde dieser mit Hilfe eines Operationsverst\u00e4rkers (OPV). Dabei wurde der OPV als invertierender Verst\u00e4rker verschaltet, indem die Ausgangsspannung \u00fcber einen [&hellip;]<\/p>\n","protected":false},"author":132,"featured_media":0,"parent":0,"menu_order":0,"comment_status":"closed","ping_status":"closed","template":"","meta":[],"_links":{"self":[{"href":"https:\/\/service.projektlabor.tu-berlin.de\/wordpress\/ws20-di-lichtorgel-521\/wp-json\/wp\/v2\/pages\/18"}],"collection":[{"href":"https:\/\/service.projektlabor.tu-berlin.de\/wordpress\/ws20-di-lichtorgel-521\/wp-json\/wp\/v2\/pages"}],"about":[{"href":"https:\/\/service.projektlabor.tu-berlin.de\/wordpress\/ws20-di-lichtorgel-521\/wp-json\/wp\/v2\/types\/page"}],"author":[{"embeddable":true,"href":"https:\/\/service.projektlabor.tu-berlin.de\/wordpress\/ws20-di-lichtorgel-521\/wp-json\/wp\/v2\/users\/132"}],"replies":[{"embeddable":true,"href":"https:\/\/service.projektlabor.tu-berlin.de\/wordpress\/ws20-di-lichtorgel-521\/wp-json\/wp\/v2\/comments?post=18"}],"version-history":[{"count":7,"href":"https:\/\/service.projektlabor.tu-berlin.de\/wordpress\/ws20-di-lichtorgel-521\/wp-json\/wp\/v2\/pages\/18\/revisions"}],"predecessor-version":[{"id":32,"href":"https:\/\/service.projektlabor.tu-berlin.de\/wordpress\/ws20-di-lichtorgel-521\/wp-json\/wp\/v2\/pages\/18\/revisions\/32"}],"wp:attachment":[{"href":"https:\/\/service.projektlabor.tu-berlin.de\/wordpress\/ws20-di-lichtorgel-521\/wp-json\/wp\/v2\/media?parent=18"}],"curies":[{"name":"wp","href":"https:\/\/api.w.org\/{rel}","templated":true}]}}