{"id":16,"date":"2021-02-20T21:39:02","date_gmt":"2021-02-20T20:39:02","guid":{"rendered":"http:\/\/service.projektlabor.tu-berlin.de\/wordpress\/ws20-di-lichtorgel-521\/?page_id=16"},"modified":"2021-02-20T22:25:57","modified_gmt":"2021-02-20T21:25:57","slug":"schmitt-trigger-bandpass-und-hochpass","status":"publish","type":"page","link":"https:\/\/service.projektlabor.tu-berlin.de\/wordpress\/ws20-di-lichtorgel-521\/schmitt-trigger-bandpass-und-hochpass\/","title":{"rendered":"Schmitt-Trigger BP und HP"},"content":{"rendered":"\n<h2 class=\"has-text-align-center\">Schmitt-Tigger<\/h2>\n\n\n\n<p>Um die LED, abh\u00e4ngig von der Frequenz, zum Leuchten zu bringen, wird an den LED eine gewisse Spannung ben\u00f6tigt. Wird das Eingangssignal nicht durch einen Filter komplett gefiltert, so soll an der LED also eine gewisse konstante Spannung anliegen. Sobald der Filter das Signal nicht durchl\u00e4sst, soll an der LED keine Spannung bzw. Ground anliegen, damit die LED nicht leuchtet.<br>Umgesetzt wird diese Schaltung durch einen nichtinvertierenden Schmitt-Trigger. <br>Es wurde sich darauf geeinigt, dass je Filter \u2013 Tiefpass, Bandpass und Hochpass \u2013 5 LED verwendet werden. Diese LED leuchten, wenn das Signal nicht durch den jeweiligen Pass komplett gefiltert wurde. Je nachdem, wie laut die Musik ist, also je h\u00f6her die Amplitude des Eingangssignals ist, desto mehr LEDs leuchten. Bei sehr leiser Musik leuchtet nur eine LED. Mit zunehmender Lautst\u00e4rke leuchten auch mehrere LED.<br><br>Die Signale, die an den 3 Gleichrichtern herauskommen, werden jeweils an den positiven Eingang von 5 OPVs gelegt. An den negativen Eing\u00e4ngen liegt an den OPVs eine unterschiedliche Referenzspannung an. Diese Referenzspannungen werden durch einen Spannungsteiler erzeugt. Die kleinste Referenzspannung betr\u00e4gt etwa 0,1V, die h\u00f6chste 3,5V. So soll sichergestellt werden, dass je nachdem wie gro\u00df die Spannung ist, die aus dem Gleichrichter kommt, unterschiedlich viele LED leuchten.<br>Die OPV sind als nichtinvertierender Schmitt-Trigger verschaltet. Dabei wurden die Widerst\u00e4nde so gew\u00e4hlt, dass die Hysteresebreite beim ersten OPV etwa 0,25V, bei den restlichen 4 OPV etwa 0,5V betr\u00e4gt. Je nachdem, welche Spannung aus dem jeweiligen Gleichrichter nun ausgegeben wird, geben unterschiedlich viele OPV nun die Versorgungsspannung 5V aus oder Ground. Da die im Projekt verwendeten OPV nur im double supply betrieben werden k\u00f6nnen, geben sie in diesem Fall nicht Ground aus, sondern die Spannung -5V. <br>In folgender Abbildung ist der Aufbau der je 5 Schmitt-Trigger je Filter dargestellt.<\/p>\n\n\n\n<div class=\"wp-block-image\"><figure class=\"aligncenter size-large\"><img loading=\"lazy\" width=\"852\" height=\"1024\" src=\"https:\/\/service.projektlabor.tu-berlin.de\/wordpress\/ws20-di-lichtorgel-521\/wp-content\/uploads\/sites\/31\/2021\/02\/Aufbau_ST-852x1024.png\" alt=\"\" class=\"wp-image-33\" srcset=\"https:\/\/service.projektlabor.tu-berlin.de\/wordpress\/ws20-di-lichtorgel-521\/wp-content\/uploads\/sites\/31\/2021\/02\/Aufbau_ST-852x1024.png 852w, https:\/\/service.projektlabor.tu-berlin.de\/wordpress\/ws20-di-lichtorgel-521\/wp-content\/uploads\/sites\/31\/2021\/02\/Aufbau_ST-250x300.png 250w, https:\/\/service.projektlabor.tu-berlin.de\/wordpress\/ws20-di-lichtorgel-521\/wp-content\/uploads\/sites\/31\/2021\/02\/Aufbau_ST-768x923.png 768w, https:\/\/service.projektlabor.tu-berlin.de\/wordpress\/ws20-di-lichtorgel-521\/wp-content\/uploads\/sites\/31\/2021\/02\/Aufbau_ST-1278x1536.png 1278w, https:\/\/service.projektlabor.tu-berlin.de\/wordpress\/ws20-di-lichtorgel-521\/wp-content\/uploads\/sites\/31\/2021\/02\/Aufbau_ST-1200x1442.png 1200w, https:\/\/service.projektlabor.tu-berlin.de\/wordpress\/ws20-di-lichtorgel-521\/wp-content\/uploads\/sites\/31\/2021\/02\/Aufbau_ST.png 1320w\" sizes=\"(max-width: 852px) 100vw, 852px\" \/><\/figure><\/div>\n\n\n\n<p>Zu erkennen ist, dass es 5 parallele nicht-invertierende Schmitt-Trigger sind. Am positiven Eingang liegt die gleichgerichtete Spannung an, die aus dem jeweiligen Filter bzw. Gleichrichter kommt.<br>Der Spannungsteiler erzeugt die Referenzspannungen f\u00fcr die OPV. Aus \u00dcbersichtlichkeitsgr\u00fcnden sind die Versorgungsspannungen der OPVs nur beim 5.Schmitt-Trigger dargestellt.<br>Am untersten Schmitt-Trigger liegt die geringste Referenzspannung an, dieser Schmitt-Trigger gibt also auch 5V aus, wenn die eingehende Gleichspannung sehr gering ist. Der oberste Schmitt-Trigger hat die h\u00f6chste Referenzspannung.<br><br>In der folgenden Tabelle ist dargestellt, wo die jeweiligen Schaltspannungen liegen.<\/p>\n\n\n\n<figure class=\"wp-block-table is-style-stripes\"><table><tbody><tr><td><\/td><td>Schaltschwelle<br>U<sub>low-&gt;high<\/sub><\/td><td>Schaltschwelle<br>U<sub>high-&gt;low<\/sub><\/td><td>Hysteresebreite<br><\/td><\/tr><tr><td>ST 1<\/td><td>0,5<\/td><td>0,25<\/td><td>0,25<\/td><\/tr><tr><td>ST 2<\/td><td>1,5<\/td><td>1<\/td><td>0,5<\/td><\/tr><tr><td>ST 3<\/td><td>2,5<\/td><td>2<\/td><td>0,5<\/td><\/tr><tr><td>ST 4<\/td><td>3,5<\/td><td>3<\/td><td>0,5<\/td><\/tr><tr><td>ST 5<\/td><td>4,5<\/td><td>4<\/td><td>0,5<\/td><\/tr><\/tbody><\/table><\/figure>\n\n\n\n<p>Durch Messungen am Steckbrett konnte festgestellt werden, dass in der Praxis die leicht von den eben angegebenen Werten abweichen. Das kann aber auch auf viele Verluste durch den Aufbau auf dem Steckbrett und die nicht idealen Messungen zur\u00fcckgef\u00fchrt werden.<br>Zum Testen wurde der Spannungsteiler, ein Schmitt-Trigger mit einer LED und ihrem Vorwiderstand aufgebaut. Am Spannungsteiler wurde dann der Reihe nach immer eine andere Spannung abgegriffen, um diese als Referenzspannung f\u00fcr den Schmitt-Trigger zu verwenden. So wurden die Schaltschwellen f\u00fcr alle 5 Schmitt-Trigger nacheinander am gleichen Aufbau durchgetestet.<\/p>\n\n\n\n<h2 class=\"has-text-align-center\">Platine<\/h2>\n\n\n\n<p>Auf der Platine befinden sich die f\u00fcnf Schmitt-Trigger f\u00fcr den Bandpass und die f\u00fcnf Schmitt-Trigger f\u00fcr den Hochpass.<br>Zus\u00e4tzlich werden auch drei Busstecker verwendet, denn diese Platine ben\u00f6tigt eine Verbindung zur oberen Platine mit dem Mikrophon und den LED&#8217;s, sowie auch zu der Busstecker-Platine. Dadurch k\u00f6nnen die Signale &#8218;MICOUT&#8216;, &#8218;+5V&#8216;, &#8218;-5V&#8216; und &#8218;GND&#8216; an die beiden anderen Platine weitergegeben werden und die Ausg\u00e4nge der Schmitt-Trigger zu den LED&#8217;s gegeben werden. Die folgende Abbildung zeigt den Schaltplan Aufbau mit EAGLE.<\/p>\n\n\n\n<div class=\"wp-block-image\"><figure class=\"aligncenter size-large\"><img loading=\"lazy\" width=\"1024\" height=\"572\" src=\"https:\/\/service.projektlabor.tu-berlin.de\/wordpress\/ws20-di-lichtorgel-521\/wp-content\/uploads\/sites\/31\/2021\/02\/Schaltplan.HPBP_-1024x572.png\" alt=\"\" class=\"wp-image-35\" srcset=\"https:\/\/service.projektlabor.tu-berlin.de\/wordpress\/ws20-di-lichtorgel-521\/wp-content\/uploads\/sites\/31\/2021\/02\/Schaltplan.HPBP_-1024x572.png 1024w, https:\/\/service.projektlabor.tu-berlin.de\/wordpress\/ws20-di-lichtorgel-521\/wp-content\/uploads\/sites\/31\/2021\/02\/Schaltplan.HPBP_-300x167.png 300w, https:\/\/service.projektlabor.tu-berlin.de\/wordpress\/ws20-di-lichtorgel-521\/wp-content\/uploads\/sites\/31\/2021\/02\/Schaltplan.HPBP_-768x429.png 768w, https:\/\/service.projektlabor.tu-berlin.de\/wordpress\/ws20-di-lichtorgel-521\/wp-content\/uploads\/sites\/31\/2021\/02\/Schaltplan.HPBP_-1536x858.png 1536w, https:\/\/service.projektlabor.tu-berlin.de\/wordpress\/ws20-di-lichtorgel-521\/wp-content\/uploads\/sites\/31\/2021\/02\/Schaltplan.HPBP_-2048x1143.png 2048w, https:\/\/service.projektlabor.tu-berlin.de\/wordpress\/ws20-di-lichtorgel-521\/wp-content\/uploads\/sites\/31\/2021\/02\/Schaltplan.HPBP_-1200x670.png 1200w, https:\/\/service.projektlabor.tu-berlin.de\/wordpress\/ws20-di-lichtorgel-521\/wp-content\/uploads\/sites\/31\/2021\/02\/Schaltplan.HPBP_-1980x1105.png 1980w\" sizes=\"(max-width: 1024px) 100vw, 1024px\" \/><\/figure><\/div>\n\n\n\n<p>Die IC&#8217;s, welche f\u00fcr dieses Projekt verwendet werden (TL074P), enthalten jeweils vier OPV&#8217;s. Somit werden f\u00fcr diese Platine insgesamt drei IC&#8217;s ben\u00f6tigt. Jeder von diesen braucht zwei Abblockkondensatoren, damit ungewollte Spannungsspitzen der Versorgungsspannung abgefangen werden k\u00f6nnen. Au\u00dferdem sind zwei ungenutzte OPV&#8217;s vorhanden, welche als Spannungsfolger verschaltet wurden.<\/p>\n\n\n\n<div class=\"wp-block-image\"><figure class=\"aligncenter size-large\"><img loading=\"lazy\" width=\"1024\" height=\"359\" src=\"https:\/\/service.projektlabor.tu-berlin.de\/wordpress\/ws20-di-lichtorgel-521\/wp-content\/uploads\/sites\/31\/2021\/02\/Board.HPBP_-1024x359.png\" alt=\"\" class=\"wp-image-36\" srcset=\"https:\/\/service.projektlabor.tu-berlin.de\/wordpress\/ws20-di-lichtorgel-521\/wp-content\/uploads\/sites\/31\/2021\/02\/Board.HPBP_-1024x359.png 1024w, https:\/\/service.projektlabor.tu-berlin.de\/wordpress\/ws20-di-lichtorgel-521\/wp-content\/uploads\/sites\/31\/2021\/02\/Board.HPBP_-300x105.png 300w, https:\/\/service.projektlabor.tu-berlin.de\/wordpress\/ws20-di-lichtorgel-521\/wp-content\/uploads\/sites\/31\/2021\/02\/Board.HPBP_-768x269.png 768w, https:\/\/service.projektlabor.tu-berlin.de\/wordpress\/ws20-di-lichtorgel-521\/wp-content\/uploads\/sites\/31\/2021\/02\/Board.HPBP_-1536x539.png 1536w, https:\/\/service.projektlabor.tu-berlin.de\/wordpress\/ws20-di-lichtorgel-521\/wp-content\/uploads\/sites\/31\/2021\/02\/Board.HPBP_-2048x718.png 2048w, https:\/\/service.projektlabor.tu-berlin.de\/wordpress\/ws20-di-lichtorgel-521\/wp-content\/uploads\/sites\/31\/2021\/02\/Board.HPBP_-1200x421.png 1200w, https:\/\/service.projektlabor.tu-berlin.de\/wordpress\/ws20-di-lichtorgel-521\/wp-content\/uploads\/sites\/31\/2021\/02\/Board.HPBP_-1980x694.png 1980w\" sizes=\"(max-width: 1024px) 100vw, 1024px\" \/><\/figure><\/div>\n\n\n\n<p>In der oberen Abbildung ist das Board aus EAGLE zu erkennen. Die blauen Leiterband befinden sich auf Bottom und die roten auf Top. Hierbei war zu beachten, dass die Busstecker und die IC&#8217;s nur von der Bottom Seite verbunden werden k\u00f6nnen. Au\u00dferdem mussten mehrerer VIA&#8217;s verwendet werden, um alle Leiterbahnen zu realisieren. <br>Anschlie\u00dfend wurde die Platine hergestellt. Nun mussten diese noch gebohrt und die Bauteile an die Platine gel\u00f6tet werden. Die fertige Platine ist in der unteren Abbildung zu sehen. Zum Schluss wurde die Platine noch getestet, wobei die Schmitt-Trigger zun\u00e4chst nicht wie gewollt funktionierten. Nach l\u00e4ngerem Suchen konnte der Fehler f\u00fcr den Bandpass ermittelt und behoben werden, f\u00fcr den Hochpass jedoch leider nicht.<\/p>\n\n\n\n<div class=\"wp-block-image\"><figure class=\"aligncenter size-large\"><img loading=\"lazy\" width=\"1024\" height=\"354\" src=\"https:\/\/service.projektlabor.tu-berlin.de\/wordpress\/ws20-di-lichtorgel-521\/wp-content\/uploads\/sites\/31\/2021\/02\/Platine.HPBP_-1024x354.jpg\" alt=\"\" class=\"wp-image-37\" srcset=\"https:\/\/service.projektlabor.tu-berlin.de\/wordpress\/ws20-di-lichtorgel-521\/wp-content\/uploads\/sites\/31\/2021\/02\/Platine.HPBP_-1024x354.jpg 1024w, https:\/\/service.projektlabor.tu-berlin.de\/wordpress\/ws20-di-lichtorgel-521\/wp-content\/uploads\/sites\/31\/2021\/02\/Platine.HPBP_-300x104.jpg 300w, https:\/\/service.projektlabor.tu-berlin.de\/wordpress\/ws20-di-lichtorgel-521\/wp-content\/uploads\/sites\/31\/2021\/02\/Platine.HPBP_-768x265.jpg 768w, https:\/\/service.projektlabor.tu-berlin.de\/wordpress\/ws20-di-lichtorgel-521\/wp-content\/uploads\/sites\/31\/2021\/02\/Platine.HPBP_-1536x531.jpg 1536w, https:\/\/service.projektlabor.tu-berlin.de\/wordpress\/ws20-di-lichtorgel-521\/wp-content\/uploads\/sites\/31\/2021\/02\/Platine.HPBP_-2048x708.jpg 2048w, https:\/\/service.projektlabor.tu-berlin.de\/wordpress\/ws20-di-lichtorgel-521\/wp-content\/uploads\/sites\/31\/2021\/02\/Platine.HPBP_-1200x415.jpg 1200w, https:\/\/service.projektlabor.tu-berlin.de\/wordpress\/ws20-di-lichtorgel-521\/wp-content\/uploads\/sites\/31\/2021\/02\/Platine.HPBP_-1980x684.jpg 1980w\" sizes=\"(max-width: 1024px) 100vw, 1024px\" \/><\/figure><\/div>\n","protected":false},"excerpt":{"rendered":"<p>Schmitt-Tigger Um die LED, abh\u00e4ngig von der Frequenz, zum Leuchten zu bringen, wird an den LED eine gewisse Spannung ben\u00f6tigt. Wird das Eingangssignal nicht durch einen Filter komplett gefiltert, so soll an der LED also eine gewisse konstante Spannung anliegen. Sobald der Filter das Signal nicht durchl\u00e4sst, soll an der LED keine Spannung bzw. Ground [&hellip;]<\/p>\n","protected":false},"author":132,"featured_media":0,"parent":0,"menu_order":0,"comment_status":"closed","ping_status":"closed","template":"","meta":[],"_links":{"self":[{"href":"https:\/\/service.projektlabor.tu-berlin.de\/wordpress\/ws20-di-lichtorgel-521\/wp-json\/wp\/v2\/pages\/16"}],"collection":[{"href":"https:\/\/service.projektlabor.tu-berlin.de\/wordpress\/ws20-di-lichtorgel-521\/wp-json\/wp\/v2\/pages"}],"about":[{"href":"https:\/\/service.projektlabor.tu-berlin.de\/wordpress\/ws20-di-lichtorgel-521\/wp-json\/wp\/v2\/types\/page"}],"author":[{"embeddable":true,"href":"https:\/\/service.projektlabor.tu-berlin.de\/wordpress\/ws20-di-lichtorgel-521\/wp-json\/wp\/v2\/users\/132"}],"replies":[{"embeddable":true,"href":"https:\/\/service.projektlabor.tu-berlin.de\/wordpress\/ws20-di-lichtorgel-521\/wp-json\/wp\/v2\/comments?post=16"}],"version-history":[{"count":5,"href":"https:\/\/service.projektlabor.tu-berlin.de\/wordpress\/ws20-di-lichtorgel-521\/wp-json\/wp\/v2\/pages\/16\/revisions"}],"predecessor-version":[{"id":39,"href":"https:\/\/service.projektlabor.tu-berlin.de\/wordpress\/ws20-di-lichtorgel-521\/wp-json\/wp\/v2\/pages\/16\/revisions\/39"}],"wp:attachment":[{"href":"https:\/\/service.projektlabor.tu-berlin.de\/wordpress\/ws20-di-lichtorgel-521\/wp-json\/wp\/v2\/media?parent=16"}],"curies":[{"name":"wp","href":"https:\/\/api.w.org\/{rel}","templated":true}]}}