{"id":52,"date":"2021-01-25T23:38:07","date_gmt":"2021-01-25T22:38:07","guid":{"rendered":"http:\/\/service.projektlabor.tu-berlin.de\/wordpress\/ws20-di-lichtorgel-469\/?page_id=52"},"modified":"2021-01-25T23:38:07","modified_gmt":"2021-01-25T22:38:07","slug":"gruppe-2-vca","status":"publish","type":"page","link":"https:\/\/service.projektlabor.tu-berlin.de\/wordpress\/ws20-di-lichtorgel-469\/gruppe-2-vca\/","title":{"rendered":"Gruppe 2: VCA"},"content":{"rendered":"\n<h1 id=\"vca\">VCA<\/h1>\n\n\n\n<h2 id=\"einleitung-1\">Einleitung<\/h2>\n\n\n\n<p>Das Audiosignal von Mikrofonvorverst\u00e4rker muss nochmal verst\u00e4rkt werden. Daf\u00fcr verwenden wir ein VCA, mit steuerbarer Verst\u00e4rkung.<\/p>\n\n\n\n<h2 id=\"konzept-1\">Konzept<\/h2>\n\n\n\n<p>F\u00fcr die Verst\u00e4rkung des Eingangssignal wird ein OPV als invertierender Verst\u00e4rker geschalten. Die Widerst\u00e4nde werden so ausgew\u00e4hlt, dass das Eingangssignal 10-fach verst\u00e4rkt wird. Der invertierende Eingang des OPVs ist ebenfalls an einem p-Kanal J-FET, welches mit einem Potentiometer gesteurt werden kann, angeschlossen. Somit ist die Verst\u00e4rkung maximal wenn der J-FET ausgeschalten ist und wird immer kleiner, je mehr Strom durch den J-FET flie<span>\u00df<\/span>t.<br>\nDamit die Schaltung mit Single-supply funktionniert wird eine virtuelle Masse anhand eines Spannungsteilers aufgebaut. Zu beachten ist noch, dass ein Abblockkondesator beim OPV verwendet wird um jegliche St\u00f6rungen zu vermeiden.<\/p>\n\n\n\n<h2 id=\"schaltungsentwurf-1\">Schaltungsentwurf<\/h2>\n\n\n\n<p>Somit sieht die Schaltung des VCAs wie folgt aus:<\/p>\n\n\n\n<figure class=\"wp-block-image size-large\"><img loading=\"lazy\" width=\"1024\" height=\"493\" src=\"http:\/\/service.projektlabor.tu-berlin.de\/wordpress\/ws20-di-lichtorgel-469\/wp-content\/uploads\/sites\/30\/2021\/01\/VCA_Schaltung3-1024x493.png\" alt=\"\" class=\"wp-image-48\" srcset=\"https:\/\/service.projektlabor.tu-berlin.de\/wordpress\/ws20-di-lichtorgel-469\/wp-content\/uploads\/sites\/30\/2021\/01\/VCA_Schaltung3-1024x493.png 1024w, https:\/\/service.projektlabor.tu-berlin.de\/wordpress\/ws20-di-lichtorgel-469\/wp-content\/uploads\/sites\/30\/2021\/01\/VCA_Schaltung3-300x144.png 300w, https:\/\/service.projektlabor.tu-berlin.de\/wordpress\/ws20-di-lichtorgel-469\/wp-content\/uploads\/sites\/30\/2021\/01\/VCA_Schaltung3-768x369.png 768w, https:\/\/service.projektlabor.tu-berlin.de\/wordpress\/ws20-di-lichtorgel-469\/wp-content\/uploads\/sites\/30\/2021\/01\/VCA_Schaltung3-1536x739.png 1536w, https:\/\/service.projektlabor.tu-berlin.de\/wordpress\/ws20-di-lichtorgel-469\/wp-content\/uploads\/sites\/30\/2021\/01\/VCA_Schaltung3-2048x985.png 2048w, https:\/\/service.projektlabor.tu-berlin.de\/wordpress\/ws20-di-lichtorgel-469\/wp-content\/uploads\/sites\/30\/2021\/01\/VCA_Schaltung3-1200x577.png 1200w, https:\/\/service.projektlabor.tu-berlin.de\/wordpress\/ws20-di-lichtorgel-469\/wp-content\/uploads\/sites\/30\/2021\/01\/VCA_Schaltung3-1980x953.png 1980w\" sizes=\"(max-width: 1024px) 100vw, 1024px\" \/><figcaption>VCA<span><\/span><\/figcaption><\/figure>\n\n\n\n<p>Folgende Bauteile wurden verwendet:<\/p>\n\n\n\n<ul><li><p>R1 = 390<span class=\"math inline\"><em>\u03a9<\/em><\/span><\/p><\/li><li><p>R2 = 820<span class=\"math inline\"><em>\u03a9<\/em><\/span><\/p><\/li><li><p>R3 = 8,2k<span class=\"math inline\"><em>\u03a9<\/em><\/span><\/p><\/li><li><p>R4 = 8,2k<span class=\"math inline\"><em>\u03a9<\/em><\/span><\/p><\/li><li><p>R5 = 8,2k<span class=\"math inline\"><em>\u03a9<\/em><\/span><\/p><\/li><li><p>R6 = 820k<span class=\"math inline\"><em>\u03a9<\/em><\/span><\/p><\/li><li><p>R7 = 10k<span class=\"math inline\"><em>\u03a9<\/em><\/span><\/p><\/li><li><p>C1 = 100nF<\/p><\/li><li><p>C2 = 100nF<\/p><\/li><li><p>C3 = 1nF<\/p><\/li><li><p>C4 = 100nF<\/p><\/li><li><p>C5 = 100nF<\/p><\/li><li><p>p-Kanal J-FET J175<\/p><\/li><li><p>TL072 Operationsverst\u00e4rker<\/p><\/li><li><p>10k<span class=\"math inline\"><em>\u03a9<\/em><\/span> Potentiometer<\/p><\/li><\/ul>\n\n\n\n<h2 id=\"testung-und-aufbau-der-schaltung\">Testung und Aufbau der Schaltung<\/h2>\n\n\n\n<h3 id=\"simulation\">Simulation<\/h3>\n\n\n\n<p>Zun\u00e4chst wurde die Schaltung in LT-Spice simuliert. Um das Signal, welches vom Mikrofon kommt, zu simulieren wurde ein Sinus Signal verwendet.<\/p>\n\n\n\n<figure class=\"wp-block-image size-large\"><img loading=\"lazy\" width=\"1024\" height=\"587\" src=\"http:\/\/service.projektlabor.tu-berlin.de\/wordpress\/ws20-di-lichtorgel-469\/wp-content\/uploads\/sites\/30\/2021\/01\/VCA_Simulation-1024x587.png\" alt=\"\" class=\"wp-image-49\" srcset=\"https:\/\/service.projektlabor.tu-berlin.de\/wordpress\/ws20-di-lichtorgel-469\/wp-content\/uploads\/sites\/30\/2021\/01\/VCA_Simulation-1024x587.png 1024w, https:\/\/service.projektlabor.tu-berlin.de\/wordpress\/ws20-di-lichtorgel-469\/wp-content\/uploads\/sites\/30\/2021\/01\/VCA_Simulation-300x172.png 300w, https:\/\/service.projektlabor.tu-berlin.de\/wordpress\/ws20-di-lichtorgel-469\/wp-content\/uploads\/sites\/30\/2021\/01\/VCA_Simulation-768x440.png 768w, https:\/\/service.projektlabor.tu-berlin.de\/wordpress\/ws20-di-lichtorgel-469\/wp-content\/uploads\/sites\/30\/2021\/01\/VCA_Simulation-1536x881.png 1536w, https:\/\/service.projektlabor.tu-berlin.de\/wordpress\/ws20-di-lichtorgel-469\/wp-content\/uploads\/sites\/30\/2021\/01\/VCA_Simulation-2048x1174.png 2048w, https:\/\/service.projektlabor.tu-berlin.de\/wordpress\/ws20-di-lichtorgel-469\/wp-content\/uploads\/sites\/30\/2021\/01\/VCA_Simulation-1200x688.png 1200w, https:\/\/service.projektlabor.tu-berlin.de\/wordpress\/ws20-di-lichtorgel-469\/wp-content\/uploads\/sites\/30\/2021\/01\/VCA_Simulation-1980x1135.png 1980w\" sizes=\"(max-width: 1024px) 100vw, 1024px\" \/><figcaption>Aufbau Simulation<span><\/span><\/figcaption><\/figure>\n\n\n\n<figure class=\"wp-block-image size-large\"><img loading=\"lazy\" width=\"1024\" height=\"437\" src=\"http:\/\/service.projektlabor.tu-berlin.de\/wordpress\/ws20-di-lichtorgel-469\/wp-content\/uploads\/sites\/30\/2021\/01\/Simulation1-1024x437.png\" alt=\"\" class=\"wp-image-41\" srcset=\"https:\/\/service.projektlabor.tu-berlin.de\/wordpress\/ws20-di-lichtorgel-469\/wp-content\/uploads\/sites\/30\/2021\/01\/Simulation1-1024x437.png 1024w, https:\/\/service.projektlabor.tu-berlin.de\/wordpress\/ws20-di-lichtorgel-469\/wp-content\/uploads\/sites\/30\/2021\/01\/Simulation1-300x128.png 300w, https:\/\/service.projektlabor.tu-berlin.de\/wordpress\/ws20-di-lichtorgel-469\/wp-content\/uploads\/sites\/30\/2021\/01\/Simulation1-768x327.png 768w, https:\/\/service.projektlabor.tu-berlin.de\/wordpress\/ws20-di-lichtorgel-469\/wp-content\/uploads\/sites\/30\/2021\/01\/Simulation1-1536x655.png 1536w, https:\/\/service.projektlabor.tu-berlin.de\/wordpress\/ws20-di-lichtorgel-469\/wp-content\/uploads\/sites\/30\/2021\/01\/Simulation1-1200x512.png 1200w, https:\/\/service.projektlabor.tu-berlin.de\/wordpress\/ws20-di-lichtorgel-469\/wp-content\/uploads\/sites\/30\/2021\/01\/Simulation1.png 1834w\" sizes=\"(max-width: 1024px) 100vw, 1024px\" \/><figcaption>Simulation<span><\/span><\/figcaption><\/figure>\n\n\n\n<h3 id=\"steckbrettaufbau\">Steckbrettaufbau<\/h3>\n\n\n\n<p>Da die Simulation ganz gut funktioniert hat, wurde die Schaltung am Steckbrett aufgebaut:<\/p>\n\n\n\n<figure class=\"wp-block-image size-large\"><img loading=\"lazy\" width=\"595\" height=\"842\" src=\"http:\/\/service.projektlabor.tu-berlin.de\/wordpress\/ws20-di-lichtorgel-469\/wp-content\/uploads\/sites\/30\/2021\/01\/Steckbrett.jpg\" alt=\"\" class=\"wp-image-45\" srcset=\"https:\/\/service.projektlabor.tu-berlin.de\/wordpress\/ws20-di-lichtorgel-469\/wp-content\/uploads\/sites\/30\/2021\/01\/Steckbrett.jpg 595w, https:\/\/service.projektlabor.tu-berlin.de\/wordpress\/ws20-di-lichtorgel-469\/wp-content\/uploads\/sites\/30\/2021\/01\/Steckbrett-212x300.jpg 212w\" sizes=\"(max-width: 595px) 100vw, 595px\" \/><figcaption>Aufbau VCA am Steckbrett<\/figcaption><\/figure>\n\n\n\n<p>Mit einem Funktionsgenerator und eine Gleichspannungsquelle wurden die Ein- und Ausgangssignale erzeugt und am Oszilloskop gemessen.<\/p>\n\n\n\n<p>Wir sehen, dass das Eingangssignal maximal verst\u00e4rkt wird, wenn der J-FET ausgeschalten ist:<\/p>\n\n\n\n<figure class=\"wp-block-image size-large\"><img loading=\"lazy\" width=\"640\" height=\"520\" src=\"http:\/\/service.projektlabor.tu-berlin.de\/wordpress\/ws20-di-lichtorgel-469\/wp-content\/uploads\/sites\/30\/2021\/01\/Oszi1.png\" alt=\"\" class=\"wp-image-29\" srcset=\"https:\/\/service.projektlabor.tu-berlin.de\/wordpress\/ws20-di-lichtorgel-469\/wp-content\/uploads\/sites\/30\/2021\/01\/Oszi1.png 640w, https:\/\/service.projektlabor.tu-berlin.de\/wordpress\/ws20-di-lichtorgel-469\/wp-content\/uploads\/sites\/30\/2021\/01\/Oszi1-300x244.png 300w\" sizes=\"(max-width: 640px) 100vw, 640px\" \/><figcaption>Screenshot vom Oszilloskop bei gr\u00f6\u00dftm\u00f6gliche Spannung am J-FET<span><\/span><\/figcaption><\/figure>\n\n\n\n<p>Bei einer geringeren Spannung am J-FET wird das Eingangssignal weniger verst\u00e4rkt:<\/p>\n\n\n\n<figure class=\"wp-block-image size-large\"><img loading=\"lazy\" width=\"640\" height=\"520\" src=\"http:\/\/service.projektlabor.tu-berlin.de\/wordpress\/ws20-di-lichtorgel-469\/wp-content\/uploads\/sites\/30\/2021\/01\/Oszi2.png\" alt=\"\" class=\"wp-image-30\" srcset=\"https:\/\/service.projektlabor.tu-berlin.de\/wordpress\/ws20-di-lichtorgel-469\/wp-content\/uploads\/sites\/30\/2021\/01\/Oszi2.png 640w, https:\/\/service.projektlabor.tu-berlin.de\/wordpress\/ws20-di-lichtorgel-469\/wp-content\/uploads\/sites\/30\/2021\/01\/Oszi2-300x244.png 300w\" sizes=\"(max-width: 640px) 100vw, 640px\" \/><figcaption>Screenshot vom Oszilloskop bei geringeren Spannung am J-FET<span><\/span><\/figcaption><\/figure>\n\n\n\n<p><\/p>\n","protected":false},"excerpt":{"rendered":"<p>VCA Einleitung Das Audiosignal von Mikrofonvorverst\u00e4rker muss nochmal verst\u00e4rkt werden. Daf\u00fcr verwenden wir ein VCA, mit steuerbarer Verst\u00e4rkung. Konzept F\u00fcr die Verst\u00e4rkung des Eingangssignal wird ein OPV als invertierender Verst\u00e4rker geschalten. Die Widerst\u00e4nde werden so ausgew\u00e4hlt, dass das Eingangssignal 10-fach verst\u00e4rkt wird. Der invertierende Eingang des OPVs ist ebenfalls an einem p-Kanal J-FET, welches mit [&hellip;]<\/p>\n","protected":false},"author":123,"featured_media":0,"parent":0,"menu_order":0,"comment_status":"closed","ping_status":"closed","template":"","meta":[],"_links":{"self":[{"href":"https:\/\/service.projektlabor.tu-berlin.de\/wordpress\/ws20-di-lichtorgel-469\/wp-json\/wp\/v2\/pages\/52"}],"collection":[{"href":"https:\/\/service.projektlabor.tu-berlin.de\/wordpress\/ws20-di-lichtorgel-469\/wp-json\/wp\/v2\/pages"}],"about":[{"href":"https:\/\/service.projektlabor.tu-berlin.de\/wordpress\/ws20-di-lichtorgel-469\/wp-json\/wp\/v2\/types\/page"}],"author":[{"embeddable":true,"href":"https:\/\/service.projektlabor.tu-berlin.de\/wordpress\/ws20-di-lichtorgel-469\/wp-json\/wp\/v2\/users\/123"}],"replies":[{"embeddable":true,"href":"https:\/\/service.projektlabor.tu-berlin.de\/wordpress\/ws20-di-lichtorgel-469\/wp-json\/wp\/v2\/comments?post=52"}],"version-history":[{"count":1,"href":"https:\/\/service.projektlabor.tu-berlin.de\/wordpress\/ws20-di-lichtorgel-469\/wp-json\/wp\/v2\/pages\/52\/revisions"}],"predecessor-version":[{"id":53,"href":"https:\/\/service.projektlabor.tu-berlin.de\/wordpress\/ws20-di-lichtorgel-469\/wp-json\/wp\/v2\/pages\/52\/revisions\/53"}],"wp:attachment":[{"href":"https:\/\/service.projektlabor.tu-berlin.de\/wordpress\/ws20-di-lichtorgel-469\/wp-json\/wp\/v2\/media?parent=52"}],"curies":[{"name":"wp","href":"https:\/\/api.w.org\/{rel}","templated":true}]}}