{"id":135,"date":"2013-07-27T00:47:05","date_gmt":"2013-07-26T22:47:05","guid":{"rendered":"http:\/\/service.projektlabor.tu-berlin.de\/wordpress\/?page_id=135"},"modified":"2013-07-27T00:50:22","modified_gmt":"2013-07-26T22:50:22","slug":"projektwebseiten-des-projektorientierten-praktikums-projektlabor-der-tu-berlin","status":"publish","type":"page","link":"https:\/\/service.projektlabor.tu-berlin.de\/wordpress\/","title":{"rendered":"Projektwebseiten des projektorientierten Praktikums (Projektlabor) der TU Berlin"},"content":{"rendered":"<p>Guten Tag!<\/p>\n<p>In diesem Ordner befinden sich alle Webseiten der durchgef\u00fchrten Projekte (soweit eine erstellt wurde). Unter dieser Adresse ist jedoch kein Inhalt hinterlegt. Eine Auflistung aller bisherigen Projekte finden Sie hier: <a href=\"https:\/\/www.projektlabor.tu-berlin.de\/menue\/projekte\/alte_projekte\/\">https:\/\/www.projektlabor.tu-berlin.de\/menue\/projekte\/alte_projekte\/<br \/>\n<\/a><br \/>\nWeitere Informationen \u00fcber das Projektlabor k\u00f6nnen \u00fcber <a href=\"https:\/\/www.projektlabor.tu-berlin.de\/\">https:\/\/www.projektlabor.tu-berlin.de\/<\/a> eingesehen werden.<\/p>\n<p>Vielen Dank!<\/p>\n","protected":false},"excerpt":{"rendered":"<p>Guten Tag! In diesem Ordner befinden sich alle Webseiten der durchgef\u00fchrten Projekte (soweit eine erstellt wurde). Unter dieser Adresse ist jedoch kein Inhalt hinterlegt. Eine Auflistung aller bisherigen Projekte finden Sie hier: https:\/\/www.projektlabor.tu-berlin.de\/menue\/projekte\/alte_projekte\/ Weitere Informationen \u00fcber das Projektlabor k\u00f6nnen \u00fcber https:\/\/www.projektlabor.tu-berlin.de\/ eingesehen werden. Vielen Dank!<\/p>\n","protected":false},"author":5,"featured_media":0,"parent":0,"menu_order":0,"comment_status":"open","ping_status":"closed","template":"page-templates\/front-page.php","meta":[],"_links":{"self":[{"href":"https:\/\/service.projektlabor.tu-berlin.de\/wordpress\/wp-json\/wp\/v2\/pages\/135"}],"collection":[{"href":"https:\/\/service.projektlabor.tu-berlin.de\/wordpress\/wp-json\/wp\/v2\/pages"}],"about":[{"href":"https:\/\/service.projektlabor.tu-berlin.de\/wordpress\/wp-json\/wp\/v2\/types\/page"}],"author":[{"embeddable":true,"href":"https:\/\/service.projektlabor.tu-berlin.de\/wordpress\/wp-json\/wp\/v2\/users\/5"}],"replies":[{"embeddable":true,"href":"https:\/\/service.projektlabor.tu-berlin.de\/wordpress\/wp-json\/wp\/v2\/comments?post=135"}],"version-history":[{"count":3,"href":"https:\/\/service.projektlabor.tu-berlin.de\/wordpress\/wp-json\/wp\/v2\/pages\/135\/revisions"}],"predecessor-version":[{"id":139,"href":"https:\/\/service.projektlabor.tu-berlin.de\/wordpress\/wp-json\/wp\/v2\/pages\/135\/revisions\/139"}],"wp:attachment":[{"href":"https:\/\/service.projektlabor.tu-berlin.de\/wordpress\/wp-json\/wp\/v2\/media?parent=135"}],"curies":[{"name":"wp","href":"https:\/\/api.w.org\/{rel}","templated":true}]}}