{"id":80,"date":"2014-06-05T15:31:41","date_gmt":"2014-06-05T13:31:41","guid":{"rendered":"http:\/\/service.projektlabor.tu-berlin.de\/wordpress\/weckman\/?page_id=80"},"modified":"2014-07-03T20:03:38","modified_gmt":"2014-07-03T18:03:38","slug":"gruppe-5-features","status":"publish","type":"page","link":"https:\/\/service.projektlabor.tu-berlin.de\/wordpress\/weckman\/gruppen\/gruppe-5-features\/","title":{"rendered":"Gruppe 5 &#8211; Weckfunktion"},"content":{"rendered":"<p>Die Gruppe Weckfunktion k\u00fcmmert sich um verschiedene visuelle Weckeffekte und um die<br \/>\nM\u00f6glichkeit den Weckman auszuschalten bzw. in den Snooze zu versetzen. Daf\u00fcr wurden drei<br \/>\nUntergruppen gebildet: LED, K\u00e4fer und Hei\u00dfer Draht. Teilnehmer der Gruppe Weckfunktion<br \/>\nsind Steffen Wendler, Susann Wendler, Frowin Buballa, Jannes Kr\u00fcger, Sebastian Linhoff, Jan<br \/>\nSchrick, Sebastian Arnd, Pedro Lehmann Ibanez, Julia Herger und Hoang Vu. Betreuer der<br \/>\nGruppe ist Daniel Dorn.<\/p>\n<div id=\"attachment_261\" style=\"width: 635px\" class=\"wp-caption alignnone\"><a href=\"http:\/\/service.projektlabor.tu-berlin.de\/wordpress\/weckman\/wp-content\/uploads\/sites\/7\/2014\/06\/Gruppe-Weckfunktion.png\"><img aria-describedby=\"caption-attachment-261\" loading=\"lazy\" class=\" wp-image-261\" alt=\"Gruppe Weckfunktion\" src=\"http:\/\/service.projektlabor.tu-berlin.de\/wordpress\/weckman\/wp-content\/uploads\/sites\/7\/2014\/06\/Gruppe-Weckfunktion-1024x768.png\" width=\"625\" height=\"468\" srcset=\"https:\/\/service.projektlabor.tu-berlin.de\/wordpress\/weckman\/wp-content\/uploads\/sites\/7\/2014\/06\/Gruppe-Weckfunktion-1024x768.png 1024w, https:\/\/service.projektlabor.tu-berlin.de\/wordpress\/weckman\/wp-content\/uploads\/sites\/7\/2014\/06\/Gruppe-Weckfunktion-300x225.png 300w, https:\/\/service.projektlabor.tu-berlin.de\/wordpress\/weckman\/wp-content\/uploads\/sites\/7\/2014\/06\/Gruppe-Weckfunktion-624x468.png 624w, https:\/\/service.projektlabor.tu-berlin.de\/wordpress\/weckman\/wp-content\/uploads\/sites\/7\/2014\/06\/Gruppe-Weckfunktion.png 1852w\" sizes=\"(max-width: 625px) 100vw, 625px\" \/><\/a><p id=\"caption-attachment-261\" class=\"wp-caption-text\">Gruppenfoto der Teilnehmer der Gruppe Weckfunktion<\/p><\/div>\n<p>In der ersten Stufe soll man mit Hilfe von leisem Radio und langsam blickendem Licht geweckt<br \/>\nwerden. Durch Bet\u00e4tigen eines Schalters kann der Wecker f\u00fcr 5min ausgeschaltet werden<br \/>\n(Snooze). M\u00f6chte man den Wecker vollst\u00e4ndig ausschalten, so muss man den Hei\u00dfen Draht<br \/>\nfehlerfrei durchlaufen.<br \/>\nIn der zweiten Stufe ist das Radio deutlich lauter und das Licht blinkt schneller. Auch hier gibt<br \/>\nes die M\u00f6glichkeiten den Snooze durch einen Schalter auszul\u00f6sen oder den Wecker mittels Hei\u00dfem Draht auszuschalten.<br \/>\nIn der letzten Stufe wird ein K\u00e4fer aus dem Wecker herauslaufen, der sich auf dem Fu\u00dfboden<br \/>\nfrei bewegen wird. Der Wecker l\u00e4sst sich nur vollst\u00e4ndig ausschalten, in dem man den K\u00e4fer<br \/>\neinsammelt und in den daf\u00fcr vorgesehenen Hohlraum zur\u00fccksteckt.<\/p>\n<div id=\"attachment_263\" style=\"width: 635px\" class=\"wp-caption alignnone\"><a href=\"http:\/\/service.projektlabor.tu-berlin.de\/wordpress\/weckman\/wp-content\/uploads\/sites\/7\/2014\/06\/Blockschaltbild-Weckfunktion.png\"><img aria-describedby=\"caption-attachment-263\" loading=\"lazy\" class=\"size-large wp-image-263\" alt=\"Blockschaltbild der Gruppe Weckfunktion\" src=\"http:\/\/service.projektlabor.tu-berlin.de\/wordpress\/weckman\/wp-content\/uploads\/sites\/7\/2014\/06\/Blockschaltbild-Weckfunktion-1024x538.png\" width=\"625\" height=\"328\" srcset=\"https:\/\/service.projektlabor.tu-berlin.de\/wordpress\/weckman\/wp-content\/uploads\/sites\/7\/2014\/06\/Blockschaltbild-Weckfunktion-1024x538.png 1024w, https:\/\/service.projektlabor.tu-berlin.de\/wordpress\/weckman\/wp-content\/uploads\/sites\/7\/2014\/06\/Blockschaltbild-Weckfunktion-300x157.png 300w, https:\/\/service.projektlabor.tu-berlin.de\/wordpress\/weckman\/wp-content\/uploads\/sites\/7\/2014\/06\/Blockschaltbild-Weckfunktion-624x328.png 624w, https:\/\/service.projektlabor.tu-berlin.de\/wordpress\/weckman\/wp-content\/uploads\/sites\/7\/2014\/06\/Blockschaltbild-Weckfunktion.png 1854w\" sizes=\"(max-width: 625px) 100vw, 625px\" \/><\/a><p id=\"caption-attachment-263\" class=\"wp-caption-text\">Blockschaltbild der Gruppe Weckfunktion<\/p><\/div>\n","protected":false},"excerpt":{"rendered":"<p>Die Gruppe Weckfunktion k\u00fcmmert sich um verschiedene visuelle Weckeffekte und um die M\u00f6glichkeit den Weckman auszuschalten bzw. in den Snooze zu versetzen. Daf\u00fcr wurden drei Untergruppen gebildet: LED, K\u00e4fer und Hei\u00dfer Draht. Teilnehmer der Gruppe Weckfunktion sind Steffen Wendler, Susann Wendler, Frowin Buballa, Jannes Kr\u00fcger, Sebastian Linhoff, Jan Schrick, Sebastian Arnd, Pedro Lehmann Ibanez, Julia [&hellip;]<\/p>\n","protected":false},"author":12,"featured_media":0,"parent":68,"menu_order":0,"comment_status":"closed","ping_status":"open","template":"page-templates\/front-page.php","meta":[],"_links":{"self":[{"href":"https:\/\/service.projektlabor.tu-berlin.de\/wordpress\/weckman\/wp-json\/wp\/v2\/pages\/80"}],"collection":[{"href":"https:\/\/service.projektlabor.tu-berlin.de\/wordpress\/weckman\/wp-json\/wp\/v2\/pages"}],"about":[{"href":"https:\/\/service.projektlabor.tu-berlin.de\/wordpress\/weckman\/wp-json\/wp\/v2\/types\/page"}],"author":[{"embeddable":true,"href":"https:\/\/service.projektlabor.tu-berlin.de\/wordpress\/weckman\/wp-json\/wp\/v2\/users\/12"}],"replies":[{"embeddable":true,"href":"https:\/\/service.projektlabor.tu-berlin.de\/wordpress\/weckman\/wp-json\/wp\/v2\/comments?post=80"}],"version-history":[{"count":4,"href":"https:\/\/service.projektlabor.tu-berlin.de\/wordpress\/weckman\/wp-json\/wp\/v2\/pages\/80\/revisions"}],"predecessor-version":[{"id":264,"href":"https:\/\/service.projektlabor.tu-berlin.de\/wordpress\/weckman\/wp-json\/wp\/v2\/pages\/80\/revisions\/264"}],"up":[{"embeddable":true,"href":"https:\/\/service.projektlabor.tu-berlin.de\/wordpress\/weckman\/wp-json\/wp\/v2\/pages\/68"}],"wp:attachment":[{"href":"https:\/\/service.projektlabor.tu-berlin.de\/wordpress\/weckman\/wp-json\/wp\/v2\/media?parent=80"}],"curies":[{"name":"wp","href":"https:\/\/api.w.org\/{rel}","templated":true}]}}