{"id":116,"date":"2014-06-05T15:53:43","date_gmt":"2014-06-05T13:53:43","guid":{"rendered":"http:\/\/service.projektlabor.tu-berlin.de\/wordpress\/weckman\/?page_id=116"},"modified":"2014-06-05T16:20:57","modified_gmt":"2014-06-05T14:20:57","slug":"projekt-weckman","status":"publish","type":"page","link":"https:\/\/service.projektlabor.tu-berlin.de\/wordpress\/weckman\/","title":{"rendered":"Willkommen auf der Webseite des Projektes Weckman"},"content":{"rendered":"<p>Die Studenten haben abgestimmt und beschlossen, dass im Sommersemester 2014 im Projektlabor ein Radiowecker gebaut wird, der \u00fcber weitaus mehr F\u00e4higkeiten verf\u00fcgt als jeder handels\u00fcbliche Wecker. Aufgeteilt in Gruppen bauen jeweils ca. 10 Studenten an Unterprojekten die dann nach dem St\u00f6pseltermin den gesamten Radiowecker ergaben.<\/p>\n","protected":false},"excerpt":{"rendered":"<p>Die Studenten haben abgestimmt und beschlossen, dass im Sommersemester 2014 im Projektlabor ein Radiowecker gebaut wird, der \u00fcber weitaus mehr F\u00e4higkeiten verf\u00fcgt als jeder handels\u00fcbliche Wecker. Aufgeteilt in Gruppen bauen jeweils ca. 10 Studenten an Unterprojekten die dann nach dem St\u00f6pseltermin den gesamten Radiowecker ergaben.<\/p>\n","protected":false},"author":12,"featured_media":0,"parent":0,"menu_order":0,"comment_status":"closed","ping_status":"closed","template":"page-templates\/front-page.php","meta":[],"_links":{"self":[{"href":"https:\/\/service.projektlabor.tu-berlin.de\/wordpress\/weckman\/wp-json\/wp\/v2\/pages\/116"}],"collection":[{"href":"https:\/\/service.projektlabor.tu-berlin.de\/wordpress\/weckman\/wp-json\/wp\/v2\/pages"}],"about":[{"href":"https:\/\/service.projektlabor.tu-berlin.de\/wordpress\/weckman\/wp-json\/wp\/v2\/types\/page"}],"author":[{"embeddable":true,"href":"https:\/\/service.projektlabor.tu-berlin.de\/wordpress\/weckman\/wp-json\/wp\/v2\/users\/12"}],"replies":[{"embeddable":true,"href":"https:\/\/service.projektlabor.tu-berlin.de\/wordpress\/weckman\/wp-json\/wp\/v2\/comments?post=116"}],"version-history":[{"count":3,"href":"https:\/\/service.projektlabor.tu-berlin.de\/wordpress\/weckman\/wp-json\/wp\/v2\/pages\/116\/revisions"}],"predecessor-version":[{"id":139,"href":"https:\/\/service.projektlabor.tu-berlin.de\/wordpress\/weckman\/wp-json\/wp\/v2\/pages\/116\/revisions\/139"}],"wp:attachment":[{"href":"https:\/\/service.projektlabor.tu-berlin.de\/wordpress\/weckman\/wp-json\/wp\/v2\/media?parent=116"}],"curies":[{"name":"wp","href":"https:\/\/api.w.org\/{rel}","templated":true}]}}