{"id":36,"date":"2014-02-06T17:41:38","date_gmt":"2014-02-06T15:41:38","guid":{"rendered":"http:\/\/service.projektlabor.tu-berlin.de\/wordpress\/theribaby\/?page_id=36"},"modified":"2014-07-31T14:16:46","modified_gmt":"2014-07-31T12:16:46","slug":"gruppe-5","status":"publish","type":"page","link":"https:\/\/service.projektlabor.tu-berlin.de\/wordpress\/theribaby\/gruppe-5\/","title":{"rendered":"Gruppe 5"},"content":{"rendered":"<div>\n<h1 style=\"text-align: left;\"><b style=\"line-height: 1.714285714; font-size: 1rem;\"><span style=\"text-decoration: underline;\">Gruppe 5: Verst\u00e4rker<\/span><\/b><\/h1>\n<p><a href=\"http:\/\/service.projektlabor.tu-berlin.de\/wordpress\/theribaby\/wp-content\/uploads\/sites\/6\/2014\/02\/BSB.jpg\"><img loading=\"lazy\" class=\"alignnone size-large wp-image-91\" alt=\"BSB\" src=\"http:\/\/service.projektlabor.tu-berlin.de\/wordpress\/theribaby\/wp-content\/uploads\/sites\/6\/2014\/02\/BSB-1024x559.jpg\" width=\"625\" height=\"341\" srcset=\"https:\/\/service.projektlabor.tu-berlin.de\/wordpress\/theribaby\/wp-content\/uploads\/sites\/6\/2014\/02\/BSB-1024x559.jpg 1024w, https:\/\/service.projektlabor.tu-berlin.de\/wordpress\/theribaby\/wp-content\/uploads\/sites\/6\/2014\/02\/BSB-300x163.jpg 300w, https:\/\/service.projektlabor.tu-berlin.de\/wordpress\/theribaby\/wp-content\/uploads\/sites\/6\/2014\/02\/BSB-624x340.jpg 624w, https:\/\/service.projektlabor.tu-berlin.de\/wordpress\/theribaby\/wp-content\/uploads\/sites\/6\/2014\/02\/BSB.jpg 1402w\" sizes=\"(max-width: 625px) 100vw, 625px\" \/><\/a><\/p>\n<p>Wir befinden uns nun im blauen Bereich<\/p>\n<p>&nbsp;<\/p>\n<p><strong>Gruppenfoto:<\/strong><\/p>\n<p>Die f\u00fcnfte und letzte Gruppe ist die Verst\u00e4rkergruppe. Wir sorgen daf\u00fcr, dass die T\u00f6ne des<\/p>\n<p>Theremins \u00a0so verst\u00e4rkt werden, dass man sie h\u00f6ren kann In dieser letzten Stufe des Theremins passieren zwei Sachen gleichzeitig. Zum einen wird die<\/p>\n<p>Lautst\u00e4rke, die von der linken Hand vorgegeben wird, mit der Tonwelle verbunden. Dies geschieht durch die Amplitudenmodulation der Tonwelle durch die Lautst\u00e4rkenh\u00fcllkurve, was von der ersten Gruppe, der VCA\u00adGruppe gemacht wird. Zum anderen wird dieses modellierte Signal entweder zu einem Kopfh\u00f6rerausgang oder zu einer Verst\u00e4rkerendstufe<\/p>\n<p>gef\u00fchrt, in der eine Spannungsverst\u00e4rkung umgesetzt wird. Dieses wird von der zweigeteilten Verst\u00e4rker\u00adGruppe aufgebaut. Als umzusetzendes Feature werden im Anschluss noch Boxen zur Tonerzeugung gebaut.<\/p>\n<p><a href=\"http:\/\/service.projektlabor.tu-berlin.de\/wordpress\/theribaby\/wp-content\/uploads\/sites\/6\/2014\/02\/VCA.jpg\"><img loading=\"lazy\" title=\"Blockschaltbild\" alt=\"VCA\" src=\"http:\/\/service.projektlabor.tu-berlin.de\/wordpress\/theribaby\/wp-content\/uploads\/sites\/6\/2014\/02\/VCA-300x75.jpg\" width=\"500\" height=\"150\" \/><\/a><\/p>\n<dl id=\"attachment_16\">\n<dd><\/dd>\n<\/dl>\n<h1><\/h1>\n<p><span style=\"text-decoration: underline;\"><strong>Der VCA<\/strong><\/span><\/p>\n<p>Der VCA (Voltage Controlled Amplier) kann das sinusf\u00f6rmige Audiosignal in Abh\u00e4ngigkeit der SteuerGleichspannung verst\u00e4rken, wozu die beiden Signale multipliziert werden. Die Schaltung muss bestimmten Anspr\u00fcchen gen\u00fcgen. So mussten wir beachten, dass das sinusf\u00f6rmige Audiosignal auch negative Spannungsanteile besitzt. Eine einfache, nur auf<\/p>\n<p>Operationsverst\u00e4rkern basierende, Schaltung konnten wir also schon einmal nicht verwenden, da diese das Signal am Anfang logarithmiert und man somit mit negativen Spannungen<\/p>\n<p>nicht umgehen kann. Das Problem l\u00f6sten wir, indem wir eine Schaltung ausw\u00e4hlten, die das Signal splittet und die negativen Signalanteile durch einen Operationsverst\u00e4rker invertiert. Die<\/p>\n<p>positiven Signalanteile der normalen und invertierten Signals werden mit der Steuerspannung durch einen zweiten OPV multipliziert.<\/p>\n<p><a href=\"http:\/\/upload.wikimedia.org\/wikipedia\/commons\/4\/45\/Analog_multiplier_diagram.svg\"><img loading=\"lazy\" alt=\"VCA2\" src=\"http:\/\/service.projektlabor.tu-berlin.de\/wordpress\/theribaby\/wp-content\/uploads\/sites\/6\/2014\/02\/VCA2-300x72.jpg\" width=\"500\" height=\"150\" \/><\/a><\/p>\n<p>&nbsp;<\/p>\n<p><i>Blockschaltbild des Multiplizierers<\/i><\/p>\n<p><i>Quelle:\u00a0\u00a0 \u00a0<\/i><a href=\"http:\/\/upload.wikimedia.org\/wikipedia\/commons\/4\/45\/Analog_multiplier_diagram.svg\"><i>http:\/\/upload.wikimedia.org\/wikipedia\/commons\/4\/45\/Analog_multiplier_diagram.svg<\/i><\/a><\/p>\n<\/div>\n<p>&nbsp;<\/p>\n<p><span style=\"text-decoration: underline;\"><strong>Der TDA<\/strong><\/span><\/p>\n<h1><span style=\"font-family: Calibri, sans-serif; font-size: medium; line-height: 1.714285714;\">Die TDA-Gruppe bilden Kadega Okla und Monika Zak.<\/span><\/h1>\n<p align=\"JUSTIFY\"><span style=\"font-family: Calibri, sans-serif;\"><span style=\"font-size: medium;\"><span style=\"text-decoration: underline;\">Aufgabestellung:<\/span><\/span><\/span><\/p>\n<p align=\"JUSTIFY\"><span style=\"font-family: Calibri, sans-serif;\"><span style=\"font-size: medium;\">Die Aufgabe der TDA-Endstufe besteht darin, den Signal zu verst\u00e4rken. Die Endstufe ist die Bezeichnung f\u00fcr die letzte verst\u00e4rkende Stufe eines Leistungsverst\u00e4rkers vor der Last. Es gibt viele verschiedenen Endstufen, aber da wir m\u00f6glichst eine hohe Verst\u00e4rkung bekommen wollten, haben wir uns f\u00fcr den TDA 7396 (integrierte Schaltung) entschieden. Damit ist es m\u00f6glich mit 12 V Versorgungsspannung ca.40W zu erzielen.<\/span><\/span><\/p>\n<p align=\"JUSTIFY\"><span style=\"font-family: Calibri, sans-serif;\"><span style=\"font-size: medium;\"><span style=\"text-decoration: underline;\">Schaltbild:<\/span><\/span><\/span><\/p>\n<p>\u00a0<img loading=\"lazy\" class=\"alignnone  wp-image-40\" style=\"font-size: 1rem; line-height: 1;\" alt=\"TDA\" src=\"http:\/\/service.projektlabor.tu-berlin.de\/wordpress\/theribaby\/wp-content\/uploads\/sites\/6\/2014\/02\/TDA-300x189.jpg\" width=\"500\" height=\"250\" \/><\/p>\n","protected":false},"excerpt":{"rendered":"<p>Gruppe 5: Verst\u00e4rker Wir befinden uns nun im blauen Bereich &nbsp; Gruppenfoto: Die f\u00fcnfte und letzte Gruppe ist die Verst\u00e4rkergruppe. Wir sorgen daf\u00fcr, dass die T\u00f6ne des Theremins \u00a0so verst\u00e4rkt werden, dass man sie h\u00f6ren kann In dieser letzten Stufe des Theremins passieren zwei Sachen gleichzeitig. Zum einen wird die Lautst\u00e4rke, die von der linken [&hellip;]<\/p>\n","protected":false},"author":10,"featured_media":0,"parent":0,"menu_order":6,"comment_status":"closed","ping_status":"open","template":"","meta":[],"_links":{"self":[{"href":"https:\/\/service.projektlabor.tu-berlin.de\/wordpress\/theribaby\/wp-json\/wp\/v2\/pages\/36"}],"collection":[{"href":"https:\/\/service.projektlabor.tu-berlin.de\/wordpress\/theribaby\/wp-json\/wp\/v2\/pages"}],"about":[{"href":"https:\/\/service.projektlabor.tu-berlin.de\/wordpress\/theribaby\/wp-json\/wp\/v2\/types\/page"}],"author":[{"embeddable":true,"href":"https:\/\/service.projektlabor.tu-berlin.de\/wordpress\/theribaby\/wp-json\/wp\/v2\/users\/10"}],"replies":[{"embeddable":true,"href":"https:\/\/service.projektlabor.tu-berlin.de\/wordpress\/theribaby\/wp-json\/wp\/v2\/comments?post=36"}],"version-history":[{"count":14,"href":"https:\/\/service.projektlabor.tu-berlin.de\/wordpress\/theribaby\/wp-json\/wp\/v2\/pages\/36\/revisions"}],"predecessor-version":[{"id":186,"href":"https:\/\/service.projektlabor.tu-berlin.de\/wordpress\/theribaby\/wp-json\/wp\/v2\/pages\/36\/revisions\/186"}],"wp:attachment":[{"href":"https:\/\/service.projektlabor.tu-berlin.de\/wordpress\/theribaby\/wp-json\/wp\/v2\/media?parent=36"}],"curies":[{"name":"wp","href":"https:\/\/api.w.org\/{rel}","templated":true}]}}