{"id":33,"date":"2014-02-06T17:40:35","date_gmt":"2014-02-06T15:40:35","guid":{"rendered":"http:\/\/service.projektlabor.tu-berlin.de\/wordpress\/theribaby\/?page_id=33"},"modified":"2014-03-23T21:00:21","modified_gmt":"2014-03-23T19:00:21","slug":"gruppe-3","status":"publish","type":"page","link":"https:\/\/service.projektlabor.tu-berlin.de\/wordpress\/theribaby\/gruppe-3\/","title":{"rendered":"Gruppe 3"},"content":{"rendered":"<p><span style=\"text-decoration: underline\"><strong>Gruppe 3: Klangeffekte<\/strong><\/span><\/p>\n<p><a href=\"http:\/\/service.projektlabor.tu-berlin.de\/wordpress\/theribaby\/wp-content\/uploads\/sites\/6\/2014\/02\/BSB.jpg\"><img loading=\"lazy\" class=\"alignnone size-large wp-image-91\" alt=\"BSB\" src=\"http:\/\/service.projektlabor.tu-berlin.de\/wordpress\/theribaby\/wp-content\/uploads\/sites\/6\/2014\/02\/BSB-1024x559.jpg\" width=\"625\" height=\"341\" srcset=\"https:\/\/service.projektlabor.tu-berlin.de\/wordpress\/theribaby\/wp-content\/uploads\/sites\/6\/2014\/02\/BSB-1024x559.jpg 1024w, https:\/\/service.projektlabor.tu-berlin.de\/wordpress\/theribaby\/wp-content\/uploads\/sites\/6\/2014\/02\/BSB-300x163.jpg 300w, https:\/\/service.projektlabor.tu-berlin.de\/wordpress\/theribaby\/wp-content\/uploads\/sites\/6\/2014\/02\/BSB-624x340.jpg 624w, https:\/\/service.projektlabor.tu-berlin.de\/wordpress\/theribaby\/wp-content\/uploads\/sites\/6\/2014\/02\/BSB.jpg 1402w\" sizes=\"(max-width: 625px) 100vw, 625px\" \/><\/a><\/p>\n<p>Wir befinden uns nun im lila Bereich.<\/p>\n<p>Die Aufgabe unsere Gruppe ist es, den Klang des Theremins mit den von uns realisierten Audioeffekten zu ver\u00e4ndern.<\/p>\n<p>Die F\u00fclle an Effekten machte uns das Treffen einer Wahl recht schwierig, sodass wir uns in zwei Untergruppen aufgeteilt haben, die jeweils f\u00fcr einen Effekt verantwortlich sind. Unser <em>Theribaby<\/em> wir \u00fcber einen &#8218;<strong>Cry Baby Wah Wah<\/strong>&#8218; und einen &#8218;<strong>Fuzz Octaver<\/strong>&#8218; verf\u00fcgen. Die beiden Effekte sollen einzeln ausw\u00e4hlbar, sowie parallel betrieben werden k\u00f6nnen.<\/p>\n<p><strong>1. Der Fuzz Octaver<\/strong><\/p>\n<p>Der &#8218;Fuzz-Octaver&#8216; ist ein Audio-Effektger\u00e4t, welches zum Eingangssignal einen weiteren Ton in einer anderen Oktave einspeist. Dabei kann der oktavierte Ton sowohl eine oder mehrere Oktaven h\u00f6her als auch tiefer als die Grundschwingung sein.<\/p>\n<p>In unserem Fall haben wir uns f\u00fcr eine hohe Oktave entschieden, die dem Klang des Theremins einen breiteren Frequenzbereich erm\u00f6glicht und somit die Pr\u00e4senz des Klangs erh\u00f6hen soll. Um dies zu erreichen muss unsere Schaltung die Frequenz des Eingangssignals verdoppeln. Dies wird durch einen Gleichrichter erreicht, der die negative Halbwelle eines sinusf\u00f6rmigen Signals in den positiven Bereich spiegelt.<\/p>\n<p><a href=\"http:\/\/service.projektlabor.tu-berlin.de\/wordpress\/theribaby\/wp-content\/uploads\/sites\/6\/2014\/02\/11.jpg\"><img loading=\"lazy\" class=\"alignnone size-full wp-image-145\" alt=\"1\" src=\"http:\/\/service.projektlabor.tu-berlin.de\/wordpress\/theribaby\/wp-content\/uploads\/sites\/6\/2014\/02\/11.jpg\" width=\"799\" height=\"287\" srcset=\"https:\/\/service.projektlabor.tu-berlin.de\/wordpress\/theribaby\/wp-content\/uploads\/sites\/6\/2014\/02\/11.jpg 799w, https:\/\/service.projektlabor.tu-berlin.de\/wordpress\/theribaby\/wp-content\/uploads\/sites\/6\/2014\/02\/11-300x107.jpg 300w, https:\/\/service.projektlabor.tu-berlin.de\/wordpress\/theribaby\/wp-content\/uploads\/sites\/6\/2014\/02\/11-624x224.jpg 624w\" sizes=\"(max-width: 799px) 100vw, 799px\" \/><\/a><\/p>\n<p>&nbsp;<\/p>\n<p><strong>2. Der WahWah Effekt<\/strong><\/p>\n<p>Der WahWah Effekt ist ein sehr beliebter und vor allem bei Gitarristen ein sehr verbreiteter Effekt. Nach dem Testen verschiedener Effekte mit einem Gutarreneffektger\u00e4t haben wir uns daf\u00fcr entschieden, diesen Effekt nachzubauen.Im Prinzip ist es ein Bandpass, dessen Zentralfrequenz durch ein Pedal verstellt werden kann. Dadurch entsteht das ber\u00fchmte Waaahhhwahhh-Ger\u00e4usch.<\/p>\n<p><a href=\"http:\/\/service.projektlabor.tu-berlin.de\/wordpress\/theribaby\/wp-content\/uploads\/sites\/6\/2014\/02\/21.jpg\"><img loading=\"lazy\" class=\"alignnone  wp-image-146\" alt=\"2\" src=\"http:\/\/service.projektlabor.tu-berlin.de\/wordpress\/theribaby\/wp-content\/uploads\/sites\/6\/2014\/02\/21-1024x681.jpg\" width=\"500\" height=\"332\" srcset=\"https:\/\/service.projektlabor.tu-berlin.de\/wordpress\/theribaby\/wp-content\/uploads\/sites\/6\/2014\/02\/21-1024x681.jpg 1024w, https:\/\/service.projektlabor.tu-berlin.de\/wordpress\/theribaby\/wp-content\/uploads\/sites\/6\/2014\/02\/21-300x199.jpg 300w, https:\/\/service.projektlabor.tu-berlin.de\/wordpress\/theribaby\/wp-content\/uploads\/sites\/6\/2014\/02\/21-624x415.jpg 624w, https:\/\/service.projektlabor.tu-berlin.de\/wordpress\/theribaby\/wp-content\/uploads\/sites\/6\/2014\/02\/21.jpg 1248w\" sizes=\"(max-width: 500px) 100vw, 500px\" \/><\/a><\/p>\n","protected":false},"excerpt":{"rendered":"<p>Gruppe 3: Klangeffekte Wir befinden uns nun im lila Bereich. Die Aufgabe unsere Gruppe ist es, den Klang des Theremins mit den von uns realisierten Audioeffekten zu ver\u00e4ndern. Die F\u00fclle an Effekten machte uns das Treffen einer Wahl recht schwierig, sodass wir uns in zwei Untergruppen aufgeteilt haben, die jeweils f\u00fcr einen Effekt verantwortlich sind. [&hellip;]<\/p>\n","protected":false},"author":10,"featured_media":0,"parent":0,"menu_order":4,"comment_status":"closed","ping_status":"open","template":"","meta":[],"_links":{"self":[{"href":"https:\/\/service.projektlabor.tu-berlin.de\/wordpress\/theribaby\/wp-json\/wp\/v2\/pages\/33"}],"collection":[{"href":"https:\/\/service.projektlabor.tu-berlin.de\/wordpress\/theribaby\/wp-json\/wp\/v2\/pages"}],"about":[{"href":"https:\/\/service.projektlabor.tu-berlin.de\/wordpress\/theribaby\/wp-json\/wp\/v2\/types\/page"}],"author":[{"embeddable":true,"href":"https:\/\/service.projektlabor.tu-berlin.de\/wordpress\/theribaby\/wp-json\/wp\/v2\/users\/10"}],"replies":[{"embeddable":true,"href":"https:\/\/service.projektlabor.tu-berlin.de\/wordpress\/theribaby\/wp-json\/wp\/v2\/comments?post=33"}],"version-history":[{"count":9,"href":"https:\/\/service.projektlabor.tu-berlin.de\/wordpress\/theribaby\/wp-json\/wp\/v2\/pages\/33\/revisions"}],"predecessor-version":[{"id":178,"href":"https:\/\/service.projektlabor.tu-berlin.de\/wordpress\/theribaby\/wp-json\/wp\/v2\/pages\/33\/revisions\/178"}],"wp:attachment":[{"href":"https:\/\/service.projektlabor.tu-berlin.de\/wordpress\/theribaby\/wp-json\/wp\/v2\/media?parent=33"}],"curies":[{"name":"wp","href":"https:\/\/api.w.org\/{rel}","templated":true}]}}