{"id":40,"date":"2015-12-15T12:35:50","date_gmt":"2015-12-15T11:35:50","guid":{"rendered":"http:\/\/service.projektlabor.tu-berlin.de\/wordpress\/stefan\/?page_id=40"},"modified":"2016-01-26T15:38:37","modified_gmt":"2016-01-26T14:38:37","slug":"eingabe","status":"publish","type":"page","link":"https:\/\/service.projektlabor.tu-berlin.de\/wordpress\/stefan\/gruppen\/eingabe-und-stromversorgung\/eingabe\/","title":{"rendered":"Eingabe"},"content":{"rendered":"<p>Im folgenden wird die Aufgabe der Untergruppe <strong>\u201eButton\u201c<\/strong>, bestehend aus Eva, Hoang und Ingo, erl\u00e4utert.<\/p>\n<p style=\"text-align: left\">Um das Spiel <strong>\u201eS.T.E.F.A.N.\u201c bedienen<\/strong> zu k\u00f6nnen, braucht man eine Eingabem\u00f6glichkeit f\u00fcr den Spieler. Diese soll aus 4 Kn\u00f6pfen bestehen. Damit diese im Spiel funktionieren, m\u00fcssen sie zwei grundlegende Funktionen erf\u00fcllen k\u00f6nnen:<\/p>\n<ol>\n<li style=\"text-align: left\">Spieleingabe<\/li>\n<li style=\"text-align: left\">Spielvorgabe<\/li>\n<\/ol>\n<p>Da alle 4 Kn\u00f6pfe gleicherma\u00dfen aufgebaut sind, reicht es einen zu beschreiben. Die Schaltung soll einmal den Knopf, wenn er gedr\u00fcckt wird, zum Leuchten bringen und gleichzeitig ein Signal an die Spiellogik senden, das aussagt, dass der Knopf gedr\u00fcckt ist.<br \/>\nDies ist notwendig, um zu entscheiden, ob der richtige oder falsche Button von Spieler gedr\u00fcckt wurde. Au\u00dferdem soll der Knopf durch ein vorgegebenes Signal der Spiellogik leuchten k\u00f6nnen. Somit kann die Leuchtreihenfolge bestimmt werden, die vom Spieler nachgedr\u00fcckt werden muss. Um die einzelnen Schritte der Schaltungsgestaltung einzusehen, wurde ein <strong>Blockschaltbild<\/strong> erstellt, welches nachfolgend zu sehen ist:<\/p>\n<div id=\"attachment_54\" style=\"width: 498px\" class=\"wp-caption aligncenter\"><img aria-describedby=\"caption-attachment-54\" loading=\"lazy\" class=\"wp-image-54\" src=\"http:\/\/service.projektlabor.tu-berlin.de\/wordpress\/stefan\/wp-content\/uploads\/sites\/13\/2015\/12\/BSBpng-1024x570.png\" alt=\"Blockschaltbild\" width=\"488\" height=\"272\" srcset=\"https:\/\/service.projektlabor.tu-berlin.de\/wordpress\/stefan\/wp-content\/uploads\/sites\/13\/2015\/12\/BSBpng-1024x570.png 1024w, https:\/\/service.projektlabor.tu-berlin.de\/wordpress\/stefan\/wp-content\/uploads\/sites\/13\/2015\/12\/BSBpng-300x167.png 300w, https:\/\/service.projektlabor.tu-berlin.de\/wordpress\/stefan\/wp-content\/uploads\/sites\/13\/2015\/12\/BSBpng-100x56.png 100w, https:\/\/service.projektlabor.tu-berlin.de\/wordpress\/stefan\/wp-content\/uploads\/sites\/13\/2015\/12\/BSBpng-150x84.png 150w, https:\/\/service.projektlabor.tu-berlin.de\/wordpress\/stefan\/wp-content\/uploads\/sites\/13\/2015\/12\/BSBpng-200x111.png 200w, https:\/\/service.projektlabor.tu-berlin.de\/wordpress\/stefan\/wp-content\/uploads\/sites\/13\/2015\/12\/BSBpng-450x251.png 450w, https:\/\/service.projektlabor.tu-berlin.de\/wordpress\/stefan\/wp-content\/uploads\/sites\/13\/2015\/12\/BSBpng-600x334.png 600w, https:\/\/service.projektlabor.tu-berlin.de\/wordpress\/stefan\/wp-content\/uploads\/sites\/13\/2015\/12\/BSBpng-900x501.png 900w, https:\/\/service.projektlabor.tu-berlin.de\/wordpress\/stefan\/wp-content\/uploads\/sites\/13\/2015\/12\/BSBpng.png 1462w\" sizes=\"(max-width: 488px) 100vw, 488px\" \/><p id=\"caption-attachment-54\" class=\"wp-caption-text\">Abbildung 1: Blockschaltbild der Eingabe<\/p><\/div>\n<p>Nach diesem Blockschaltbild wurde begonnen eine Schaltung zu realisieren. Um verschiedene Farben durch Spannungen lenken zu k\u00f6nnen, wird das Bauteil <strong>&#8222;LM3914&#8220;<\/strong> ben\u00f6tigt. Dieser IC kann bei unterschiedlichen Eingangsspannungswerten jeweils andere Ausg\u00e4nge ansteuern. Zwei Vorwiderst\u00e4nde R1 und R2 werden zum Betrieb des LM3914 gebraucht. Jeder genutzte Ausgang des ICs wird nun \u00fcber einen Widerstand an die 5V-Versorgungsspannung geh\u00e4ngt. Das wird ben\u00f6tigt da der IC bei der Ansteuerung den Ausgang auf 0V zieht. Ansonsten h\u00e4tte man im nicht angesteuerten Fall eine hochohmige Leitung. Da f\u00fcr die Farbbeleuchtung RGB-LEDs genutzt werden, braucht es nun einige Logikelemente, um die 3 Grundfarben gr\u00fcn, rot und blau mischen zu k\u00f6nnen. Dadurch k\u00f6nnen die LEDs auch in anderen Farben, wie z.B. gelb und wei\u00df leuchten. Unsere Logikschaltung wird active low betrieben, d. h. dass eine 0 am Ausgang des LM3914 anliegen muss, damit eine Farbe leuchtet. Dazu wird zun\u00e4chst ein 4-fach AND nach den LM3914 geschaltet, das an jedem Eingang ein Signal zu der jeweiligen Grundfarbe anliegen hat. Wenn nun ein Eingang des ANDs zu 0 wird, was bedeutet, dass ein Signal anliegt, wird auch der Ausgang zu 0. Eine zweite Reihe ANDs ber\u00fccksichtigt auch das Signal, ob die LED leuchtet, weil jemand gedr\u00fcckt hat, oder ob die Spiellogik eine Farbe anschalten m\u00f6chte. Aus den AND-Gattern geht die Schaltung \u00fcber zu pnp-Transistoren, die verhindern, dass Strom in die &#8222;R\u00fcckw\u00e4rtsrichtung&#8220; flie\u00dfen kann. Au\u00dferdem geben sie 5V aus, wenn am Eingang eine logische 0 anliegt. Zuletzt werden Die RGB-LEDs mit Vorwiderst\u00e4nden angebracht. Der <strong>Aufbau der Schaltung<\/strong> ist in der n\u00e4chsten Abbildung noch einmal veranschaulicht:<\/p>\n<p>&nbsp;<\/p>\n<div id=\"attachment_60\" style=\"width: 635px\" class=\"wp-caption aligncenter\"><a href=\"http:\/\/service.projektlabor.tu-berlin.de\/wordpress\/stefan\/wp-content\/uploads\/sites\/13\/2015\/12\/Schaltung.png\"><img aria-describedby=\"caption-attachment-60\" loading=\"lazy\" class=\"wp-image-60 size-large\" src=\"http:\/\/service.projektlabor.tu-berlin.de\/wordpress\/stefan\/wp-content\/uploads\/sites\/13\/2015\/12\/Schaltung-1024x463.png\" alt=\"Erste Schaltung (fehlerbehaftet)\" width=\"625\" height=\"283\" srcset=\"https:\/\/service.projektlabor.tu-berlin.de\/wordpress\/stefan\/wp-content\/uploads\/sites\/13\/2015\/12\/Schaltung-1024x463.png 1024w, https:\/\/service.projektlabor.tu-berlin.de\/wordpress\/stefan\/wp-content\/uploads\/sites\/13\/2015\/12\/Schaltung-300x136.png 300w, https:\/\/service.projektlabor.tu-berlin.de\/wordpress\/stefan\/wp-content\/uploads\/sites\/13\/2015\/12\/Schaltung-100x45.png 100w, https:\/\/service.projektlabor.tu-berlin.de\/wordpress\/stefan\/wp-content\/uploads\/sites\/13\/2015\/12\/Schaltung-150x68.png 150w, https:\/\/service.projektlabor.tu-berlin.de\/wordpress\/stefan\/wp-content\/uploads\/sites\/13\/2015\/12\/Schaltung-200x91.png 200w, https:\/\/service.projektlabor.tu-berlin.de\/wordpress\/stefan\/wp-content\/uploads\/sites\/13\/2015\/12\/Schaltung-450x204.png 450w, https:\/\/service.projektlabor.tu-berlin.de\/wordpress\/stefan\/wp-content\/uploads\/sites\/13\/2015\/12\/Schaltung-600x272.png 600w, https:\/\/service.projektlabor.tu-berlin.de\/wordpress\/stefan\/wp-content\/uploads\/sites\/13\/2015\/12\/Schaltung-900x407.png 900w, https:\/\/service.projektlabor.tu-berlin.de\/wordpress\/stefan\/wp-content\/uploads\/sites\/13\/2015\/12\/Schaltung.png 1794w\" sizes=\"(max-width: 625px) 100vw, 625px\" \/><\/a><p id=\"caption-attachment-60\" class=\"wp-caption-text\">Abbildung 2: Erste Schaltung<\/p><\/div>\n<p>Um zu sehen wie genau der LM3914 funktioniert, wurde ein \u00e4hnlicher Testaufbau und auch eine <strong>Simulation mit LT-Spice<\/strong> durchgef\u00fchrt. Bei der Simulation ging es zun\u00e4chst darum seine Beschaltung zu realisieren und zu verstehen, welche \u00c4nderungen bei der Variation der Widerst\u00e4nde R1 und R2 auftreten. Au\u00dferdem wurde die Logikschaltung simuliert um zu sehen, ob bei den entsprechenden Eingangsspannungswerten auch jeweils die richtige LED leuchtet. Um dabei den Einfluss des Tasters zu zeigen, haben wir eine weitere Spannungsquelle eingef\u00fcgt, die ein Rechtecksignal erzeugt. Sowohl der Testaufbau wie auch die Simulation waren sehr erfolgreich. Man konnte genau sehen, in welchem Bereich die Grundfarben leuchten. Wir wussten nun, wie der LM3914 zu beschalten war und dass die Logikschaltung das gew\u00fcnschte Ergebnis erzielt.<\/p>\n<p>Um diese Gesamtschaltung als Platinen zu realisieren, wurde sie in zwei Teile aufgeteilt: Zun\u00e4chst die Steckerplatine, die in den BUS gesteckt wird und die ben\u00f6tigten Signale an die Buttons \u00fcber Flachbandkabel weitergibt. Als fertiges Platinenlayout sieht die<strong> Steckerplatine<\/strong> dann wie folgt aus:<\/p>\n<div id=\"attachment_441\" style=\"width: 654px\" class=\"wp-caption aligncenter\"><a href=\"http:\/\/service.projektlabor.tu-berlin.de\/wordpress\/stefan\/wp-content\/uploads\/sites\/13\/2015\/12\/kabelboard.png\"><img aria-describedby=\"caption-attachment-441\" loading=\"lazy\" class=\"size-full wp-image-441\" src=\"http:\/\/service.projektlabor.tu-berlin.de\/wordpress\/stefan\/wp-content\/uploads\/sites\/13\/2015\/12\/kabelboard.png\" alt=\"Steckerplatine\" width=\"644\" height=\"751\" srcset=\"https:\/\/service.projektlabor.tu-berlin.de\/wordpress\/stefan\/wp-content\/uploads\/sites\/13\/2015\/12\/kabelboard.png 644w, https:\/\/service.projektlabor.tu-berlin.de\/wordpress\/stefan\/wp-content\/uploads\/sites\/13\/2015\/12\/kabelboard-257x300.png 257w, https:\/\/service.projektlabor.tu-berlin.de\/wordpress\/stefan\/wp-content\/uploads\/sites\/13\/2015\/12\/kabelboard-624x728.png 624w\" sizes=\"(max-width: 644px) 100vw, 644px\" \/><\/a><p id=\"caption-attachment-441\" class=\"wp-caption-text\">Steckerplatine<\/p><\/div>\n<p>Um \u00dcberschneidungen der Leitungen zu vermeiden, mussten viele Durchkontaktierungen verwendet werden. Die Gr\u00f6\u00dfe der Platine wurde aufgrund der wenigen Bauteile auf ihr, um die H\u00e4lfte der Standardgr\u00f6\u00dfe reduziert.<\/p>\n<p>Die<strong> Pinbelegung der Stecker<\/strong> von der Steckerplatine zur LED-Platine sieht folgenderma\u00dfen aus:<\/p>\n<p><img loading=\"lazy\" class=\"wp-image-68 alignleft\" src=\"http:\/\/service.projektlabor.tu-berlin.de\/wordpress\/stefan\/wp-content\/uploads\/sites\/13\/2015\/12\/pin.png\" alt=\"pin\" width=\"300\" height=\"409\" srcset=\"https:\/\/service.projektlabor.tu-berlin.de\/wordpress\/stefan\/wp-content\/uploads\/sites\/13\/2015\/12\/pin.png 472w, https:\/\/service.projektlabor.tu-berlin.de\/wordpress\/stefan\/wp-content\/uploads\/sites\/13\/2015\/12\/pin-220x300.png 220w, https:\/\/service.projektlabor.tu-berlin.de\/wordpress\/stefan\/wp-content\/uploads\/sites\/13\/2015\/12\/pin-100x136.png 100w, https:\/\/service.projektlabor.tu-berlin.de\/wordpress\/stefan\/wp-content\/uploads\/sites\/13\/2015\/12\/pin-150x205.png 150w, https:\/\/service.projektlabor.tu-berlin.de\/wordpress\/stefan\/wp-content\/uploads\/sites\/13\/2015\/12\/pin-200x273.png 200w, https:\/\/service.projektlabor.tu-berlin.de\/wordpress\/stefan\/wp-content\/uploads\/sites\/13\/2015\/12\/pin-300x409.png 300w, https:\/\/service.projektlabor.tu-berlin.de\/wordpress\/stefan\/wp-content\/uploads\/sites\/13\/2015\/12\/pin-450x614.png 450w\" sizes=\"(max-width: 300px) 100vw, 300px\" \/><\/p>\n<p>&nbsp;<\/p>\n<p>1: Button gedr\u00fcckt (Logiksignal)<\/p>\n<p>2: Licht an oder aus (Logiksignal)<\/p>\n<p>3: Farbsteuerung Spannungsrampe 0-5V<\/p>\n<p>4: Masse<\/p>\n<p>5: 10V Versorgungsspannung<\/p>\n<p>6: 5V Versorgungsspannung<\/p>\n<p>Die Pl\u00e4tze 7, 8, 9 und 10 sind frei.<\/p>\n<p>&nbsp;<\/p>\n<p>&nbsp;<\/p>\n<p>&nbsp;<\/p>\n<p>Da es keine Probleme mit Masse\u00fcberlagerung oder Versorungsspannung gibt, oder sie an einer bestimmten Stelle liegen m\u00fcssen, konnte diese Auswahl willk\u00fcrlich getroffen werden.<\/p>\n<p>Weiterhin wurde eine <strong>LED-Platine<\/strong> erstellt, die im sp\u00e4teren Spiel im Button eingebaut sein wird. Von ihr wird die Farbe ausgestrahlt und das Signal gegeben, ob ein Knopf gedr\u00fcckt wurde.<\/p>\n<div id=\"attachment_436\" style=\"width: 676px\" class=\"wp-caption aligncenter\"><a href=\"http:\/\/service.projektlabor.tu-berlin.de\/wordpress\/stefan\/wp-content\/uploads\/sites\/13\/2015\/12\/PlatLED1.png\"><img aria-describedby=\"caption-attachment-436\" loading=\"lazy\" class=\"size-full wp-image-436\" src=\"http:\/\/service.projektlabor.tu-berlin.de\/wordpress\/stefan\/wp-content\/uploads\/sites\/13\/2015\/12\/PlatLED1.png\" alt=\"LED-Platine\" width=\"666\" height=\"661\" srcset=\"https:\/\/service.projektlabor.tu-berlin.de\/wordpress\/stefan\/wp-content\/uploads\/sites\/13\/2015\/12\/PlatLED1.png 666w, https:\/\/service.projektlabor.tu-berlin.de\/wordpress\/stefan\/wp-content\/uploads\/sites\/13\/2015\/12\/PlatLED1-150x150.png 150w, https:\/\/service.projektlabor.tu-berlin.de\/wordpress\/stefan\/wp-content\/uploads\/sites\/13\/2015\/12\/PlatLED1-300x298.png 300w, https:\/\/service.projektlabor.tu-berlin.de\/wordpress\/stefan\/wp-content\/uploads\/sites\/13\/2015\/12\/PlatLED1-624x619.png 624w\" sizes=\"(max-width: 666px) 100vw, 666px\" \/><\/a><p id=\"caption-attachment-436\" class=\"wp-caption-text\">LED-Platine<\/p><\/div>\n<p>Damit alle vier Platinen nebeneinander im Geh\u00e4use angeordnet werden k\u00f6nnen, wurde sie quadratisch gelayoutet. Au\u00dferdem wurden auch hier wieder Top- und Bottomseite verwendet, um \u00dcberschneidungen der Leitungen zu verhindern. F\u00fcr die reale Herstellung dieser Beschaltung werden diverse <strong>Bauteile<\/strong>, Flachbandkabel sowie entsprechende Anschl\u00fcsse ben\u00f6tigt. Einzusehen ist die genaue Beschreibung dieser, in der nachfolgenden Tabelle.<\/p>\n<p>&nbsp;<\/p>\n<div id=\"attachment_437\" style=\"width: 372px\" class=\"wp-caption aligncenter\"><a href=\"http:\/\/service.projektlabor.tu-berlin.de\/wordpress\/stefan\/wp-content\/uploads\/sites\/13\/2015\/12\/ButtonTable.png\"><img aria-describedby=\"caption-attachment-437\" loading=\"lazy\" class=\"size-full wp-image-437\" src=\"http:\/\/service.projektlabor.tu-berlin.de\/wordpress\/stefan\/wp-content\/uploads\/sites\/13\/2015\/12\/ButtonTable.png\" alt=\"Bauteile\" width=\"362\" height=\"362\" srcset=\"https:\/\/service.projektlabor.tu-berlin.de\/wordpress\/stefan\/wp-content\/uploads\/sites\/13\/2015\/12\/ButtonTable.png 362w, https:\/\/service.projektlabor.tu-berlin.de\/wordpress\/stefan\/wp-content\/uploads\/sites\/13\/2015\/12\/ButtonTable-150x150.png 150w, https:\/\/service.projektlabor.tu-berlin.de\/wordpress\/stefan\/wp-content\/uploads\/sites\/13\/2015\/12\/ButtonTable-300x300.png 300w\" sizes=\"(max-width: 362px) 100vw, 362px\" \/><\/a><p id=\"caption-attachment-437\" class=\"wp-caption-text\">Bauteile<\/p><\/div>\n<p>Wie im fertigen Aufbau bemerkt wurde, musste noch etwas an der Logikschaltung ver\u00e4ndert werden, damit die jeweiligen Farben in der richtigen Reihenfolge und auch nur bei Knopfdruck bzw. einer Farbvorgabe leuchten. Allerdings konnte dies leicht ge\u00e4ndert werden, indem andere Logik-ICs auf die daf\u00fcr eingel\u00f6teten Stecker gesteckt wurden. Deshalb konnte das Board gleich bleiben. Statt den zweifach ANDs wurden nun ORs verwendet und statt dem NOR ein AND. Das neue AND verkn\u00fcpft nun das AN\/AUS-Signal der Spiellogik mit dem Taster. Im folgenden ist die <strong>Wahrheitstabelle f\u00fcr<\/strong> die neue und finale <strong>Logikschaltung<\/strong> abgebildet.<\/p>\n<div id=\"attachment_438\" style=\"width: 626px\" class=\"wp-caption aligncenter\"><a href=\"http:\/\/service.projektlabor.tu-berlin.de\/wordpress\/stefan\/wp-content\/uploads\/sites\/13\/2015\/12\/Wahrheitstabelle.png\"><img aria-describedby=\"caption-attachment-438\" loading=\"lazy\" class=\"size-full wp-image-438\" src=\"http:\/\/service.projektlabor.tu-berlin.de\/wordpress\/stefan\/wp-content\/uploads\/sites\/13\/2015\/12\/Wahrheitstabelle.png\" alt=\"Wahrheitstabelle\" width=\"616\" height=\"278\" srcset=\"https:\/\/service.projektlabor.tu-berlin.de\/wordpress\/stefan\/wp-content\/uploads\/sites\/13\/2015\/12\/Wahrheitstabelle.png 616w, https:\/\/service.projektlabor.tu-berlin.de\/wordpress\/stefan\/wp-content\/uploads\/sites\/13\/2015\/12\/Wahrheitstabelle-300x135.png 300w\" sizes=\"(max-width: 616px) 100vw, 616px\" \/><\/a><p id=\"caption-attachment-438\" class=\"wp-caption-text\">Wahrheitstabelle<\/p><\/div>\n<p>Wie man in der Tabelle sieht, leuchtet die LED nur in den ersten drei Zust\u00e4nden (active low).<\/p>\n<p>Das resultierende <strong>Schaltbild<\/strong> findet\u00a0hier:<\/p>\n<div id=\"attachment_439\" style=\"width: 635px\" class=\"wp-caption aligncenter\"><a href=\"http:\/\/service.projektlabor.tu-berlin.de\/wordpress\/stefan\/wp-content\/uploads\/sites\/13\/2015\/12\/schalt_neu.png\"><img aria-describedby=\"caption-attachment-439\" loading=\"lazy\" class=\"size-large wp-image-439\" src=\"http:\/\/service.projektlabor.tu-berlin.de\/wordpress\/stefan\/wp-content\/uploads\/sites\/13\/2015\/12\/schalt_neu-1024x548.png\" alt=\"Neues Schaltbild\" width=\"625\" height=\"334\" srcset=\"https:\/\/service.projektlabor.tu-berlin.de\/wordpress\/stefan\/wp-content\/uploads\/sites\/13\/2015\/12\/schalt_neu-1024x548.png 1024w, https:\/\/service.projektlabor.tu-berlin.de\/wordpress\/stefan\/wp-content\/uploads\/sites\/13\/2015\/12\/schalt_neu-300x161.png 300w, https:\/\/service.projektlabor.tu-berlin.de\/wordpress\/stefan\/wp-content\/uploads\/sites\/13\/2015\/12\/schalt_neu-624x334.png 624w, https:\/\/service.projektlabor.tu-berlin.de\/wordpress\/stefan\/wp-content\/uploads\/sites\/13\/2015\/12\/schalt_neu.png 1343w\" sizes=\"(max-width: 625px) 100vw, 625px\" \/><\/a><p id=\"caption-attachment-439\" class=\"wp-caption-text\">Neues Schaltbild<\/p><\/div>\n<p>Sie soll im Geh\u00e4use so eingebaut werden, das sich bei jedem Dr\u00fccken die ganze Platine mitbewegt und gegen eine Feder l\u00e4uft, die das Zur\u00fcckgehen in die Ausgangsposition beim Loslassen erm\u00f6glicht. Der Taster ist an der Unterseite der Platine befestigt und schaltet beim Dr\u00fccken gegen eine Grundplatte. Damit dabei die Platine nicht besch\u00e4digt wird, wurde extra ein Schnappschalter verwendet, der schon ab dem halben Schaltweg umschaltet.<\/p>\n<div id=\"attachment_237\" style=\"width: 290px\" class=\"wp-caption aligncenter\"><a href=\"http:\/\/service.projektlabor.tu-berlin.de\/wordpress\/stefan\/wp-content\/uploads\/sites\/13\/2015\/12\/taster.png\"><img aria-describedby=\"caption-attachment-237\" loading=\"lazy\" class=\"wp-image-237 size-full\" src=\"http:\/\/service.projektlabor.tu-berlin.de\/wordpress\/stefan\/wp-content\/uploads\/sites\/13\/2015\/12\/taster.png\" alt=\"taster\" width=\"280\" height=\"179\" srcset=\"https:\/\/service.projektlabor.tu-berlin.de\/wordpress\/stefan\/wp-content\/uploads\/sites\/13\/2015\/12\/taster.png 280w, https:\/\/service.projektlabor.tu-berlin.de\/wordpress\/stefan\/wp-content\/uploads\/sites\/13\/2015\/12\/taster-100x64.png 100w, https:\/\/service.projektlabor.tu-berlin.de\/wordpress\/stefan\/wp-content\/uploads\/sites\/13\/2015\/12\/taster-150x96.png 150w, https:\/\/service.projektlabor.tu-berlin.de\/wordpress\/stefan\/wp-content\/uploads\/sites\/13\/2015\/12\/taster-200x128.png 200w\" sizes=\"(max-width: 280px) 100vw, 280px\" \/><\/a><p id=\"caption-attachment-237\" class=\"wp-caption-text\">LED-Platine im Button, Quelle: Projektlaborforum<\/p><\/div>\n<p><strong>Die fertigen<\/strong> und funktionierenden <strong>Platinen<\/strong> sehen in der Realit\u00e4t folgenderma\u00dfen aus:<\/p>\n<div id=\"attachment_449\" style=\"width: 430px\" class=\"wp-caption aligncenter\"><a href=\"http:\/\/service.projektlabor.tu-berlin.de\/wordpress\/stefan\/wp-content\/uploads\/sites\/13\/2015\/12\/12583824_966266803410059_776128385_n.jpg\"><img aria-describedby=\"caption-attachment-449\" loading=\"lazy\" class=\"wp-image-449\" src=\"http:\/\/service.projektlabor.tu-berlin.de\/wordpress\/stefan\/wp-content\/uploads\/sites\/13\/2015\/12\/12583824_966266803410059_776128385_n.jpg\" alt=\"Steckerplatine angest\u00f6pselt\" width=\"420\" height=\"560\" srcset=\"https:\/\/service.projektlabor.tu-berlin.de\/wordpress\/stefan\/wp-content\/uploads\/sites\/13\/2015\/12\/12583824_966266803410059_776128385_n.jpg 720w, https:\/\/service.projektlabor.tu-berlin.de\/wordpress\/stefan\/wp-content\/uploads\/sites\/13\/2015\/12\/12583824_966266803410059_776128385_n-225x300.jpg 225w, https:\/\/service.projektlabor.tu-berlin.de\/wordpress\/stefan\/wp-content\/uploads\/sites\/13\/2015\/12\/12583824_966266803410059_776128385_n-624x832.jpg 624w\" sizes=\"(max-width: 420px) 100vw, 420px\" \/><\/a><p id=\"caption-attachment-449\" class=\"wp-caption-text\">Steckerplatine angest\u00f6pselt<\/p><\/div>\n<div id=\"attachment_451\" style=\"width: 430px\" class=\"wp-caption aligncenter\"><a href=\"http:\/\/service.projektlabor.tu-berlin.de\/wordpress\/stefan\/wp-content\/uploads\/sites\/13\/2015\/12\/12626049_968011623235577_1455444099_n.jpg\"><img aria-describedby=\"caption-attachment-451\" loading=\"lazy\" class=\"wp-image-451\" src=\"http:\/\/service.projektlabor.tu-berlin.de\/wordpress\/stefan\/wp-content\/uploads\/sites\/13\/2015\/12\/12626049_968011623235577_1455444099_n.jpg\" alt=\"Button von oben\" width=\"420\" height=\"560\" srcset=\"https:\/\/service.projektlabor.tu-berlin.de\/wordpress\/stefan\/wp-content\/uploads\/sites\/13\/2015\/12\/12626049_968011623235577_1455444099_n.jpg 720w, https:\/\/service.projektlabor.tu-berlin.de\/wordpress\/stefan\/wp-content\/uploads\/sites\/13\/2015\/12\/12626049_968011623235577_1455444099_n-225x300.jpg 225w, https:\/\/service.projektlabor.tu-berlin.de\/wordpress\/stefan\/wp-content\/uploads\/sites\/13\/2015\/12\/12626049_968011623235577_1455444099_n-624x832.jpg 624w\" sizes=\"(max-width: 420px) 100vw, 420px\" \/><\/a><p id=\"caption-attachment-451\" class=\"wp-caption-text\">Button von oben<\/p><\/div>\n<div id=\"attachment_452\" style=\"width: 430px\" class=\"wp-caption aligncenter\"><a href=\"http:\/\/service.projektlabor.tu-berlin.de\/wordpress\/stefan\/wp-content\/uploads\/sites\/13\/2015\/12\/12650435_968012403235499_926283255_n.jpg\"><img aria-describedby=\"caption-attachment-452\" loading=\"lazy\" class=\"wp-image-452\" src=\"http:\/\/service.projektlabor.tu-berlin.de\/wordpress\/stefan\/wp-content\/uploads\/sites\/13\/2015\/12\/12650435_968012403235499_926283255_n.jpg\" alt=\"Button von unten\" width=\"420\" height=\"560\" srcset=\"https:\/\/service.projektlabor.tu-berlin.de\/wordpress\/stefan\/wp-content\/uploads\/sites\/13\/2015\/12\/12650435_968012403235499_926283255_n.jpg 720w, https:\/\/service.projektlabor.tu-berlin.de\/wordpress\/stefan\/wp-content\/uploads\/sites\/13\/2015\/12\/12650435_968012403235499_926283255_n-225x300.jpg 225w, https:\/\/service.projektlabor.tu-berlin.de\/wordpress\/stefan\/wp-content\/uploads\/sites\/13\/2015\/12\/12650435_968012403235499_926283255_n-624x832.jpg 624w\" sizes=\"(max-width: 420px) 100vw, 420px\" \/><\/a><p id=\"caption-attachment-452\" class=\"wp-caption-text\">Button von unten<\/p><\/div>\n<p>&nbsp;<\/p>\n","protected":false},"excerpt":{"rendered":"<p>Im folgenden wird die Aufgabe der Untergruppe \u201eButton\u201c, bestehend aus Eva, Hoang und Ingo, erl\u00e4utert. Um das Spiel \u201eS.T.E.F.A.N.\u201c bedienen zu k\u00f6nnen, braucht man eine Eingabem\u00f6glichkeit f\u00fcr den Spieler. Diese soll aus 4 Kn\u00f6pfen bestehen. Damit diese im Spiel funktionieren, m\u00fcssen sie zwei grundlegende Funktionen erf\u00fcllen k\u00f6nnen: Spieleingabe Spielvorgabe Da alle 4 Kn\u00f6pfe gleicherma\u00dfen aufgebaut [&hellip;]<\/p>\n","protected":false},"author":27,"featured_media":0,"parent":34,"menu_order":0,"comment_status":"closed","ping_status":"closed","template":"","meta":[],"_links":{"self":[{"href":"https:\/\/service.projektlabor.tu-berlin.de\/wordpress\/stefan\/wp-json\/wp\/v2\/pages\/40"}],"collection":[{"href":"https:\/\/service.projektlabor.tu-berlin.de\/wordpress\/stefan\/wp-json\/wp\/v2\/pages"}],"about":[{"href":"https:\/\/service.projektlabor.tu-berlin.de\/wordpress\/stefan\/wp-json\/wp\/v2\/types\/page"}],"author":[{"embeddable":true,"href":"https:\/\/service.projektlabor.tu-berlin.de\/wordpress\/stefan\/wp-json\/wp\/v2\/users\/27"}],"replies":[{"embeddable":true,"href":"https:\/\/service.projektlabor.tu-berlin.de\/wordpress\/stefan\/wp-json\/wp\/v2\/comments?post=40"}],"version-history":[{"count":20,"href":"https:\/\/service.projektlabor.tu-berlin.de\/wordpress\/stefan\/wp-json\/wp\/v2\/pages\/40\/revisions"}],"predecessor-version":[{"id":448,"href":"https:\/\/service.projektlabor.tu-berlin.de\/wordpress\/stefan\/wp-json\/wp\/v2\/pages\/40\/revisions\/448"}],"up":[{"embeddable":true,"href":"https:\/\/service.projektlabor.tu-berlin.de\/wordpress\/stefan\/wp-json\/wp\/v2\/pages\/34"}],"wp:attachment":[{"href":"https:\/\/service.projektlabor.tu-berlin.de\/wordpress\/stefan\/wp-json\/wp\/v2\/media?parent=40"}],"curies":[{"name":"wp","href":"https:\/\/api.w.org\/{rel}","templated":true}]}}