{"id":34,"date":"2015-12-15T12:31:13","date_gmt":"2015-12-15T11:31:13","guid":{"rendered":"http:\/\/service.projektlabor.tu-berlin.de\/wordpress\/stefan\/?page_id=34"},"modified":"2015-12-19T15:16:57","modified_gmt":"2015-12-19T14:16:57","slug":"eingabe-und-stromversorgung","status":"publish","type":"page","link":"https:\/\/service.projektlabor.tu-berlin.de\/wordpress\/stefan\/gruppen\/eingabe-und-stromversorgung\/","title":{"rendered":"Eingabe und Stromversorgung"},"content":{"rendered":"<p>Gruppe 1, Eingabe und Stromversorgung, besteht aus zwei Untergruppen:<\/p>\n<p>Die <a href=\"http:\/\/service.projektlabor.tu-berlin.de\/wordpress\/stefan\/gruppen\/stromversorgung\" target=\"_blank\">Energieversorgungsgruppe<\/a> besteht aus: Francky, Jojo, Rebecca und Lutz.<br \/>\nDiese vier Helden werden das Projekt <strong>S.T.E.F.A.N.<\/strong> mit Strom versorgen.<\/p>\n<p>F\u00fcr die <a href=\"http:\/\/service.projektlabor.tu-berlin.de\/wordpress\/stefan\/gruppen\/eingabe\" target=\"_blank\">Eingabe<\/a> sind die b\u00f6sen Schurken Eva, Ingo und Hoang zust\u00e4ndig.<\/p>\n","protected":false},"excerpt":{"rendered":"<p>Gruppe 1, Eingabe und Stromversorgung, besteht aus zwei Untergruppen: Die Energieversorgungsgruppe besteht aus: Francky, Jojo, Rebecca und Lutz. Diese vier Helden werden das Projekt S.T.E.F.A.N. mit Strom versorgen. F\u00fcr die Eingabe sind die b\u00f6sen Schurken Eva, Ingo und Hoang zust\u00e4ndig.<\/p>\n","protected":false},"author":27,"featured_media":0,"parent":2,"menu_order":0,"comment_status":"closed","ping_status":"closed","template":"","meta":[],"_links":{"self":[{"href":"https:\/\/service.projektlabor.tu-berlin.de\/wordpress\/stefan\/wp-json\/wp\/v2\/pages\/34"}],"collection":[{"href":"https:\/\/service.projektlabor.tu-berlin.de\/wordpress\/stefan\/wp-json\/wp\/v2\/pages"}],"about":[{"href":"https:\/\/service.projektlabor.tu-berlin.de\/wordpress\/stefan\/wp-json\/wp\/v2\/types\/page"}],"author":[{"embeddable":true,"href":"https:\/\/service.projektlabor.tu-berlin.de\/wordpress\/stefan\/wp-json\/wp\/v2\/users\/27"}],"replies":[{"embeddable":true,"href":"https:\/\/service.projektlabor.tu-berlin.de\/wordpress\/stefan\/wp-json\/wp\/v2\/comments?post=34"}],"version-history":[{"count":10,"href":"https:\/\/service.projektlabor.tu-berlin.de\/wordpress\/stefan\/wp-json\/wp\/v2\/pages\/34\/revisions"}],"predecessor-version":[{"id":49,"href":"https:\/\/service.projektlabor.tu-berlin.de\/wordpress\/stefan\/wp-json\/wp\/v2\/pages\/34\/revisions\/49"}],"up":[{"embeddable":true,"href":"https:\/\/service.projektlabor.tu-berlin.de\/wordpress\/stefan\/wp-json\/wp\/v2\/pages\/2"}],"wp:attachment":[{"href":"https:\/\/service.projektlabor.tu-berlin.de\/wordpress\/stefan\/wp-json\/wp\/v2\/media?parent=34"}],"curies":[{"name":"wp","href":"https:\/\/api.w.org\/{rel}","templated":true}]}}