{"id":227,"date":"2016-01-10T20:13:12","date_gmt":"2016-01-10T19:13:12","guid":{"rendered":"http:\/\/service.projektlabor.tu-berlin.de\/wordpress\/stefan\/?page_id=227"},"modified":"2016-01-25T15:21:11","modified_gmt":"2016-01-25T14:21:11","slug":"da-wandlung","status":"publish","type":"page","link":"https:\/\/service.projektlabor.tu-berlin.de\/wordpress\/stefan\/gruppen\/spiellogik\/da-wandlung\/","title":{"rendered":"DA-Wandlung"},"content":{"rendered":"<p>Die Buzzer sollen mit einer analogen Spannung angesteuert werden, wobei jede Spannungsstufe eine Farbe darstellt. Unsere Aufgabe ist es die richtige Spannungsstufe analog zu \u00dcbertragen. Eine M\u00f6glichkeit dieser analogen Realisierung w\u00fcrde \u00fcber die PW-Modulation und einem RC-Glied funktionieren. Da wir jedoch 4 analogen Ausg\u00e4nge ben\u00f6tigen k\u00f6nnen wir diese Methode nicht umsetzen. Die zweite Idee war die Digital-Analog-Wandlung mit Hilfe eines R2R-Netzwerkes. Durch die geforderten Spannungsstufen mit einem Spannungsoffset lie\u00dfen sich diese nicht mit dem R2R-Netzwerk dimensionieren.<\/p>\n<div id=\"attachment_228\" style=\"width: 652px\" class=\"wp-caption alignnone\"><a href=\"http:\/\/service.projektlabor.tu-berlin.de\/wordpress\/stefan\/wp-content\/uploads\/sites\/13\/2016\/01\/da_wandlung_Schaltung.jpg\"><img aria-describedby=\"caption-attachment-228\" loading=\"lazy\" class=\"wp-image-228 size-full\" src=\"http:\/\/service.projektlabor.tu-berlin.de\/wordpress\/stefan\/wp-content\/uploads\/sites\/13\/2016\/01\/da_wandlung_Schaltung.jpg\" alt=\"da_wandlung_Schaltung\" width=\"642\" height=\"856\" srcset=\"https:\/\/service.projektlabor.tu-berlin.de\/wordpress\/stefan\/wp-content\/uploads\/sites\/13\/2016\/01\/da_wandlung_Schaltung.jpg 642w, https:\/\/service.projektlabor.tu-berlin.de\/wordpress\/stefan\/wp-content\/uploads\/sites\/13\/2016\/01\/da_wandlung_Schaltung-225x300.jpg 225w, https:\/\/service.projektlabor.tu-berlin.de\/wordpress\/stefan\/wp-content\/uploads\/sites\/13\/2016\/01\/da_wandlung_Schaltung-100x133.jpg 100w, https:\/\/service.projektlabor.tu-berlin.de\/wordpress\/stefan\/wp-content\/uploads\/sites\/13\/2016\/01\/da_wandlung_Schaltung-150x200.jpg 150w, https:\/\/service.projektlabor.tu-berlin.de\/wordpress\/stefan\/wp-content\/uploads\/sites\/13\/2016\/01\/da_wandlung_Schaltung-200x267.jpg 200w, https:\/\/service.projektlabor.tu-berlin.de\/wordpress\/stefan\/wp-content\/uploads\/sites\/13\/2016\/01\/da_wandlung_Schaltung-300x400.jpg 300w, https:\/\/service.projektlabor.tu-berlin.de\/wordpress\/stefan\/wp-content\/uploads\/sites\/13\/2016\/01\/da_wandlung_Schaltung-450x600.jpg 450w, https:\/\/service.projektlabor.tu-berlin.de\/wordpress\/stefan\/wp-content\/uploads\/sites\/13\/2016\/01\/da_wandlung_Schaltung-600x800.jpg 600w\" sizes=\"(max-width: 642px) 100vw, 642px\" \/><\/a><p id=\"caption-attachment-228\" class=\"wp-caption-text\">Abbildung 1: DA-Wandlung Schaltung<\/p><\/div>\n<p>Die AD-Wandlung f\u00fcr die wir uns letztendlich entschieden hatte, war eine dritte Variante, bei der wir den analogen Multiplexer 74HC4051. \u00dcber 3 seperate Ausg\u00e4nge l\u00e4sst sich der Multiplexer ansteuern. Die jeweilige Spannungsstufe die ausgegeben werden soll, wird \u00fcber Spannungsteiler eingestellt. Der DA-Wandler muss f\u00fcr jeden Button umgesetzt werden und ist in Abbildung 1 dargestellt. Die Spannungsstufen sind in der Tabelle 1 dargestellt. Eine genauere Beschreibung der Funktionsweise erfolgt in dem Abschlussbericht.<\/p>\n<table style=\"height: 231px\" width=\"501\">\n<tbody>\n<tr>\n<th>Spannung in V<\/th>\n<th>Bit 0<\/th>\n<th>Bit 1<\/th>\n<th>Bit 2<\/th>\n<th>Farbe<\/th>\n<\/tr>\n<tr>\n<td>0,5-1<\/td>\n<td>0<\/td>\n<td>1<\/td>\n<td>0<\/td>\n<td>Gr\u00fcn<\/td>\n<\/tr>\n<tr>\n<td>1-1,5<\/td>\n<td>1<\/td>\n<td>0<\/td>\n<td>0<\/td>\n<td>Rot<\/td>\n<\/tr>\n<tr>\n<td>1,5-2<\/td>\n<td>1<\/td>\n<td>1<\/td>\n<td>0<\/td>\n<td>Gelb<\/td>\n<\/tr>\n<tr>\n<td>2-3<\/td>\n<td>0<\/td>\n<td>0<\/td>\n<td>1<\/td>\n<td>Blau<\/td>\n<\/tr>\n<tr>\n<td>3-3,5<\/td>\n<td>1<\/td>\n<td>1<\/td>\n<td>1<\/td>\n<td>Wei\u00df<\/td>\n<\/tr>\n<tr>\n<td>3,5-5<\/td>\n<td>0<\/td>\n<td>0<\/td>\n<td>0<\/td>\n<td>Aus<\/td>\n<\/tr>\n<\/tbody>\n<\/table>\n<p>Tabelle 1: Spannungsstufen DA-Wandler<\/p>\n","protected":false},"excerpt":{"rendered":"<p>Die Buzzer sollen mit einer analogen Spannung angesteuert werden, wobei jede Spannungsstufe eine Farbe darstellt. Unsere Aufgabe ist es die richtige Spannungsstufe analog zu \u00dcbertragen. Eine M\u00f6glichkeit dieser analogen Realisierung w\u00fcrde \u00fcber die PW-Modulation und einem RC-Glied funktionieren. Da wir jedoch 4 analogen Ausg\u00e4nge ben\u00f6tigen k\u00f6nnen wir diese Methode nicht umsetzen. Die zweite Idee war [&hellip;]<\/p>\n","protected":false},"author":24,"featured_media":0,"parent":161,"menu_order":0,"comment_status":"closed","ping_status":"closed","template":"","meta":[],"_links":{"self":[{"href":"https:\/\/service.projektlabor.tu-berlin.de\/wordpress\/stefan\/wp-json\/wp\/v2\/pages\/227"}],"collection":[{"href":"https:\/\/service.projektlabor.tu-berlin.de\/wordpress\/stefan\/wp-json\/wp\/v2\/pages"}],"about":[{"href":"https:\/\/service.projektlabor.tu-berlin.de\/wordpress\/stefan\/wp-json\/wp\/v2\/types\/page"}],"author":[{"embeddable":true,"href":"https:\/\/service.projektlabor.tu-berlin.de\/wordpress\/stefan\/wp-json\/wp\/v2\/users\/24"}],"replies":[{"embeddable":true,"href":"https:\/\/service.projektlabor.tu-berlin.de\/wordpress\/stefan\/wp-json\/wp\/v2\/comments?post=227"}],"version-history":[{"count":5,"href":"https:\/\/service.projektlabor.tu-berlin.de\/wordpress\/stefan\/wp-json\/wp\/v2\/pages\/227\/revisions"}],"predecessor-version":[{"id":369,"href":"https:\/\/service.projektlabor.tu-berlin.de\/wordpress\/stefan\/wp-json\/wp\/v2\/pages\/227\/revisions\/369"}],"up":[{"embeddable":true,"href":"https:\/\/service.projektlabor.tu-berlin.de\/wordpress\/stefan\/wp-json\/wp\/v2\/pages\/161"}],"wp:attachment":[{"href":"https:\/\/service.projektlabor.tu-berlin.de\/wordpress\/stefan\/wp-json\/wp\/v2\/media?parent=227"}],"curies":[{"name":"wp","href":"https:\/\/api.w.org\/{rel}","templated":true}]}}