{"id":105,"date":"2015-12-24T16:49:46","date_gmt":"2015-12-24T15:49:46","guid":{"rendered":"http:\/\/service.projektlabor.tu-berlin.de\/wordpress\/stefan\/?page_id=105"},"modified":"2016-01-23T16:04:44","modified_gmt":"2016-01-23T15:04:44","slug":"sound","status":"publish","type":"page","link":"https:\/\/service.projektlabor.tu-berlin.de\/wordpress\/stefan\/gruppen\/sound\/","title":{"rendered":"Sound"},"content":{"rendered":"<p style=\"text-align: justify\">Die Gruppe Sound ist f\u00fcr den Sound im Spiel S.T.E.F.A.N verantwortlich. Dazu wurden drei Untergruppen gebildet:<\/p>\n<p><a href=\"http:\/\/service.projektlabor.tu-berlin.de\/wordpress\/stefan\/gruppen\/sound\/logik\/\">Control Logic<\/a><strong>\u00a0<\/strong>&#8211; Matze und Louis<em><strong><br \/>\n<\/strong><\/em><\/p>\n<p><a href=\"http:\/\/service.projektlabor.tu-berlin.de\/wordpress\/stefan\/gruppen\/sound\/spannungsgesteuerter-oszillator\/\">Oszillator<\/a> &#8211; Hannes und Mark<\/p>\n<p><a href=\"http:\/\/service.projektlabor.tu-berlin.de\/wordpress\/stefan\/gruppen\/sound\/verstaerker\/\">Verst\u00e4rker &amp; Lautsprecher<\/a> &#8211; Philipp und Veselin<\/p>\n<p style=\"text-align: justify\">Die &#8222;Control Logic&#8220; k\u00fcmmert sich darum, dass zu den richtigen Zeitpunkten entsprechende Steuersignale f\u00fcr einen spannungsgesteuerten Oszillator bereitgestellt werden, welcher von der Oszillatorgruppe entworfen wird. Das Ausgangssignal des Oszillators wird anschlie\u00dfend noch von der Verst\u00e4rkergruppe verarbeitet, um das f\u00fcr den Lautsprecher entsprechende Signal zu erzeugen. Folgende Abbildung zeigt das Blockschaltbild der gesamten Gruppe:<\/p>\n<p><a href=\"http:\/\/service.projektlabor.tu-berlin.de\/wordpress\/stefan\/wp-content\/uploads\/sites\/13\/2015\/12\/gruppenbsb.png\"><img loading=\"lazy\" class=\"size-medium wp-image-111 aligncenter\" src=\"http:\/\/service.projektlabor.tu-berlin.de\/wordpress\/stefan\/wp-content\/uploads\/sites\/13\/2015\/12\/gruppenbsb-300x114.png\" alt=\"gruppenbsb\" width=\"300\" height=\"114\" srcset=\"https:\/\/service.projektlabor.tu-berlin.de\/wordpress\/stefan\/wp-content\/uploads\/sites\/13\/2015\/12\/gruppenbsb-300x114.png 300w, https:\/\/service.projektlabor.tu-berlin.de\/wordpress\/stefan\/wp-content\/uploads\/sites\/13\/2015\/12\/gruppenbsb-1024x388.png 1024w, https:\/\/service.projektlabor.tu-berlin.de\/wordpress\/stefan\/wp-content\/uploads\/sites\/13\/2015\/12\/gruppenbsb-100x38.png 100w, https:\/\/service.projektlabor.tu-berlin.de\/wordpress\/stefan\/wp-content\/uploads\/sites\/13\/2015\/12\/gruppenbsb-150x57.png 150w, https:\/\/service.projektlabor.tu-berlin.de\/wordpress\/stefan\/wp-content\/uploads\/sites\/13\/2015\/12\/gruppenbsb-200x76.png 200w, https:\/\/service.projektlabor.tu-berlin.de\/wordpress\/stefan\/wp-content\/uploads\/sites\/13\/2015\/12\/gruppenbsb-450x171.png 450w, https:\/\/service.projektlabor.tu-berlin.de\/wordpress\/stefan\/wp-content\/uploads\/sites\/13\/2015\/12\/gruppenbsb-600x228.png 600w, https:\/\/service.projektlabor.tu-berlin.de\/wordpress\/stefan\/wp-content\/uploads\/sites\/13\/2015\/12\/gruppenbsb-900x341.png 900w, https:\/\/service.projektlabor.tu-berlin.de\/wordpress\/stefan\/wp-content\/uploads\/sites\/13\/2015\/12\/gruppenbsb.png 1105w\" sizes=\"(max-width: 300px) 100vw, 300px\" \/><\/a><\/p>\n<p style=\"text-align: center\">Abbildung 1: Blockschaltbild der Gruppe<\/p>\n<p>&nbsp;<\/p>\n<p>&nbsp;<\/p>\n<p>&nbsp;<\/p>\n<p>&nbsp;<\/p>\n<p>&nbsp;<\/p>\n","protected":false},"excerpt":{"rendered":"<p>Die Gruppe Sound ist f\u00fcr den Sound im Spiel S.T.E.F.A.N verantwortlich. Dazu wurden drei Untergruppen gebildet: Control Logic\u00a0&#8211; Matze und Louis Oszillator &#8211; Hannes und Mark Verst\u00e4rker &amp; Lautsprecher &#8211; Philipp und Veselin Die &#8222;Control Logic&#8220; k\u00fcmmert sich darum, dass zu den richtigen Zeitpunkten entsprechende Steuersignale f\u00fcr einen spannungsgesteuerten Oszillator bereitgestellt werden, welcher von der [&hellip;]<\/p>\n","protected":false},"author":25,"featured_media":0,"parent":2,"menu_order":0,"comment_status":"closed","ping_status":"closed","template":"","meta":[],"_links":{"self":[{"href":"https:\/\/service.projektlabor.tu-berlin.de\/wordpress\/stefan\/wp-json\/wp\/v2\/pages\/105"}],"collection":[{"href":"https:\/\/service.projektlabor.tu-berlin.de\/wordpress\/stefan\/wp-json\/wp\/v2\/pages"}],"about":[{"href":"https:\/\/service.projektlabor.tu-berlin.de\/wordpress\/stefan\/wp-json\/wp\/v2\/types\/page"}],"author":[{"embeddable":true,"href":"https:\/\/service.projektlabor.tu-berlin.de\/wordpress\/stefan\/wp-json\/wp\/v2\/users\/25"}],"replies":[{"embeddable":true,"href":"https:\/\/service.projektlabor.tu-berlin.de\/wordpress\/stefan\/wp-json\/wp\/v2\/comments?post=105"}],"version-history":[{"count":13,"href":"https:\/\/service.projektlabor.tu-berlin.de\/wordpress\/stefan\/wp-json\/wp\/v2\/pages\/105\/revisions"}],"predecessor-version":[{"id":302,"href":"https:\/\/service.projektlabor.tu-berlin.de\/wordpress\/stefan\/wp-json\/wp\/v2\/pages\/105\/revisions\/302"}],"up":[{"embeddable":true,"href":"https:\/\/service.projektlabor.tu-berlin.de\/wordpress\/stefan\/wp-json\/wp\/v2\/pages\/2"}],"wp:attachment":[{"href":"https:\/\/service.projektlabor.tu-berlin.de\/wordpress\/stefan\/wp-json\/wp\/v2\/media?parent=105"}],"curies":[{"name":"wp","href":"https:\/\/api.w.org\/{rel}","templated":true}]}}