{"id":63,"date":"2014-05-04T12:37:22","date_gmt":"2014-05-04T10:37:22","guid":{"rendered":"http:\/\/service.projektlabor.tu-berlin.de\/wordpress\/projekt-b-2014\/?page_id=63"},"modified":"2014-07-20T18:35:18","modified_gmt":"2014-07-20T16:35:18","slug":"referate","status":"publish","type":"page","link":"https:\/\/service.projektlabor.tu-berlin.de\/wordpress\/search-e\/referate\/","title":{"rendered":"Referate"},"content":{"rendered":"<p>Hier erscheinen die Referate aus den einzelnen Gruppen<\/p>\n<p><a style=\"text-decoration: none\" title=\"Audiosensor\" href=\"http:\/\/service.projektlabor.tu-berlin.de\/wordpress\/search-e\/audiosensor\/\"><strong id=\"audio\">Audiosensor<\/strong><\/a><\/p>\n<ul>\n<li>Mikrofonierungsverfahren: <a href=\"http:\/\/service.projektlabor.tu-berlin.de\/wordpress\/search-e\/wp-content\/uploads\/sites\/8\/2014\/07\/MikrofonierungsverfahrenFolien.pdf\">Folien<\/a><\/li>\n<li>Operationsverst\u00e4rker (Marcel Opitz): <a href=\"http:\/\/service.projektlabor.tu-berlin.de\/wordpress\/search-e\/wp-content\/uploads\/sites\/8\/2014\/07\/OPVFolien.pdf\">Folien<\/a>, <a href=\"http:\/\/service.projektlabor.tu-berlin.de\/wordpress\/search-e\/wp-content\/uploads\/sites\/8\/2014\/07\/OPVHandout.pdf\">Handout<\/a><\/li>\n<li>Noise-Gate (Tan, Trinh Ngoc): <a href=\"http:\/\/service.projektlabor.tu-berlin.de\/wordpress\/search-e\/wp-content\/uploads\/sites\/8\/2014\/07\/NoiseGateFolien.pdf\">Folien<\/a>, <a href=\"http:\/\/service.projektlabor.tu-berlin.de\/wordpress\/search-e\/wp-content\/uploads\/sites\/8\/2014\/07\/NoiseGateHandout.pdf\">Handout<\/a><\/li>\n<li>Gleichrichter (Julian Krakor): <a href=\"http:\/\/service.projektlabor.tu-berlin.de\/wordpress\/search-e\/wp-content\/uploads\/sites\/8\/2014\/07\/GleichrichterFolien.pdf\">Folien<\/a>, <a href=\"http:\/\/service.projektlabor.tu-berlin.de\/wordpress\/search-e\/wp-content\/uploads\/sites\/8\/2014\/07\/GleichrichterHandout.pdf\">Handout<\/a><\/li>\n<li>Eagle (Paul Robin Reichelt): <a href=\"http:\/\/service.projektlabor.tu-berlin.de\/wordpress\/search-e\/wp-content\/uploads\/sites\/8\/2014\/07\/EagleFolien.pdf\">Folien<\/a>,\u00a0<a style=\"line-height: 1.714285714;font-size: 1rem\" href=\"http:\/\/service.projektlabor.tu-berlin.de\/wordpress\/search-e\/wp-content\/uploads\/sites\/8\/2014\/07\/EagleHandout.pdf\">Handout<\/a><\/li>\n<li>L\u00f6ten (Martin Nissen): <a href=\"http:\/\/service.projektlabor.tu-berlin.de\/wordpress\/search-e\/wp-content\/uploads\/sites\/8\/2014\/07\/L\u00f6tenFolien.pdf\">Folien<\/a>, <a href=\"http:\/\/service.projektlabor.tu-berlin.de\/wordpress\/search-e\/wp-content\/uploads\/sites\/8\/2014\/07\/L\u00f6tenHandout.pdf\">Handout<\/a><\/li>\n<li>Fehlersuche (Alexey Loutchko): <a href=\"http:\/\/service.projektlabor.tu-berlin.de\/wordpress\/search-e\/wp-content\/uploads\/sites\/8\/2014\/07\/FehlersucheFolien.pdf\">Folien<\/a>, <a href=\"http:\/\/service.projektlabor.tu-berlin.de\/wordpress\/search-e\/wp-content\/uploads\/sites\/8\/2014\/07\/FehlersucheHandout.pdf\">Handout<\/a><\/li>\n<li>Wafer (Felix Huth): <a href=\"http:\/\/service.projektlabor.tu-berlin.de\/wordpress\/search-e\/wp-content\/uploads\/sites\/8\/2014\/07\/WaferFolien.pdf\">Folien<\/a>, <a href=\"http:\/\/service.projektlabor.tu-berlin.de\/wordpress\/search-e\/wp-content\/uploads\/sites\/8\/2014\/07\/WaferHandout.pdf\">Handout<\/a><\/li>\n<\/ul>\n<p><a style=\"text-decoration: none\" title=\"Metallsensor\" href=\"http:\/\/service.projektlabor.tu-berlin.de\/wordpress\/search-e\/metallsensor\/\"><strong id=\"metal\">Metallsensor<\/strong><\/a><\/p>\n<ul>\n<li>Operationsverst\u00e4rker (Branimir Batinic): <a href=\"http:\/\/service.projektlabor.tu-berlin.de\/wordpress\/search-e\/wp-content\/uploads\/sites\/8\/2014\/07\/B2_OPVFolien.pdf\">Folien<\/a>, <a href=\"http:\/\/service.projektlabor.tu-berlin.de\/wordpress\/search-e\/wp-content\/uploads\/sites\/8\/2014\/07\/B2_OPVHandout.pdf\">Handout<\/a><\/li>\n<li>Oszillatoren (Andr\u00e9 Z\u00fchlke): <a href=\"http:\/\/service.projektlabor.tu-berlin.de\/wordpress\/search-e\/wp-content\/uploads\/sites\/8\/2014\/07\/B2_OszillatorenFolien.pdf\">Folien<\/a>, <a href=\"http:\/\/service.projektlabor.tu-berlin.de\/wordpress\/search-e\/wp-content\/uploads\/sites\/8\/2014\/07\/B2_OszillatorHandout.pdf\">Handout<\/a><\/li>\n<li>Transistoren (David Sch\u00fctze): <a href=\"http:\/\/service.projektlabor.tu-berlin.de\/wordpress\/search-e\/wp-content\/uploads\/sites\/8\/2014\/07\/B2_TransistorenFolien.pdf\">Folien<\/a>, <a href=\"http:\/\/service.projektlabor.tu-berlin.de\/wordpress\/search-e\/wp-content\/uploads\/sites\/8\/2014\/07\/B2_TransistorenHandout.pdf\">Handout<\/a><\/li>\n<li>L\u00f6ten (Yigit \u00d6zt\u00fcrk): <a href=\"http:\/\/service.projektlabor.tu-berlin.de\/wordpress\/search-e\/wp-content\/uploads\/sites\/8\/2014\/07\/B2_L\u00f6tenFolien.pdf\">Folien<\/a>, <a href=\"http:\/\/service.projektlabor.tu-berlin.de\/wordpress\/search-e\/wp-content\/uploads\/sites\/8\/2014\/07\/B2_L\u00f6tenHandout.pdf\">Handout<\/a><\/li>\n<li>Elektromagnetische Vertr\u00e4glichkeit (Patrick Borchers): <a href=\"http:\/\/service.projektlabor.tu-berlin.de\/wordpress\/search-e\/wp-content\/uploads\/sites\/8\/2014\/07\/B2_EMVFolien.pdf\">Folien<\/a>, <a href=\"http:\/\/service.projektlabor.tu-berlin.de\/wordpress\/search-e\/wp-content\/uploads\/sites\/8\/2014\/07\/B2_EMVHandout.pdf\">Handout<\/a><\/li>\n<li>Induktivit\u00e4t (Aleksandar Andreev): <a href=\"http:\/\/service.projektlabor.tu-berlin.de\/wordpress\/search-e\/wp-content\/uploads\/sites\/8\/2014\/07\/B2_Induktivit\u00e4tFolien.pdf\">Folien<\/a>, <a href=\"http:\/\/service.projektlabor.tu-berlin.de\/wordpress\/search-e\/wp-content\/uploads\/sites\/8\/2014\/07\/B2_Induktivit\u00e4tHandout.pdf\">Handout<\/a><\/li>\n<li>Oszilloskop (Tim Steffens): <a href=\"http:\/\/service.projektlabor.tu-berlin.de\/wordpress\/search-e\/wp-content\/uploads\/sites\/8\/2014\/07\/B2_OszilloskopFolien.pdf\">Folien<\/a>, <a href=\"http:\/\/service.projektlabor.tu-berlin.de\/wordpress\/search-e\/wp-content\/uploads\/sites\/8\/2014\/07\/B2_OszilloskopHandout.pdf\">Handout<\/a><\/li>\n<li>Fehlersuche (Sinan Dogan): <a href=\"http:\/\/service.projektlabor.tu-berlin.de\/wordpress\/search-e\/wp-content\/uploads\/sites\/8\/2014\/07\/B2_FehlersucheFolien.pdf\">Folien<\/a>, <a href=\"http:\/\/service.projektlabor.tu-berlin.de\/wordpress\/search-e\/wp-content\/uploads\/sites\/8\/2014\/07\/B2_FehlersucheHandout.pdf\">Handout<\/a><\/li>\n<li>Metalldetektor (Teham Bhuiyan):\u00a0<a href=\"http:\/\/service.projektlabor.tu-berlin.de\/wordpress\/search-e\/wp-content\/uploads\/sites\/8\/2014\/07\/B2_MetalldetektorFolien.pdf\">Folien<\/a>,\u00a0<a href=\"http:\/\/service.projektlabor.tu-berlin.de\/wordpress\/search-e\/wp-content\/uploads\/sites\/8\/2014\/07\/B2_MetalldetektorHandout.pdf\">Handout<\/a><\/li>\n<\/ul>\n<p><a style=\"text-decoration: none\" title=\"Hinderniserkennung &amp; Anzeige\" href=\"http:\/\/service.projektlabor.tu-berlin.de\/wordpress\/search-e\/hindernis\/\"><strong id=\"obstacle\">Hinderniserkennung &amp; Anzeige<\/strong><\/a><\/p>\n<ul>\n<li>Operationsverst\u00e4rker (Lukas Hey): <a href=\"http:\/\/service.projektlabor.tu-berlin.de\/wordpress\/search-e\/wp-content\/uploads\/sites\/8\/2014\/07\/B3_OPVFolien.pdf\">Folien<\/a>, <a href=\"http:\/\/service.projektlabor.tu-berlin.de\/wordpress\/search-e\/wp-content\/uploads\/sites\/8\/2014\/07\/B3_OPVHandout.pdf\">Handout<\/a><\/li>\n<li>LCD (Felix Huhndorf): <a href=\"http:\/\/service.projektlabor.tu-berlin.de\/wordpress\/search-e\/wp-content\/uploads\/sites\/8\/2014\/07\/B3_LCDFolien.pdf\">Folien<\/a>, <a href=\"http:\/\/service.projektlabor.tu-berlin.de\/wordpress\/search-e\/wp-content\/uploads\/sites\/8\/2014\/07\/B3_LCDHandout.pdf\">Handout<\/a><\/li>\n<li>IR-Sensor (Bertwin Bilgrim Otto Seibertz): <a href=\"http:\/\/service.projektlabor.tu-berlin.de\/wordpress\/search-e\/wp-content\/uploads\/sites\/8\/2014\/07\/B3_IRSensorikFolien.pdf\">Folien<\/a>, <a href=\"http:\/\/service.projektlabor.tu-berlin.de\/wordpress\/search-e\/wp-content\/uploads\/sites\/8\/2014\/07\/B3_IRSensorikHandout.pdf\">Handout<\/a><\/li>\n<li>Interrupts (Waldermar Failert): <a href=\"http:\/\/service.projektlabor.tu-berlin.de\/wordpress\/search-e\/wp-content\/uploads\/sites\/8\/2014\/07\/B3_InterruptsFolien.pdf\">Folien<\/a>, <a href=\"http:\/\/service.projektlabor.tu-berlin.de\/wordpress\/search-e\/wp-content\/uploads\/sites\/8\/2014\/07\/B3_InterruptsHandout.pdf\">Handout<\/a><\/li>\n<\/ul>\n<p><a style=\"text-decoration: none\" title=\"Antrieb\" href=\"http:\/\/service.projektlabor.tu-berlin.de\/wordpress\/search-e\/antrieb\/\"><strong id=\"motor\">Antrieb<\/strong><\/a><\/p>\n<ul>\n<li>Operationsverst\u00e4rker (Jan Martin): <a href=\"http:\/\/service.projektlabor.tu-berlin.de\/wordpress\/search-e\/wp-content\/uploads\/sites\/8\/2014\/07\/B4_OPVFolien.pdf\">Folien<\/a>, <a href=\"http:\/\/service.projektlabor.tu-berlin.de\/wordpress\/search-e\/wp-content\/uploads\/sites\/8\/2014\/07\/B4_OPVHandout.pdf\">Handout<\/a><\/li>\n<li>Oszillator (Marius Gentejohann): <a href=\"http:\/\/service.projektlabor.tu-berlin.de\/wordpress\/search-e\/wp-content\/uploads\/sites\/8\/2014\/07\/B4_OszillatorFolien.pdf\">Folien<\/a>, <a href=\"http:\/\/service.projektlabor.tu-berlin.de\/wordpress\/search-e\/wp-content\/uploads\/sites\/8\/2014\/07\/B4_OszillatorHandout.pdf\">Handout<\/a><\/li>\n<li>Motortreiber (Max Neumaier): <a href=\"http:\/\/service.projektlabor.tu-berlin.de\/wordpress\/search-e\/wp-content\/uploads\/sites\/8\/2014\/07\/B4_MotortreiberFolien.pdf\">Folien<\/a>, <a href=\"http:\/\/service.projektlabor.tu-berlin.de\/wordpress\/search-e\/wp-content\/uploads\/sites\/8\/2014\/07\/B4_MotortreiberHandout.pdf\">Handout<\/a><\/li>\n<li>Stromregelung (Emre \u00d6zcan): <a href=\"http:\/\/service.projektlabor.tu-berlin.de\/wordpress\/search-e\/wp-content\/uploads\/sites\/8\/2014\/07\/B4_StromregelungFolien.pdf\">Folien<\/a>, <a href=\"http:\/\/service.projektlabor.tu-berlin.de\/wordpress\/search-e\/wp-content\/uploads\/sites\/8\/2014\/07\/B4_StromregelungHandout.pdf\">Handout<\/a><\/li>\n<\/ul>\n<p><a style=\"text-decoration: none\" title=\"Energieversorgung\" href=\"http:\/\/service.projektlabor.tu-berlin.de\/wordpress\/search-e\/energieversorgung\/\"><strong id=\"power\">Energieversorgung<\/strong><\/a><\/p>\n<ul>\n<li>Blockschaltbild Allgemein (Mirko K\u00f6pke): <a href=\"http:\/\/service.projektlabor.tu-berlin.de\/wordpress\/search-e\/wp-content\/uploads\/sites\/8\/2014\/07\/B5_BlockschaltbildAllgemeinFolien.pdf\">Folien<\/a><\/li>\n<li>Blockschaltbild speziell (Simon Gapp): <a href=\"http:\/\/service.projektlabor.tu-berlin.de\/wordpress\/search-e\/wp-content\/uploads\/sites\/8\/2014\/07\/B5_BSB_I_Folien.pdf\">Folien<\/a><\/li>\n<li>Operationsverst\u00e4rker (Paul Hollmann): <a href=\"http:\/\/service.projektlabor.tu-berlin.de\/wordpress\/search-e\/wp-content\/uploads\/sites\/8\/2014\/07\/B5_Operationsverst\u00e4rkerFolien.pdf\">Folien<\/a>, <a href=\"http:\/\/service.projektlabor.tu-berlin.de\/wordpress\/search-e\/wp-content\/uploads\/sites\/8\/2014\/07\/B5_Operationsverst\u00e4rkerHandout.pdf\">Handout<\/a><\/li>\n<li>Bipolartransistoren (Thomas Jakobi): <a href=\"http:\/\/service.projektlabor.tu-berlin.de\/wordpress\/search-e\/wp-content\/uploads\/sites\/8\/2014\/07\/B5_BipolartransistorenFolien.pdf\">Folien<\/a>, <a href=\"http:\/\/service.projektlabor.tu-berlin.de\/wordpress\/search-e\/wp-content\/uploads\/sites\/8\/2014\/07\/B5_BipolartransistorenHandout.pdf\">Handout<\/a><\/li>\n<li>Akkutypen (Stavros Sykiotis): <a href=\"http:\/\/service.projektlabor.tu-berlin.de\/wordpress\/search-e\/wp-content\/uploads\/sites\/8\/2014\/07\/B5_AkkutypenFolien.pdf\">Folien<\/a>, <a href=\"http:\/\/service.projektlabor.tu-berlin.de\/wordpress\/search-e\/wp-content\/uploads\/sites\/8\/2014\/07\/B5_AkkutypenHandout.pdf\">Handout<\/a><\/li>\n<li>Ladeverfahren (Giovanni Monti): <a href=\"http:\/\/service.projektlabor.tu-berlin.de\/wordpress\/search-e\/wp-content\/uploads\/sites\/8\/2014\/07\/B5_LadeverfahrenFolien.pdf\">Folien<\/a>, <a href=\"http:\/\/service.projektlabor.tu-berlin.de\/wordpress\/search-e\/wp-content\/uploads\/sites\/8\/2014\/07\/B5_LadeverfahrenHandout.pdf\">Handout<\/a><\/li>\n<li>Oszilloskop (Fabian Jaenicke): <a href=\"http:\/\/service.projektlabor.tu-berlin.de\/wordpress\/search-e\/wp-content\/uploads\/sites\/8\/2014\/07\/B5_OszilloskopFolien.pdf\">Folien<\/a>, <a href=\"http:\/\/service.projektlabor.tu-berlin.de\/wordpress\/search-e\/wp-content\/uploads\/sites\/8\/2014\/07\/B5_OszilloskopHandout.pdf\">Handout<\/a><\/li>\n<li>Feldeffekttransistoren (Fabian W\u00fchle): <a href=\"http:\/\/service.projektlabor.tu-berlin.de\/wordpress\/search-e\/wp-content\/uploads\/sites\/8\/2014\/07\/B5_FeldeffekttransistorenFolien.pdf\">Folien<\/a>, <a href=\"http:\/\/service.projektlabor.tu-berlin.de\/wordpress\/search-e\/wp-content\/uploads\/sites\/8\/2014\/07\/B5_FeldeffekttransistorenHandout.pdf\">Handout<\/a><\/li>\n<li>Systematische Fehlersuche (Janpeter Hirsch):\u00a0<a href=\"http:\/\/service.projektlabor.tu-berlin.de\/wordpress\/search-e\/wp-content\/uploads\/sites\/8\/2014\/07\/B5_FehlersucheFolien.pdf\">Folien<\/a>,\u00a0<a href=\"http:\/\/service.projektlabor.tu-berlin.de\/wordpress\/search-e\/wp-content\/uploads\/sites\/8\/2014\/07\/B5_FehlersucheHandout.pdf\">Handout<\/a><\/li>\n<li>Integrierte Schaltkreise (Albert Piwonski): <a href=\"http:\/\/service.projektlabor.tu-berlin.de\/wordpress\/search-e\/wp-content\/uploads\/sites\/8\/2014\/07\/B5_ICFolien.pdf\">Folien<\/a>, <a href=\"http:\/\/service.projektlabor.tu-berlin.de\/wordpress\/search-e\/wp-content\/uploads\/sites\/8\/2014\/07\/B5_ICHandout.pdf\">Handout<\/a><\/li>\n<\/ul>\n","protected":false},"excerpt":{"rendered":"<p>Hier erscheinen die Referate aus den einzelnen Gruppen Audiosensor Mikrofonierungsverfahren: Folien Operationsverst\u00e4rker (Marcel Opitz): Folien, Handout Noise-Gate (Tan, Trinh Ngoc): Folien, Handout Gleichrichter (Julian Krakor): Folien, Handout Eagle (Paul Robin Reichelt): Folien,\u00a0Handout L\u00f6ten (Martin Nissen): Folien, Handout Fehlersuche (Alexey Loutchko): Folien, Handout Wafer (Felix Huth): Folien, Handout Metallsensor Operationsverst\u00e4rker (Branimir Batinic): Folien, Handout Oszillatoren (Andr\u00e9 [&hellip;]<\/p>\n","protected":false},"author":14,"featured_media":0,"parent":0,"menu_order":6,"comment_status":"closed","ping_status":"closed","template":"","meta":[],"_links":{"self":[{"href":"https:\/\/service.projektlabor.tu-berlin.de\/wordpress\/search-e\/wp-json\/wp\/v2\/pages\/63"}],"collection":[{"href":"https:\/\/service.projektlabor.tu-berlin.de\/wordpress\/search-e\/wp-json\/wp\/v2\/pages"}],"about":[{"href":"https:\/\/service.projektlabor.tu-berlin.de\/wordpress\/search-e\/wp-json\/wp\/v2\/types\/page"}],"author":[{"embeddable":true,"href":"https:\/\/service.projektlabor.tu-berlin.de\/wordpress\/search-e\/wp-json\/wp\/v2\/users\/14"}],"replies":[{"embeddable":true,"href":"https:\/\/service.projektlabor.tu-berlin.de\/wordpress\/search-e\/wp-json\/wp\/v2\/comments?post=63"}],"version-history":[{"count":19,"href":"https:\/\/service.projektlabor.tu-berlin.de\/wordpress\/search-e\/wp-json\/wp\/v2\/pages\/63\/revisions"}],"predecessor-version":[{"id":111,"href":"https:\/\/service.projektlabor.tu-berlin.de\/wordpress\/search-e\/wp-json\/wp\/v2\/pages\/63\/revisions\/111"}],"wp:attachment":[{"href":"https:\/\/service.projektlabor.tu-berlin.de\/wordpress\/search-e\/wp-json\/wp\/v2\/media?parent=63"}],"curies":[{"name":"wp","href":"https:\/\/api.w.org\/{rel}","templated":true}]}}