{"id":93,"date":"2016-07-16T17:49:28","date_gmt":"2016-07-16T15:49:28","guid":{"rendered":"http:\/\/service.projektlabor.tu-berlin.de\/wordpress\/purplegain\/?page_id=93"},"modified":"2016-07-16T19:12:18","modified_gmt":"2016-07-16T17:12:18","slug":"gruppe-2-frontplatine","status":"publish","type":"page","link":"https:\/\/service.projektlabor.tu-berlin.de\/wordpress\/purplegain\/gruppe-2-uebersicht\/gruppe-2-frontplatine\/","title":{"rendered":"Gruppe 2 &#8211; Frontplatine"},"content":{"rendered":"<p><a href=\"http:\/\/service.projektlabor.tu-berlin.de\/wordpress\/purplegain\/wp-content\/uploads\/sites\/15\/2016\/07\/Platine_Front.jpg\"><img loading=\"lazy\" class=\"size-full wp-image-94 aligncenter\" src=\"http:\/\/service.projektlabor.tu-berlin.de\/wordpress\/purplegain\/wp-content\/uploads\/sites\/15\/2016\/07\/Platine_Front.jpg\" alt=\"Platine_Front\" width=\"3264\" height=\"1836\" srcset=\"https:\/\/service.projektlabor.tu-berlin.de\/wordpress\/purplegain\/wp-content\/uploads\/sites\/15\/2016\/07\/Platine_Front.jpg 3264w, https:\/\/service.projektlabor.tu-berlin.de\/wordpress\/purplegain\/wp-content\/uploads\/sites\/15\/2016\/07\/Platine_Front-300x169.jpg 300w, https:\/\/service.projektlabor.tu-berlin.de\/wordpress\/purplegain\/wp-content\/uploads\/sites\/15\/2016\/07\/Platine_Front-1024x576.jpg 1024w\" sizes=\"(max-width: 3264px) 100vw, 3264px\" \/><\/a><\/p>\n<p>Die Frontplatine unserer Gruppe dient in erster Linie der Steuerung unserer Schaltungen. Zum einen k\u00f6nnen die Einfl\u00fcsse auf den VCO und zum anderen die St\u00e4rke des Ausgangssignals bzw. des Rauschens eingestellt werden. Desweiteren wurde zudem eine Klinke-Buchse angebracht, um ein Steuersignal vom LFO anschlie\u00dfen zu k\u00f6nnen.<\/p>\n<p>VCO2 IN &#8211; Einstellung der Frequenz des zweiten Oszillators f\u00fcr die Frequenzmodulation<br \/>\nRECHTECK, DREIECK, LFO &#8211; Einstellung der Gewichtung am Addierer (Eingang)<br \/>\nWAVE, NOISE &#8211; Einstellung der Gewichtung am Addierer (Ausgang)<\/p>\n<p>Der hierf\u00fcr verwendete Schaltplan ist in der nachfolgenden Abbildung zu sehen.<\/p>\n<p><a href=\"http:\/\/service.projektlabor.tu-berlin.de\/wordpress\/purplegain\/wp-content\/uploads\/sites\/15\/2016\/07\/Poti.png\"><img loading=\"lazy\" class=\"alignnone size-full wp-image-140\" src=\"http:\/\/service.projektlabor.tu-berlin.de\/wordpress\/purplegain\/wp-content\/uploads\/sites\/15\/2016\/07\/Poti.png\" alt=\"Poti\" width=\"1715\" height=\"521\" srcset=\"https:\/\/service.projektlabor.tu-berlin.de\/wordpress\/purplegain\/wp-content\/uploads\/sites\/15\/2016\/07\/Poti.png 1715w, https:\/\/service.projektlabor.tu-berlin.de\/wordpress\/purplegain\/wp-content\/uploads\/sites\/15\/2016\/07\/Poti-300x91.png 300w, https:\/\/service.projektlabor.tu-berlin.de\/wordpress\/purplegain\/wp-content\/uploads\/sites\/15\/2016\/07\/Poti-1024x311.png 1024w\" sizes=\"(max-width: 1715px) 100vw, 1715px\" \/><\/a><\/p>\n","protected":false},"excerpt":{"rendered":"<p>Die Frontplatine unserer Gruppe dient in erster Linie der Steuerung unserer Schaltungen. Zum einen k\u00f6nnen die Einfl\u00fcsse auf den VCO und zum anderen die St\u00e4rke des Ausgangssignals bzw. des Rauschens eingestellt werden. Desweiteren wurde zudem eine Klinke-Buchse angebracht, um ein Steuersignal vom LFO anschlie\u00dfen zu k\u00f6nnen. VCO2 IN &#8211; Einstellung der Frequenz des zweiten Oszillators &hellip; <a href=\"https:\/\/service.projektlabor.tu-berlin.de\/wordpress\/purplegain\/gruppe-2-uebersicht\/gruppe-2-frontplatine\/\" class=\"more-link\"><span class=\"screen-reader-text\">Gruppe 2 &#8211; Frontplatine<\/span> weiterlesen<\/a><\/p>\n","protected":false},"author":38,"featured_media":0,"parent":90,"menu_order":0,"comment_status":"closed","ping_status":"closed","template":"","meta":[],"_links":{"self":[{"href":"https:\/\/service.projektlabor.tu-berlin.de\/wordpress\/purplegain\/wp-json\/wp\/v2\/pages\/93"}],"collection":[{"href":"https:\/\/service.projektlabor.tu-berlin.de\/wordpress\/purplegain\/wp-json\/wp\/v2\/pages"}],"about":[{"href":"https:\/\/service.projektlabor.tu-berlin.de\/wordpress\/purplegain\/wp-json\/wp\/v2\/types\/page"}],"author":[{"embeddable":true,"href":"https:\/\/service.projektlabor.tu-berlin.de\/wordpress\/purplegain\/wp-json\/wp\/v2\/users\/38"}],"replies":[{"embeddable":true,"href":"https:\/\/service.projektlabor.tu-berlin.de\/wordpress\/purplegain\/wp-json\/wp\/v2\/comments?post=93"}],"version-history":[{"count":5,"href":"https:\/\/service.projektlabor.tu-berlin.de\/wordpress\/purplegain\/wp-json\/wp\/v2\/pages\/93\/revisions"}],"predecessor-version":[{"id":142,"href":"https:\/\/service.projektlabor.tu-berlin.de\/wordpress\/purplegain\/wp-json\/wp\/v2\/pages\/93\/revisions\/142"}],"up":[{"embeddable":true,"href":"https:\/\/service.projektlabor.tu-berlin.de\/wordpress\/purplegain\/wp-json\/wp\/v2\/pages\/90"}],"wp:attachment":[{"href":"https:\/\/service.projektlabor.tu-berlin.de\/wordpress\/purplegain\/wp-json\/wp\/v2\/media?parent=93"}],"curies":[{"name":"wp","href":"https:\/\/api.w.org\/{rel}","templated":true}]}}