{"id":90,"date":"2016-07-16T17:47:10","date_gmt":"2016-07-16T15:47:10","guid":{"rendered":"http:\/\/service.projektlabor.tu-berlin.de\/wordpress\/purplegain\/?page_id=90"},"modified":"2016-07-27T07:38:34","modified_gmt":"2016-07-27T05:38:34","slug":"gruppe-2-uebersicht","status":"publish","type":"page","link":"https:\/\/service.projektlabor.tu-berlin.de\/wordpress\/purplegain\/gruppe-2-uebersicht\/","title":{"rendered":"Gruppe 2 &#8211; \u00dcbersicht"},"content":{"rendered":"<p>Die Aufgabe unserer Gruppe war es, den spannungsgesteuerten Oszillatior (VCO), zur Erzeugung von Signalen mit verschiedenen Wellenformen und einer bestimmten Frequenz, zu realisieren. Hierf\u00fcr haben wir folgendes Blockschaltbild entwickelt:<\/p>\n<p><a href=\"http:\/\/service.projektlabor.tu-berlin.de\/wordpress\/purplegain\/wp-content\/uploads\/sites\/15\/2016\/07\/BSB_VCO.png\"><img loading=\"lazy\" class=\"size-full wp-image-91 aligncenter\" src=\"http:\/\/service.projektlabor.tu-berlin.de\/wordpress\/purplegain\/wp-content\/uploads\/sites\/15\/2016\/07\/BSB_VCO.png\" alt=\"BSB_VCO\" width=\"1920\" height=\"1080\" srcset=\"https:\/\/service.projektlabor.tu-berlin.de\/wordpress\/purplegain\/wp-content\/uploads\/sites\/15\/2016\/07\/BSB_VCO.png 1920w, https:\/\/service.projektlabor.tu-berlin.de\/wordpress\/purplegain\/wp-content\/uploads\/sites\/15\/2016\/07\/BSB_VCO-300x169.png 300w, https:\/\/service.projektlabor.tu-berlin.de\/wordpress\/purplegain\/wp-content\/uploads\/sites\/15\/2016\/07\/BSB_VCO-1024x576.png 1024w\" sizes=\"(max-width: 1920px) 100vw, 1920px\" \/><\/a><\/p>\n<p>Um verschiedene Eing\u00e4nge verarbeiten zu k\u00f6nnen, verwenden wir am Eingang einen Addierer, dessen Ausgang an den Exponentierer geht. Dieser sorgt nun daf\u00fcr, dass die linear unterteilte Eingangsspannung in eine exponentiell unterteilte Spannung umgestzt wird, damit Erh\u00f6hung der Eingangsspannung um 1V einer Oktave, also einer Verdopplung der Ausgangsspannung entspricht. Mit dieser Spannung wird nun der VCO-1 gesteuert, der am Ausgang ein Dreiecks- und ein Rechtecksignal mit entsprechender Frequenz erzeugt. \u00dcber verschiedene Schaltungen werden dann im Waveshapingteil zus\u00e4tzlich noch die Wellenformen Sinus, S\u00e4gezahn und einstellbarer Impuls realisiert.<\/p>\n<p>Zus\u00e4tzlich wurden auch zwei optionale Schaltungen realisiert, zum einen ist dies der VCO-2, welcher eine Frequenzmodulation erm\u00f6glicht und zum anderen ein Noisegenerator zur Erzeugung von Rauschen. F\u00fcr Letzteren musste zudem noch ein Mixer am Ausgang realisiert werden, wof\u00fcr ebenfalls ein Addierer verwendet wurde.<\/p>\n<p>Um diese vielf\u00e4ltigen Aufgaben zu bew\u00e4ltigen, haben wir uns in zwei Untergruppen aufgeteilt:<\/p>\n<ul>\n<li>Gruppe VCO:<br \/>\nHans Manthey<br \/>\nBenjamin Fellmann<\/li>\n<\/ul>\n<ul>\n<li>Gruppe Waveshaping<br \/>\nFrithjof Barkholdt<br \/>\nNele Cohrs<br \/>\nPhillipp Schacht<\/li>\n<\/ul>\n<p>Betreuer: Thomas M\u00f6ller<\/p>\n<p>Hierbei wurde von beiden Untergruppen jeweils eine Platine mit deren Schaltungen erstellt. Hinzu kam noch eine Frontplatine, auf welcher alle von au\u00dfen erreichbaren Drehpotentiometer angebracht wurden. Als interne Verbindung w\u00e4hlten wir einen Flachbandstecker mit 16 Anschl\u00fcssen, damit die ben\u00f6tigten Signale keine Leitungen auf dem BUS belegten.<\/p>\n<p>Die uns betreffenden Schnittstellen sind die Steuerspannungen (Frequenz und PWM) zwischen 0 und 5V, die 3-Bit-Codierung der Wellenform, die Ausgangsamplitude von max. 1V und die Steuerspannung vom LFO ebenfalls im Bereich zwischen 0 und 5V.<\/p>\n<p>Auf den folgenden Seiten werden nun die einzelnen Platinen und deren Schaltungen kurz vorgestellt, genauere Informationen sind im Abschlussbericht des Projektes zu finden.<\/p>\n<p><a href=\"http:\/\/service.projektlabor.tu-berlin.de\/wordpress\/purplegain\/gruppe-2-uebersicht\/gruppe-2-frontplatine\/\">http:\/\/service.projektlabor.tu-berlin.de\/wordpress\/purplegain\/gruppe-2-uebersicht\/gruppe-2-frontplatine\/<\/a><\/p>\n<p><a href=\"http:\/\/service.projektlabor.tu-berlin.de\/wordpress\/purplegain\/gruppe-2-uebersicht\/gruppe-2-vco-platine\/\">http:\/\/service.projektlabor.tu-berlin.de\/wordpress\/purplegain\/gruppe-2-uebersicht\/gruppe-2-vco-platine\/<\/a><\/p>\n<p><a href=\"http:\/\/service.projektlabor.tu-berlin.de\/wordpress\/purplegain\/purple-gain-uebersicht\/gruppe-2-uebersicht\/gruppe-2-waveshaping-platine\/\">http:\/\/service.projektlabor.tu-berlin.de\/wordpress\/purplegain\/purple-gain-uebersicht\/gruppe-2-uebersicht\/gruppe-2-waveshaping-platine\/<\/a><\/p>\n","protected":false},"excerpt":{"rendered":"<p>Die Aufgabe unserer Gruppe war es, den spannungsgesteuerten Oszillatior (VCO), zur Erzeugung von Signalen mit verschiedenen Wellenformen und einer bestimmten Frequenz, zu realisieren. Hierf\u00fcr haben wir folgendes Blockschaltbild entwickelt: Um verschiedene Eing\u00e4nge verarbeiten zu k\u00f6nnen, verwenden wir am Eingang einen Addierer, dessen Ausgang an den Exponentierer geht. Dieser sorgt nun daf\u00fcr, dass die linear unterteilte &hellip; <a href=\"https:\/\/service.projektlabor.tu-berlin.de\/wordpress\/purplegain\/gruppe-2-uebersicht\/\" class=\"more-link\"><span class=\"screen-reader-text\">Gruppe 2 &#8211; \u00dcbersicht<\/span> weiterlesen<\/a><\/p>\n","protected":false},"author":38,"featured_media":0,"parent":0,"menu_order":1,"comment_status":"closed","ping_status":"closed","template":"","meta":[],"_links":{"self":[{"href":"https:\/\/service.projektlabor.tu-berlin.de\/wordpress\/purplegain\/wp-json\/wp\/v2\/pages\/90"}],"collection":[{"href":"https:\/\/service.projektlabor.tu-berlin.de\/wordpress\/purplegain\/wp-json\/wp\/v2\/pages"}],"about":[{"href":"https:\/\/service.projektlabor.tu-berlin.de\/wordpress\/purplegain\/wp-json\/wp\/v2\/types\/page"}],"author":[{"embeddable":true,"href":"https:\/\/service.projektlabor.tu-berlin.de\/wordpress\/purplegain\/wp-json\/wp\/v2\/users\/38"}],"replies":[{"embeddable":true,"href":"https:\/\/service.projektlabor.tu-berlin.de\/wordpress\/purplegain\/wp-json\/wp\/v2\/comments?post=90"}],"version-history":[{"count":6,"href":"https:\/\/service.projektlabor.tu-berlin.de\/wordpress\/purplegain\/wp-json\/wp\/v2\/pages\/90\/revisions"}],"predecessor-version":[{"id":133,"href":"https:\/\/service.projektlabor.tu-berlin.de\/wordpress\/purplegain\/wp-json\/wp\/v2\/pages\/90\/revisions\/133"}],"wp:attachment":[{"href":"https:\/\/service.projektlabor.tu-berlin.de\/wordpress\/purplegain\/wp-json\/wp\/v2\/media?parent=90"}],"curies":[{"name":"wp","href":"https:\/\/api.w.org\/{rel}","templated":true}]}}