{"id":396,"date":"2018-02-05T16:20:02","date_gmt":"2018-02-05T15:20:02","guid":{"rendered":"http:\/\/service.projektlabor.tu-berlin.de\/wordpress\/octolaser\/?page_id=396"},"modified":"2018-02-07T19:39:40","modified_gmt":"2018-02-07T18:39:40","slug":"signalfilterung","status":"publish","type":"page","link":"https:\/\/service.projektlabor.tu-berlin.de\/wordpress\/octolaser\/gruppe-5-verstaerker\/signalfilterung\/","title":{"rendered":"Signalfilterung"},"content":{"rendered":"<p>In diesem Abschnitt modulieren wir unser verst\u00e4ktes Pulsweitensignal wieder zur\u00fcck in\u00a0ein Sinussignal, das nun von U= +- 5V\u00a0\u00a0, vor dem Klasse-D-Verts\u00e4rker, auf U=+-12 V\u00a0\u00a0verst\u00e4rkt ist.\u00a0Diese R\u00fcckmodulation wird mit einem Tiefpass 2. Ordnung realisiert (Abb. 1).<\/p>\n<div id=\"attachment_448\" style=\"width: 310px\" class=\"wp-caption aligncenter\"><a href=\"http:\/\/service.projektlabor.tu-berlin.de\/wordpress\/octolaser\/wp-content\/uploads\/sites\/21\/2018\/02\/tiefpass2.png\"><img aria-describedby=\"caption-attachment-448\" loading=\"lazy\" class=\"wp-image-448 size-medium\" src=\"http:\/\/service.projektlabor.tu-berlin.de\/wordpress\/octolaser\/wp-content\/uploads\/sites\/21\/2018\/02\/tiefpass2-300x150.png\" alt=\"tiefpass2\" width=\"300\" height=\"150\" srcset=\"https:\/\/service.projektlabor.tu-berlin.de\/wordpress\/octolaser\/wp-content\/uploads\/sites\/21\/2018\/02\/tiefpass2-300x150.png 300w, https:\/\/service.projektlabor.tu-berlin.de\/wordpress\/octolaser\/wp-content\/uploads\/sites\/21\/2018\/02\/tiefpass2.png 400w\" sizes=\"(max-width: 300px) 100vw, 300px\" \/><\/a><p id=\"caption-attachment-448\" class=\"wp-caption-text\">Abbildung 1: Tiefpass 2. Ordnung (http:\/\/www.hobby-bastelecke.de\/)<\/p><\/div>\n<p>Das Rechtecksignal ist eine \u00dcberlagerung von vielen Sinussignalen, die ungerade ganzzahlige\u00a0 \u00a0Vielfache der gleichen Grundfrequenz sind\u00a0Daher nutzen wir zur R\u00fcckmodulation einen LC-Tiefpass mit einer Grenzfrequenz von f_g= 31kHz,der alle st\u00f6renden Sinusspannungen mit\u00a0 Frequenzen oberhalb der Grenzfrequenz derart abschw\u00e4cht,\u00a0 dass wir nach dem Filtern ein sinus\u00e4hnliches Signal erhalten. Wir entscheiden uns f\u00fcr einen LC-Tiefpass, weil dessen Flankensteilheit, im Gegensatz zu einem eifachen RC-Tiefpass, doppelt so gro\u00df ist, also 40dB\/Dekade statt 20dB\/Dekade. Somit haben\u00a0 wir eine sehr gute Filterwirkung.<br \/>\nWir ben\u00f6tigen f\u00fcr jede Halbbr\u00fccke einen eigenen LC-Tiefpass. Der LC-Tiefpass f\u00fcr die linke Halbbr\u00fccke wird gebildet aus den Bauteilen L4 und U$5. Die Bauteile L3 und U$6 bilden den LC-Tiefpass f\u00fcr die rechte Halbbr\u00fccke<\/p>\n","protected":false},"excerpt":{"rendered":"<p>In diesem Abschnitt modulieren wir unser verst\u00e4ktes Pulsweitensignal wieder zur\u00fcck in\u00a0ein Sinussignal, das nun von U= +- 5V\u00a0\u00a0, vor dem Klasse-D-Verts\u00e4rker, auf U=+-12 V\u00a0\u00a0verst\u00e4rkt ist.\u00a0Diese R\u00fcckmodulation wird mit einem Tiefpass 2. Ordnung realisiert (Abb. 1). Das Rechtecksignal ist eine \u00dcberlagerung von vielen Sinussignalen, die ungerade ganzzahlige\u00a0 \u00a0Vielfache der gleichen Grundfrequenz sind\u00a0Daher nutzen wir zur R\u00fcckmodulation [&hellip;]<\/p>\n","protected":false},"author":61,"featured_media":0,"parent":25,"menu_order":3,"comment_status":"closed","ping_status":"closed","template":"page-templates\/full-width.php","meta":[],"_links":{"self":[{"href":"https:\/\/service.projektlabor.tu-berlin.de\/wordpress\/octolaser\/wp-json\/wp\/v2\/pages\/396"}],"collection":[{"href":"https:\/\/service.projektlabor.tu-berlin.de\/wordpress\/octolaser\/wp-json\/wp\/v2\/pages"}],"about":[{"href":"https:\/\/service.projektlabor.tu-berlin.de\/wordpress\/octolaser\/wp-json\/wp\/v2\/types\/page"}],"author":[{"embeddable":true,"href":"https:\/\/service.projektlabor.tu-berlin.de\/wordpress\/octolaser\/wp-json\/wp\/v2\/users\/61"}],"replies":[{"embeddable":true,"href":"https:\/\/service.projektlabor.tu-berlin.de\/wordpress\/octolaser\/wp-json\/wp\/v2\/comments?post=396"}],"version-history":[{"count":7,"href":"https:\/\/service.projektlabor.tu-berlin.de\/wordpress\/octolaser\/wp-json\/wp\/v2\/pages\/396\/revisions"}],"predecessor-version":[{"id":449,"href":"https:\/\/service.projektlabor.tu-berlin.de\/wordpress\/octolaser\/wp-json\/wp\/v2\/pages\/396\/revisions\/449"}],"up":[{"embeddable":true,"href":"https:\/\/service.projektlabor.tu-berlin.de\/wordpress\/octolaser\/wp-json\/wp\/v2\/pages\/25"}],"wp:attachment":[{"href":"https:\/\/service.projektlabor.tu-berlin.de\/wordpress\/octolaser\/wp-json\/wp\/v2\/media?parent=396"}],"curies":[{"name":"wp","href":"https:\/\/api.w.org\/{rel}","templated":true}]}}