{"id":394,"date":"2018-02-05T16:18:47","date_gmt":"2018-02-05T15:18:47","guid":{"rendered":"http:\/\/service.projektlabor.tu-berlin.de\/wordpress\/octolaser\/?page_id=394"},"modified":"2018-02-07T19:37:18","modified_gmt":"2018-02-07T18:37:18","slug":"pwm-steuerung","status":"publish","type":"page","link":"https:\/\/service.projektlabor.tu-berlin.de\/wordpress\/octolaser\/gruppe-5-verstaerker\/pwm-steuerung\/","title":{"rendered":"PWM-Steuerung"},"content":{"rendered":"<p>Unsere Gruppe verst\u00e4rkt das modulierte Pulsweitensignal. F\u00fcr den Klasse-D-Verst\u00e4rker haben wir eine H-Br\u00fccke mit vier n-MosFets-Halbleiterschaltern ausgew\u00e4hlt.<br \/>\nUnsere HBr\u00fccke besteht aus 2 Halbbr\u00fcckenteilen, wobei eine invertierend arbeitet. Die Halbbr\u00fccken unterscheiden sich im Aufbau nicht, was man unserem Schaltplan entnehmen kann. Als Treiber benutzen wir den Baustein IR2110. Dieser hat eine Verz\u00f6gerungszeit von 20ns und somit k\u00f6nnen wir die Nichtlinearit\u00e4ten m\u00f6glichst gering halten. Wir verwenden<br \/>\nUF640L-n-MosFets, da diese einen geringen Eingangswiderstand RDS,on = 18m haben und somit eine gute Strombelastbarkeit aufweisen.<br \/>\nDie Abbildungen 1 und 2 zeigen den erstellten Schaltplan und das nun verst\u00e4rkte Pulsweitensignal.<\/p>\n<div id=\"attachment_441\" style=\"width: 584px\" class=\"wp-caption aligncenter\"><a href=\"http:\/\/service.projektlabor.tu-berlin.de\/wordpress\/octolaser\/wp-content\/uploads\/sites\/21\/2018\/02\/schaltmo.png\"><img aria-describedby=\"caption-attachment-441\" loading=\"lazy\" class=\"wp-image-441 size-full\" src=\"http:\/\/service.projektlabor.tu-berlin.de\/wordpress\/octolaser\/wp-content\/uploads\/sites\/21\/2018\/02\/schaltmo.png\" alt=\"schaltmo\" width=\"574\" height=\"426\" srcset=\"https:\/\/service.projektlabor.tu-berlin.de\/wordpress\/octolaser\/wp-content\/uploads\/sites\/21\/2018\/02\/schaltmo.png 574w, https:\/\/service.projektlabor.tu-berlin.de\/wordpress\/octolaser\/wp-content\/uploads\/sites\/21\/2018\/02\/schaltmo-300x223.png 300w\" sizes=\"(max-width: 574px) 100vw, 574px\" \/><\/a><p id=\"caption-attachment-441\" class=\"wp-caption-text\">Abbildung 1: Schaltung zur Verst\u00e4rkung des Pulsweitensignals; linke Halbbr\u00fccke<\/p><\/div>\n<div id=\"attachment_442\" style=\"width: 310px\" class=\"wp-caption aligncenter\"><a href=\"http:\/\/service.projektlabor.tu-berlin.de\/wordpress\/octolaser\/wp-content\/uploads\/sites\/21\/2018\/02\/plot-spannung.png\"><img aria-describedby=\"caption-attachment-442\" loading=\"lazy\" class=\"wp-image-442 size-medium\" src=\"http:\/\/service.projektlabor.tu-berlin.de\/wordpress\/octolaser\/wp-content\/uploads\/sites\/21\/2018\/02\/plot-spannung-300x254.png\" alt=\"plot-spannung\" width=\"300\" height=\"254\" srcset=\"https:\/\/service.projektlabor.tu-berlin.de\/wordpress\/octolaser\/wp-content\/uploads\/sites\/21\/2018\/02\/plot-spannung-300x254.png 300w, https:\/\/service.projektlabor.tu-berlin.de\/wordpress\/octolaser\/wp-content\/uploads\/sites\/21\/2018\/02\/plot-spannung.png 568w\" sizes=\"(max-width: 300px) 100vw, 300px\" \/><\/a><p id=\"caption-attachment-442\" class=\"wp-caption-text\">Abbildung 2: Verts\u00e4rkte Pulsweitensignal<\/p><\/div>\n","protected":false},"excerpt":{"rendered":"<p>Unsere Gruppe verst\u00e4rkt das modulierte Pulsweitensignal. F\u00fcr den Klasse-D-Verst\u00e4rker haben wir eine H-Br\u00fccke mit vier n-MosFets-Halbleiterschaltern ausgew\u00e4hlt. Unsere HBr\u00fccke besteht aus 2 Halbbr\u00fcckenteilen, wobei eine invertierend arbeitet. Die Halbbr\u00fccken unterscheiden sich im Aufbau nicht, was man unserem Schaltplan entnehmen kann. Als Treiber benutzen wir den Baustein IR2110. Dieser hat eine Verz\u00f6gerungszeit von 20ns und somit [&hellip;]<\/p>\n","protected":false},"author":61,"featured_media":0,"parent":25,"menu_order":2,"comment_status":"closed","ping_status":"closed","template":"page-templates\/full-width.php","meta":[],"_links":{"self":[{"href":"https:\/\/service.projektlabor.tu-berlin.de\/wordpress\/octolaser\/wp-json\/wp\/v2\/pages\/394"}],"collection":[{"href":"https:\/\/service.projektlabor.tu-berlin.de\/wordpress\/octolaser\/wp-json\/wp\/v2\/pages"}],"about":[{"href":"https:\/\/service.projektlabor.tu-berlin.de\/wordpress\/octolaser\/wp-json\/wp\/v2\/types\/page"}],"author":[{"embeddable":true,"href":"https:\/\/service.projektlabor.tu-berlin.de\/wordpress\/octolaser\/wp-json\/wp\/v2\/users\/61"}],"replies":[{"embeddable":true,"href":"https:\/\/service.projektlabor.tu-berlin.de\/wordpress\/octolaser\/wp-json\/wp\/v2\/comments?post=394"}],"version-history":[{"count":7,"href":"https:\/\/service.projektlabor.tu-berlin.de\/wordpress\/octolaser\/wp-json\/wp\/v2\/pages\/394\/revisions"}],"predecessor-version":[{"id":446,"href":"https:\/\/service.projektlabor.tu-berlin.de\/wordpress\/octolaser\/wp-json\/wp\/v2\/pages\/394\/revisions\/446"}],"up":[{"embeddable":true,"href":"https:\/\/service.projektlabor.tu-berlin.de\/wordpress\/octolaser\/wp-json\/wp\/v2\/pages\/25"}],"wp:attachment":[{"href":"https:\/\/service.projektlabor.tu-berlin.de\/wordpress\/octolaser\/wp-json\/wp\/v2\/media?parent=394"}],"curies":[{"name":"wp","href":"https:\/\/api.w.org\/{rel}","templated":true}]}}