{"id":385,"date":"2018-02-01T18:32:57","date_gmt":"2018-02-01T17:32:57","guid":{"rendered":"http:\/\/service.projektlabor.tu-berlin.de\/wordpress\/octolaser\/?page_id=385"},"modified":"2018-02-07T19:58:56","modified_gmt":"2018-02-07T18:58:56","slug":"pwm","status":"publish","type":"page","link":"https:\/\/service.projektlabor.tu-berlin.de\/wordpress\/octolaser\/gruppe-5-verstaerker\/pwm\/","title":{"rendered":"Einleitung"},"content":{"rendered":"<p>&nbsp;<\/p>\n<p>&nbsp;<\/p>\n<p>&nbsp;<\/p>\n<p><a href=\"http:\/\/service.projektlabor.tu-berlin.de\/wordpress\/octolaser\/wp-content\/uploads\/sites\/21\/2018\/02\/sc.jpeg\"><img loading=\"lazy\" class=\"wp-image-454 alignright\" src=\"http:\/\/service.projektlabor.tu-berlin.de\/wordpress\/octolaser\/wp-content\/uploads\/sites\/21\/2018\/02\/sc-225x300.jpeg\" alt=\"sc\" width=\"390\" height=\"520\" srcset=\"https:\/\/service.projektlabor.tu-berlin.de\/wordpress\/octolaser\/wp-content\/uploads\/sites\/21\/2018\/02\/sc-225x300.jpeg 225w, https:\/\/service.projektlabor.tu-berlin.de\/wordpress\/octolaser\/wp-content\/uploads\/sites\/21\/2018\/02\/sc-768x1024.jpeg 768w, https:\/\/service.projektlabor.tu-berlin.de\/wordpress\/octolaser\/wp-content\/uploads\/sites\/21\/2018\/02\/sc-624x832.jpeg 624w, https:\/\/service.projektlabor.tu-berlin.de\/wordpress\/octolaser\/wp-content\/uploads\/sites\/21\/2018\/02\/sc.jpeg 960w\" sizes=\"(max-width: 390px) 100vw, 390px\" \/><\/a><\/p>\n<p><a href=\"http:\/\/service.projektlabor.tu-berlin.de\/wordpress\/octolaser\/wp-content\/uploads\/sites\/21\/2018\/02\/scd.jpeg\"><img loading=\"lazy\" class=\"alignleft wp-image-451 \" src=\"http:\/\/service.projektlabor.tu-berlin.de\/wordpress\/octolaser\/wp-content\/uploads\/sites\/21\/2018\/02\/scd-225x300.jpeg\" alt=\"scd\" width=\"379\" height=\"505\" srcset=\"https:\/\/service.projektlabor.tu-berlin.de\/wordpress\/octolaser\/wp-content\/uploads\/sites\/21\/2018\/02\/scd-225x300.jpeg 225w, https:\/\/service.projektlabor.tu-berlin.de\/wordpress\/octolaser\/wp-content\/uploads\/sites\/21\/2018\/02\/scd-768x1024.jpeg 768w, https:\/\/service.projektlabor.tu-berlin.de\/wordpress\/octolaser\/wp-content\/uploads\/sites\/21\/2018\/02\/scd-624x832.jpeg 624w, https:\/\/service.projektlabor.tu-berlin.de\/wordpress\/octolaser\/wp-content\/uploads\/sites\/21\/2018\/02\/scd.jpeg 960w\" sizes=\"(max-width: 379px) 100vw, 379px\" \/><\/a><\/p>\n<p>&nbsp;<\/p>\n<p>&nbsp;<\/p>\n<p>&nbsp;<\/p>\n<p>&nbsp;<\/p>\n<p>&nbsp;<\/p>\n<p>&nbsp;<\/p>\n<p>&nbsp;<\/p>\n<p>&nbsp;<\/p>\n<p>&nbsp;<\/p>\n<p>&nbsp;<\/p>\n<p>&nbsp;<\/p>\n<p>&nbsp;<\/p>\n<p>Die Endstufe stellt den Leistungsabschnitt bzw. den verst\u00e4rkenden Abschinitt dar .Unser Ziel ist die Verst\u00e4rkung des durch die Gruppen 1-4 erzeugen Tonsignals und dessen Ausgabe .<\/p>\n<p>Wir entscheiden uns f\u00fcr einen Klasse D-Verst\u00e4rker weil dieser durch seine enorme Effizienz hervorsticht und zudem sehr platzsparend gebaut werden kann .Daf\u00fcr ben\u00f6tigt er allerdings eine sehr gute Schaltungs und Filterstruktur ,um vorhandene Verzerrungen oder Interferenzen zuverringern.<br \/>\nZur Verst\u00e4rkung des Signals nutzen wir das Prinzip der Pulsweitenmodulation(PWM) mit anschlie\u00dfender Vert\u00e4rkung und R\u00fccktransformation .<br \/>\nUntere Abbildung zeigt die Stationen eines Klasse D-Verst\u00e4kers und die dazugeh\u00f6rigen Kleingruppen .<\/p>\n<p><a href=\"http:\/\/service.projektlabor.tu-berlin.de\/wordpress\/octolaser\/wp-content\/uploads\/sites\/21\/2017\/11\/schaltbild.png\"><img loading=\"lazy\" class=\"size-full wp-image-300\" src=\"http:\/\/service.projektlabor.tu-berlin.de\/wordpress\/octolaser\/wp-content\/uploads\/sites\/21\/2017\/11\/schaltbild.png\" alt=\"Blockschaltbild des Klasse-D-Verst\u00e4rker\" width=\"668\" height=\"412\" srcset=\"https:\/\/service.projektlabor.tu-berlin.de\/wordpress\/octolaser\/wp-content\/uploads\/sites\/21\/2017\/11\/schaltbild.png 668w, https:\/\/service.projektlabor.tu-berlin.de\/wordpress\/octolaser\/wp-content\/uploads\/sites\/21\/2017\/11\/schaltbild-300x185.png 300w, https:\/\/service.projektlabor.tu-berlin.de\/wordpress\/octolaser\/wp-content\/uploads\/sites\/21\/2017\/11\/schaltbild-624x385.png 624w\" sizes=\"(max-width: 668px) 100vw, 668px\" \/><\/a><\/p>\n","protected":false},"excerpt":{"rendered":"<p>&nbsp; &nbsp; &nbsp; &nbsp; &nbsp; &nbsp; &nbsp; &nbsp; &nbsp; &nbsp; &nbsp; &nbsp; &nbsp; &nbsp; &nbsp; Die Endstufe stellt den Leistungsabschnitt bzw. den verst\u00e4rkenden Abschinitt dar .Unser Ziel ist die Verst\u00e4rkung des durch die Gruppen 1-4 erzeugen Tonsignals und dessen Ausgabe . Wir entscheiden uns f\u00fcr einen Klasse D-Verst\u00e4rker weil dieser durch seine enorme Effizienz hervorsticht [&hellip;]<\/p>\n","protected":false},"author":61,"featured_media":0,"parent":25,"menu_order":1,"comment_status":"closed","ping_status":"closed","template":"page-templates\/full-width.php","meta":[],"_links":{"self":[{"href":"https:\/\/service.projektlabor.tu-berlin.de\/wordpress\/octolaser\/wp-json\/wp\/v2\/pages\/385"}],"collection":[{"href":"https:\/\/service.projektlabor.tu-berlin.de\/wordpress\/octolaser\/wp-json\/wp\/v2\/pages"}],"about":[{"href":"https:\/\/service.projektlabor.tu-berlin.de\/wordpress\/octolaser\/wp-json\/wp\/v2\/types\/page"}],"author":[{"embeddable":true,"href":"https:\/\/service.projektlabor.tu-berlin.de\/wordpress\/octolaser\/wp-json\/wp\/v2\/users\/61"}],"replies":[{"embeddable":true,"href":"https:\/\/service.projektlabor.tu-berlin.de\/wordpress\/octolaser\/wp-json\/wp\/v2\/comments?post=385"}],"version-history":[{"count":15,"href":"https:\/\/service.projektlabor.tu-berlin.de\/wordpress\/octolaser\/wp-json\/wp\/v2\/pages\/385\/revisions"}],"predecessor-version":[{"id":462,"href":"https:\/\/service.projektlabor.tu-berlin.de\/wordpress\/octolaser\/wp-json\/wp\/v2\/pages\/385\/revisions\/462"}],"up":[{"embeddable":true,"href":"https:\/\/service.projektlabor.tu-berlin.de\/wordpress\/octolaser\/wp-json\/wp\/v2\/pages\/25"}],"wp:attachment":[{"href":"https:\/\/service.projektlabor.tu-berlin.de\/wordpress\/octolaser\/wp-json\/wp\/v2\/media?parent=385"}],"curies":[{"name":"wp","href":"https:\/\/api.w.org\/{rel}","templated":true}]}}