{"id":316,"date":"2018-02-01T14:49:17","date_gmt":"2018-02-01T13:49:17","guid":{"rendered":"http:\/\/service.projektlabor.tu-berlin.de\/wordpress\/octolaser\/?page_id=316"},"modified":"2018-02-01T16:16:32","modified_gmt":"2018-02-01T15:16:32","slug":"bitcrusher","status":"publish","type":"page","link":"https:\/\/service.projektlabor.tu-berlin.de\/wordpress\/octolaser\/gruppe-3-effekte\/bitcrusher\/","title":{"rendered":"Bitcrusher"},"content":{"rendered":"<p><a href=\"http:\/\/service.projektlabor.tu-berlin.de\/wordpress\/octolaser\/wp-content\/uploads\/sites\/21\/2018\/02\/Screenshot-2018-02-01-15.48.57.png\"><img loading=\"lazy\" class=\"alignnone size-medium wp-image-335\" src=\"http:\/\/service.projektlabor.tu-berlin.de\/wordpress\/octolaser\/wp-content\/uploads\/sites\/21\/2018\/02\/Screenshot-2018-02-01-15.48.57-300x219.png\" alt=\"Bitcrusher\" width=\"300\" height=\"219\" srcset=\"https:\/\/service.projektlabor.tu-berlin.de\/wordpress\/octolaser\/wp-content\/uploads\/sites\/21\/2018\/02\/Screenshot-2018-02-01-15.48.57-300x219.png 300w, https:\/\/service.projektlabor.tu-berlin.de\/wordpress\/octolaser\/wp-content\/uploads\/sites\/21\/2018\/02\/Screenshot-2018-02-01-15.48.57-624x455.png 624w, https:\/\/service.projektlabor.tu-berlin.de\/wordpress\/octolaser\/wp-content\/uploads\/sites\/21\/2018\/02\/Screenshot-2018-02-01-15.48.57.png 629w\" sizes=\"(max-width: 300px) 100vw, 300px\" \/><\/a><\/p>\n<div class=\"page\" title=\"Page 4\">\n<div class=\"layoutArea\">\n<div class=\"column\">\n<p>Der Bitcrusher entspricht in seiner Funktion eigentlich einem Downsampler. Das kontinuierli- che analoge Signal wird abgetastet und diskretisiert. Aus einem Sinussignal entsteht dadurch ein angen\u00e4hrtes Rechtecksignal. Im wesentlichen beruht die Funktionalit\u00e4t auf 2 Elementen. Einer Sample-Schaltung und einer Hold-Schaltung. Die Sample-Schaltung (roter Kasten in Abb. 1) l\u00e4sst das ankommende Eingangssignal durch, wenn der Schalter J1 sich \u00f6ffnet. Dieser wird von einem Rechteckoszillator angesteuert. Die Hold-Schaltung, welche hinter die Sample- Schaltung geschaltet ist, h\u00e4lt das einkommende Signal.<\/p>\n<\/div>\n<\/div>\n<\/div>\n<p><a href=\"http:\/\/service.projektlabor.tu-berlin.de\/wordpress\/octolaser\/wp-content\/uploads\/sites\/21\/2018\/02\/Screenshot-2018-02-01-15.49.27.png\"><img loading=\"lazy\" class=\"alignnone size-medium wp-image-337\" src=\"http:\/\/service.projektlabor.tu-berlin.de\/wordpress\/octolaser\/wp-content\/uploads\/sites\/21\/2018\/02\/Screenshot-2018-02-01-15.49.27-231x300.png\" alt=\"Bitcrusher_2\" width=\"231\" height=\"300\" srcset=\"https:\/\/service.projektlabor.tu-berlin.de\/wordpress\/octolaser\/wp-content\/uploads\/sites\/21\/2018\/02\/Screenshot-2018-02-01-15.49.27-231x300.png 231w, https:\/\/service.projektlabor.tu-berlin.de\/wordpress\/octolaser\/wp-content\/uploads\/sites\/21\/2018\/02\/Screenshot-2018-02-01-15.49.27.png 474w\" sizes=\"(max-width: 231px) 100vw, 231px\" \/><\/a><\/p>\n<div class=\"page\" title=\"Page 4\">\n<div class=\"layoutArea\">\n<div class=\"column\">\n<p>In Abbildung 2 ist der Layout des Bitcrushers dargestellt.<\/p>\n<\/div>\n<\/div>\n<\/div>\n","protected":false},"excerpt":{"rendered":"<p>Der Bitcrusher entspricht in seiner Funktion eigentlich einem Downsampler. Das kontinuierli- che analoge Signal wird abgetastet und diskretisiert. Aus einem Sinussignal entsteht dadurch ein angen\u00e4hrtes Rechtecksignal. Im wesentlichen beruht die Funktionalit\u00e4t auf 2 Elementen. Einer Sample-Schaltung und einer Hold-Schaltung. Die Sample-Schaltung (roter Kasten in Abb. 1) l\u00e4sst das ankommende Eingangssignal durch, wenn der Schalter J1 [&hellip;]<\/p>\n","protected":false},"author":65,"featured_media":0,"parent":21,"menu_order":0,"comment_status":"closed","ping_status":"closed","template":"","meta":[],"_links":{"self":[{"href":"https:\/\/service.projektlabor.tu-berlin.de\/wordpress\/octolaser\/wp-json\/wp\/v2\/pages\/316"}],"collection":[{"href":"https:\/\/service.projektlabor.tu-berlin.de\/wordpress\/octolaser\/wp-json\/wp\/v2\/pages"}],"about":[{"href":"https:\/\/service.projektlabor.tu-berlin.de\/wordpress\/octolaser\/wp-json\/wp\/v2\/types\/page"}],"author":[{"embeddable":true,"href":"https:\/\/service.projektlabor.tu-berlin.de\/wordpress\/octolaser\/wp-json\/wp\/v2\/users\/65"}],"replies":[{"embeddable":true,"href":"https:\/\/service.projektlabor.tu-berlin.de\/wordpress\/octolaser\/wp-json\/wp\/v2\/comments?post=316"}],"version-history":[{"count":5,"href":"https:\/\/service.projektlabor.tu-berlin.de\/wordpress\/octolaser\/wp-json\/wp\/v2\/pages\/316\/revisions"}],"predecessor-version":[{"id":360,"href":"https:\/\/service.projektlabor.tu-berlin.de\/wordpress\/octolaser\/wp-json\/wp\/v2\/pages\/316\/revisions\/360"}],"up":[{"embeddable":true,"href":"https:\/\/service.projektlabor.tu-berlin.de\/wordpress\/octolaser\/wp-json\/wp\/v2\/pages\/21"}],"wp:attachment":[{"href":"https:\/\/service.projektlabor.tu-berlin.de\/wordpress\/octolaser\/wp-json\/wp\/v2\/media?parent=316"}],"curies":[{"name":"wp","href":"https:\/\/api.w.org\/{rel}","templated":true}]}}