{"id":268,"date":"2018-01-25T16:29:48","date_gmt":"2018-01-25T15:29:48","guid":{"rendered":"http:\/\/service.projektlabor.tu-berlin.de\/wordpress\/octolaser\/?page_id=268"},"modified":"2018-02-12T23:53:06","modified_gmt":"2018-02-12T22:53:06","slug":"2-kleingruppe","status":"publish","type":"page","link":"https:\/\/service.projektlabor.tu-berlin.de\/wordpress\/octolaser\/beispiel-seite\/2-kleingruppe\/","title":{"rendered":"2. Sensoren"},"content":{"rendered":"<div><\/div>\n<div>Die Sensoren ist ein wichtiges Glied einer Harfe. Sie ist zum Detektieren von Lichtsignalen. Die Sensoren sollen in der Lage sein das Licht zu erkennen und bei einer Unterbrechung in der Lage sein, ein Signal weiterzugeben, damit ein Ton erzeugt werden kann.<br \/>\nMit Hilfe der Photodiode BPW 34 wird die Detektierung der Unterbrechung erm\u00f6glicht. Zuerst wird der Reihenwiderstand R1 mit Hilfe des ohmschen Gesetzes berechnet, wobei zur Gew\u00e4hrleistung eines Hochpasses eine Frequenz von mehr als 500Hz vorausgesetzt wird. Au\u00dferdem wird der BC547 zur Verst\u00e4rkung des Signales verwendet. Es wird ein Hochpass ben\u00f6tigt, damit das Signal vom GND als Bezug gel\u00f6st wird und stattdessen um 0V oszilliert. Dadurch kann die Kapazit\u00e4t wie folgt berechnet werden:<\/div>\n<div><\/div>\n<div><\/div>\n<div>\n<div style=\"text-align: center\"><a href=\"http:\/\/service.projektlabor.tu-berlin.de\/wordpress\/octolaser\/wp-content\/uploads\/sites\/21\/2018\/01\/Unbenannt.png\"><img loading=\"lazy\" class=\"alignnone  wp-image-500\" src=\"http:\/\/service.projektlabor.tu-berlin.de\/wordpress\/octolaser\/wp-content\/uploads\/sites\/21\/2018\/01\/Unbenannt-150x80.png\" alt=\"Unbenannt\" width=\"105\" height=\"56\" \/><\/a><\/div>\n<div><\/div>\n<div>\n<div>mit R=12k\u2126 \u2192 C=26nF<\/div>\n<div>Damit der Hochpass gut funktioniert, soll ein Kondensator kleiner als 26nF genommen werden. Es wird eine Eingangspannung von \u00b112V genutzt.<\/div>\n<div>Es wird ein Signal als Ausgang weiter an die Bandpass-Gruppe gegeben.<\/div>\n<\/div>\n<\/div>\n<div><a href=\"http:\/\/service.projektlabor.tu-berlin.de\/wordpress\/octolaser\/wp-content\/uploads\/sites\/21\/2018\/01\/Schaltplan-Sensor.jpg\"><img loading=\"lazy\" class=\"size-full wp-image-356 aligncenter\" src=\"http:\/\/service.projektlabor.tu-berlin.de\/wordpress\/octolaser\/wp-content\/uploads\/sites\/21\/2018\/01\/Schaltplan-Sensor.jpg\" alt=\"Schaltplan Sensor\" width=\"1224\" height=\"449\" srcset=\"https:\/\/service.projektlabor.tu-berlin.de\/wordpress\/octolaser\/wp-content\/uploads\/sites\/21\/2018\/01\/Schaltplan-Sensor.jpg 1224w, https:\/\/service.projektlabor.tu-berlin.de\/wordpress\/octolaser\/wp-content\/uploads\/sites\/21\/2018\/01\/Schaltplan-Sensor-300x110.jpg 300w, https:\/\/service.projektlabor.tu-berlin.de\/wordpress\/octolaser\/wp-content\/uploads\/sites\/21\/2018\/01\/Schaltplan-Sensor-1024x376.jpg 1024w, https:\/\/service.projektlabor.tu-berlin.de\/wordpress\/octolaser\/wp-content\/uploads\/sites\/21\/2018\/01\/Schaltplan-Sensor-624x229.jpg 624w\" sizes=\"(max-width: 1224px) 100vw, 1224px\" \/><\/a><\/div>\n<div style=\"text-align: center\">Abbildung 6: Schaltplan Sensor<\/div>\n","protected":false},"excerpt":{"rendered":"<p>Die Sensoren ist ein wichtiges Glied einer Harfe. Sie ist zum Detektieren von Lichtsignalen. Die Sensoren sollen in der Lage sein das Licht zu erkennen und bei einer Unterbrechung in der Lage sein, ein Signal weiterzugeben, damit ein Ton erzeugt werden kann. Mit Hilfe der Photodiode BPW 34 wird die Detektierung der Unterbrechung erm\u00f6glicht. Zuerst [&hellip;]<\/p>\n","protected":false},"author":64,"featured_media":0,"parent":2,"menu_order":1,"comment_status":"closed","ping_status":"closed","template":"","meta":[],"_links":{"self":[{"href":"https:\/\/service.projektlabor.tu-berlin.de\/wordpress\/octolaser\/wp-json\/wp\/v2\/pages\/268"}],"collection":[{"href":"https:\/\/service.projektlabor.tu-berlin.de\/wordpress\/octolaser\/wp-json\/wp\/v2\/pages"}],"about":[{"href":"https:\/\/service.projektlabor.tu-berlin.de\/wordpress\/octolaser\/wp-json\/wp\/v2\/types\/page"}],"author":[{"embeddable":true,"href":"https:\/\/service.projektlabor.tu-berlin.de\/wordpress\/octolaser\/wp-json\/wp\/v2\/users\/64"}],"replies":[{"embeddable":true,"href":"https:\/\/service.projektlabor.tu-berlin.de\/wordpress\/octolaser\/wp-json\/wp\/v2\/comments?post=268"}],"version-history":[{"count":10,"href":"https:\/\/service.projektlabor.tu-berlin.de\/wordpress\/octolaser\/wp-json\/wp\/v2\/pages\/268\/revisions"}],"predecessor-version":[{"id":501,"href":"https:\/\/service.projektlabor.tu-berlin.de\/wordpress\/octolaser\/wp-json\/wp\/v2\/pages\/268\/revisions\/501"}],"up":[{"embeddable":true,"href":"https:\/\/service.projektlabor.tu-berlin.de\/wordpress\/octolaser\/wp-json\/wp\/v2\/pages\/2"}],"wp:attachment":[{"href":"https:\/\/service.projektlabor.tu-berlin.de\/wordpress\/octolaser\/wp-json\/wp\/v2\/media?parent=268"}],"curies":[{"name":"wp","href":"https:\/\/api.w.org\/{rel}","templated":true}]}}