{"id":264,"date":"2018-01-25T16:26:18","date_gmt":"2018-01-25T15:26:18","guid":{"rendered":"http:\/\/service.projektlabor.tu-berlin.de\/wordpress\/octolaser\/?page_id=264"},"modified":"2018-02-01T16:06:30","modified_gmt":"2018-02-01T15:06:30","slug":"1-kleingruppe","status":"publish","type":"page","link":"https:\/\/service.projektlabor.tu-berlin.de\/wordpress\/octolaser\/beispiel-seite\/1-kleingruppe\/","title":{"rendered":"1. Lichterzeugung"},"content":{"rendered":"<div><\/div>\n<div><a href=\"http:\/\/service.projektlabor.tu-berlin.de\/wordpress\/octolaser\/wp-content\/uploads\/sites\/21\/2018\/01\/Abb2.png\"><img loading=\"lazy\" class=\"alignnone wp-image-331 aligncenter\" src=\"http:\/\/service.projektlabor.tu-berlin.de\/wordpress\/octolaser\/wp-content\/uploads\/sites\/21\/2018\/01\/Abb2.png\" alt=\"Abb2\" width=\"492\" height=\"325\" \/><\/a><\/div>\n<div><a href=\"http:\/\/service.projektlabor.tu-berlin.de\/wordpress\/octolaser\/wp-content\/uploads\/sites\/21\/2017\/11\/Abb21.png\"><br \/>\n<\/a>Die erste Untergruppe hat sich mit der Lichterzeugung besch\u00e4ftigt. Ziel war es eine Diode mit einer Frequenz von 10kHz zu takten, damit es sich vom Umgebungslicht unterscheidet. Dazu wurde der Ne555 verwendet und so dimensioniert, dass er Rechtecksignale im Tastverh\u00e4ltnis zu 50% ausgibt. Widerst\u00e4nde und Kondensatoren wurden in entsprechenden Gr\u00f6\u00dfen gew\u00e4hlt. Am Ausgang des Ne555 wurde ein n-Kanal-MOSFET angeschlossen, um die Amplitude zu verst\u00e4rken.(2 Am Ausgang liegt dann die Rechteckspannung an die in Abb.3. Anschlie\u00dfend wurde \u00fcber einen Widerstand die Leuchtdiode angeschlossen.<\/div>\n<div>\n<div>Am MOSFET liegt eine Versorgungsspannung von 12V an, am Ne555 liegen 5V an.<a href=\"http:\/\/service.projektlabor.tu-berlin.de\/wordpress\/octolaser\/wp-content\/uploads\/sites\/21\/2017\/11\/Abb31.png\"><img loading=\"lazy\" class=\" wp-image-110 aligncenter\" src=\"http:\/\/service.projektlabor.tu-berlin.de\/wordpress\/octolaser\/wp-content\/uploads\/sites\/21\/2017\/11\/Abb31.png\" alt=\"Abbildung 3: Spannungsverlauf am Ausgang des Oszillators\" width=\"490\" height=\"378\" srcset=\"https:\/\/service.projektlabor.tu-berlin.de\/wordpress\/octolaser\/wp-content\/uploads\/sites\/21\/2017\/11\/Abb31.png 357w, https:\/\/service.projektlabor.tu-berlin.de\/wordpress\/octolaser\/wp-content\/uploads\/sites\/21\/2017\/11\/Abb31-300x231.png 300w\" sizes=\"(max-width: 490px) 100vw, 490px\" \/><\/a><\/div>\n<div style=\"text-align: center\">Abbildung 3: Spannungsverlauf am Ausgang des Oszillators<\/div>\n<\/div>\n<div style=\"text-align: center\"><\/div>\n<div style=\"text-align: left\">Nachdem die Amplitude auf 1V herabgesetzt ist, wird das Signal an 2 OPV\u2019s(NE5532N) weitergegeben die dann mit 100mA jeweils 4 in Reihe geschaltete LED\u2019s treiben. Dies ist in Abbildung 4 zu sehen.<\/div>\n<div style=\"text-align: left\"><\/div>\n<div style=\"text-align: center\"><a href=\"http:\/\/service.projektlabor.tu-berlin.de\/wordpress\/octolaser\/wp-content\/uploads\/sites\/21\/2018\/01\/stromtreiber1.png\"><img loading=\"lazy\" class=\"alignnone wp-image-350\" src=\"http:\/\/service.projektlabor.tu-berlin.de\/wordpress\/octolaser\/wp-content\/uploads\/sites\/21\/2018\/01\/stromtreiber1.png\" alt=\"stromtreiber\" width=\"488\" height=\"400\" srcset=\"https:\/\/service.projektlabor.tu-berlin.de\/wordpress\/octolaser\/wp-content\/uploads\/sites\/21\/2018\/01\/stromtreiber1.png 849w, https:\/\/service.projektlabor.tu-berlin.de\/wordpress\/octolaser\/wp-content\/uploads\/sites\/21\/2018\/01\/stromtreiber1-300x246.png 300w, https:\/\/service.projektlabor.tu-berlin.de\/wordpress\/octolaser\/wp-content\/uploads\/sites\/21\/2018\/01\/stromtreiber1-624x512.png 624w\" sizes=\"(max-width: 488px) 100vw, 488px\" \/><\/a><\/div>\n<div style=\"text-align: center\"><\/div>\n<div style=\"text-align: center\">Abbildung 4: Stromtreiber der LED\u2019s<\/div>\n<div style=\"text-align: center\"><\/div>\n<div style=\"text-align: left\">Der Strom Strom des Stromreglers wird dann \u00fcber ein Flachbandkabel zu den LED\u2019s geleitet. Der NE555 und der NE5532N werden jeweils mit 12V Betriebsspannung beschaltet.<\/div>\n<div style=\"text-align: left\"><\/div>\n<div style=\"text-align: left\"><\/div>\n<div style=\"text-align: left\"><strong>Feedback<\/strong><\/div>\n<div style=\"text-align: left\">Zus\u00e4tzlich zur Ansteuerung der roten LED\u2019s sorgt die erste Untergruppe auch noch f\u00fcr die Ansteuerung der blauen LED\u2019s als Feedback. Hierzu wird das Signal der Signalauswertungsgruppe, das zur Klangerzeugung gehen soll, auch noch dazu verwendet um die blauen LED\u2019s zum Leuchten zu bringen. Dazu wird das Signal vom Stecker des Flachbandkabels zu einem OPV (Abb.5) geleitet, damit von diesem dann die entsprechende blaue LED mit 100mA angetrieben wird.<\/div>\n<div style=\"text-align: left\"><\/div>\n<div style=\"text-align: center\"><a href=\"http:\/\/service.projektlabor.tu-berlin.de\/wordpress\/octolaser\/wp-content\/uploads\/sites\/21\/2018\/01\/feedback.png\"><img loading=\"lazy\" class=\"alignnone wp-image-345\" src=\"http:\/\/service.projektlabor.tu-berlin.de\/wordpress\/octolaser\/wp-content\/uploads\/sites\/21\/2018\/01\/feedback.png\" alt=\"feedback\" width=\"490\" height=\"258\" srcset=\"https:\/\/service.projektlabor.tu-berlin.de\/wordpress\/octolaser\/wp-content\/uploads\/sites\/21\/2018\/01\/feedback.png 923w, https:\/\/service.projektlabor.tu-berlin.de\/wordpress\/octolaser\/wp-content\/uploads\/sites\/21\/2018\/01\/feedback-300x158.png 300w, https:\/\/service.projektlabor.tu-berlin.de\/wordpress\/octolaser\/wp-content\/uploads\/sites\/21\/2018\/01\/feedback-624x329.png 624w\" sizes=\"(max-width: 490px) 100vw, 490px\" \/><\/a><\/div>\n<div style=\"text-align: center\"><\/div>\n<div style=\"text-align: center\">Abbildung 5: Stromtreiber der Feedback-LED\u2019s<\/div>\n","protected":false},"excerpt":{"rendered":"<p>Die erste Untergruppe hat sich mit der Lichterzeugung besch\u00e4ftigt. Ziel war es eine Diode mit einer Frequenz von 10kHz zu takten, damit es sich vom Umgebungslicht unterscheidet. Dazu wurde der Ne555 verwendet und so dimensioniert, dass er Rechtecksignale im Tastverh\u00e4ltnis zu 50% ausgibt. Widerst\u00e4nde und Kondensatoren wurden in entsprechenden Gr\u00f6\u00dfen gew\u00e4hlt. Am Ausgang des Ne555 [&hellip;]<\/p>\n","protected":false},"author":64,"featured_media":0,"parent":2,"menu_order":0,"comment_status":"closed","ping_status":"closed","template":"","meta":[],"_links":{"self":[{"href":"https:\/\/service.projektlabor.tu-berlin.de\/wordpress\/octolaser\/wp-json\/wp\/v2\/pages\/264"}],"collection":[{"href":"https:\/\/service.projektlabor.tu-berlin.de\/wordpress\/octolaser\/wp-json\/wp\/v2\/pages"}],"about":[{"href":"https:\/\/service.projektlabor.tu-berlin.de\/wordpress\/octolaser\/wp-json\/wp\/v2\/types\/page"}],"author":[{"embeddable":true,"href":"https:\/\/service.projektlabor.tu-berlin.de\/wordpress\/octolaser\/wp-json\/wp\/v2\/users\/64"}],"replies":[{"embeddable":true,"href":"https:\/\/service.projektlabor.tu-berlin.de\/wordpress\/octolaser\/wp-json\/wp\/v2\/comments?post=264"}],"version-history":[{"count":10,"href":"https:\/\/service.projektlabor.tu-berlin.de\/wordpress\/octolaser\/wp-json\/wp\/v2\/pages\/264\/revisions"}],"predecessor-version":[{"id":353,"href":"https:\/\/service.projektlabor.tu-berlin.de\/wordpress\/octolaser\/wp-json\/wp\/v2\/pages\/264\/revisions\/353"}],"up":[{"embeddable":true,"href":"https:\/\/service.projektlabor.tu-berlin.de\/wordpress\/octolaser\/wp-json\/wp\/v2\/pages\/2"}],"wp:attachment":[{"href":"https:\/\/service.projektlabor.tu-berlin.de\/wordpress\/octolaser\/wp-json\/wp\/v2\/media?parent=264"}],"curies":[{"name":"wp","href":"https:\/\/api.w.org\/{rel}","templated":true}]}}