{"id":23,"date":"2017-11-28T17:57:50","date_gmt":"2017-11-28T16:57:50","guid":{"rendered":"http:\/\/service.projektlabor.tu-berlin.de\/wordpress\/octolaser\/?page_id=23"},"modified":"2018-01-25T18:59:37","modified_gmt":"2018-01-25T17:59:37","slug":"gruppe-4-features","status":"publish","type":"page","link":"https:\/\/service.projektlabor.tu-berlin.de\/wordpress\/octolaser\/gruppe-4-features\/","title":{"rendered":"GRUPPE 4: FEATURES"},"content":{"rendered":"<p>Wir, die Gruppe 4 Features, bestehend aus Janina Brandenburg, Lennart Kr\u00fcger, Leonard Voges, Tim-Erik D\u00fcntzsch, Jan-Philip Wirsching und Maximilian Lehmer (Betreuer), haben uns den 3 Band Equalizer als Feature f\u00fcr die Lichtharfe \u00fcberlegt. Mithilfe des Equa- lizers kann man den Frequenzgang des Audiosignals nach eigenen W\u00fcnschen anpassen. Die gew\u00e4hlten Einstellungen sollten \u00fcber ein Display visualisiert werden. Dazu haben wir uns in zwei Kleingruppen aufgeteilt. Tim, Jan und Leo sind f\u00fcr den Equalizer zust\u00e4ndig. Nina und Lennart realisieren die Visualisierung durch den Bau eines vu-Meter f\u00fcr die drei regelbaren Frequenzb\u00e4nder des Equalizer. Der Equalizer soll nach den Effektger\u00e4ten bzw. der Tonerzeugung \u00fcber 3,5mm Mono-Klinke angeschlossen werden. Abbildung 1 zeigt das Blockschaltbild f\u00fcr Gruppe IV. Die grundlegende Funktionsweise soll wie folgt realisiert werden: Das Eingangssignal wird \u00fcber die Filter in drei Frequenzb\u00e4nder aufgeteilt. Nach den Filtern k\u00f6nnen die Signale jeweils \u00fcber ein Potentiometer an der Benutzeroberfl\u00e4che in der Amplitude ged\u00e4mpft werden. Die justierten Signalpegel werden an dieser Stelle von dem vu-Meter abgegriffen. Das vu-Meter zeigt die Pegel der Signale \u00fcber das LED Display an. F\u00fcr den Output werden die drei Signale addiert und auf den Ausgangspegel justiert. Die Endstufe wird hier \u00fcber ein 3.5mm Mono-Klinke Kabel angeschlossen.<\/p>\n<p><a href=\"http:\/\/service.projektlabor.tu-berlin.de\/wordpress\/octolaser\/wp-content\/uploads\/sites\/21\/2017\/11\/1.png\"><img loading=\"lazy\" class=\"alignnone size-full wp-image-155\" src=\"http:\/\/service.projektlabor.tu-berlin.de\/wordpress\/octolaser\/wp-content\/uploads\/sites\/21\/2017\/11\/1.png\" alt=\"1\" width=\"851\" height=\"648\" srcset=\"https:\/\/service.projektlabor.tu-berlin.de\/wordpress\/octolaser\/wp-content\/uploads\/sites\/21\/2017\/11\/1.png 851w, https:\/\/service.projektlabor.tu-berlin.de\/wordpress\/octolaser\/wp-content\/uploads\/sites\/21\/2017\/11\/1-300x228.png 300w, https:\/\/service.projektlabor.tu-berlin.de\/wordpress\/octolaser\/wp-content\/uploads\/sites\/21\/2017\/11\/1-624x475.png 624w\" sizes=\"(max-width: 851px) 100vw, 851px\" \/><\/a><\/p>\n<div id=\"attachment_42\" style=\"width: 3315px\" class=\"wp-caption aligncenter\"><a href=\"http:\/\/service.projektlabor.tu-berlin.de\/wordpress\/octolaser\/wp-content\/uploads\/sites\/21\/2017\/11\/IMG_20171123_161348_HDR.jpg\"><img aria-describedby=\"caption-attachment-42\" loading=\"lazy\" class=\"wp-image-42 size-full\" src=\"http:\/\/service.projektlabor.tu-berlin.de\/wordpress\/octolaser\/wp-content\/uploads\/sites\/21\/2017\/11\/IMG_20171123_161348_HDR.jpg\" alt=\"IMG_20171123_161348_HDR\" width=\"3305\" height=\"2315\" srcset=\"https:\/\/service.projektlabor.tu-berlin.de\/wordpress\/octolaser\/wp-content\/uploads\/sites\/21\/2017\/11\/IMG_20171123_161348_HDR.jpg 3305w, https:\/\/service.projektlabor.tu-berlin.de\/wordpress\/octolaser\/wp-content\/uploads\/sites\/21\/2017\/11\/IMG_20171123_161348_HDR-300x210.jpg 300w, https:\/\/service.projektlabor.tu-berlin.de\/wordpress\/octolaser\/wp-content\/uploads\/sites\/21\/2017\/11\/IMG_20171123_161348_HDR-1024x717.jpg 1024w\" sizes=\"(max-width: 3305px) 100vw, 3305px\" \/><\/a><p id=\"caption-attachment-42\" class=\"wp-caption-text\">Gruppenfoto: Max, Nina, Lennart, Tim, Jan und Leo (Im Bild von links nach rechts.)<\/p><\/div>\n<p>&nbsp;<\/p>\n<dl id=\"attachment_84\" class=\"wp-caption aligncenter\">\n<dt class=\"wp-caption-dt\">\u00a0<\/dt>\n<\/dl>\n","protected":false},"excerpt":{"rendered":"<p>Wir, die Gruppe 4 Features, bestehend aus Janina Brandenburg, Lennart Kr\u00fcger, Leonard Voges, Tim-Erik D\u00fcntzsch, Jan-Philip Wirsching und Maximilian Lehmer (Betreuer), haben uns den 3 Band Equalizer als Feature f\u00fcr die Lichtharfe \u00fcberlegt. Mithilfe des Equa- lizers kann man den Frequenzgang des Audiosignals nach eigenen W\u00fcnschen anpassen. Die gew\u00e4hlten Einstellungen sollten \u00fcber ein Display visualisiert [&hellip;]<\/p>\n","protected":false},"author":64,"featured_media":0,"parent":0,"menu_order":0,"comment_status":"closed","ping_status":"closed","template":"","meta":[],"_links":{"self":[{"href":"https:\/\/service.projektlabor.tu-berlin.de\/wordpress\/octolaser\/wp-json\/wp\/v2\/pages\/23"}],"collection":[{"href":"https:\/\/service.projektlabor.tu-berlin.de\/wordpress\/octolaser\/wp-json\/wp\/v2\/pages"}],"about":[{"href":"https:\/\/service.projektlabor.tu-berlin.de\/wordpress\/octolaser\/wp-json\/wp\/v2\/types\/page"}],"author":[{"embeddable":true,"href":"https:\/\/service.projektlabor.tu-berlin.de\/wordpress\/octolaser\/wp-json\/wp\/v2\/users\/64"}],"replies":[{"embeddable":true,"href":"https:\/\/service.projektlabor.tu-berlin.de\/wordpress\/octolaser\/wp-json\/wp\/v2\/comments?post=23"}],"version-history":[{"count":32,"href":"https:\/\/service.projektlabor.tu-berlin.de\/wordpress\/octolaser\/wp-json\/wp\/v2\/pages\/23\/revisions"}],"predecessor-version":[{"id":297,"href":"https:\/\/service.projektlabor.tu-berlin.de\/wordpress\/octolaser\/wp-json\/wp\/v2\/pages\/23\/revisions\/297"}],"wp:attachment":[{"href":"https:\/\/service.projektlabor.tu-berlin.de\/wordpress\/octolaser\/wp-json\/wp\/v2\/media?parent=23"}],"curies":[{"name":"wp","href":"https:\/\/api.w.org\/{rel}","templated":true}]}}