{"id":21,"date":"2017-11-28T17:57:22","date_gmt":"2017-11-28T16:57:22","guid":{"rendered":"http:\/\/service.projektlabor.tu-berlin.de\/wordpress\/octolaser\/?page_id=21"},"modified":"2018-02-08T14:48:59","modified_gmt":"2018-02-08T13:48:59","slug":"gruppe-3-effekte","status":"publish","type":"page","link":"https:\/\/service.projektlabor.tu-berlin.de\/wordpress\/octolaser\/gruppe-3-effekte\/","title":{"rendered":"GRUPPE 3: EFFEKTE"},"content":{"rendered":"<p>Wir sind Gruppe 3, betreut von Marc Dreilich. Wir haben uns mit 3 verschiedenen Effektger\u00e4ten besch\u00e4ftigt, n\u00e4mlich mit einem Distortion, einem Oktaver und einem Bitcrusher Effektger\u00e4t um den Ton der von der ersten Gruppe erzeugt wird, musikalischer zu machen.<\/p>\n<p>Wir haben die Platinen so gebaut, dass das ganze Effektsystem zusammen mit der Tonerzeugungs- sowie der Featuresgruppe, nach Eurorack Standard funktionieren kann. Die Klinkenbuchsen die an den Eing\u00e4ngen und Ausg\u00e4ngen installiert wurden, bef\u00e4higen den Nutzer die Ger\u00e4te wie gew\u00fcnscht zusammen zu stecken, um einen einzigartigen Klang zu erreichen.<\/p>\n<div class=\"page\" title=\"Page 33\">\n<div class=\"layoutArea\">\n<div class=\"column\">\n<p>Um die Lichtharfe musikalischer zu machen und den klanglichen Spektrum des Instruments zu erweitern entstand die Idee Effekte einzubauen. Die Gruppe III ist f\u00fcr diesen Teil des Projektes zust\u00e4ndig. Es gab am Anfang viel Diskussion welche Effekte gebaut werden sollen, und es ist an der Stelle einfach sich zu viel vorzunehmen. Deswegen haben wir Wert auf Realisierbarkeit gelegt, und Effekte ausgesucht die zu einem Lernerfolg in Elektrotechnik f\u00fchren sollen. Schlie\u00dflich haben wir uns f\u00fcr folgende drei Effekte entschieden: Distortion, Downsampler (bitCrusher), Octaver. Die Gruppe wurde dementsprechend in Untergruppen unterteilt die f\u00fcr jeden Effekt zust\u00e4ndig sind. Zu diesem Zeitpunkt wurden den Downsampler und den Octaver entworfen und getestet. Im gesamt Konzept war die Idee dass das Signal von der Tonerzeugergruppe an den Effekte- gruppe geleitet wird. Dann war noch die Frage wie die Effekte geschaltet werden (Reihe, Parallel, etc). Um diesen Vorgang flexibler zu machen entstand die Idee jeden Effekt mit Eingangs und Ausgangs Klinke zu best\u00fccken und mit Patchkabeln den Signalfluss zu bestimmen. So kann jeder Effekt unabh\u00e4ngig benutzt werden.<\/p>\n<\/div>\n<\/div>\n<\/div>\n","protected":false},"excerpt":{"rendered":"<p>Wir sind Gruppe 3, betreut von Marc Dreilich. Wir haben uns mit 3 verschiedenen Effektger\u00e4ten besch\u00e4ftigt, n\u00e4mlich mit einem Distortion, einem Oktaver und einem Bitcrusher Effektger\u00e4t um den Ton der von der ersten Gruppe erzeugt wird, musikalischer zu machen. Wir haben die Platinen so gebaut, dass das ganze Effektsystem zusammen mit der Tonerzeugungs- sowie der [&hellip;]<\/p>\n","protected":false},"author":64,"featured_media":0,"parent":0,"menu_order":0,"comment_status":"closed","ping_status":"closed","template":"","meta":[],"_links":{"self":[{"href":"https:\/\/service.projektlabor.tu-berlin.de\/wordpress\/octolaser\/wp-json\/wp\/v2\/pages\/21"}],"collection":[{"href":"https:\/\/service.projektlabor.tu-berlin.de\/wordpress\/octolaser\/wp-json\/wp\/v2\/pages"}],"about":[{"href":"https:\/\/service.projektlabor.tu-berlin.de\/wordpress\/octolaser\/wp-json\/wp\/v2\/types\/page"}],"author":[{"embeddable":true,"href":"https:\/\/service.projektlabor.tu-berlin.de\/wordpress\/octolaser\/wp-json\/wp\/v2\/users\/64"}],"replies":[{"embeddable":true,"href":"https:\/\/service.projektlabor.tu-berlin.de\/wordpress\/octolaser\/wp-json\/wp\/v2\/comments?post=21"}],"version-history":[{"count":7,"href":"https:\/\/service.projektlabor.tu-berlin.de\/wordpress\/octolaser\/wp-json\/wp\/v2\/pages\/21\/revisions"}],"predecessor-version":[{"id":465,"href":"https:\/\/service.projektlabor.tu-berlin.de\/wordpress\/octolaser\/wp-json\/wp\/v2\/pages\/21\/revisions\/465"}],"wp:attachment":[{"href":"https:\/\/service.projektlabor.tu-berlin.de\/wordpress\/octolaser\/wp-json\/wp\/v2\/media?parent=21"}],"curies":[{"name":"wp","href":"https:\/\/api.w.org\/{rel}","templated":true}]}}