{"id":209,"date":"2018-01-16T17:34:30","date_gmt":"2018-01-16T16:34:30","guid":{"rendered":"http:\/\/service.projektlabor.tu-berlin.de\/wordpress\/octolaser\/?page_id=209"},"modified":"2018-02-08T16:47:05","modified_gmt":"2018-02-08T15:47:05","slug":"eagle-platinenentwurf-display","status":"publish","type":"page","link":"https:\/\/service.projektlabor.tu-berlin.de\/wordpress\/octolaser\/gruppe-4-features\/zweite-kleingruppe-display\/eagle-platinenentwurf-display\/","title":{"rendered":"EAGLE Platinenentwurf Display"},"content":{"rendered":"<div class=\"page\" title=\"Page 13\">\n<div class=\"page\" title=\"Page 21\">\n<div class=\"layoutArea\">\n<div class=\"column\">\n<div class=\"page\" title=\"Page 54\">\n<div class=\"layoutArea\">\n<div class=\"column\">\n<p>Bei der Erstellung des EAGLE-Schematic wurde im Gegensatz zu LTSpice der Anschluss an den Equalizer \u00fcber ein Flachbandkabel realisiert (siehe Abb. 81).<\/p>\n<p><img loading=\"lazy\" class=\"alignnone size-full wp-image-478\" src=\"http:\/\/service.projektlabor.tu-berlin.de\/wordpress\/octolaser\/wp-content\/uploads\/sites\/21\/2018\/01\/81vu.png\" alt=\"81vu\" width=\"589\" height=\"832\" srcset=\"https:\/\/service.projektlabor.tu-berlin.de\/wordpress\/octolaser\/wp-content\/uploads\/sites\/21\/2018\/01\/81vu.png 589w, https:\/\/service.projektlabor.tu-berlin.de\/wordpress\/octolaser\/wp-content\/uploads\/sites\/21\/2018\/01\/81vu-212x300.png 212w\" sizes=\"(max-width: 589px) 100vw, 589px\" \/><\/p>\n<p>Bei Umwandlung ins Platinenlayout wurde von einer 6 cm breiten Platine ausgegangen (siehe Abb. 46), was jedoch nach R\u00fccksprache mit den Tutoren aufgrund der Gesamtbreite als zu platz- raubend bewertet wurde. Au\u00dferdem wurde bei erneuter Kontrolle festgestellt, dass in der Schematic eine Diode fehlte, die dadurch auch in der Version 1 des Platinenlayouts fehlt. Aufgrund der LED-Reihen h\u00e4tten drei dieser Platinen eine Breite von 18 cm ein- genommen. Aus diesem Grund wurde die Breite der Platine auf 2 cm reduziert, um eine Gesamtbreite von 6 cm bei Nebeneinandersetzung der LED-Reihen zu erzielen (siehe Abb. 82).<\/p>\n<p><a href=\"http:\/\/service.projektlabor.tu-berlin.de\/wordpress\/octolaser\/wp-content\/uploads\/sites\/21\/2018\/01\/46eagle.png\"><img loading=\"lazy\" class=\"alignnone size-full wp-image-477\" src=\"http:\/\/service.projektlabor.tu-berlin.de\/wordpress\/octolaser\/wp-content\/uploads\/sites\/21\/2018\/01\/46eagle.png\" alt=\"46eagle\" width=\"1028\" height=\"501\" srcset=\"https:\/\/service.projektlabor.tu-berlin.de\/wordpress\/octolaser\/wp-content\/uploads\/sites\/21\/2018\/01\/46eagle.png 1028w, https:\/\/service.projektlabor.tu-berlin.de\/wordpress\/octolaser\/wp-content\/uploads\/sites\/21\/2018\/01\/46eagle-300x146.png 300w, https:\/\/service.projektlabor.tu-berlin.de\/wordpress\/octolaser\/wp-content\/uploads\/sites\/21\/2018\/01\/46eagle-1024x499.png 1024w, https:\/\/service.projektlabor.tu-berlin.de\/wordpress\/octolaser\/wp-content\/uploads\/sites\/21\/2018\/01\/46eagle-624x304.png 624w\" sizes=\"(max-width: 1028px) 100vw, 1028px\" \/><\/a><\/p>\n<p><a href=\"http:\/\/service.projektlabor.tu-berlin.de\/wordpress\/octolaser\/wp-content\/uploads\/sites\/21\/2018\/01\/82vu.png\"><img loading=\"lazy\" class=\"size-full wp-image-479 aligncenter\" src=\"http:\/\/service.projektlabor.tu-berlin.de\/wordpress\/octolaser\/wp-content\/uploads\/sites\/21\/2018\/01\/82vu.png\" alt=\"82vu\" width=\"423\" height=\"626\" srcset=\"https:\/\/service.projektlabor.tu-berlin.de\/wordpress\/octolaser\/wp-content\/uploads\/sites\/21\/2018\/01\/82vu.png 423w, https:\/\/service.projektlabor.tu-berlin.de\/wordpress\/octolaser\/wp-content\/uploads\/sites\/21\/2018\/01\/82vu-203x300.png 203w\" sizes=\"(max-width: 423px) 100vw, 423px\" \/><\/a><\/p>\n<div class=\"page\" title=\"Page 54\">\n<div class=\"layoutArea\">\n<div class=\"column\">\n<p>Nach dem Fertigstellen der L\u00f6tarbeiten wurde die Platine auf ihre Funktion getestet. Dabei wurde festgestellt, dass eine Fehlersuche n\u00f6tig ist, weil die LEDs trotz angelegtem passendem Signal wenig bis gar nicht leuchteten. Bei der Suche sind wir darauf auf- merksam geworden, dass der Spannungsteiler bei unseren jetzt gew\u00e4hlten LEDs einen zu geringen Strom zur Verf\u00fcgung stellte. Das wurde durch ausl\u00f6ten der beiden Wider- st\u00e4nde behoben, wovon einer durch eine Drahtbr\u00fccke ersetzt wurde. Au\u00dferdem wurden die Vorwiderst\u00e4nde der Dioden auf 220 \u03a9 reduziert. Des weiteren haben wir den Kon- densator auf 10\u03bcF reduzieren m\u00fcssen, da er die Schaltung zu tr\u00e4ge gemacht hat. Nach ausf\u00fchrlichen Tests in Kooperation mit unserer Equalizer Platine k\u00f6nnen wir sagen, dass die LEDs zuverl\u00e4ssig die Pegel bis 5V anzeigen, wobei der ideale Fall die erste LED bei\u00a01,4 V zum leuchten bringt und mit 0,7 V Schritten die letzte LED mit 4,2 V erreicht. Im realen Test liegt die Schrittgr\u00f6\u00dfe zuverl\u00e4ssig bei circa 0,6 bis 0,7 V, jedoch f\u00e4ngt die erste LED bereits bei 1 V schwach an zu leuchten und hat ihren vollen Ausschlag bei 1,3 V Input. Dadurch haben wir bereits bei einem Input von 3,7 bis 4 V einen Ausschlag aller LEDs. Der Vu-Meter wurde im Zusammenhang mit dem Equalizer ebenfalls erfolg- reich getestet und ein Handy als Input-Signal ausprobiert, jedoch ist der Input durch ein Handy zu schwach um das Vu-Meter zum Ausschlagen zu bringen, da das Signal nur 1,5V hergibt.<\/p>\n<div class=\"page\" title=\"Page 55\">\n<div class=\"layoutArea\">\n<div class=\"column\">\n<p><em>(Janina Brandenburg, Lennart Kr\u00fcger)<\/em><\/p>\n<p>&nbsp;<\/p>\n<\/div>\n<\/div>\n<\/div>\n<\/div>\n<\/div>\n<\/div>\n<\/div>\n<\/div>\n<\/div>\n<\/div>\n<\/div>\n<\/div>\n<\/div>\n","protected":false},"excerpt":{"rendered":"<p>Bei der Erstellung des EAGLE-Schematic wurde im Gegensatz zu LTSpice der Anschluss an den Equalizer \u00fcber ein Flachbandkabel realisiert (siehe Abb. 81). Bei Umwandlung ins Platinenlayout wurde von einer 6 cm breiten Platine ausgegangen (siehe Abb. 46), was jedoch nach R\u00fccksprache mit den Tutoren aufgrund der Gesamtbreite als zu platz- raubend bewertet wurde. Au\u00dferdem wurde [&hellip;]<\/p>\n","protected":false},"author":63,"featured_media":0,"parent":181,"menu_order":4,"comment_status":"closed","ping_status":"closed","template":"page-templates\/full-width.php","meta":[],"_links":{"self":[{"href":"https:\/\/service.projektlabor.tu-berlin.de\/wordpress\/octolaser\/wp-json\/wp\/v2\/pages\/209"}],"collection":[{"href":"https:\/\/service.projektlabor.tu-berlin.de\/wordpress\/octolaser\/wp-json\/wp\/v2\/pages"}],"about":[{"href":"https:\/\/service.projektlabor.tu-berlin.de\/wordpress\/octolaser\/wp-json\/wp\/v2\/types\/page"}],"author":[{"embeddable":true,"href":"https:\/\/service.projektlabor.tu-berlin.de\/wordpress\/octolaser\/wp-json\/wp\/v2\/users\/63"}],"replies":[{"embeddable":true,"href":"https:\/\/service.projektlabor.tu-berlin.de\/wordpress\/octolaser\/wp-json\/wp\/v2\/comments?post=209"}],"version-history":[{"count":7,"href":"https:\/\/service.projektlabor.tu-berlin.de\/wordpress\/octolaser\/wp-json\/wp\/v2\/pages\/209\/revisions"}],"predecessor-version":[{"id":481,"href":"https:\/\/service.projektlabor.tu-berlin.de\/wordpress\/octolaser\/wp-json\/wp\/v2\/pages\/209\/revisions\/481"}],"up":[{"embeddable":true,"href":"https:\/\/service.projektlabor.tu-berlin.de\/wordpress\/octolaser\/wp-json\/wp\/v2\/pages\/181"}],"wp:attachment":[{"href":"https:\/\/service.projektlabor.tu-berlin.de\/wordpress\/octolaser\/wp-json\/wp\/v2\/media?parent=209"}],"curies":[{"name":"wp","href":"https:\/\/api.w.org\/{rel}","templated":true}]}}