{"id":203,"date":"2018-01-16T17:32:16","date_gmt":"2018-01-16T16:32:16","guid":{"rendered":"http:\/\/service.projektlabor.tu-berlin.de\/wordpress\/octolaser\/?page_id=203"},"modified":"2018-01-16T17:48:20","modified_gmt":"2018-01-16T16:48:20","slug":"aufgabenbeschreibung-display","status":"publish","type":"page","link":"https:\/\/service.projektlabor.tu-berlin.de\/wordpress\/octolaser\/gruppe-4-features\/zweite-kleingruppe-display\/aufgabenbeschreibung-display\/","title":{"rendered":"Aufgabenbeschreibung Display"},"content":{"rendered":"<div class=\"page\" title=\"Page 17\">\n<div class=\"layoutArea\">\n<div class=\"column\">\n<p>In der zweiten Teilgruppe hatten wir uns zur Visualisierung der Pegel des Equalizers zun\u00e4chst eine Vektorgrafik, die \u00fcber ein Display ausgegeben werden sollte angedacht, was aber im Konflikt zur urspr\u00fcnglichen Absprache stand, das wir keine bzw. m\u00f6glichst wenige Mikrocontroller verwenden sollen. Aufgrund dieser Vorgaben haben wir uns f\u00fcr eine vu-Meter Schaltung entschieden, innerhalb dieser nutzen wir Z-Dioden um basierend auf des anliegenden Pegels entsprechend viele LEDs leuchten zu lassen.<\/p>\n<\/div>\n<\/div>\n<\/div>\n","protected":false},"excerpt":{"rendered":"<p>In der zweiten Teilgruppe hatten wir uns zur Visualisierung der Pegel des Equalizers zun\u00e4chst eine Vektorgrafik, die \u00fcber ein Display ausgegeben werden sollte angedacht, was aber im Konflikt zur urspr\u00fcnglichen Absprache stand, das wir keine bzw. m\u00f6glichst wenige Mikrocontroller verwenden sollen. Aufgrund dieser Vorgaben haben wir uns f\u00fcr eine vu-Meter Schaltung entschieden, innerhalb dieser nutzen [&hellip;]<\/p>\n","protected":false},"author":63,"featured_media":0,"parent":181,"menu_order":1,"comment_status":"closed","ping_status":"closed","template":"","meta":[],"_links":{"self":[{"href":"https:\/\/service.projektlabor.tu-berlin.de\/wordpress\/octolaser\/wp-json\/wp\/v2\/pages\/203"}],"collection":[{"href":"https:\/\/service.projektlabor.tu-berlin.de\/wordpress\/octolaser\/wp-json\/wp\/v2\/pages"}],"about":[{"href":"https:\/\/service.projektlabor.tu-berlin.de\/wordpress\/octolaser\/wp-json\/wp\/v2\/types\/page"}],"author":[{"embeddable":true,"href":"https:\/\/service.projektlabor.tu-berlin.de\/wordpress\/octolaser\/wp-json\/wp\/v2\/users\/63"}],"replies":[{"embeddable":true,"href":"https:\/\/service.projektlabor.tu-berlin.de\/wordpress\/octolaser\/wp-json\/wp\/v2\/comments?post=203"}],"version-history":[{"count":2,"href":"https:\/\/service.projektlabor.tu-berlin.de\/wordpress\/octolaser\/wp-json\/wp\/v2\/pages\/203\/revisions"}],"predecessor-version":[{"id":226,"href":"https:\/\/service.projektlabor.tu-berlin.de\/wordpress\/octolaser\/wp-json\/wp\/v2\/pages\/203\/revisions\/226"}],"up":[{"embeddable":true,"href":"https:\/\/service.projektlabor.tu-berlin.de\/wordpress\/octolaser\/wp-json\/wp\/v2\/pages\/181"}],"wp:attachment":[{"href":"https:\/\/service.projektlabor.tu-berlin.de\/wordpress\/octolaser\/wp-json\/wp\/v2\/media?parent=203"}],"curies":[{"name":"wp","href":"https:\/\/api.w.org\/{rel}","templated":true}]}}