{"id":192,"date":"2018-01-16T17:23:21","date_gmt":"2018-01-16T16:23:21","guid":{"rendered":"http:\/\/service.projektlabor.tu-berlin.de\/wordpress\/octolaser\/?page_id=192"},"modified":"2018-02-08T16:20:43","modified_gmt":"2018-02-08T15:20:43","slug":"simulationsergebnisse","status":"publish","type":"page","link":"https:\/\/service.projektlabor.tu-berlin.de\/wordpress\/octolaser\/gruppe-4-features\/erste-kleingruppe-eq\/simulationsergebnisse\/","title":{"rendered":"Simulationsergebnisse und Messergebnis EQ"},"content":{"rendered":"<p><a href=\"http:\/\/service.projektlabor.tu-berlin.de\/wordpress\/octolaser\/wp-content\/uploads\/sites\/21\/2017\/11\/3.png\"><img loading=\"lazy\" class=\"size-full wp-image-157 aligncenter\" src=\"http:\/\/service.projektlabor.tu-berlin.de\/wordpress\/octolaser\/wp-content\/uploads\/sites\/21\/2017\/11\/3.png\" alt=\"3\" width=\"786\" height=\"580\" srcset=\"https:\/\/service.projektlabor.tu-berlin.de\/wordpress\/octolaser\/wp-content\/uploads\/sites\/21\/2017\/11\/3.png 786w, https:\/\/service.projektlabor.tu-berlin.de\/wordpress\/octolaser\/wp-content\/uploads\/sites\/21\/2017\/11\/3-300x221.png 300w, https:\/\/service.projektlabor.tu-berlin.de\/wordpress\/octolaser\/wp-content\/uploads\/sites\/21\/2017\/11\/3-624x460.png 624w\" sizes=\"(max-width: 786px) 100vw, 786px\" \/><\/a><\/p>\n<p><a href=\"http:\/\/service.projektlabor.tu-berlin.de\/wordpress\/octolaser\/wp-content\/uploads\/sites\/21\/2017\/11\/4.png\"><img loading=\"lazy\" class=\"size-full wp-image-158 aligncenter\" src=\"http:\/\/service.projektlabor.tu-berlin.de\/wordpress\/octolaser\/wp-content\/uploads\/sites\/21\/2017\/11\/4.png\" alt=\"4\" width=\"800\" height=\"581\" srcset=\"https:\/\/service.projektlabor.tu-berlin.de\/wordpress\/octolaser\/wp-content\/uploads\/sites\/21\/2017\/11\/4.png 800w, https:\/\/service.projektlabor.tu-berlin.de\/wordpress\/octolaser\/wp-content\/uploads\/sites\/21\/2017\/11\/4-300x218.png 300w, https:\/\/service.projektlabor.tu-berlin.de\/wordpress\/octolaser\/wp-content\/uploads\/sites\/21\/2017\/11\/4-624x453.png 624w\" sizes=\"(max-width: 800px) 100vw, 800px\" \/><\/a><\/p>\n<p><a href=\"http:\/\/service.projektlabor.tu-berlin.de\/wordpress\/octolaser\/wp-content\/uploads\/sites\/21\/2017\/11\/5.png\"><img loading=\"lazy\" class=\"size-full wp-image-159 aligncenter\" src=\"http:\/\/service.projektlabor.tu-berlin.de\/wordpress\/octolaser\/wp-content\/uploads\/sites\/21\/2017\/11\/5.png\" alt=\"5\" width=\"794\" height=\"583\" srcset=\"https:\/\/service.projektlabor.tu-berlin.de\/wordpress\/octolaser\/wp-content\/uploads\/sites\/21\/2017\/11\/5.png 794w, https:\/\/service.projektlabor.tu-berlin.de\/wordpress\/octolaser\/wp-content\/uploads\/sites\/21\/2017\/11\/5-300x220.png 300w, https:\/\/service.projektlabor.tu-berlin.de\/wordpress\/octolaser\/wp-content\/uploads\/sites\/21\/2017\/11\/5-624x458.png 624w\" sizes=\"(max-width: 794px) 100vw, 794px\" \/><\/a><\/p>\n<p><a href=\"http:\/\/service.projektlabor.tu-berlin.de\/wordpress\/octolaser\/wp-content\/uploads\/sites\/21\/2017\/11\/6.png\"><img loading=\"lazy\" class=\"size-full wp-image-160 aligncenter\" src=\"http:\/\/service.projektlabor.tu-berlin.de\/wordpress\/octolaser\/wp-content\/uploads\/sites\/21\/2017\/11\/6.png\" alt=\"6\" width=\"1107\" height=\"602\" srcset=\"https:\/\/service.projektlabor.tu-berlin.de\/wordpress\/octolaser\/wp-content\/uploads\/sites\/21\/2017\/11\/6.png 1107w, https:\/\/service.projektlabor.tu-berlin.de\/wordpress\/octolaser\/wp-content\/uploads\/sites\/21\/2017\/11\/6-300x163.png 300w, https:\/\/service.projektlabor.tu-berlin.de\/wordpress\/octolaser\/wp-content\/uploads\/sites\/21\/2017\/11\/6-1024x557.png 1024w, https:\/\/service.projektlabor.tu-berlin.de\/wordpress\/octolaser\/wp-content\/uploads\/sites\/21\/2017\/11\/6-624x339.png 624w\" sizes=\"(max-width: 1107px) 100vw, 1107px\" \/><\/a><\/p>\n<p><a href=\"http:\/\/service.projektlabor.tu-berlin.de\/wordpress\/octolaser\/wp-content\/uploads\/sites\/21\/2018\/01\/40Mess.png\"><img loading=\"lazy\" class=\"alignnone size-full wp-image-468\" src=\"http:\/\/service.projektlabor.tu-berlin.de\/wordpress\/octolaser\/wp-content\/uploads\/sites\/21\/2018\/01\/40Mess.png\" alt=\"40Mess\" width=\"1005\" height=\"701\" srcset=\"https:\/\/service.projektlabor.tu-berlin.de\/wordpress\/octolaser\/wp-content\/uploads\/sites\/21\/2018\/01\/40Mess.png 1005w, https:\/\/service.projektlabor.tu-berlin.de\/wordpress\/octolaser\/wp-content\/uploads\/sites\/21\/2018\/01\/40Mess-300x209.png 300w, https:\/\/service.projektlabor.tu-berlin.de\/wordpress\/octolaser\/wp-content\/uploads\/sites\/21\/2018\/01\/40Mess-624x435.png 624w\" sizes=\"(max-width: 1005px) 100vw, 1005px\" \/><\/a><\/p>\n<div class=\"page\" title=\"Page 48\">\n<div class=\"layoutArea\">\n<div class=\"column\">\n<p>Wenn man das Simulationsergebnis Abb. 6 mit dem Messergebnis Abb. 40 f\u00fcr das Gesamtsignal vergleicht, l\u00e4sst sich erkennen, dass sie sich nicht gro\u00df voneinander unterschei- den. Die Unterschiede kommen zustande, da in der Simulation nur ideale Bedingungen herrschen. Bei der realen Platine kommen die Unterschiede durch die Fehlertoleranz der Bauteile, sowie Reibungsverluste zum Tragen.<\/p>\n<\/div>\n<\/div>\n<\/div>\n","protected":false},"excerpt":{"rendered":"<p>Wenn man das Simulationsergebnis Abb. 6 mit dem Messergebnis Abb. 40 f\u00fcr das Gesamtsignal vergleicht, l\u00e4sst sich erkennen, dass sie sich nicht gro\u00df voneinander unterschei- den. Die Unterschiede kommen zustande, da in der Simulation nur ideale Bedingungen herrschen. Bei der realen Platine kommen die Unterschiede durch die Fehlertoleranz der Bauteile, sowie Reibungsverluste zum Tragen.<\/p>\n","protected":false},"author":63,"featured_media":0,"parent":173,"menu_order":3,"comment_status":"closed","ping_status":"closed","template":"page-templates\/full-width.php","meta":[],"_links":{"self":[{"href":"https:\/\/service.projektlabor.tu-berlin.de\/wordpress\/octolaser\/wp-json\/wp\/v2\/pages\/192"}],"collection":[{"href":"https:\/\/service.projektlabor.tu-berlin.de\/wordpress\/octolaser\/wp-json\/wp\/v2\/pages"}],"about":[{"href":"https:\/\/service.projektlabor.tu-berlin.de\/wordpress\/octolaser\/wp-json\/wp\/v2\/types\/page"}],"author":[{"embeddable":true,"href":"https:\/\/service.projektlabor.tu-berlin.de\/wordpress\/octolaser\/wp-json\/wp\/v2\/users\/63"}],"replies":[{"embeddable":true,"href":"https:\/\/service.projektlabor.tu-berlin.de\/wordpress\/octolaser\/wp-json\/wp\/v2\/comments?post=192"}],"version-history":[{"count":7,"href":"https:\/\/service.projektlabor.tu-berlin.de\/wordpress\/octolaser\/wp-json\/wp\/v2\/pages\/192\/revisions"}],"predecessor-version":[{"id":471,"href":"https:\/\/service.projektlabor.tu-berlin.de\/wordpress\/octolaser\/wp-json\/wp\/v2\/pages\/192\/revisions\/471"}],"up":[{"embeddable":true,"href":"https:\/\/service.projektlabor.tu-berlin.de\/wordpress\/octolaser\/wp-json\/wp\/v2\/pages\/173"}],"wp:attachment":[{"href":"https:\/\/service.projektlabor.tu-berlin.de\/wordpress\/octolaser\/wp-json\/wp\/v2\/media?parent=192"}],"curies":[{"name":"wp","href":"https:\/\/api.w.org\/{rel}","templated":true}]}}